{"id":9560,"date":"2023-06-06T12:39:00","date_gmt":"2023-06-06T10:39:00","guid":{"rendered":"https:\/\/www.carshooting111.com\/?page_id=9560"},"modified":"2024-01-29T15:50:26","modified_gmt":"2024-01-29T14:50:26","slug":"tower-24-black-tek","status":"publish","type":"page","link":"https:\/\/www.carshooting111.com\/es\/tower-24-black-tek\/","title":{"rendered":"Tower 24 Black Tek"},"content":{"rendered":"<p>[et_pb_section fb_built=&#8221;1&#8243; admin_label=&#8221;section&#8221; module_id=&#8221;page_rigging&#8221; module_class=&#8221;fullwidth&#8221; _builder_version=&#8221;4.16&#8243; transparent_background=&#8221;off&#8221; make_fullwidth=&#8221;off&#8221; use_custom_width=&#8221;off&#8221; width_unit=&#8221;on&#8221; global_colors_info=&#8221;{}&#8221;][et_pb_row column_structure=&#8221;1_2,1_2&#8243; admin_label=&#8221;row&#8221; module_class=&#8221;header-block&#8221; _builder_version=&#8221;4.19.2&#8243; background_image=&#8221;https:\/\/www.carshooting111.com\/wp-content\/uploads\/2023\/06\/grip-equipment-towe-24-black-tek-car-shooting.jpg&#8221; background_size=&#8221;initial&#8221; background_position=&#8221;top_left&#8221; background_repeat=&#8221;repeat&#8221; make_fullwidth=&#8221;off&#8221; use_custom_width=&#8221;off&#8221; width_unit=&#8221;on&#8221; collapsed=&#8221;off&#8221; global_colors_info=&#8221;{}&#8221;][et_pb_column type=&#8221;1_2&#8243; _builder_version=&#8221;4.16&#8243; custom_padding=&#8221;|||&#8221; global_colors_info=&#8221;{}&#8221; custom_padding__hover=&#8221;|||&#8221;][et_pb_text admin_label=&#8221;Tower 24 Black Tek&#8221; _builder_version=&#8221;4.19.2&#8243; background_size=&#8221;initial&#8221; background_position=&#8221;top_left&#8221; background_repeat=&#8221;repeat&#8221; use_border_color=&#8221;off&#8221; border_color=&#8221;#ffffff&#8221; border_style=&#8221;solid&#8221; global_colors_info=&#8221;{}&#8221;]<\/p>\n<h1>Tower 24 Black Tek<\/h1>\n<p>[\/et_pb_text][\/et_pb_column][et_pb_column type=&#8221;1_2&#8243; _builder_version=&#8221;4.16&#8243; custom_padding=&#8221;|||&#8221; global_colors_info=&#8221;{}&#8221; custom_padding__hover=&#8221;|||&#8221;][et_pb_text admin_label=&#8221;Text Description&#8221; _builder_version=&#8221;4.19.2&#8243; background_size=&#8221;initial&#8221; background_position=&#8221;top_left&#8221; background_repeat=&#8221;repeat&#8221; use_border_color=&#8221;off&#8221; border_color=&#8221;#ffffff&#8221; border_style=&#8221;solid&#8221; global_colors_info=&#8221;{}&#8221;]La Tower 24 es una columna elevadora para cabezas de c\u00e1mara. Puede montarse en camera cars o de manera independiente.[\/et_pb_text][\/et_pb_column][\/et_pb_row][et_pb_row module_class=&#8221;breadcrumbs_container&#8221; _builder_version=&#8221;4.19.2&#8243; _module_preset=&#8221;default&#8221; custom_padding=&#8221;0px||0px||false|false&#8221; global_module=&#8221;11033&#8243; global_colors_info=&#8221;{}&#8221;][et_pb_column type=&#8221;4_4&#8243; _builder_version=&#8221;4.19.2&#8243; _module_preset=&#8221;default&#8221; global_colors_info=&#8221;{}&#8221;][et_pb_code _builder_version=&#8221;4.19.2&#8243; _module_preset=&#8221;default&#8221; custom_padding=&#8221;50px|12%||12%|false|false&#8221; global_colors_info=&#8221;{}&#8221;]<span><span><a href=\"https:\/\/www.carshooting111.com\/es\/\">Home<\/a><\/span><\/span>[\/et_pb_code][\/et_pb_column][\/et_pb_row][et_pb_row admin_label=&#8221;Row&#8221; module_class=&#8221;padding-container-imagenes no-padding-top&#8221; _builder_version=&#8221;4.19.2&#8243; background_size=&#8221;initial&#8221; background_position=&#8221;top_left&#8221; background_repeat=&#8221;repeat&#8221; custom_padding=&#8221;40px||50px||false|false&#8221; make_fullwidth=&#8221;off&#8221; use_custom_width=&#8221;off&#8221; width_unit=&#8221;on&#8221; global_colors_info=&#8221;{}&#8221;][et_pb_column type=&#8221;4_4&#8243; _builder_version=&#8221;4.16&#8243; custom_padding=&#8221;|||&#8221; global_colors_info=&#8221;{}&#8221; custom_padding__hover=&#8221;|||&#8221;][et_pb_slider show_arrows=&#8221;off&#8221; disabled_on=&#8221;off|off|off&#8221; admin_label=&#8221;Slider&#8221; module_class=&#8221;only-images&#8221; _builder_version=&#8221;4.19.2&#8243; background_size=&#8221;initial&#8221; module_alignment=&#8221;center&#8221; custom_margin=&#8221;0px|auto|0px|auto|false|false&#8221; custom_padding=&#8221;|||&#8221; custom_padding_tablet=&#8221;|||&#8221; custom_padding_phone=&#8221;|||&#8221; auto=&#8221;on&#8221; auto_speed=&#8221;8000&#8243; auto_ignore_hover=&#8221;on&#8221; hover_enabled=&#8221;0&#8243; box_shadow_style=&#8221;preset6&#8243; box_shadow_blur=&#8221;10px&#8221; box_shadow_color=&#8221;rgba(0,0,0,0.1)&#8221; remove_inner_shadow=&#8221;off&#8221; hide_content_on_mobile=&#8221;off&#8221; hide_cta_on_mobile=&#8221;off&#8221; show_inner_shadow=&#8221;on&#8221; button_letter_spacing_hover=&#8221;0&#8243; global_colors_info=&#8221;{}&#8221; button_text_size__hover_enabled=&#8221;off&#8221; button_one_text_size__hover_enabled=&#8221;off&#8221; button_two_text_size__hover_enabled=&#8221;off&#8221; button_text_color__hover_enabled=&#8221;off&#8221; button_one_text_color__hover_enabled=&#8221;off&#8221; button_two_text_color__hover_enabled=&#8221;off&#8221; button_border_width__hover_enabled=&#8221;off&#8221; button_one_border_width__hover_enabled=&#8221;off&#8221; button_two_border_width__hover_enabled=&#8221;off&#8221; button_border_color__hover_enabled=&#8221;off&#8221; button_one_border_color__hover_enabled=&#8221;off&#8221; button_two_border_color__hover_enabled=&#8221;off&#8221; button_border_radius__hover_enabled=&#8221;off&#8221; button_one_border_radius__hover_enabled=&#8221;off&#8221; button_two_border_radius__hover_enabled=&#8221;off&#8221; button_letter_spacing__hover_enabled=&#8221;on&#8221; button_letter_spacing__hover=&#8221;0&#8243; button_one_letter_spacing__hover_enabled=&#8221;off&#8221; button_two_letter_spacing__hover_enabled=&#8221;off&#8221; button_bg_color__hover_enabled=&#8221;off&#8221; button_one_bg_color__hover_enabled=&#8221;off&#8221; button_two_bg_color__hover_enabled=&#8221;off&#8221; width__hover_enabled=&#8221;on|desktop&#8221; width_last_edited=&#8221;on|desktop&#8221; sticky_enabled=&#8221;0&#8243;]<div class=\"et_pb_slide et_pb_slide_with_image et_pb_bg_layout_dark et_pb_media_alignment_center\" style='background-color:#ffffff;'>\n\t\t\t\n\t\t\t<div class=\"et_pb_container clearfix\"><div class=\"contenedor\">\n\t\t\t\t<div class=\"et_pb_slide_image\"><img decoding=\"async\" src=\"https:\/\/www.carshooting111.com\/wp-content\/uploads\/2024\/01\/TOWER-1.jpg\" alt=\"\" \/><\/div>\n\t\t\t\t<div class=\"et_pb_slide_description\">\n\t\t\t\t\n\t\t\t\t<div class=\"izquierda\">\t\n\t\t\t\t\n\t\t\t\t<h1>\t\t\n\t\t\t\t\t\n\t\t\t\t<\/h1>\n\t\t\t\t\n\t\t\t\t<div class=\"et_pb_slide_content\"><\/div>\n\t\t\t\t<\/div>\n\t\t\t\t\n\t\t\t\t<div class=\"derecha\">\n\t\t\t\t\t\n\t\t\t\t<\/div>\n\t\t\t\t\n\t\t\t\t<\/div> <!-- .et_pb_slide_description -->\n                                <\/div>\n\t\t\t<\/div> <!-- .et_pb_container -->\n\t\t\t\n\t\t<\/div> <!-- .et_pb_slide -->\n\t\t[\/et_pb_slider][\/et_pb_column][\/et_pb_row][et_pb_row module_class=&#8221;padding-container-imagenes&#8221; _builder_version=&#8221;4.19.2&#8243; _module_preset=&#8221;default&#8221; custom_padding=&#8221;40px||50px||false|false&#8221; locked=&#8221;off&#8221; global_colors_info=&#8221;{}&#8221;][et_pb_column type=&#8221;4_4&#8243; _builder_version=&#8221;4.19.2&#8243; _module_preset=&#8221;default&#8221; global_colors_info=&#8221;{}&#8221;][et_pb_video src=&#8221;https:\/\/www.carshooting111.com\/wp-content\/uploads\/2024\/01\/BLACKTOWER.mp4&#8243; _builder_version=&#8221;4.19.2&#8243; _module_preset=&#8221;default&#8221; global_colors_info=&#8221;{}&#8221;][\/et_pb_video][\/et_pb_column][\/et_pb_row][et_pb_row column_structure=&#8221;1_2,1_2&#8243; module_class=&#8221;container-servicios-relacionados&#8221; _builder_version=&#8221;4.19.2&#8243; _module_preset=&#8221;default&#8221; global_colors_info=&#8221;{}&#8221;][et_pb_column type=&#8221;1_2&#8243; _builder_version=&#8221;4.19.2&#8243; _module_preset=&#8221;default&#8221; global_colors_info=&#8221;{}&#8221;][et_pb_text _builder_version=&#8221;4.19.2&#8243; _module_preset=&#8221;default&#8221; text_font=&#8221;Ubuntu||||||||&#8221; text_text_color=&#8221;#000000&#8243; global_colors_info=&#8221;{}&#8221;]<\/p>\n<h3><strong>CRANES<\/strong><\/h3>\n<p>[\/et_pb_text][et_pb_text module_class=&#8221;container-servicios-relacionados-button&#8221; _builder_version=&#8221;4.19.2&#8243; _module_preset=&#8221;default&#8221; global_colors_info=&#8221;{}&#8221;]<\/p>\n<p><a href=\"https:\/\/www.carshooting111.com\/es\/cranes\/\"><em><strong>VER SERVICIO<\/strong><\/em><\/a><\/p>\n<p>[\/et_pb_text][et_pb_text _builder_version=&#8221;4.19.2&#8243; _module_preset=&#8221;default&#8221; text_font=&#8221;Ubuntu||||||||&#8221; text_text_color=&#8221;#000000&#8243; global_colors_info=&#8221;{}&#8221;]<\/p>\n<h3><strong>CABLE CAMS<br \/><\/strong><\/h3>\n<p>[\/et_pb_text][et_pb_text module_class=&#8221;container-servicios-relacionados-button&#8221; _builder_version=&#8221;4.19.2&#8243; _module_preset=&#8221;default&#8221; global_colors_info=&#8221;{}&#8221;]<\/p>\n<p><a href=\"https:\/\/www.carshooting111.com\/es\/cable-cams\/\"><em><strong>VER SERVICIO<\/strong><\/em><\/a><\/p>\n<p>[\/et_pb_text][et_pb_text _builder_version=&#8221;4.19.2&#8243; _module_preset=&#8221;default&#8221; text_font=&#8221;Ubuntu||||||||&#8221; text_text_color=&#8221;#000000&#8243; global_colors_info=&#8221;{}&#8221;]<\/p>\n<h3><strong>RIGGING SERVICES<br \/><\/strong><\/h3>\n<p>[\/et_pb_text][et_pb_text module_class=&#8221;container-servicios-relacionados-button&#8221; _builder_version=&#8221;4.19.2&#8243; _module_preset=&#8221;default&#8221; global_colors_info=&#8221;{}&#8221;]<\/p>\n<p><a href=\"https:\/\/www.carshooting111.com\/es\/rigging-services\/\"><em><strong>VER SERVICIO<\/strong><\/em><\/a><\/p>\n<p>[\/et_pb_text][\/et_pb_column][et_pb_column type=&#8221;1_2&#8243; _builder_version=&#8221;4.19.2&#8243; _module_preset=&#8221;default&#8221; global_colors_info=&#8221;{}&#8221;][et_pb_text _builder_version=&#8221;4.19.2&#8243; _module_preset=&#8221;default&#8221; text_font=&#8221;Ubuntu||||||||&#8221; text_text_color=&#8221;#000000&#8243; global_colors_info=&#8221;{}&#8221;]<\/p>\n<h3><strong>REMOTE HEADS<br \/><\/strong><\/h3>\n<p>[\/et_pb_text][et_pb_text module_class=&#8221;container-servicios-relacionados-button&#8221; _builder_version=&#8221;4.19.2&#8243; _module_preset=&#8221;default&#8221; global_colors_info=&#8221;{}&#8221;]<\/p>\n<p><a href=\"https:\/\/www.carshooting111.com\/es\/remote-heads\/\"><em><strong>VER SERVICIO<\/strong><\/em><\/a><\/p>\n<p>[\/et_pb_text][et_pb_text _builder_version=&#8221;4.19.2&#8243; _module_preset=&#8221;default&#8221; text_font=&#8221;Ubuntu||||||||&#8221; text_text_color=&#8221;#000000&#8243; global_colors_info=&#8221;{}&#8221;]<\/p>\n<h3><strong>BLACK ARM<br \/><\/strong><\/h3>\n<p>[\/et_pb_text][et_pb_text module_class=&#8221;container-servicios-relacionados-button&#8221; _builder_version=&#8221;4.19.2&#8243; _module_preset=&#8221;default&#8221; global_colors_info=&#8221;{}&#8221;]<\/p>\n<p><a href=\"https:\/\/www.carshooting111.com\/es\/black-arm-2\/\"><em><strong>VER SERVICIO<\/strong><\/em><\/a><\/p>\n<p>[\/et_pb_text][\/et_pb_column][\/et_pb_row][et_pb_row column_structure=&#8221;1_2,1_2&#8243; admin_label=&#8221;Row&#8221; module_id=&#8221;bloque-ficha-coche&#8221; module_class=&#8221;background-block small-paddings&#8221; _builder_version=&#8221;4.19.2&#8243; background_image=&#8221;https:\/\/www.carshooting111.com\/wp-content\/uploads\/2023\/06\/grip-equipment-tower-24-black-tek-car-shooting.jpg&#8221; background_size=&#8221;initial&#8221; background_position=&#8221;top_left&#8221; background_repeat=&#8221;repeat&#8221; make_fullwidth=&#8221;off&#8221; use_custom_width=&#8221;off&#8221; width_unit=&#8221;on&#8221; global_colors_info=&#8221;{}&#8221;][et_pb_column type=&#8221;1_2&#8243; _builder_version=&#8221;4.16&#8243; custom_padding=&#8221;|||&#8221; global_colors_info=&#8221;{}&#8221; custom_padding__hover=&#8221;|||&#8221;][et_pb_text admin_label=&#8221;Text Specifications&#8221; _builder_version=&#8221;4.19.2&#8243; background_size=&#8221;initial&#8221; background_position=&#8221;top_left&#8221; background_repeat=&#8221;repeat&#8221; use_border_color=&#8221;off&#8221; border_color=&#8221;#ffffff&#8221; border_style=&#8221;solid&#8221; global_colors_info=&#8221;{}&#8221;]<\/p>\n<h4>Especificaciones t\u00e9cnicas<\/h4>\n<p>Peso total de la torre y el amortiguador: 34 kg (75 libras)<br \/>\nCarga \u00fatil m\u00e1xima del brazo amortiguador: 30 Kg (66 lbs) 2400 mm Altura \/ 2100 mm Distancia de recorrido<br \/>\nVelocidad Variable hasta 1m\/s Cadena dentro de la Torre para cable de comando, alimentaci\u00f3n y video<br \/>\nPosici\u00f3n giratoria manualmente en pasos de 45\u00b0 Sistema de equilibrio de peso interno para reducir el consumo de energ\u00eda.<br \/>\nPlaca Mitchell como base del amortiguador<br \/>\nAlimentado desde 24 V hasta 48 V Tambi\u00e9n se puede utilizar como deslizador horizontal motorizado<\/p>\n<p><a href=\"https:\/\/www.carshooting111.com\/wp-content\/uploads\/2023\/06\/TOWER-24-BLACK-TEK.pdf\">Descargar ficha t\u00e9cnica<\/a>[\/et_pb_text][\/et_pb_column][et_pb_column type=&#8221;1_2&#8243; _builder_version=&#8221;4.16&#8243; custom_padding=&#8221;|||&#8221; global_colors_info=&#8221;{}&#8221; custom_padding__hover=&#8221;|||&#8221;][\/et_pb_column][\/et_pb_row][\/et_pb_section]<\/p>\n","protected":false},"excerpt":{"rendered":"<p>Tower 24 Black TekLa Tower 24 es una columna elevadora para cabezas de c\u00e1mara. Puede montarse en camera cars o de manera independiente.<span><span><a href=\"https:\/\/www.carshooting111.com\/es\/\">Home<\/a><\/span><\/span>CRANESVER SERVICIOCABLE CAMSVER SERVICIORIGGING SERVICESVER SERVICIOREMOTE HEADSVER SERVICIOBLACK ARMVER SERVICIOEspecificaciones t\u00e9cnicas Peso total de la torre y el amortiguador: 34 kg (75 libras) Carga \u00fatil m\u00e1xima del brazo amortiguador: 30 Kg (66 lbs) [&hellip;]<\/p>\n","protected":false},"author":2,"featured_media":0,"parent":0,"menu_order":0,"comment_status":"closed","ping_status":"closed","template":"","meta":{"_acf_changed":false,"_et_pb_use_builder":"on","_et_pb_old_content":"","_et_gb_content_width":"","inline_featured_image":false,"footnotes":""},"class_list":["post-9560","page","type-page","status-publish","hentry"],"acf":[],"yoast_head":"<!-- This site is optimized with the Yoast SEO plugin v23.9 - https:\/\/yoast.com\/wordpress\/plugins\/seo\/ -->\n<title>Tower 24 Black Tek - CARSHOOTING111<\/title>\n<meta name=\"robots\" content=\"index, follow, max-snippet:-1, max-image-preview:large, max-video-preview:-1\" \/>\n<link rel=\"canonical\" href=\"https:\/\/www.carshooting111.com\/es\/tower-24-black-tek\/\" \/>\n<meta property=\"og:locale\" content=\"es_ES\" \/>\n<meta property=\"og:type\" content=\"article\" \/>\n<meta property=\"og:title\" content=\"Tower 24 Black Tek - CARSHOOTING111\" \/>\n<meta property=\"og:description\" content=\"Tower 24 Black TekLa Tower 24 es una columna elevadora para cabezas de c\u00e1mara. Puede montarse en camera cars o de manera independiente.CRANESVER SERVICIOCABLE CAMSVER SERVICIORIGGING SERVICESVER SERVICIOREMOTE HEADSVER SERVICIOBLACK ARMVER SERVICIOEspecificaciones t\u00e9cnicas Peso total de la torre y el amortiguador: 34 kg (75 libras) Carga \u00fatil m\u00e1xima del brazo amortiguador: 30 Kg (66 lbs) [&hellip;]\" \/>\n<meta property=\"og:url\" content=\"https:\/\/www.carshooting111.com\/es\/tower-24-black-tek\/\" \/>\n<meta property=\"og:site_name\" content=\"CARSHOOTING111\" \/>\n<meta property=\"article:modified_time\" content=\"2024-01-29T14:50:26+00:00\" \/>\n<meta name=\"twitter:card\" content=\"summary_large_image\" \/>\n<meta name=\"twitter:label1\" content=\"Tiempo de lectura\" \/>\n\t<meta name=\"twitter:data1\" content=\"2 minutos\" \/>\n<script type=\"application\/ld+json\" class=\"yoast-schema-graph\">{\"@context\":\"https:\/\/schema.org\",\"@graph\":[{\"@type\":\"WebPage\",\"@id\":\"https:\/\/www.carshooting111.com\/es\/tower-24-black-tek\/\",\"url\":\"https:\/\/www.carshooting111.com\/es\/tower-24-black-tek\/\",\"name\":\"Tower 24 Black Tek - CARSHOOTING111\",\"isPartOf\":{\"@id\":\"https:\/\/www.carshooting111.com\/es\/#website\"},\"datePublished\":\"2023-06-06T10:39:00+00:00\",\"dateModified\":\"2024-01-29T14:50:26+00:00\",\"breadcrumb\":{\"@id\":\"https:\/\/www.carshooting111.com\/es\/tower-24-black-tek\/#breadcrumb\"},\"inLanguage\":\"es\",\"potentialAction\":[{\"@type\":\"ReadAction\",\"target\":[\"https:\/\/www.carshooting111.com\/es\/tower-24-black-tek\/\"]}]},{\"@type\":\"BreadcrumbList\",\"@id\":\"https:\/\/www.carshooting111.com\/es\/tower-24-black-tek\/#breadcrumb\",\"itemListElement\":[{\"@type\":\"ListItem\",\"position\":1,\"name\":\"Home\",\"item\":\"https:\/\/www.carshooting111.com\/es\/\"},{\"@type\":\"ListItem\",\"position\":2,\"name\":\"Tower 24 Black Tek\"}]},{\"@type\":\"WebSite\",\"@id\":\"https:\/\/www.carshooting111.com\/es\/#website\",\"url\":\"https:\/\/www.carshooting111.com\/es\/\",\"name\":\"CARSHOOTING111\",\"description\":\"\",\"potentialAction\":[{\"@type\":\"SearchAction\",\"target\":{\"@type\":\"EntryPoint\",\"urlTemplate\":\"https:\/\/www.carshooting111.com\/es\/?s={search_term_string}\"},\"query-input\":{\"@type\":\"PropertyValueSpecification\",\"valueRequired\":true,\"valueName\":\"search_term_string\"}}],\"inLanguage\":\"es\"}]}<\/script>\n<!-- \/ Yoast SEO plugin. -->","yoast_head_json":{"title":"Tower 24 Black Tek - CARSHOOTING111","robots":{"index":"index","follow":"follow","max-snippet":"max-snippet:-1","max-image-preview":"max-image-preview:large","max-video-preview":"max-video-preview:-1"},"canonical":"https:\/\/www.carshooting111.com\/es\/tower-24-black-tek\/","og_locale":"es_ES","og_type":"article","og_title":"Tower 24 Black Tek - CARSHOOTING111","og_description":"Tower 24 Black TekLa Tower 24 es una columna elevadora para cabezas de c\u00e1mara. Puede montarse en camera cars o de manera independiente.CRANESVER SERVICIOCABLE CAMSVER SERVICIORIGGING SERVICESVER SERVICIOREMOTE HEADSVER SERVICIOBLACK ARMVER SERVICIOEspecificaciones t\u00e9cnicas Peso total de la torre y el amortiguador: 34 kg (75 libras) Carga \u00fatil m\u00e1xima del brazo amortiguador: 30 Kg (66 lbs) [&hellip;]","og_url":"https:\/\/www.carshooting111.com\/es\/tower-24-black-tek\/","og_site_name":"CARSHOOTING111","article_modified_time":"2024-01-29T14:50:26+00:00","twitter_card":"summary_large_image","twitter_misc":{"Tiempo de lectura":"2 minutos"},"schema":{"@context":"https:\/\/schema.org","@graph":[{"@type":"WebPage","@id":"https:\/\/www.carshooting111.com\/es\/tower-24-black-tek\/","url":"https:\/\/www.carshooting111.com\/es\/tower-24-black-tek\/","name":"Tower 24 Black Tek - CARSHOOTING111","isPartOf":{"@id":"https:\/\/www.carshooting111.com\/es\/#website"},"datePublished":"2023-06-06T10:39:00+00:00","dateModified":"2024-01-29T14:50:26+00:00","breadcrumb":{"@id":"https:\/\/www.carshooting111.com\/es\/tower-24-black-tek\/#breadcrumb"},"inLanguage":"es","potentialAction":[{"@type":"ReadAction","target":["https:\/\/www.carshooting111.com\/es\/tower-24-black-tek\/"]}]},{"@type":"BreadcrumbList","@id":"https:\/\/www.carshooting111.com\/es\/tower-24-black-tek\/#breadcrumb","itemListElement":[{"@type":"ListItem","position":1,"name":"Home","item":"https:\/\/www.carshooting111.com\/es\/"},{"@type":"ListItem","position":2,"name":"Tower 24 Black Tek"}]},{"@type":"WebSite","@id":"https:\/\/www.carshooting111.com\/es\/#website","url":"https:\/\/www.carshooting111.com\/es\/","name":"CARSHOOTING111","description":"","potentialAction":[{"@type":"SearchAction","target":{"@type":"EntryPoint","urlTemplate":"https:\/\/www.carshooting111.com\/es\/?s={search_term_string}"},"query-input":{"@type":"PropertyValueSpecification","valueRequired":true,"valueName":"search_term_string"}}],"inLanguage":"es"}]}},"_links":{"self":[{"href":"https:\/\/www.carshooting111.com\/es\/wp-json\/wp\/v2\/pages\/9560","targetHints":{"allow":["GET"]}}],"collection":[{"href":"https:\/\/www.carshooting111.com\/es\/wp-json\/wp\/v2\/pages"}],"about":[{"href":"https:\/\/www.carshooting111.com\/es\/wp-json\/wp\/v2\/types\/page"}],"author":[{"embeddable":true,"href":"https:\/\/www.carshooting111.com\/es\/wp-json\/wp\/v2\/users\/2"}],"replies":[{"embeddable":true,"href":"https:\/\/www.carshooting111.com\/es\/wp-json\/wp\/v2\/comments?post=9560"}],"version-history":[{"count":19,"href":"https:\/\/www.carshooting111.com\/es\/wp-json\/wp\/v2\/pages\/9560\/revisions"}],"predecessor-version":[{"id":13149,"href":"https:\/\/www.carshooting111.com\/es\/wp-json\/wp\/v2\/pages\/9560\/revisions\/13149"}],"wp:attachment":[{"href":"https:\/\/www.carshooting111.com\/es\/wp-json\/wp\/v2\/media?parent=9560"}],"curies":[{"name":"wp","href":"https:\/\/api.w.org\/{rel}","templated":true}]}}