{"id":9524,"date":"2023-03-15T09:04:36","date_gmt":"2023-03-15T08:04:36","guid":{"rendered":"https:\/\/www.carshooting111.com\/?page_id=9524"},"modified":"2025-01-02T08:56:19","modified_gmt":"2025-01-02T07:56:19","slug":"aerial-camera-unit","status":"publish","type":"page","link":"https:\/\/www.carshooting111.com\/es\/aerial-camera-unit\/","title":{"rendered":"Aerial Camera Unit"},"content":{"rendered":"<p>[et_pb_section fb_built=&#8221;1&#8243; admin_label=&#8221;section&#8221; module_class=&#8221;fullwidth&#8221; _builder_version=&#8221;4.16&#8243; transparent_background=&#8221;off&#8221; make_fullwidth=&#8221;off&#8221; use_custom_width=&#8221;off&#8221; width_unit=&#8221;on&#8221; global_colors_info=&#8221;{}&#8221;][et_pb_row column_structure=&#8221;1_2,1_2&#8243; admin_label=&#8221;Row&#8221; module_class=&#8221;header-block cabecera_efecto_automatico&#8221; _builder_version=&#8221;4.19.2&#8243; background_image=&#8221;https:\/\/www.carshooting111.com\/wp-content\/uploads\/2023\/03\/Segundo-plano-titulo.jpeg&#8221; background_size=&#8221;initial&#8221; background_position=&#8221;top_left&#8221; background_repeat=&#8221;repeat&#8221; make_fullwidth=&#8221;off&#8221; use_custom_width=&#8221;off&#8221; width_unit=&#8221;on&#8221; global_colors_info=&#8221;{}&#8221;][et_pb_column type=&#8221;1_2&#8243; _builder_version=&#8221;4.16&#8243; custom_padding=&#8221;|||&#8221; global_colors_info=&#8221;{}&#8221; custom_padding__hover=&#8221;|||&#8221;][et_pb_text admin_label=&#8221;Aerial Camera Unit&#8221; _builder_version=&#8221;4.19.2&#8243; background_size=&#8221;initial&#8221; background_position=&#8221;top_left&#8221; background_repeat=&#8221;repeat&#8221; use_border_color=&#8221;off&#8221; border_color=&#8221;#ffffff&#8221; border_style=&#8221;solid&#8221; global_colors_info=&#8221;{}&#8221;]<\/p>\n<h1>Aerial Camera Unit<\/h1>\n<p>[\/et_pb_text][\/et_pb_column][et_pb_column type=&#8221;1_2&#8243; _builder_version=&#8221;4.16&#8243; custom_padding=&#8221;|||&#8221; global_colors_info=&#8221;{}&#8221; custom_padding__hover=&#8221;|||&#8221;][et_pb_text admin_label=&#8221;Text&#8221; _builder_version=&#8221;4.19.2&#8243; background_size=&#8221;initial&#8221; background_position=&#8221;top_left&#8221; background_repeat=&#8221;repeat&#8221; use_border_color=&#8221;off&#8221; border_color=&#8221;#ffffff&#8221; border_style=&#8221;solid&#8221; global_colors_info=&#8221;{}&#8221;]<\/p>\n<p><strong>Flexibilidad, innovaci\u00f3n, tecnolog\u00eda.<\/strong><br \/>Te ofrecemos una flexibilidad \u00fanica para capturar im\u00e1genes desde \u00e1ngulos y alturas dif\u00edciles de alcanzar.<br \/>Adaptamos nuestras soluciones a las necesidades espec\u00edficas de cada cliente y nos mantenemos a la vanguardia de las \u00faltimas tecnolog\u00edas.<\/p>\n<p>[\/et_pb_text][\/et_pb_column][\/et_pb_row][et_pb_row module_class=&#8221;breadcrumbs_container&#8221; _builder_version=&#8221;4.19.2&#8243; _module_preset=&#8221;default&#8221; custom_padding=&#8221;0px||0px||false|false&#8221; global_module=&#8221;11033&#8243; global_colors_info=&#8221;{}&#8221;][et_pb_column type=&#8221;4_4&#8243; _builder_version=&#8221;4.19.2&#8243; _module_preset=&#8221;default&#8221; global_colors_info=&#8221;{}&#8221;][et_pb_code _builder_version=&#8221;4.19.2&#8243; _module_preset=&#8221;default&#8221; custom_padding=&#8221;50px|12%||12%|false|false&#8221; global_colors_info=&#8221;{}&#8221;]<span><span><a href=\"https:\/\/www.carshooting111.com\/es\/\">Home<\/a><\/span><\/span>[\/et_pb_code][\/et_pb_column][\/et_pb_row][et_pb_row column_structure=&#8221;1_2,1_2&#8243; admin_label=&#8221;Row&#8221; module_class=&#8221;no-padding-top  vehicles&#8221; _builder_version=&#8221;4.19.2&#8243; background_size=&#8221;initial&#8221; background_position=&#8221;top_left&#8221; background_repeat=&#8221;repeat&#8221; custom_padding=&#8221;40px||50px||false|false&#8221; make_fullwidth=&#8221;off&#8221; use_custom_width=&#8221;off&#8221; width_unit=&#8221;on&#8221; locked=&#8221;off&#8221; global_colors_info=&#8221;{}&#8221;][et_pb_column type=&#8221;1_2&#8243; _builder_version=&#8221;4.16&#8243; custom_padding=&#8221;|||&#8221; global_colors_info=&#8221;{}&#8221; custom_padding__hover=&#8221;|||&#8221;][et_pb_blurb title=&#8221;Inspire3&#8243; url=&#8221;\/es\/aerial-camera-unit\/drone-inspire-3\/&#8221; image=&#8221;https:\/\/www.carshooting111.com\/wp-content\/uploads\/2024\/10\/drop-inspire-3-list.jpg&#8221; icon_placement=&#8221;left&#8221; image_icon_width=&#8221;none&#8221; admin_label=&#8221;Inspire3&#8243; _builder_version=&#8221;4.19.2&#8243; background_size=&#8221;initial&#8221; background_position=&#8221;top_left&#8221; background_repeat=&#8221;repeat&#8221; text_orientation=&#8221;right&#8221; animation=&#8221;off&#8221; use_border_color=&#8221;off&#8221; border_color=&#8221;#ffffff&#8221; border_style=&#8221;solid&#8221; image_max_width=&#8221;none&#8221; use_circle=&#8221;off&#8221; use_circle_border=&#8221;off&#8221; locked=&#8221;off&#8221; global_colors_info=&#8221;{}&#8221;][\/et_pb_blurb][et_pb_blurb title=&#8221;Alta 8&#8243; url=&#8221;\/es\/aerial-camera-unit\/alta-8\/&#8221; image=&#8221;https:\/\/www.carshooting111.com\/wp-content\/uploads\/2023\/06\/aerial-camera-unit-alta-8-dron-volando-car-shooting-1.jpg&#8221; icon_placement=&#8221;left&#8221; image_icon_width=&#8221;none&#8221; admin_label=&#8221;Alta 8&#8243; _builder_version=&#8221;4.19.2&#8243; background_size=&#8221;initial&#8221; background_position=&#8221;top_left&#8221; background_repeat=&#8221;repeat&#8221; text_orientation=&#8221;right&#8221; animation=&#8221;off&#8221; use_border_color=&#8221;off&#8221; border_color=&#8221;#ffffff&#8221; border_style=&#8221;solid&#8221; image_max_width=&#8221;none&#8221; use_circle=&#8221;off&#8221; use_circle_border=&#8221;off&#8221; global_colors_info=&#8221;{}&#8221;][\/et_pb_blurb][et_pb_blurb title=&#8221;Cinelifter&#8221; url=&#8221;\/es\/aerial-camera-unit\/cinelifter&#8221; image=&#8221;https:\/\/www.carshooting111.com\/wp-content\/uploads\/2024\/01\/CINELIFTER_portada-carshooting.jpg&#8221; alt=&#8221;Cinelifter&#8221; icon_placement=&#8221;left&#8221; image_icon_width=&#8221;none&#8221; admin_label=&#8221;Cinelifter&#8221; _builder_version=&#8221;4.19.2&#8243; background_size=&#8221;initial&#8221; background_position=&#8221;top_left&#8221; background_repeat=&#8221;repeat&#8221; text_orientation=&#8221;right&#8221; animation=&#8221;off&#8221; use_border_color=&#8221;off&#8221; border_color=&#8221;#ffffff&#8221; border_style=&#8221;solid&#8221; image_max_width=&#8221;none&#8221; use_circle=&#8221;off&#8221; use_circle_border=&#8221;off&#8221; global_colors_info=&#8221;{}&#8221;]<\/p>\n<p>&nbsp;<\/p>\n<p>[\/et_pb_blurb][et_pb_blurb title=&#8221;FPV7%22&#8243; url=&#8221;\/es\/aerial-camera-unit\/fpv7&#8243; image=&#8221;https:\/\/www.carshooting111.com\/wp-content\/uploads\/2024\/01\/FPV7IFlight-quimera7-Pro-portada-carshooting.jpg&#8221; icon_placement=&#8221;left&#8221; image_icon_width=&#8221;none&#8221; admin_label=&#8221;FPV7%22&#8243; _builder_version=&#8221;4.19.2&#8243; background_size=&#8221;initial&#8221; background_position=&#8221;top_left&#8221; background_repeat=&#8221;repeat&#8221; text_orientation=&#8221;right&#8221; animation=&#8221;off&#8221; use_border_color=&#8221;off&#8221; border_color=&#8221;#ffffff&#8221; border_style=&#8221;solid&#8221; image_max_width=&#8221;none&#8221; use_circle=&#8221;off&#8221; use_circle_border=&#8221;off&#8221; global_colors_info=&#8221;{}&#8221;][\/et_pb_blurb][et_pb_blurb title=&#8221;Gimbal FPV&#8221; url=&#8221;\/es\/aerial-camera-unit\/gimbal-fpv&#8221; image=&#8221;https:\/\/www.carshooting111.com\/wp-content\/uploads\/2024\/01\/GIMBALFPV_Cinelifter-portada-carshooting.jpg&#8221; icon_placement=&#8221;left&#8221; image_icon_width=&#8221;none&#8221; admin_label=&#8221;Gimbal FPV&#8221; _builder_version=&#8221;4.19.2&#8243; background_size=&#8221;initial&#8221; background_position=&#8221;top_left&#8221; background_repeat=&#8221;repeat&#8221; text_orientation=&#8221;right&#8221; animation=&#8221;off&#8221; use_border_color=&#8221;off&#8221; border_color=&#8221;#ffffff&#8221; border_style=&#8221;solid&#8221; image_max_width=&#8221;none&#8221; use_circle=&#8221;off&#8221; use_circle_border=&#8221;off&#8221; global_colors_info=&#8221;{}&#8221;][\/et_pb_blurb][\/et_pb_column][et_pb_column type=&#8221;1_2&#8243; _builder_version=&#8221;4.16&#8243; custom_padding=&#8221;|||&#8221; global_colors_info=&#8221;{}&#8221; custom_padding__hover=&#8221;|||&#8221;][et_pb_blurb title=&#8221;Inspire2&#8243; url=&#8221;\/es\/aerial-camera-unit\/drone\/&#8221; image=&#8221;https:\/\/www.carshooting111.com\/wp-content\/uploads\/2023\/07\/aerial-camera-unit-inspire-2-dron-volando-car-shooting.jpg&#8221; icon_placement=&#8221;left&#8221; image_icon_width=&#8221;none&#8221; admin_label=&#8221;Inspire2&#8243; _builder_version=&#8221;4.19.2&#8243; background_size=&#8221;initial&#8221; background_position=&#8221;top_left&#8221; background_repeat=&#8221;repeat&#8221; text_orientation=&#8221;right&#8221; animation=&#8221;off&#8221; use_border_color=&#8221;off&#8221; border_color=&#8221;#ffffff&#8221; border_style=&#8221;solid&#8221; image_max_width=&#8221;none&#8221; use_circle=&#8221;off&#8221; use_circle_border=&#8221;off&#8221; global_colors_info=&#8221;{}&#8221;][\/et_pb_blurb][et_pb_blurb title=&#8221;Alta X&#8221; url=&#8221;\/es\/aerial-camera-unit\/alta-x\/&#8221; image=&#8221;https:\/\/www.carshooting111.com\/wp-content\/uploads\/2023\/07\/aerial-camera-unit-alta-x-dron-volando-car-shooting.jpg&#8221; icon_placement=&#8221;left&#8221; image_icon_width=&#8221;none&#8221; admin_label=&#8221;Alta X&#8221; _builder_version=&#8221;4.19.2&#8243; background_size=&#8221;initial&#8221; background_position=&#8221;top_left&#8221; background_repeat=&#8221;repeat&#8221; text_orientation=&#8221;right&#8221; animation=&#8221;off&#8221; use_border_color=&#8221;off&#8221; border_color=&#8221;#ffffff&#8221; border_style=&#8221;solid&#8221; image_max_width=&#8221;none&#8221; use_circle=&#8221;off&#8221; use_circle_border=&#8221;off&#8221; global_colors_info=&#8221;{}&#8221;][\/et_pb_blurb][et_pb_blurb title=&#8221;Cinewhoop&#8221; url=&#8221;\/es\/aerial-camera-unit\/cinewhoop&#8221; image=&#8221;https:\/\/www.carshooting111.com\/wp-content\/uploads\/2024\/01\/CINEWHOOP_portada-carshooting.jpg&#8221; alt=&#8221;Cinewhoop&#8221; icon_placement=&#8221;left&#8221; image_icon_width=&#8221;none&#8221; admin_label=&#8221;Cinewhoop&#8221; _builder_version=&#8221;4.19.2&#8243; background_size=&#8221;initial&#8221; background_position=&#8221;top_left&#8221; background_repeat=&#8221;repeat&#8221; text_orientation=&#8221;right&#8221; animation=&#8221;off&#8221; use_border_color=&#8221;off&#8221; border_color=&#8221;#ffffff&#8221; border_style=&#8221;solid&#8221; image_max_width=&#8221;none&#8221; use_circle=&#8221;off&#8221; use_circle_border=&#8221;off&#8221; global_colors_info=&#8221;{}&#8221;][\/et_pb_blurb][et_pb_blurb title=&#8221;Racer5%22&#8243; url=&#8221;\/es\/aerial-camera-unit\/racer5&#8243; image=&#8221;https:\/\/www.carshooting111.com\/wp-content\/uploads\/2024\/01\/RACER5-pulgadas-portada-carshooting.jpg&#8221; icon_placement=&#8221;left&#8221; image_icon_width=&#8221;none&#8221; admin_label=&#8221;Racer5%22&#8243; _builder_version=&#8221;4.19.2&#8243; background_size=&#8221;initial&#8221; background_position=&#8221;top_left&#8221; background_repeat=&#8221;repeat&#8221; text_orientation=&#8221;right&#8221; animation=&#8221;off&#8221; use_border_color=&#8221;off&#8221; border_color=&#8221;#ffffff&#8221; border_style=&#8221;solid&#8221; image_max_width=&#8221;none&#8221; use_circle=&#8221;off&#8221; use_circle_border=&#8221;off&#8221; global_colors_info=&#8221;{}&#8221;][\/et_pb_blurb][\/et_pb_column][\/et_pb_row][et_pb_row _builder_version=&#8221;4.19.2&#8243; _module_preset=&#8221;default&#8221; custom_margin=&#8221;||-150px||false|false&#8221; locked=&#8221;off&#8221; global_colors_info=&#8221;{}&#8221;][et_pb_column type=&#8221;4_4&#8243; _builder_version=&#8221;4.19.2&#8243; _module_preset=&#8221;default&#8221; global_colors_info=&#8221;{}&#8221;][et_pb_text admin_label=&#8221;Brands&#8221; module_id=&#8221;reels&#8221; _builder_version=&#8221;4.19.2&#8243; header_2_font=&#8221;|700|||||||&#8221; header_2_text_align=&#8221;center&#8221; header_2_font_size=&#8221;33px&#8221; background_size=&#8221;initial&#8221; background_position=&#8221;top_left&#8221; background_repeat=&#8221;repeat&#8221; use_border_color=&#8221;off&#8221; border_color=&#8221;#ffffff&#8221; border_style=&#8221;solid&#8221; global_colors_info=&#8221;{}&#8221;]<\/p>\n<h2 style=\"text-align: center;\"><strong>Drones<\/strong><\/h2>\n<p style=\"text-align: center;\">Reels de drones<\/p>\n<p>[\/et_pb_text][\/et_pb_column][\/et_pb_row][et_pb_row column_structure=&#8221;1_2,1_2&#8243; _builder_version=&#8221;4.19.2&#8243; _module_preset=&#8221;default&#8221; global_colors_info=&#8221;{}&#8221;][et_pb_column type=&#8221;1_2&#8243; _builder_version=&#8221;4.19.2&#8243; _module_preset=&#8221;default&#8221; global_colors_info=&#8221;{}&#8221;][\/et_pb_column][et_pb_column type=&#8221;1_2&#8243; _builder_version=&#8221;4.19.2&#8243; _module_preset=&#8221;default&#8221; global_colors_info=&#8221;{}&#8221;][\/et_pb_column][\/et_pb_row][et_pb_row column_structure=&#8221;1_2,1_2&#8243; disabled_on=&#8221;on|on|on&#8221; admin_label=&#8221;Row&#8221; module_class=&#8221;background-block&#8221; _builder_version=&#8221;4.19.2&#8243; background_image=&#8221;\/wp-content\/uploads\/2017\/03\/vehiculos-accion-footer.jpg&#8221; background_size=&#8221;initial&#8221; background_position=&#8221;top_left&#8221; background_repeat=&#8221;repeat&#8221; make_fullwidth=&#8221;off&#8221; use_custom_width=&#8221;off&#8221; width_unit=&#8221;on&#8221; disabled=&#8221;on&#8221; global_colors_info=&#8221;{}&#8221;][et_pb_column type=&#8221;1_2&#8243; _builder_version=&#8221;4.16&#8243; custom_padding=&#8221;|||&#8221; global_colors_info=&#8221;{}&#8221; custom_padding__hover=&#8221;|||&#8221;][et_pb_text admin_label=&#8221;Text&#8221; _builder_version=&#8221;4.19.2&#8243; background_size=&#8221;initial&#8221; background_position=&#8221;top_left&#8221; background_repeat=&#8221;repeat&#8221; use_border_color=&#8221;off&#8221; border_color=&#8221;#ffffff&#8221; border_style=&#8221;solid&#8221; global_colors_info=&#8221;{}&#8221;][\/et_pb_text][\/et_pb_column][et_pb_column type=&#8221;1_2&#8243; _builder_version=&#8221;4.16&#8243; custom_padding=&#8221;|||&#8221; global_colors_info=&#8221;{}&#8221; custom_padding__hover=&#8221;|||&#8221;][\/et_pb_column][\/et_pb_row][\/et_pb_section]<\/p>\n","protected":false},"excerpt":{"rendered":"<p>Aerial Camera UnitFlexibilidad, innovaci\u00f3n, tecnolog\u00eda.Te ofrecemos una flexibilidad \u00fanica para capturar im\u00e1genes desde \u00e1ngulos y alturas dif\u00edciles de alcanzar.Adaptamos nuestras soluciones a las necesidades espec\u00edficas de cada cliente y nos mantenemos a la vanguardia de las \u00faltimas tecnolog\u00edas.<span><span><a href=\"https:\/\/www.carshooting111.com\/es\/\">Home<\/a><\/span><\/span>&nbsp;Drones Reels de drones<\/p>\n","protected":false},"author":2,"featured_media":0,"parent":0,"menu_order":14,"comment_status":"closed","ping_status":"closed","template":"","meta":{"_acf_changed":false,"_et_pb_use_builder":"on","_et_pb_old_content":"","_et_gb_content_width":"","inline_featured_image":false,"footnotes":""},"class_list":["post-9524","page","type-page","status-publish","hentry"],"acf":[],"yoast_head":"<!-- This site is optimized with the Yoast SEO plugin v23.9 - https:\/\/yoast.com\/wordpress\/plugins\/seo\/ -->\n<title>Veh\u00edculos de acci\u00f3n con puesta a punto para filmaci\u00f3n | Carshooting111<\/title>\n<meta name=\"description\" content=\"Veh\u00edculos preparados para persecuci\u00f3n a alta velocidad o seguimiento con puesta a punto para el equipo de filmaci\u00f3n. Descubre los veh\u00edculos disponibles.\" \/>\n<meta name=\"robots\" content=\"index, follow, max-snippet:-1, max-image-preview:large, max-video-preview:-1\" \/>\n<link rel=\"canonical\" href=\"https:\/\/www.carshooting111.com\/es\/aerial-camera-unit\/\" \/>\n<meta property=\"og:locale\" content=\"es_ES\" \/>\n<meta property=\"og:type\" content=\"article\" \/>\n<meta property=\"og:title\" content=\"Veh\u00edculos de acci\u00f3n con puesta a punto para filmaci\u00f3n | Carshooting111\" \/>\n<meta property=\"og:description\" content=\"Veh\u00edculos preparados para persecuci\u00f3n a alta velocidad o seguimiento con puesta a punto para el equipo de filmaci\u00f3n. Descubre los veh\u00edculos disponibles.\" \/>\n<meta property=\"og:url\" content=\"https:\/\/www.carshooting111.com\/es\/aerial-camera-unit\/\" \/>\n<meta property=\"og:site_name\" content=\"CARSHOOTING111\" \/>\n<meta property=\"article:modified_time\" content=\"2025-01-02T07:56:19+00:00\" \/>\n<meta name=\"twitter:card\" content=\"summary_large_image\" \/>\n<meta name=\"twitter:label1\" content=\"Tiempo de lectura\" \/>\n\t<meta name=\"twitter:data1\" content=\"2 minutos\" \/>\n<script type=\"application\/ld+json\" class=\"yoast-schema-graph\">{\"@context\":\"https:\/\/schema.org\",\"@graph\":[{\"@type\":\"WebPage\",\"@id\":\"https:\/\/www.carshooting111.com\/es\/aerial-camera-unit\/\",\"url\":\"https:\/\/www.carshooting111.com\/es\/aerial-camera-unit\/\",\"name\":\"Veh\u00edculos de acci\u00f3n con puesta a punto para filmaci\u00f3n | Carshooting111\",\"isPartOf\":{\"@id\":\"https:\/\/www.carshooting111.com\/es\/#website\"},\"datePublished\":\"2023-03-15T08:04:36+00:00\",\"dateModified\":\"2025-01-02T07:56:19+00:00\",\"description\":\"Veh\u00edculos preparados para persecuci\u00f3n a alta velocidad o seguimiento con puesta a punto para el equipo de filmaci\u00f3n. Descubre los veh\u00edculos disponibles.\",\"breadcrumb\":{\"@id\":\"https:\/\/www.carshooting111.com\/es\/aerial-camera-unit\/#breadcrumb\"},\"inLanguage\":\"es\",\"potentialAction\":[{\"@type\":\"ReadAction\",\"target\":[\"https:\/\/www.carshooting111.com\/es\/aerial-camera-unit\/\"]}]},{\"@type\":\"BreadcrumbList\",\"@id\":\"https:\/\/www.carshooting111.com\/es\/aerial-camera-unit\/#breadcrumb\",\"itemListElement\":[{\"@type\":\"ListItem\",\"position\":1,\"name\":\"Home\",\"item\":\"https:\/\/www.carshooting111.com\/es\/\"},{\"@type\":\"ListItem\",\"position\":2,\"name\":\"Aerial Camera Unit\"}]},{\"@type\":\"WebSite\",\"@id\":\"https:\/\/www.carshooting111.com\/es\/#website\",\"url\":\"https:\/\/www.carshooting111.com\/es\/\",\"name\":\"CARSHOOTING111\",\"description\":\"\",\"potentialAction\":[{\"@type\":\"SearchAction\",\"target\":{\"@type\":\"EntryPoint\",\"urlTemplate\":\"https:\/\/www.carshooting111.com\/es\/?s={search_term_string}\"},\"query-input\":{\"@type\":\"PropertyValueSpecification\",\"valueRequired\":true,\"valueName\":\"search_term_string\"}}],\"inLanguage\":\"es\"}]}<\/script>\n<!-- \/ Yoast SEO plugin. -->","yoast_head_json":{"title":"Veh\u00edculos de acci\u00f3n con puesta a punto para filmaci\u00f3n | Carshooting111","description":"Veh\u00edculos preparados para persecuci\u00f3n a alta velocidad o seguimiento con puesta a punto para el equipo de filmaci\u00f3n. Descubre los veh\u00edculos disponibles.","robots":{"index":"index","follow":"follow","max-snippet":"max-snippet:-1","max-image-preview":"max-image-preview:large","max-video-preview":"max-video-preview:-1"},"canonical":"https:\/\/www.carshooting111.com\/es\/aerial-camera-unit\/","og_locale":"es_ES","og_type":"article","og_title":"Veh\u00edculos de acci\u00f3n con puesta a punto para filmaci\u00f3n | Carshooting111","og_description":"Veh\u00edculos preparados para persecuci\u00f3n a alta velocidad o seguimiento con puesta a punto para el equipo de filmaci\u00f3n. Descubre los veh\u00edculos disponibles.","og_url":"https:\/\/www.carshooting111.com\/es\/aerial-camera-unit\/","og_site_name":"CARSHOOTING111","article_modified_time":"2025-01-02T07:56:19+00:00","twitter_card":"summary_large_image","twitter_misc":{"Tiempo de lectura":"2 minutos"},"schema":{"@context":"https:\/\/schema.org","@graph":[{"@type":"WebPage","@id":"https:\/\/www.carshooting111.com\/es\/aerial-camera-unit\/","url":"https:\/\/www.carshooting111.com\/es\/aerial-camera-unit\/","name":"Veh\u00edculos de acci\u00f3n con puesta a punto para filmaci\u00f3n | Carshooting111","isPartOf":{"@id":"https:\/\/www.carshooting111.com\/es\/#website"},"datePublished":"2023-03-15T08:04:36+00:00","dateModified":"2025-01-02T07:56:19+00:00","description":"Veh\u00edculos preparados para persecuci\u00f3n a alta velocidad o seguimiento con puesta a punto para el equipo de filmaci\u00f3n. Descubre los veh\u00edculos disponibles.","breadcrumb":{"@id":"https:\/\/www.carshooting111.com\/es\/aerial-camera-unit\/#breadcrumb"},"inLanguage":"es","potentialAction":[{"@type":"ReadAction","target":["https:\/\/www.carshooting111.com\/es\/aerial-camera-unit\/"]}]},{"@type":"BreadcrumbList","@id":"https:\/\/www.carshooting111.com\/es\/aerial-camera-unit\/#breadcrumb","itemListElement":[{"@type":"ListItem","position":1,"name":"Home","item":"https:\/\/www.carshooting111.com\/es\/"},{"@type":"ListItem","position":2,"name":"Aerial Camera Unit"}]},{"@type":"WebSite","@id":"https:\/\/www.carshooting111.com\/es\/#website","url":"https:\/\/www.carshooting111.com\/es\/","name":"CARSHOOTING111","description":"","potentialAction":[{"@type":"SearchAction","target":{"@type":"EntryPoint","urlTemplate":"https:\/\/www.carshooting111.com\/es\/?s={search_term_string}"},"query-input":{"@type":"PropertyValueSpecification","valueRequired":true,"valueName":"search_term_string"}}],"inLanguage":"es"}]}},"_links":{"self":[{"href":"https:\/\/www.carshooting111.com\/es\/wp-json\/wp\/v2\/pages\/9524","targetHints":{"allow":["GET"]}}],"collection":[{"href":"https:\/\/www.carshooting111.com\/es\/wp-json\/wp\/v2\/pages"}],"about":[{"href":"https:\/\/www.carshooting111.com\/es\/wp-json\/wp\/v2\/types\/page"}],"author":[{"embeddable":true,"href":"https:\/\/www.carshooting111.com\/es\/wp-json\/wp\/v2\/users\/2"}],"replies":[{"embeddable":true,"href":"https:\/\/www.carshooting111.com\/es\/wp-json\/wp\/v2\/comments?post=9524"}],"version-history":[{"count":39,"href":"https:\/\/www.carshooting111.com\/es\/wp-json\/wp\/v2\/pages\/9524\/revisions"}],"predecessor-version":[{"id":14473,"href":"https:\/\/www.carshooting111.com\/es\/wp-json\/wp\/v2\/pages\/9524\/revisions\/14473"}],"wp:attachment":[{"href":"https:\/\/www.carshooting111.com\/es\/wp-json\/wp\/v2\/media?parent=9524"}],"curies":[{"name":"wp","href":"https:\/\/api.w.org\/{rel}","templated":true}]}}