{"id":7554,"date":"2022-10-17T15:11:34","date_gmt":"2022-10-17T13:11:34","guid":{"rendered":"https:\/\/www.carshooting111.com\/es\/?page_id=7554"},"modified":"2025-10-09T11:51:16","modified_gmt":"2025-10-09T09:51:16","slug":"cranes-2","status":"publish","type":"page","link":"https:\/\/www.carshooting111.com\/es\/vehiculos-accion\/cranes-2\/","title":{"rendered":"Cranes"},"content":{"rendered":"<p>[et_pb_section fb_built=&#8221;1&#8243; admin_label=&#8221;section&#8221; module_class=&#8221;fullwidth&#8221; _builder_version=&#8221;4.16&#8243; transparent_background=&#8221;off&#8221; make_fullwidth=&#8221;off&#8221; use_custom_width=&#8221;off&#8221; width_unit=&#8221;on&#8221; global_colors_info=&#8221;{}&#8221;][et_pb_row column_structure=&#8221;1_2,1_2&#8243; admin_label=&#8221;Row&#8221; module_class=&#8221;header-block cabecera_efecto_automatico&#8221; _builder_version=&#8221;4.19.2&#8243; background_image=&#8221;https:\/\/www.carshooting111.com\/wp-content\/uploads\/2019\/02\/Russian-6.png&#8221; background_size=&#8221;initial&#8221; background_position=&#8221;top_left&#8221; background_repeat=&#8221;repeat&#8221; custom_margin=&#8221;||0px||false|false&#8221; make_fullwidth=&#8221;off&#8221; use_custom_width=&#8221;off&#8221; width_unit=&#8221;on&#8221; global_colors_info=&#8221;{}&#8221;][et_pb_column type=&#8221;1_2&#8243; _builder_version=&#8221;4.16&#8243; custom_padding=&#8221;|||&#8221; global_colors_info=&#8221;{}&#8221; custom_padding__hover=&#8221;|||&#8221;][et_pb_text admin_label=&#8221;TextCRANES&#8221; _builder_version=&#8221;4.16&#8243; background_size=&#8221;initial&#8221; background_position=&#8221;top_left&#8221; background_repeat=&#8221;repeat&#8221; use_border_color=&#8221;off&#8221; border_color=&#8221;#ffffff&#8221; border_style=&#8221;solid&#8221; global_colors_info=&#8221;{}&#8221;]<\/p>\n<h1>CRANES<\/h1>\n<p>[\/et_pb_text][\/et_pb_column][et_pb_column type=&#8221;1_2&#8243; _builder_version=&#8221;4.16&#8243; custom_padding=&#8221;|||&#8221; global_colors_info=&#8221;{}&#8221; custom_padding__hover=&#8221;|||&#8221;][et_pb_text admin_label=&#8221;Text&#8221; _builder_version=&#8221;4.19.2&#8243; background_size=&#8221;initial&#8221; background_position=&#8221;top_left&#8221; background_repeat=&#8221;repeat&#8221; use_border_color=&#8221;off&#8221; border_color=&#8221;#ffffff&#8221; border_style=&#8221;solid&#8221; global_colors_info=&#8221;{}&#8221;]En nuestra empresa contamos con una serie de veh\u00edculos puestos a su disposici\u00f3n para ofrecer las mejores opciones de cara el equipo de filmaci\u00f3n. Son veh\u00edculos preparados exclusivamente tanto para persecuci\u00f3n a alta velocidad como para seguimiento de veh\u00edculos, como para el seguimiento de personas en localizaciones donde, por comodidad y rapidez, es ideal su uso. La preparaci\u00f3n de la unidad de c\u00e1mara en todos ellos es c\u00f3moda, f\u00e1cil y con m\u00faltiples opciones, puesto que disponen de plataformas de trabajo habilitadas para la ocasi\u00f3n.[\/et_pb_text][\/et_pb_column][\/et_pb_row][et_pb_row module_class=&#8221;breadcrumbs_container&#8221; _builder_version=&#8221;4.19.2&#8243; _module_preset=&#8221;default&#8221; custom_padding=&#8221;0px||0px||false|false&#8221; saved_tabs=&#8221;all&#8221; global_colors_info=&#8221;{}&#8221;][et_pb_column type=&#8221;4_4&#8243; _builder_version=&#8221;4.19.2&#8243; _module_preset=&#8221;default&#8221; global_colors_info=&#8221;{}&#8221;][et_pb_code _builder_version=&#8221;4.19.2&#8243; _module_preset=&#8221;default&#8221; custom_padding=&#8221;50px|12%||12%|false|false&#8221; global_colors_info=&#8221;{}&#8221;]<span><span><a href=\"https:\/\/www.carshooting111.com\/es\/\">Home<\/a><\/span><\/span>[\/et_pb_code][\/et_pb_column][\/et_pb_row][et_pb_row column_structure=&#8221;1_2,1_2&#8243; admin_label=&#8221;Row&#8221; module_class=&#8221;no-padding-top no-padding-bottom vehicles&#8221; _builder_version=&#8221;4.19.2&#8243; background_size=&#8221;initial&#8221; background_position=&#8221;top_left&#8221; background_repeat=&#8221;repeat&#8221; custom_padding=&#8221;30px||||false|false&#8221; make_fullwidth=&#8221;off&#8221; use_custom_width=&#8221;off&#8221; width_unit=&#8221;on&#8221; global_colors_info=&#8221;{}&#8221;][et_pb_column type=&#8221;1_2&#8243; _builder_version=&#8221;4.16&#8243; custom_padding=&#8221;|||&#8221; global_colors_info=&#8221;{}&#8221; custom_padding__hover=&#8221;|||&#8221;][et_pb_blurb title=&#8221;U-crane 6&#8243; url=&#8221;https:\/\/www.carshooting111.com\/es\/vehiculos-accion\/russian-6-f-150-shelby\/&#8221; image=&#8221;https:\/\/www.carshooting111.com\/wp-content\/uploads\/2022\/10\/raptor_list.jpg&#8221; image_icon_width=&#8221;none&#8221; admin_label=&#8221;Blurb&#8221; _builder_version=&#8221;4.19.2&#8243; background_size=&#8221;initial&#8221; background_position=&#8221;top_left&#8221; background_repeat=&#8221;repeat&#8221; custom_margin=&#8221;20px|20px|20px|20px|true|true&#8221; hover_enabled=&#8221;0&#8243; use_border_color=&#8221;off&#8221; border_color=&#8221;#ffffff&#8221; border_style=&#8221;solid&#8221; image_max_width=&#8221;none&#8221; use_circle=&#8221;off&#8221; use_circle_border=&#8221;off&#8221; saved_tabs=&#8221;all&#8221; global_colors_info=&#8221;{}&#8221; sticky_enabled=&#8221;0&#8243;]F-150 Shelby<br \/>\n[\/et_pb_blurb][et_pb_blurb title=&#8221;U-crane Dynamic&#8221; url=&#8221;\/es\/vehiculos-accion\/porsche-cayenne-diesel\/&#8221; image=&#8221;https:\/\/www.carshooting111.com\/wp-content\/uploads\/2017\/03\/UCRANEDynamic.jpg&#8221; icon_placement=&#8221;left&#8221; image_icon_width=&#8221;none&#8221; admin_label=&#8221;Blurb&#8221; _builder_version=&#8221;4.19.2&#8243; background_size=&#8221;initial&#8221; background_position=&#8221;top_left&#8221; background_repeat=&#8221;repeat&#8221; text_orientation=&#8221;right&#8221; custom_margin=&#8221;20px|20px|20px|20px|true|true&#8221; animation=&#8221;off&#8221; hover_enabled=&#8221;0&#8243; use_border_color=&#8221;off&#8221; border_color=&#8221;#ffffff&#8221; border_style=&#8221;solid&#8221; image_max_width=&#8221;none&#8221; use_circle=&#8221;off&#8221; use_circle_border=&#8221;off&#8221; global_colors_info=&#8221;{}&#8221; sticky_enabled=&#8221;0&#8243;]<\/p>\n<p>Porsche Cayenne<\/p>\n<p><a href=\"\/es\/vehiculos-accion\/porsche-cayenne-diesel\/\">Conocer Veh\u00edculo<\/a><\/p>\n<p>[\/et_pb_blurb][et_pb_blurb title=&#8221;Ghost one&#8221; url=&#8221;\/es\/vehiculos-accion\/ghost-one\/&#8221; image=&#8221;https:\/\/www.carshooting111.com\/wp-content\/uploads\/2023\/06\/action-vehicles-cranes-ghost-one-car-shooting.jpg&#8221; icon_placement=&#8221;left&#8221; image_icon_width=&#8221;none&#8221; admin_label=&#8221;Blurb&#8221; _builder_version=&#8221;4.19.2&#8243; background_size=&#8221;initial&#8221; background_position=&#8221;top_left&#8221; background_repeat=&#8221;repeat&#8221; text_orientation=&#8221;right&#8221; custom_margin=&#8221;20px|20px|20px|20px|true|true&#8221; animation=&#8221;off&#8221; hover_enabled=&#8221;0&#8243; use_border_color=&#8221;off&#8221; border_color=&#8221;#ffffff&#8221; border_style=&#8221;solid&#8221; image_max_width=&#8221;none&#8221; use_circle=&#8221;off&#8221; use_circle_border=&#8221;off&#8221; global_colors_info=&#8221;{}&#8221; sticky_enabled=&#8221;0&#8243;]<a href=\"\/es\/vehiculos-accion\/ghost-one\/\">Conocer Veh\u00edculo<\/a>[\/et_pb_blurb][et_pb_blurb title=&#8221;Top Crane Ghost&#8221; url=&#8221;https:\/\/www.carshooting111.com\/es\/vehiculos-accion\/top-crane-ghost\/&#8221; image=&#8221;https:\/\/www.carshooting111.com\/wp-content\/uploads\/2017\/03\/top_crane_ghost.jpg&#8221; icon_placement=&#8221;left&#8221; image_icon_width=&#8221;none&#8221; disabled_on=&#8221;on|on|on&#8221; admin_label=&#8221;Top Crane Ghost&#8221; _builder_version=&#8221;4.16&#8243; background_size=&#8221;initial&#8221; background_position=&#8221;top_left&#8221; background_repeat=&#8221;repeat&#8221; text_orientation=&#8221;right&#8221; animation=&#8221;off&#8221; use_border_color=&#8221;off&#8221; border_color=&#8221;#ffffff&#8221; border_style=&#8221;solid&#8221; image_max_width=&#8221;none&#8221; use_circle=&#8221;off&#8221; use_circle_border=&#8221;off&#8221; disabled=&#8221;on&#8221; global_colors_info=&#8221;{}&#8221;][\/et_pb_blurb][\/et_pb_column][et_pb_column type=&#8221;1_2&#8243; _builder_version=&#8221;4.16&#8243; custom_padding=&#8221;|||&#8221; global_colors_info=&#8221;{}&#8221; custom_padding__hover=&#8221;|||&#8221;][et_pb_blurb title=&#8221;U-crane 6&#8243; url=&#8221;\/es\/vehiculos-accion\/russian-6\/&#8221; image=&#8221;https:\/\/www.carshooting111.com\/wp-content\/uploads\/2025\/03\/u-crane-6-porsche-cayenne.jpg&#8221; image_icon_width=&#8221;none&#8221; admin_label=&#8221;Blurb&#8221; _builder_version=&#8221;4.19.2&#8243; background_size=&#8221;initial&#8221; background_position=&#8221;top_left&#8221; background_repeat=&#8221;repeat&#8221; custom_margin=&#8221;20px|20px|20px|20px|true|true&#8221; hover_enabled=&#8221;0&#8243; use_border_color=&#8221;off&#8221; border_color=&#8221;#ffffff&#8221; border_style=&#8221;solid&#8221; image_max_width=&#8221;none&#8221; use_circle=&#8221;off&#8221; use_circle_border=&#8221;off&#8221; saved_tabs=&#8221;all&#8221; global_colors_info=&#8221;{}&#8221; sticky_enabled=&#8221;0&#8243;]<\/p>\n<p>Porsche Cayenne<\/p>\n<p>[\/et_pb_blurb][et_pb_blurb title=&#8221;Motocrane Radical&#8221; url=&#8221;https:\/\/www.carshooting111.com\/es\/vehiculos-accion\/motocrane-radical\/&#8221; image=&#8221;https:\/\/www.carshooting111.com\/wp-content\/uploads\/2025\/07\/front-radical.jpg&#8221; image_icon_width=&#8221;none&#8221; admin_label=&#8221;Blurb&#8221; _builder_version=&#8221;4.19.2&#8243; background_size=&#8221;initial&#8221; background_position=&#8221;top_left&#8221; background_repeat=&#8221;repeat&#8221; custom_margin=&#8221;20px|20px|20px|20px|true|true&#8221; hover_enabled=&#8221;0&#8243; use_border_color=&#8221;off&#8221; border_color=&#8221;#ffffff&#8221; border_style=&#8221;solid&#8221; image_max_width=&#8221;none&#8221; use_circle=&#8221;off&#8221; use_circle_border=&#8221;off&#8221; saved_tabs=&#8221;all&#8221; global_colors_info=&#8221;{}&#8221; sticky_enabled=&#8221;0&#8243;][\/et_pb_blurb][et_pb_blurb title=&#8221;Black Tech&#8221; url=&#8221;\/es\/vehiculos-accion\/black-teck\/&#8221; image=&#8221;https:\/\/www.carshooting111.com\/wp-content\/uploads\/2023\/09\/BlackTekArm.jpg-edit.jpg&#8221; icon_placement=&#8221;left&#8221; image_icon_width=&#8221;none&#8221; admin_label=&#8221;Blurb&#8221; _builder_version=&#8221;4.19.2&#8243; background_size=&#8221;initial&#8221; background_position=&#8221;top_left&#8221; background_repeat=&#8221;repeat&#8221; text_orientation=&#8221;right&#8221; custom_margin=&#8221;20px|20px|20px|20px|true|true&#8221; animation=&#8221;off&#8221; hover_enabled=&#8221;0&#8243; use_border_color=&#8221;off&#8221; border_color=&#8221;#ffffff&#8221; border_style=&#8221;solid&#8221; image_max_width=&#8221;none&#8221; use_circle=&#8221;off&#8221; use_circle_border=&#8221;off&#8221; global_colors_info=&#8221;{}&#8221; sticky_enabled=&#8221;0&#8243;]<\/p>\n<p><a href=\"\/es\/vehiculos-accion\/black-teck\/\" data-wplink-edit=\"true\">Conocer Veh\u00edculo<\/a><\/p>\n<p>[\/et_pb_blurb][\/et_pb_column][\/et_pb_row][et_pb_row column_structure=&#8221;1_2,1_2&#8243; module_class=&#8221;container-servicios-relacionados&#8221; _builder_version=&#8221;4.19.2&#8243; _module_preset=&#8221;default&#8221; global_colors_info=&#8221;{}&#8221;][et_pb_column type=&#8221;1_2&#8243; _builder_version=&#8221;4.19.2&#8243; _module_preset=&#8221;default&#8221; global_colors_info=&#8221;{}&#8221;][et_pb_text _builder_version=&#8221;4.19.2&#8243; _module_preset=&#8221;default&#8221; text_font=&#8221;Ubuntu||||||||&#8221; text_text_color=&#8221;#000000&#8243; global_colors_info=&#8221;{}&#8221;]<\/p>\n<h3><strong>CAMARA CAR<\/strong><\/h3>\n<p>[\/et_pb_text][et_pb_text _builder_version=&#8221;4.19.2&#8243; _module_preset=&#8221;default&#8221; global_colors_info=&#8221;{}&#8221;]<\/p>\n<p><strong>Veh\u00edculos configurados para el seguimiento y la coordinaci\u00f3n de movimientos en escena.<\/strong><\/p>\n<p>[\/et_pb_text][et_pb_text module_class=&#8221;container-servicios-relacionados-button&#8221; _builder_version=&#8221;4.19.2&#8243; _module_preset=&#8221;default&#8221; global_colors_info=&#8221;{}&#8221;]<\/p>\n<p><a href=\"https:\/\/www.carshooting111.com\/es\/vehiculos-accion\/camara-car\/\"><em><strong>VER SERVICIO<\/strong><\/em><\/a><\/p>\n<p>[\/et_pb_text][\/et_pb_column][et_pb_column type=&#8221;1_2&#8243; _builder_version=&#8221;4.19.2&#8243; _module_preset=&#8221;default&#8221; global_colors_info=&#8221;{}&#8221;][et_pb_text _builder_version=&#8221;4.19.2&#8243; _module_preset=&#8221;default&#8221; text_font=&#8221;Ubuntu||||||||&#8221; text_text_color=&#8221;#000000&#8243; global_colors_info=&#8221;{}&#8221;]<\/p>\n<h3><strong>VEH\u00cdCULOS DE TRACCI\u00d3N<br \/><\/strong><\/h3>\n<p>[\/et_pb_text][et_pb_text _builder_version=&#8221;4.19.2&#8243; _module_preset=&#8221;default&#8221; global_colors_info=&#8221;{}&#8221;]<\/p>\n<p><strong>En nuestra empresa contamos con una serie de veh\u00edculos puestos a su disposici\u00f3n para ofrecer las mejores opciones de cara el equipo de filmaci\u00f3n.<\/strong><\/p>\n<p><strong>Son veh\u00edculos preparados exclusivamente tanto para persecuci\u00f3n a alta velocidad como para seguimiento de veh\u00edculos, como para el seguimiento de personas en localizaciones donde, por comodidad y rapidez, es ideal su uso.<\/strong><\/p>\n<p><strong>La preparaci\u00f3n de la unidad de c\u00e1mara en todos ellos es c\u00f3moda, f\u00e1cil y con m\u00faltiples opciones, puesto que disponen de plataformas de trabajo habilitadas para la ocasi\u00f3n.<\/strong><\/p>\n<p>[\/et_pb_text][et_pb_text module_class=&#8221;container-servicios-relacionados-button&#8221; _builder_version=&#8221;4.19.2&#8243; _module_preset=&#8221;default&#8221; global_colors_info=&#8221;{}&#8221;]<\/p>\n<p><a href=\"https:\/\/www.carshooting111.com\/es\/vehiculos-accion\/vehiculos-de-traccion-2\/\"><em><strong>VER SERVICIO<\/strong><\/em><\/a><\/p>\n<p>[\/et_pb_text][\/et_pb_column][\/et_pb_row][et_pb_row column_structure=&#8221;1_2,1_2&#8243; admin_label=&#8221;Row&#8221; module_class=&#8221;background-block&#8221; _builder_version=&#8221;4.19.2&#8243; background_image=&#8221;https:\/\/www.carshooting111.com\/wp-content\/uploads\/2023\/06\/action-vehicles-cranes-car-shooting.jpg&#8221; background_size=&#8221;initial&#8221; background_position=&#8221;top_left&#8221; background_repeat=&#8221;repeat&#8221; make_fullwidth=&#8221;off&#8221; use_custom_width=&#8221;off&#8221; width_unit=&#8221;on&#8221; global_colors_info=&#8221;{}&#8221;][et_pb_column type=&#8221;1_2&#8243; _builder_version=&#8221;4.16&#8243; custom_padding=&#8221;|||&#8221; global_colors_info=&#8221;{}&#8221; custom_padding__hover=&#8221;|||&#8221;][et_pb_text _builder_version=&#8221;4.19.2&#8243; _module_preset=&#8221;default&#8221; global_colors_info=&#8221;{}&#8221;]<\/p>\n<h3><strong>CarShooting, garant\u00eda de \u00e9xito desde hace m\u00e1s de 20 a\u00f1os.<\/strong><\/h3>\n<p>[\/et_pb_text][et_pb_text admin_label=&#8221;Text&#8221; _builder_version=&#8221;4.16&#8243; background_size=&#8221;initial&#8221; background_position=&#8221;top_left&#8221; background_repeat=&#8221;repeat&#8221; use_border_color=&#8221;off&#8221; border_color=&#8221;#ffffff&#8221; border_style=&#8221;solid&#8221; global_colors_info=&#8221;{}&#8221;]M\u00e1s de 20 a\u00f1os de experiencia avalan a algunos de nuestros t\u00e9cnicos en la conducci\u00f3n, preparaci\u00f3n y transporte de todo tipo de veh\u00edculos.Car Shooting111 coordina, junto con el equipo de direcci\u00f3n, el movimiento de los veh\u00edculos de escena sincronizados con los de seguimiento para obtener un resultado eficiente en los rodajes de acci\u00f3n.Figuras como el precision driver, car care, mec\u00e1nicos y transportistas, imprimen a nuestra empresa un sello de calidad reconocida en el sector audiovisual.<br \/>\n[\/et_pb_text][\/et_pb_column][et_pb_column type=&#8221;1_2&#8243; _builder_version=&#8221;4.16&#8243; custom_padding=&#8221;|||&#8221; global_colors_info=&#8221;{}&#8221; custom_padding__hover=&#8221;|||&#8221;][\/et_pb_column][\/et_pb_row][\/et_pb_section]<\/p>\n","protected":false},"excerpt":{"rendered":"<p>CRANES En nuestra empresa contamos con una serie de veh\u00edculos puestos a su disposici\u00f3n para ofrecer las mejores opciones de cara el equipo de filmaci\u00f3n. Son veh\u00edculos preparados exclusivamente tanto para persecuci\u00f3n a alta velocidad como para seguimiento de veh\u00edculos, como para el seguimiento de personas en localizaciones donde, por comodidad y rapidez, es ideal [&hellip;]<\/p>\n","protected":false},"author":2,"featured_media":0,"parent":4833,"menu_order":14,"comment_status":"closed","ping_status":"closed","template":"","meta":{"_acf_changed":false,"_et_pb_use_builder":"on","_et_pb_old_content":"","_et_gb_content_width":"","inline_featured_image":false,"footnotes":""},"class_list":["post-7554","page","type-page","status-publish","hentry"],"acf":[],"yoast_head":"<!-- This site is optimized with the Yoast SEO plugin v23.9 - https:\/\/yoast.com\/wordpress\/plugins\/seo\/ -->\n<title>Veh\u00edculos de acci\u00f3n con puesta a punto para filmaci\u00f3n | Carshooting111<\/title>\n<meta name=\"description\" content=\"Veh\u00edculos preparados para persecuci\u00f3n a alta velocidad o seguimiento con puesta a punto para el equipo de filmaci\u00f3n. Descubre los veh\u00edculos disponibles.\" \/>\n<meta name=\"robots\" content=\"index, follow, max-snippet:-1, max-image-preview:large, max-video-preview:-1\" \/>\n<link rel=\"canonical\" href=\"https:\/\/www.carshooting111.com\/es\/vehiculos-accion\/cranes-2\/\" \/>\n<meta property=\"og:locale\" content=\"es_ES\" \/>\n<meta property=\"og:type\" content=\"article\" \/>\n<meta property=\"og:title\" content=\"Veh\u00edculos de acci\u00f3n con puesta a punto para filmaci\u00f3n | Carshooting111\" \/>\n<meta property=\"og:description\" content=\"Veh\u00edculos preparados para persecuci\u00f3n a alta velocidad o seguimiento con puesta a punto para el equipo de filmaci\u00f3n. Descubre los veh\u00edculos disponibles.\" \/>\n<meta property=\"og:url\" content=\"https:\/\/www.carshooting111.com\/es\/vehiculos-accion\/cranes-2\/\" \/>\n<meta property=\"og:site_name\" content=\"CARSHOOTING111\" \/>\n<meta property=\"article:modified_time\" content=\"2025-10-09T09:51:16+00:00\" \/>\n<meta name=\"twitter:card\" content=\"summary_large_image\" \/>\n<meta name=\"twitter:label1\" content=\"Tiempo de lectura\" \/>\n\t<meta name=\"twitter:data1\" content=\"3 minutos\" \/>\n<script type=\"application\/ld+json\" class=\"yoast-schema-graph\">{\"@context\":\"https:\/\/schema.org\",\"@graph\":[{\"@type\":\"WebPage\",\"@id\":\"https:\/\/www.carshooting111.com\/es\/vehiculos-accion\/cranes-2\/\",\"url\":\"https:\/\/www.carshooting111.com\/es\/vehiculos-accion\/cranes-2\/\",\"name\":\"Veh\u00edculos de acci\u00f3n con puesta a punto para filmaci\u00f3n | Carshooting111\",\"isPartOf\":{\"@id\":\"https:\/\/www.carshooting111.com\/es\/#website\"},\"datePublished\":\"2022-10-17T13:11:34+00:00\",\"dateModified\":\"2025-10-09T09:51:16+00:00\",\"description\":\"Veh\u00edculos preparados para persecuci\u00f3n a alta velocidad o seguimiento con puesta a punto para el equipo de filmaci\u00f3n. Descubre los veh\u00edculos disponibles.\",\"breadcrumb\":{\"@id\":\"https:\/\/www.carshooting111.com\/es\/vehiculos-accion\/cranes-2\/#breadcrumb\"},\"inLanguage\":\"es\",\"potentialAction\":[{\"@type\":\"ReadAction\",\"target\":[\"https:\/\/www.carshooting111.com\/es\/vehiculos-accion\/cranes-2\/\"]}]},{\"@type\":\"BreadcrumbList\",\"@id\":\"https:\/\/www.carshooting111.com\/es\/vehiculos-accion\/cranes-2\/#breadcrumb\",\"itemListElement\":[{\"@type\":\"ListItem\",\"position\":1,\"name\":\"Home\",\"item\":\"https:\/\/www.carshooting111.com\/es\/\"},{\"@type\":\"ListItem\",\"position\":2,\"name\":\"Veh\u00edculos acci\u00f3n\",\"item\":\"https:\/\/www.carshooting111.com\/es\/vehiculos-accion\/\"},{\"@type\":\"ListItem\",\"position\":3,\"name\":\"Cranes\"}]},{\"@type\":\"WebSite\",\"@id\":\"https:\/\/www.carshooting111.com\/es\/#website\",\"url\":\"https:\/\/www.carshooting111.com\/es\/\",\"name\":\"CARSHOOTING111\",\"description\":\"\",\"potentialAction\":[{\"@type\":\"SearchAction\",\"target\":{\"@type\":\"EntryPoint\",\"urlTemplate\":\"https:\/\/www.carshooting111.com\/es\/?s={search_term_string}\"},\"query-input\":{\"@type\":\"PropertyValueSpecification\",\"valueRequired\":true,\"valueName\":\"search_term_string\"}}],\"inLanguage\":\"es\"}]}<\/script>\n<!-- \/ Yoast SEO plugin. -->","yoast_head_json":{"title":"Veh\u00edculos de acci\u00f3n con puesta a punto para filmaci\u00f3n | Carshooting111","description":"Veh\u00edculos preparados para persecuci\u00f3n a alta velocidad o seguimiento con puesta a punto para el equipo de filmaci\u00f3n. Descubre los veh\u00edculos disponibles.","robots":{"index":"index","follow":"follow","max-snippet":"max-snippet:-1","max-image-preview":"max-image-preview:large","max-video-preview":"max-video-preview:-1"},"canonical":"https:\/\/www.carshooting111.com\/es\/vehiculos-accion\/cranes-2\/","og_locale":"es_ES","og_type":"article","og_title":"Veh\u00edculos de acci\u00f3n con puesta a punto para filmaci\u00f3n | Carshooting111","og_description":"Veh\u00edculos preparados para persecuci\u00f3n a alta velocidad o seguimiento con puesta a punto para el equipo de filmaci\u00f3n. Descubre los veh\u00edculos disponibles.","og_url":"https:\/\/www.carshooting111.com\/es\/vehiculos-accion\/cranes-2\/","og_site_name":"CARSHOOTING111","article_modified_time":"2025-10-09T09:51:16+00:00","twitter_card":"summary_large_image","twitter_misc":{"Tiempo de lectura":"3 minutos"},"schema":{"@context":"https:\/\/schema.org","@graph":[{"@type":"WebPage","@id":"https:\/\/www.carshooting111.com\/es\/vehiculos-accion\/cranes-2\/","url":"https:\/\/www.carshooting111.com\/es\/vehiculos-accion\/cranes-2\/","name":"Veh\u00edculos de acci\u00f3n con puesta a punto para filmaci\u00f3n | Carshooting111","isPartOf":{"@id":"https:\/\/www.carshooting111.com\/es\/#website"},"datePublished":"2022-10-17T13:11:34+00:00","dateModified":"2025-10-09T09:51:16+00:00","description":"Veh\u00edculos preparados para persecuci\u00f3n a alta velocidad o seguimiento con puesta a punto para el equipo de filmaci\u00f3n. Descubre los veh\u00edculos disponibles.","breadcrumb":{"@id":"https:\/\/www.carshooting111.com\/es\/vehiculos-accion\/cranes-2\/#breadcrumb"},"inLanguage":"es","potentialAction":[{"@type":"ReadAction","target":["https:\/\/www.carshooting111.com\/es\/vehiculos-accion\/cranes-2\/"]}]},{"@type":"BreadcrumbList","@id":"https:\/\/www.carshooting111.com\/es\/vehiculos-accion\/cranes-2\/#breadcrumb","itemListElement":[{"@type":"ListItem","position":1,"name":"Home","item":"https:\/\/www.carshooting111.com\/es\/"},{"@type":"ListItem","position":2,"name":"Veh\u00edculos acci\u00f3n","item":"https:\/\/www.carshooting111.com\/es\/vehiculos-accion\/"},{"@type":"ListItem","position":3,"name":"Cranes"}]},{"@type":"WebSite","@id":"https:\/\/www.carshooting111.com\/es\/#website","url":"https:\/\/www.carshooting111.com\/es\/","name":"CARSHOOTING111","description":"","potentialAction":[{"@type":"SearchAction","target":{"@type":"EntryPoint","urlTemplate":"https:\/\/www.carshooting111.com\/es\/?s={search_term_string}"},"query-input":{"@type":"PropertyValueSpecification","valueRequired":true,"valueName":"search_term_string"}}],"inLanguage":"es"}]}},"_links":{"self":[{"href":"https:\/\/www.carshooting111.com\/es\/wp-json\/wp\/v2\/pages\/7554","targetHints":{"allow":["GET"]}}],"collection":[{"href":"https:\/\/www.carshooting111.com\/es\/wp-json\/wp\/v2\/pages"}],"about":[{"href":"https:\/\/www.carshooting111.com\/es\/wp-json\/wp\/v2\/types\/page"}],"author":[{"embeddable":true,"href":"https:\/\/www.carshooting111.com\/es\/wp-json\/wp\/v2\/users\/2"}],"replies":[{"embeddable":true,"href":"https:\/\/www.carshooting111.com\/es\/wp-json\/wp\/v2\/comments?post=7554"}],"version-history":[{"count":33,"href":"https:\/\/www.carshooting111.com\/es\/wp-json\/wp\/v2\/pages\/7554\/revisions"}],"predecessor-version":[{"id":16063,"href":"https:\/\/www.carshooting111.com\/es\/wp-json\/wp\/v2\/pages\/7554\/revisions\/16063"}],"up":[{"embeddable":true,"href":"https:\/\/www.carshooting111.com\/es\/wp-json\/wp\/v2\/pages\/4833"}],"wp:attachment":[{"href":"https:\/\/www.carshooting111.com\/es\/wp-json\/wp\/v2\/media?parent=7554"}],"curies":[{"name":"wp","href":"https:\/\/api.w.org\/{rel}","templated":true}]}}