{"id":5880,"date":"2019-04-01T18:25:04","date_gmt":"2019-04-01T16:25:04","guid":{"rendered":"https:\/\/www.carshooting111.com\/es\/?page_id=5880"},"modified":"2024-01-15T10:13:53","modified_gmt":"2024-01-15T09:13:53","slug":"drone","status":"publish","type":"page","link":"https:\/\/www.carshooting111.com\/es\/aerial-camera-unit\/drone\/","title":{"rendered":"Inspire2"},"content":{"rendered":"<p>[et_pb_section fb_built=&#8221;1&#8243; admin_label=&#8221;section&#8221; module_class=&#8221;fullwidth&#8221; _builder_version=&#8221;4.16&#8243; transparent_background=&#8221;off&#8221; make_fullwidth=&#8221;off&#8221; use_custom_width=&#8221;off&#8221; width_unit=&#8221;on&#8221; global_colors_info=&#8221;{}&#8221;][et_pb_row column_structure=&#8221;1_2,1_2&#8243; admin_label=&#8221;row&#8221; module_class=&#8221;header-block cabecera_efecto_automatico&#8221; _builder_version=&#8221;4.19.2&#8243; background_image=&#8221;https:\/\/www.carshooting111.com\/wp-content\/uploads\/2023\/03\/Segundo-plano-titulo.jpeg&#8221; background_size=&#8221;initial&#8221; background_position=&#8221;top_left&#8221; background_repeat=&#8221;repeat&#8221; make_fullwidth=&#8221;off&#8221; use_custom_width=&#8221;off&#8221; width_unit=&#8221;on&#8221; global_colors_info=&#8221;{}&#8221;][et_pb_column type=&#8221;1_2&#8243; _builder_version=&#8221;4.16&#8243; custom_padding=&#8221;|||&#8221; global_colors_info=&#8221;{}&#8221; custom_padding__hover=&#8221;|||&#8221;][et_pb_text admin_label=&#8221;Text&#8221; _builder_version=&#8221;4.19.2&#8243; background_size=&#8221;initial&#8221; background_position=&#8221;top_left&#8221; background_repeat=&#8221;repeat&#8221; use_border_color=&#8221;off&#8221; border_color=&#8221;#ffffff&#8221; border_style=&#8221;solid&#8221; global_colors_info=&#8221;{}&#8221;]<\/p>\n<h1><strong>Inspire2<\/strong><\/h1>\n<p>[\/et_pb_text][\/et_pb_column][et_pb_column type=&#8221;1_2&#8243; _builder_version=&#8221;4.16&#8243; custom_padding=&#8221;|||&#8221; global_colors_info=&#8221;{}&#8221; custom_padding__hover=&#8221;|||&#8221;][et_pb_text admin_label=&#8221;Text&#8221; _builder_version=&#8221;4.19.2&#8243; background_size=&#8221;initial&#8221; background_position=&#8221;top_left&#8221; background_repeat=&#8221;repeat&#8221; use_border_color=&#8221;off&#8221; border_color=&#8221;#ffffff&#8221; border_style=&#8221;solid&#8221; global_colors_info=&#8221;{}&#8221;]Equipo de grabaci\u00f3n de video a\u00e9reo con drone Inspire 2 y c\u00e1maras Zenmuse X7 con sensor super 35mm (cine DNG en 6K, Apple Pro Res en 5,2K).<br \/>\nInspire es un drone \u00e1gil y vers\u00e1til capaz de alcanzar gran velocidad para las tomas de acci\u00f3n mas arriesgadas[\/et_pb_text][\/et_pb_column][\/et_pb_row][et_pb_row module_class=&#8221;breadcrumbs_container&#8221; _builder_version=&#8221;4.19.2&#8243; _module_preset=&#8221;default&#8221; custom_padding=&#8221;0px||0px||false|false&#8221; global_module=&#8221;11033&#8243; global_colors_info=&#8221;{}&#8221;][et_pb_column type=&#8221;4_4&#8243; _builder_version=&#8221;4.19.2&#8243; _module_preset=&#8221;default&#8221; global_colors_info=&#8221;{}&#8221;][et_pb_code _builder_version=&#8221;4.19.2&#8243; _module_preset=&#8221;default&#8221; custom_padding=&#8221;50px|12%||12%|false|false&#8221; global_colors_info=&#8221;{}&#8221;]<span><span><a href=\"https:\/\/www.carshooting111.com\/es\/\">Home<\/a><\/span><\/span>[\/et_pb_code][\/et_pb_column][\/et_pb_row][et_pb_row admin_label=&#8221;Row&#8221; module_class=&#8221;padding-container-imagenes no-padding-top&#8221; _builder_version=&#8221;4.19.2&#8243; background_size=&#8221;initial&#8221; background_position=&#8221;top_left&#8221; background_repeat=&#8221;repeat&#8221; custom_padding=&#8221;40px||50px||false|false&#8221; make_fullwidth=&#8221;off&#8221; use_custom_width=&#8221;off&#8221; width_unit=&#8221;on&#8221; global_colors_info=&#8221;{}&#8221;][et_pb_column type=&#8221;4_4&#8243; _builder_version=&#8221;4.16&#8243; custom_padding=&#8221;|||&#8221; global_colors_info=&#8221;{}&#8221; custom_padding__hover=&#8221;|||&#8221;][et_pb_video src=&#8221;https:\/\/www.carshooting111.com\/wp-content\/uploads\/2023\/03\/Video-cos-central-pestanya-drone.mp4&#8243; font_icon=&#8221;&#xf04b;||fa||900&#8243; use_icon_font_size=&#8221;on&#8221; src_last_edited=&#8221;off|desktop&#8221; _builder_version=&#8221;4.19.2&#8243; _module_preset=&#8221;default&#8221; global_colors_info=&#8221;{}&#8221; src__hover_enabled=&#8221;off|hover&#8221;][\/et_pb_video][\/et_pb_column][\/et_pb_row][et_pb_row admin_label=&#8221;Row&#8221; module_class=&#8221;padding-container-imagenes&#8221; _builder_version=&#8221;4.19.2&#8243; background_size=&#8221;initial&#8221; background_position=&#8221;top_left&#8221; background_repeat=&#8221;repeat&#8221; custom_margin=&#8221;0px||||false|false&#8221; custom_padding=&#8221;40px||50px||false|false&#8221; locked=&#8221;off&#8221; global_colors_info=&#8221;{}&#8221;][et_pb_column type=&#8221;4_4&#8243; _builder_version=&#8221;4.19.2&#8243; _module_preset=&#8221;default&#8221; global_colors_info=&#8221;{}&#8221;][et_pb_slider show_pagination=&#8221;off&#8221; module_class=&#8221;only-images&#8221; _builder_version=&#8221;4.19.2&#8243; _module_preset=&#8221;default&#8221; auto=&#8221;on&#8221; auto_speed=&#8221;4000&#8243; auto_ignore_hover=&#8221;on&#8221; locked=&#8221;off&#8221; global_colors_info=&#8221;{}&#8221;]<div class=\"et_pb_slide et_pb_slide_with_image et_pb_bg_layout_dark et_pb_media_alignment_center\">\n\t\t\t\n\t\t\t<div class=\"et_pb_container clearfix\"><div class=\"contenedor\">\n\t\t\t\t<div class=\"et_pb_slide_image\"><img decoding=\"async\" src=\"https:\/\/www.carshooting111.com\/wp-content\/uploads\/2024\/01\/INSPIRE2_Dji-Inspire-2-foto-1-carshooting.jpg\" alt=\"\" \/><\/div>\n\t\t\t\t<div class=\"et_pb_slide_description\">\n\t\t\t\t\n\t\t\t\t<div class=\"izquierda\">\t\n\t\t\t\t\n\t\t\t\t<h1>\t\t\n\t\t\t\t\t\n\t\t\t\t<\/h1>\n\t\t\t\t\n\t\t\t\t<div class=\"et_pb_slide_content\"><\/div>\n\t\t\t\t<\/div>\n\t\t\t\t\n\t\t\t\t<div class=\"derecha\">\n\t\t\t\t\t\n\t\t\t\t<\/div>\n\t\t\t\t\n\t\t\t\t<\/div> <!-- .et_pb_slide_description -->\n                                <\/div>\n\t\t\t<\/div> <!-- .et_pb_container -->\n\t\t\t\n\t\t<\/div> <!-- .et_pb_slide -->\n\t\t<div class=\"et_pb_slide et_pb_slide_with_image et_pb_bg_layout_dark et_pb_media_alignment_center\">\n\t\t\t\n\t\t\t<div class=\"et_pb_container clearfix\"><div class=\"contenedor\">\n\t\t\t\t<div class=\"et_pb_slide_image\"><img decoding=\"async\" src=\"https:\/\/www.carshooting111.com\/wp-content\/uploads\/2024\/01\/INSPIRE2-Dji-Inspire-2-foto-2-carshooting.jpg\" alt=\"\" \/><\/div>\n\t\t\t\t<div class=\"et_pb_slide_description\">\n\t\t\t\t\n\t\t\t\t<div class=\"izquierda\">\t\n\t\t\t\t\n\t\t\t\t<h1>\t\t\n\t\t\t\t\t\n\t\t\t\t<\/h1>\n\t\t\t\t\n\t\t\t\t<div class=\"et_pb_slide_content\"><\/div>\n\t\t\t\t<\/div>\n\t\t\t\t\n\t\t\t\t<div class=\"derecha\">\n\t\t\t\t\t\n\t\t\t\t<\/div>\n\t\t\t\t\n\t\t\t\t<\/div> <!-- .et_pb_slide_description -->\n                                <\/div>\n\t\t\t<\/div> <!-- .et_pb_container -->\n\t\t\t\n\t\t<\/div> <!-- .et_pb_slide -->\n\t\t<div class=\"et_pb_slide et_pb_slide_with_image et_pb_bg_layout_dark et_pb_media_alignment_center\">\n\t\t\t\n\t\t\t<div class=\"et_pb_container clearfix\"><div class=\"contenedor\">\n\t\t\t\t<div class=\"et_pb_slide_image\"><img decoding=\"async\" src=\"https:\/\/www.carshooting111.com\/wp-content\/uploads\/2024\/01\/INSPIRE2-Dji-Inspire-2-carshooting.jpg\" alt=\"\" \/><\/div>\n\t\t\t\t<div class=\"et_pb_slide_description\">\n\t\t\t\t\n\t\t\t\t<div class=\"izquierda\">\t\n\t\t\t\t\n\t\t\t\t<h1>\t\t\n\t\t\t\t\t\n\t\t\t\t<\/h1>\n\t\t\t\t\n\t\t\t\t<div class=\"et_pb_slide_content\"><\/div>\n\t\t\t\t<\/div>\n\t\t\t\t\n\t\t\t\t<div class=\"derecha\">\n\t\t\t\t\t\n\t\t\t\t<\/div>\n\t\t\t\t\n\t\t\t\t<\/div> <!-- .et_pb_slide_description -->\n                                <\/div>\n\t\t\t<\/div> <!-- .et_pb_container -->\n\t\t\t\n\t\t<\/div> <!-- .et_pb_slide -->\n\t\t<div class=\"et_pb_slide et_pb_slide_with_image et_pb_bg_layout_dark et_pb_media_alignment_center\">\n\t\t\t\n\t\t\t<div class=\"et_pb_container clearfix\"><div class=\"contenedor\">\n\t\t\t\t<div class=\"et_pb_slide_image\"><img decoding=\"async\" src=\"https:\/\/www.carshooting111.com\/wp-content\/uploads\/2024\/01\/INSPIRE2_2022-09-carshooting-2.jpg\" alt=\"\" \/><\/div>\n\t\t\t\t<div class=\"et_pb_slide_description\">\n\t\t\t\t\n\t\t\t\t<div class=\"izquierda\">\t\n\t\t\t\t\n\t\t\t\t<h1>\t\t\n\t\t\t\t\t\n\t\t\t\t<\/h1>\n\t\t\t\t\n\t\t\t\t<div class=\"et_pb_slide_content\"><\/div>\n\t\t\t\t<\/div>\n\t\t\t\t\n\t\t\t\t<div class=\"derecha\">\n\t\t\t\t\t\n\t\t\t\t<\/div>\n\t\t\t\t\n\t\t\t\t<\/div> <!-- .et_pb_slide_description -->\n                                <\/div>\n\t\t\t<\/div> <!-- .et_pb_container -->\n\t\t\t\n\t\t<\/div> <!-- .et_pb_slide -->\n\t\t<div class=\"et_pb_slide et_pb_slide_with_image et_pb_bg_layout_dark et_pb_media_alignment_center\">\n\t\t\t\n\t\t\t<div class=\"et_pb_container clearfix\"><div class=\"contenedor\">\n\t\t\t\t<div class=\"et_pb_slide_image\"><img decoding=\"async\" src=\"https:\/\/www.carshooting111.com\/wp-content\/uploads\/2024\/01\/INSPIRE2_-carshooting.jpg\" alt=\"\" \/><\/div>\n\t\t\t\t<div class=\"et_pb_slide_description\">\n\t\t\t\t\n\t\t\t\t<div class=\"izquierda\">\t\n\t\t\t\t\n\t\t\t\t<h1>\t\t\n\t\t\t\t\t\n\t\t\t\t<\/h1>\n\t\t\t\t\n\t\t\t\t<div class=\"et_pb_slide_content\"><\/div>\n\t\t\t\t<\/div>\n\t\t\t\t\n\t\t\t\t<div class=\"derecha\">\n\t\t\t\t\t\n\t\t\t\t<\/div>\n\t\t\t\t\n\t\t\t\t<\/div> <!-- .et_pb_slide_description -->\n                                <\/div>\n\t\t\t<\/div> <!-- .et_pb_container -->\n\t\t\t\n\t\t<\/div> <!-- .et_pb_slide -->\n\t\t<div class=\"et_pb_slide et_pb_slide_with_image et_pb_bg_layout_dark et_pb_media_alignment_center\">\n\t\t\t\n\t\t\t<div class=\"et_pb_container clearfix\"><div class=\"contenedor\">\n\t\t\t\t<div class=\"et_pb_slide_image\"><img decoding=\"async\" src=\"https:\/\/www.carshooting111.com\/wp-content\/uploads\/2024\/01\/INSPIRE2_carshooting.jpg\" alt=\"\" \/><\/div>\n\t\t\t\t<div class=\"et_pb_slide_description\">\n\t\t\t\t\n\t\t\t\t<div class=\"izquierda\">\t\n\t\t\t\t\n\t\t\t\t<h1>\t\t\n\t\t\t\t\t\n\t\t\t\t<\/h1>\n\t\t\t\t\n\t\t\t\t<div class=\"et_pb_slide_content\"><\/div>\n\t\t\t\t<\/div>\n\t\t\t\t\n\t\t\t\t<div class=\"derecha\">\n\t\t\t\t\t\n\t\t\t\t<\/div>\n\t\t\t\t\n\t\t\t\t<\/div> <!-- .et_pb_slide_description -->\n                                <\/div>\n\t\t\t<\/div> <!-- .et_pb_container -->\n\t\t\t\n\t\t<\/div> <!-- .et_pb_slide -->\n\t\t<div class=\"et_pb_slide et_pb_slide_with_image et_pb_bg_layout_dark et_pb_media_alignment_center\">\n\t\t\t\n\t\t\t<div class=\"et_pb_container clearfix\"><div class=\"contenedor\">\n\t\t\t\t<div class=\"et_pb_slide_image\"><img decoding=\"async\" src=\"https:\/\/www.carshooting111.com\/wp-content\/uploads\/2024\/01\/Dji-Inspire-2-foto-3-carshooting.jpg\" alt=\"\" \/><\/div>\n\t\t\t\t<div class=\"et_pb_slide_description\">\n\t\t\t\t\n\t\t\t\t<div class=\"izquierda\">\t\n\t\t\t\t\n\t\t\t\t<h1>\t\t\n\t\t\t\t\t\n\t\t\t\t<\/h1>\n\t\t\t\t\n\t\t\t\t<div class=\"et_pb_slide_content\"><\/div>\n\t\t\t\t<\/div>\n\t\t\t\t\n\t\t\t\t<div class=\"derecha\">\n\t\t\t\t\t\n\t\t\t\t<\/div>\n\t\t\t\t\n\t\t\t\t<\/div> <!-- .et_pb_slide_description -->\n                                <\/div>\n\t\t\t<\/div> <!-- .et_pb_container -->\n\t\t\t\n\t\t<\/div> <!-- .et_pb_slide -->\n\t\t<div class=\"et_pb_slide et_pb_slide_with_image et_pb_bg_layout_dark et_pb_media_alignment_center\">\n\t\t\t\n\t\t\t<div class=\"et_pb_container clearfix\"><div class=\"contenedor\">\n\t\t\t\t<div class=\"et_pb_slide_image\"><img decoding=\"async\" src=\"https:\/\/www.carshooting111.com\/wp-content\/uploads\/2024\/01\/Dji-Inspire-2-foto-2-carshooting.jpg\" alt=\"\" \/><\/div>\n\t\t\t\t<div class=\"et_pb_slide_description\">\n\t\t\t\t\n\t\t\t\t<div class=\"izquierda\">\t\n\t\t\t\t\n\t\t\t\t<h1>\t\t\n\t\t\t\t\t\n\t\t\t\t<\/h1>\n\t\t\t\t\n\t\t\t\t<div class=\"et_pb_slide_content\"><\/div>\n\t\t\t\t<\/div>\n\t\t\t\t\n\t\t\t\t<div class=\"derecha\">\n\t\t\t\t\t\n\t\t\t\t<\/div>\n\t\t\t\t\n\t\t\t\t<\/div> <!-- .et_pb_slide_description -->\n                                <\/div>\n\t\t\t<\/div> <!-- .et_pb_container -->\n\t\t\t\n\t\t<\/div> <!-- .et_pb_slide -->\n\t\t<div class=\"et_pb_slide et_pb_slide_with_image et_pb_bg_layout_dark et_pb_media_alignment_center\">\n\t\t\t\n\t\t\t<div class=\"et_pb_container clearfix\"><div class=\"contenedor\">\n\t\t\t\t<div class=\"et_pb_slide_image\"><img decoding=\"async\" src=\"https:\/\/www.carshooting111.com\/wp-content\/uploads\/2024\/01\/Dji-Inspire-2-foto-1-carshooting.jpg\" alt=\"\" \/><\/div>\n\t\t\t\t<div class=\"et_pb_slide_description\">\n\t\t\t\t\n\t\t\t\t<div class=\"izquierda\">\t\n\t\t\t\t\n\t\t\t\t<h1>\t\t\n\t\t\t\t\t\n\t\t\t\t<\/h1>\n\t\t\t\t\n\t\t\t\t<div class=\"et_pb_slide_content\"><\/div>\n\t\t\t\t<\/div>\n\t\t\t\t\n\t\t\t\t<div class=\"derecha\">\n\t\t\t\t\t\n\t\t\t\t<\/div>\n\t\t\t\t\n\t\t\t\t<\/div> <!-- .et_pb_slide_description -->\n                                <\/div>\n\t\t\t<\/div> <!-- .et_pb_container -->\n\t\t\t\n\t\t<\/div> <!-- .et_pb_slide -->\n\t\t<div class=\"et_pb_slide et_pb_slide_with_image et_pb_bg_layout_dark et_pb_media_alignment_center\">\n\t\t\t\n\t\t\t<div class=\"et_pb_container clearfix\"><div class=\"contenedor\">\n\t\t\t\t<div class=\"et_pb_slide_image\"><img decoding=\"async\" src=\"https:\/\/www.carshooting111.com\/wp-content\/uploads\/2024\/01\/Dji-Inspire-2-foto-carshooting.jpg\" alt=\"\" \/><\/div>\n\t\t\t\t<div class=\"et_pb_slide_description\">\n\t\t\t\t\n\t\t\t\t<div class=\"izquierda\">\t\n\t\t\t\t\n\t\t\t\t<h1>\t\t\n\t\t\t\t\t\n\t\t\t\t<\/h1>\n\t\t\t\t\n\t\t\t\t<div class=\"et_pb_slide_content\"><\/div>\n\t\t\t\t<\/div>\n\t\t\t\t\n\t\t\t\t<div class=\"derecha\">\n\t\t\t\t\t\n\t\t\t\t<\/div>\n\t\t\t\t\n\t\t\t\t<\/div> <!-- .et_pb_slide_description -->\n                                <\/div>\n\t\t\t<\/div> <!-- .et_pb_container -->\n\t\t\t\n\t\t<\/div> <!-- .et_pb_slide -->\n\t\t<div class=\"et_pb_slide et_pb_slide_with_image et_pb_bg_layout_dark et_pb_media_alignment_center\">\n\t\t\t\n\t\t\t<div class=\"et_pb_container clearfix\"><div class=\"contenedor\">\n\t\t\t\t<div class=\"et_pb_slide_image\"><img decoding=\"async\" src=\"https:\/\/www.carshooting111.com\/wp-content\/uploads\/2024\/01\/inspire-2-foto-carshooting-2.jpg\" alt=\"\" \/><\/div>\n\t\t\t\t<div class=\"et_pb_slide_description\">\n\t\t\t\t\n\t\t\t\t<div class=\"izquierda\">\t\n\t\t\t\t\n\t\t\t\t<h1>\t\t\n\t\t\t\t\t\n\t\t\t\t<\/h1>\n\t\t\t\t\n\t\t\t\t<div class=\"et_pb_slide_content\"><\/div>\n\t\t\t\t<\/div>\n\t\t\t\t\n\t\t\t\t<div class=\"derecha\">\n\t\t\t\t\t\n\t\t\t\t<\/div>\n\t\t\t\t\n\t\t\t\t<\/div> <!-- .et_pb_slide_description -->\n                                <\/div>\n\t\t\t<\/div> <!-- .et_pb_container -->\n\t\t\t\n\t\t<\/div> <!-- .et_pb_slide -->\n\t\t<div class=\"et_pb_slide et_pb_slide_with_image et_pb_bg_layout_dark et_pb_media_alignment_center\">\n\t\t\t\n\t\t\t<div class=\"et_pb_container clearfix\"><div class=\"contenedor\">\n\t\t\t\t<div class=\"et_pb_slide_image\"><img decoding=\"async\" src=\"https:\/\/www.carshooting111.com\/wp-content\/uploads\/2024\/01\/INSPIRE2-carshooting.jpg\" alt=\"\" \/><\/div>\n\t\t\t\t<div class=\"et_pb_slide_description\">\n\t\t\t\t\n\t\t\t\t<div class=\"izquierda\">\t\n\t\t\t\t\n\t\t\t\t<h1>\t\t\n\t\t\t\t\t\n\t\t\t\t<\/h1>\n\t\t\t\t\n\t\t\t\t<div class=\"et_pb_slide_content\"><\/div>\n\t\t\t\t<\/div>\n\t\t\t\t\n\t\t\t\t<div class=\"derecha\">\n\t\t\t\t\t\n\t\t\t\t<\/div>\n\t\t\t\t\n\t\t\t\t<\/div> <!-- .et_pb_slide_description -->\n                                <\/div>\n\t\t\t<\/div> <!-- .et_pb_container -->\n\t\t\t\n\t\t<\/div> <!-- .et_pb_slide -->\n\t\t[\/et_pb_slider][\/et_pb_column][\/et_pb_row][et_pb_row column_structure=&#8221;1_2,1_2&#8243; admin_label=&#8221;Row&#8221; module_id=&#8221;bloque-ficha-coche&#8221; module_class=&#8221;background-block small-paddings&#8221; _builder_version=&#8221;4.19.2&#8243; background_image=&#8221;https:\/\/www.carshooting111.com\/wp-content\/uploads\/2023\/03\/drone1.jpg&#8221; background_size=&#8221;initial&#8221; background_position=&#8221;top_left&#8221; background_repeat=&#8221;repeat&#8221; make_fullwidth=&#8221;off&#8221; use_custom_width=&#8221;off&#8221; width_unit=&#8221;on&#8221; global_colors_info=&#8221;{}&#8221;][et_pb_column type=&#8221;1_2&#8243; _builder_version=&#8221;4.16&#8243; custom_padding=&#8221;|||&#8221; global_colors_info=&#8221;{}&#8221; custom_padding__hover=&#8221;|||&#8221;][et_pb_text admin_label=&#8221;Text&#8221; _builder_version=&#8221;4.19.2&#8243; background_size=&#8221;initial&#8221; background_position=&#8221;top_left&#8221; background_repeat=&#8221;repeat&#8221; hover_enabled=&#8221;0&#8243; use_border_color=&#8221;off&#8221; border_color=&#8221;#ffffff&#8221; border_style=&#8221;solid&#8221; global_colors_info=&#8221;{}&#8221; sticky_enabled=&#8221;0&#8243;]<\/p>\n<h4>Especificaciones t\u00e9cnicas<\/h4>\n<p>Velocidad m\u00e1xima: <strong>95 Km\/h<\/strong><br \/>Autonom\u00eda: <strong>15 min.<\/strong><br \/>Rango: <strong>500mts<\/strong><br \/>C\u00e1mara: <strong>Zenmuse X7<\/strong><br \/>Lentes: <strong>8,5 \/ 16 \/ 24 \/35 \/ 50mm<\/strong><br \/>Filtros: <strong>Polarizador y ND 8 \/ 16 \/ 32<\/strong><br \/>Estaci\u00f3n de carga para <strong>vuelo ilimitado<\/strong><\/p>\n<p>DJI Cendence con salida <strong>SDI y HDMI<\/strong> para broadcast en directo.<\/p>\n<p>Gimbal de 3 ejes<br \/>Sensor <strong>Super 35<\/strong><br \/><strong>RAW<\/strong> Cinema DNG 6K<br \/>Apple <strong>ProRes<\/strong> 5.2K<br \/>HDR de <strong>14 pasos<\/strong><br \/>Fotograf\u00edas de <strong>24 Mpx<\/strong><\/p>\n<p><a class=\"link_fichatecnica\" href=\"https:\/\/www.carshooting111.com\/wp-content\/uploads\/2024\/01\/DOSIER-INSPIRE-2.pdf\" target=\"_blank\" rel=\"noopener noreferrer\">Descargar ficha t\u00e9cnica<\/a><\/p>\n<p>[\/et_pb_text][\/et_pb_column][et_pb_column type=&#8221;1_2&#8243; _builder_version=&#8221;4.16&#8243; custom_padding=&#8221;|||&#8221; global_colors_info=&#8221;{}&#8221; custom_padding__hover=&#8221;|||&#8221;][\/et_pb_column][\/et_pb_row][\/et_pb_section]<\/p>\n","protected":false},"excerpt":{"rendered":"<p>Inspire2Equipo de grabaci\u00f3n de video a\u00e9reo con drone Inspire 2 y c\u00e1maras Zenmuse X7 con sensor super 35mm (cine DNG en 6K, Apple Pro Res en 5,2K). Inspire es un drone \u00e1gil y vers\u00e1til capaz de alcanzar gran velocidad para las tomas de acci\u00f3n mas arriesgadas<span><span><a href=\"https:\/\/www.carshooting111.com\/es\/\">Home<\/a><\/span><\/span>Especificaciones t\u00e9cnicas Velocidad m\u00e1xima: 95 Km\/hAutonom\u00eda: 15 min.Rango: 500mtsC\u00e1mara: Zenmuse [&hellip;]<\/p>\n","protected":false},"author":2,"featured_media":0,"parent":9524,"menu_order":0,"comment_status":"closed","ping_status":"closed","template":"","meta":{"_acf_changed":false,"_et_pb_use_builder":"on","_et_pb_old_content":"","_et_gb_content_width":"","inline_featured_image":false,"footnotes":""},"class_list":["post-5880","page","type-page","status-publish","hentry"],"acf":[],"yoast_head":"<!-- This site is optimized with the Yoast SEO plugin v23.9 - https:\/\/yoast.com\/wordpress\/plugins\/seo\/ -->\n<title>Inspire2 - CARSHOOTING111<\/title>\n<meta name=\"robots\" content=\"index, follow, max-snippet:-1, max-image-preview:large, max-video-preview:-1\" \/>\n<link rel=\"canonical\" href=\"https:\/\/www.carshooting111.com\/es\/aerial-camera-unit\/drone\/\" \/>\n<meta property=\"og:locale\" content=\"es_ES\" \/>\n<meta property=\"og:type\" content=\"article\" \/>\n<meta property=\"og:title\" content=\"Inspire2 - CARSHOOTING111\" \/>\n<meta property=\"og:description\" content=\"Inspire2Equipo de grabaci\u00f3n de video a\u00e9reo con drone Inspire 2 y c\u00e1maras Zenmuse X7 con sensor super 35mm (cine DNG en 6K, Apple Pro Res en 5,2K). Inspire es un drone \u00e1gil y vers\u00e1til capaz de alcanzar gran velocidad para las tomas de acci\u00f3n mas arriesgadasEspecificaciones t\u00e9cnicas Velocidad m\u00e1xima: 95 Km\/hAutonom\u00eda: 15 min.Rango: 500mtsC\u00e1mara: Zenmuse [&hellip;]\" \/>\n<meta property=\"og:url\" content=\"https:\/\/www.carshooting111.com\/es\/aerial-camera-unit\/drone\/\" \/>\n<meta property=\"og:site_name\" content=\"CARSHOOTING111\" \/>\n<meta property=\"article:modified_time\" content=\"2024-01-15T09:13:53+00:00\" \/>\n<meta name=\"twitter:card\" content=\"summary_large_image\" \/>\n<meta name=\"twitter:label1\" content=\"Tiempo de lectura\" \/>\n\t<meta name=\"twitter:data1\" content=\"2 minutos\" \/>\n<script type=\"application\/ld+json\" class=\"yoast-schema-graph\">{\"@context\":\"https:\/\/schema.org\",\"@graph\":[{\"@type\":\"WebPage\",\"@id\":\"https:\/\/www.carshooting111.com\/es\/aerial-camera-unit\/drone\/\",\"url\":\"https:\/\/www.carshooting111.com\/es\/aerial-camera-unit\/drone\/\",\"name\":\"Inspire2 - CARSHOOTING111\",\"isPartOf\":{\"@id\":\"https:\/\/www.carshooting111.com\/es\/#website\"},\"datePublished\":\"2019-04-01T16:25:04+00:00\",\"dateModified\":\"2024-01-15T09:13:53+00:00\",\"breadcrumb\":{\"@id\":\"https:\/\/www.carshooting111.com\/es\/aerial-camera-unit\/drone\/#breadcrumb\"},\"inLanguage\":\"es\",\"potentialAction\":[{\"@type\":\"ReadAction\",\"target\":[\"https:\/\/www.carshooting111.com\/es\/aerial-camera-unit\/drone\/\"]}]},{\"@type\":\"BreadcrumbList\",\"@id\":\"https:\/\/www.carshooting111.com\/es\/aerial-camera-unit\/drone\/#breadcrumb\",\"itemListElement\":[{\"@type\":\"ListItem\",\"position\":1,\"name\":\"Home\",\"item\":\"https:\/\/www.carshooting111.com\/es\/\"},{\"@type\":\"ListItem\",\"position\":2,\"name\":\"Aerial Camera Unit\",\"item\":\"https:\/\/www.carshooting111.com\/es\/aerial-camera-unit\/\"},{\"@type\":\"ListItem\",\"position\":3,\"name\":\"Inspire2\"}]},{\"@type\":\"WebSite\",\"@id\":\"https:\/\/www.carshooting111.com\/es\/#website\",\"url\":\"https:\/\/www.carshooting111.com\/es\/\",\"name\":\"CARSHOOTING111\",\"description\":\"\",\"potentialAction\":[{\"@type\":\"SearchAction\",\"target\":{\"@type\":\"EntryPoint\",\"urlTemplate\":\"https:\/\/www.carshooting111.com\/es\/?s={search_term_string}\"},\"query-input\":{\"@type\":\"PropertyValueSpecification\",\"valueRequired\":true,\"valueName\":\"search_term_string\"}}],\"inLanguage\":\"es\"}]}<\/script>\n<!-- \/ Yoast SEO plugin. -->","yoast_head_json":{"title":"Inspire2 - CARSHOOTING111","robots":{"index":"index","follow":"follow","max-snippet":"max-snippet:-1","max-image-preview":"max-image-preview:large","max-video-preview":"max-video-preview:-1"},"canonical":"https:\/\/www.carshooting111.com\/es\/aerial-camera-unit\/drone\/","og_locale":"es_ES","og_type":"article","og_title":"Inspire2 - CARSHOOTING111","og_description":"Inspire2Equipo de grabaci\u00f3n de video a\u00e9reo con drone Inspire 2 y c\u00e1maras Zenmuse X7 con sensor super 35mm (cine DNG en 6K, Apple Pro Res en 5,2K). Inspire es un drone \u00e1gil y vers\u00e1til capaz de alcanzar gran velocidad para las tomas de acci\u00f3n mas arriesgadasEspecificaciones t\u00e9cnicas Velocidad m\u00e1xima: 95 Km\/hAutonom\u00eda: 15 min.Rango: 500mtsC\u00e1mara: Zenmuse [&hellip;]","og_url":"https:\/\/www.carshooting111.com\/es\/aerial-camera-unit\/drone\/","og_site_name":"CARSHOOTING111","article_modified_time":"2024-01-15T09:13:53+00:00","twitter_card":"summary_large_image","twitter_misc":{"Tiempo de lectura":"2 minutos"},"schema":{"@context":"https:\/\/schema.org","@graph":[{"@type":"WebPage","@id":"https:\/\/www.carshooting111.com\/es\/aerial-camera-unit\/drone\/","url":"https:\/\/www.carshooting111.com\/es\/aerial-camera-unit\/drone\/","name":"Inspire2 - CARSHOOTING111","isPartOf":{"@id":"https:\/\/www.carshooting111.com\/es\/#website"},"datePublished":"2019-04-01T16:25:04+00:00","dateModified":"2024-01-15T09:13:53+00:00","breadcrumb":{"@id":"https:\/\/www.carshooting111.com\/es\/aerial-camera-unit\/drone\/#breadcrumb"},"inLanguage":"es","potentialAction":[{"@type":"ReadAction","target":["https:\/\/www.carshooting111.com\/es\/aerial-camera-unit\/drone\/"]}]},{"@type":"BreadcrumbList","@id":"https:\/\/www.carshooting111.com\/es\/aerial-camera-unit\/drone\/#breadcrumb","itemListElement":[{"@type":"ListItem","position":1,"name":"Home","item":"https:\/\/www.carshooting111.com\/es\/"},{"@type":"ListItem","position":2,"name":"Aerial Camera Unit","item":"https:\/\/www.carshooting111.com\/es\/aerial-camera-unit\/"},{"@type":"ListItem","position":3,"name":"Inspire2"}]},{"@type":"WebSite","@id":"https:\/\/www.carshooting111.com\/es\/#website","url":"https:\/\/www.carshooting111.com\/es\/","name":"CARSHOOTING111","description":"","potentialAction":[{"@type":"SearchAction","target":{"@type":"EntryPoint","urlTemplate":"https:\/\/www.carshooting111.com\/es\/?s={search_term_string}"},"query-input":{"@type":"PropertyValueSpecification","valueRequired":true,"valueName":"search_term_string"}}],"inLanguage":"es"}]}},"_links":{"self":[{"href":"https:\/\/www.carshooting111.com\/es\/wp-json\/wp\/v2\/pages\/5880","targetHints":{"allow":["GET"]}}],"collection":[{"href":"https:\/\/www.carshooting111.com\/es\/wp-json\/wp\/v2\/pages"}],"about":[{"href":"https:\/\/www.carshooting111.com\/es\/wp-json\/wp\/v2\/types\/page"}],"author":[{"embeddable":true,"href":"https:\/\/www.carshooting111.com\/es\/wp-json\/wp\/v2\/users\/2"}],"replies":[{"embeddable":true,"href":"https:\/\/www.carshooting111.com\/es\/wp-json\/wp\/v2\/comments?post=5880"}],"version-history":[{"count":33,"href":"https:\/\/www.carshooting111.com\/es\/wp-json\/wp\/v2\/pages\/5880\/revisions"}],"predecessor-version":[{"id":12946,"href":"https:\/\/www.carshooting111.com\/es\/wp-json\/wp\/v2\/pages\/5880\/revisions\/12946"}],"up":[{"embeddable":true,"href":"https:\/\/www.carshooting111.com\/es\/wp-json\/wp\/v2\/pages\/9524"}],"wp:attachment":[{"href":"https:\/\/www.carshooting111.com\/es\/wp-json\/wp\/v2\/media?parent=5880"}],"curies":[{"name":"wp","href":"https:\/\/api.w.org\/{rel}","templated":true}]}}