{"id":5689,"date":"2018-04-17T18:29:16","date_gmt":"2018-04-17T16:29:16","guid":{"rendered":"https:\/\/www.carshooting111.com\/es\/remote-heads\/flight-head-vi\/"},"modified":"2023-12-28T12:59:44","modified_gmt":"2023-12-28T11:59:44","slug":"flight-head-vi","status":"publish","type":"page","link":"https:\/\/www.carshooting111.com\/es\/remote-heads\/flight-head-vi\/","title":{"rendered":"Flight Head CL"},"content":{"rendered":"<p>[et_pb_section fb_built=&#8221;1&#8243; admin_label=&#8221;section&#8221; module_class=&#8221;fullwidth&#8221; _builder_version=&#8221;4.16&#8243; transparent_background=&#8221;off&#8221; make_fullwidth=&#8221;off&#8221; use_custom_width=&#8221;off&#8221; width_unit=&#8221;on&#8221; global_colors_info=&#8221;{}&#8221;][et_pb_row column_structure=&#8221;1_2,1_2&#8243; admin_label=&#8221;row&#8221; module_class=&#8221;header-block cabecera_efecto_automatico&#8221; _builder_version=&#8221;4.16&#8243; background_image=&#8221;https:\/\/www.carshooting111.com\/wp-content\/uploads\/2018\/04\/Flight-Head-CL_02.jpg&#8221; background_size=&#8221;initial&#8221; background_position=&#8221;top_left&#8221; background_repeat=&#8221;repeat&#8221; make_fullwidth=&#8221;off&#8221; use_custom_width=&#8221;off&#8221; width_unit=&#8221;on&#8221; global_colors_info=&#8221;{}&#8221;][et_pb_column type=&#8221;1_2&#8243; _builder_version=&#8221;4.16&#8243; custom_padding=&#8221;|||&#8221; global_colors_info=&#8221;{}&#8221; custom_padding__hover=&#8221;|||&#8221;][et_pb_text admin_label=&#8221;Text FLIGHT HEAD CL&#8221; _builder_version=&#8221;4.16&#8243; background_size=&#8221;initial&#8221; background_position=&#8221;top_left&#8221; background_repeat=&#8221;repeat&#8221; use_border_color=&#8221;off&#8221; border_color=&#8221;#ffffff&#8221; border_style=&#8221;solid&#8221; global_colors_info=&#8221;{}&#8221;]<\/p>\n<h1>FLIGHT HEAD CL<\/h1>\n<p>[\/et_pb_text][\/et_pb_column][et_pb_column type=&#8221;1_2&#8243; _builder_version=&#8221;4.16&#8243; custom_padding=&#8221;|||&#8221; global_colors_info=&#8221;{}&#8221; custom_padding__hover=&#8221;|||&#8221;][et_pb_text admin_label=&#8221;Text Description&#8221; _builder_version=&#8221;4.19.2&#8243; background_size=&#8221;initial&#8221; background_position=&#8221;top_left&#8221; background_repeat=&#8221;repeat&#8221; hover_enabled=&#8221;0&#8243; use_border_color=&#8221;off&#8221; border_color=&#8221;#ffffff&#8221; border_style=&#8221;solid&#8221; global_colors_info=&#8221;{}&#8221; sticky_enabled=&#8221;0&#8243;]<\/p>\n<p>El FLIGHT HEAD CL es una nueva generaci\u00f3n de cabezales remotos de c\u00e1mara livianos. Compensa la vibraci\u00f3n angular de la c\u00e1mara asegurando im\u00e1genes muy estables y muy suaves en todo el rango de zoom de 25-400 mm (lente de pel\u00edcula). El CL se puede montar suspendido o suspendido en una amplia variedad de gr\u00faas para c\u00e1mara, plataformas rodantes, carros con c\u00e1mara, aisladores de vibraci\u00f3n, quads, helic\u00f3pteros y equipos de c\u00e1mara por cable, etc., regulares o telesc\u00f3picos. El sistema ofrece un control de horizonte (horizonte verdadero) bajo condiciones extremas de disparo. Capacidad inal\u00e1mbrica. Operado con volantes o joystick.<\/p>\n<p>[\/et_pb_text][\/et_pb_column][\/et_pb_row][et_pb_row module_class=&#8221;breadcrumbs_container&#8221; _builder_version=&#8221;4.19.2&#8243; _module_preset=&#8221;default&#8221; custom_padding=&#8221;0px||0px||false|false&#8221; global_module=&#8221;11033&#8243; global_colors_info=&#8221;{}&#8221;][et_pb_column type=&#8221;4_4&#8243; _builder_version=&#8221;4.19.2&#8243; _module_preset=&#8221;default&#8221; global_colors_info=&#8221;{}&#8221;][et_pb_code _builder_version=&#8221;4.19.2&#8243; _module_preset=&#8221;default&#8221; custom_padding=&#8221;50px|12%||12%|false|false&#8221; global_colors_info=&#8221;{}&#8221;]<span><span><a href=\"https:\/\/www.carshooting111.com\/es\/\">Home<\/a><\/span><\/span>[\/et_pb_code][\/et_pb_column][\/et_pb_row][et_pb_row admin_label=&#8221;Row&#8221; module_class=&#8221;padding-container-imagenes no-padding-top&#8221; _builder_version=&#8221;4.19.2&#8243; background_size=&#8221;initial&#8221; background_position=&#8221;top_left&#8221; background_repeat=&#8221;repeat&#8221; custom_padding=&#8221;40px||50px||false|false&#8221; make_fullwidth=&#8221;off&#8221; use_custom_width=&#8221;off&#8221; width_unit=&#8221;on&#8221; global_colors_info=&#8221;{}&#8221;][et_pb_column type=&#8221;4_4&#8243; _builder_version=&#8221;4.16&#8243; custom_padding=&#8221;|||&#8221; global_colors_info=&#8221;{}&#8221; custom_padding__hover=&#8221;|||&#8221;][et_pb_slider show_arrows=&#8221;off&#8221; admin_label=&#8221;Slider&#8221; module_class=&#8221;only-images&#8221; _builder_version=&#8221;4.16&#8243; custom_padding=&#8221;|||&#8221; custom_padding_tablet=&#8221;|||&#8221; custom_padding_phone=&#8221;|||&#8221; box_shadow_style=&#8221;preset6&#8243; box_shadow_blur=&#8221;10px&#8221; box_shadow_color=&#8221;rgba(0,0,0,0.1)&#8221; remove_inner_shadow=&#8221;off&#8221; hide_content_on_mobile=&#8221;off&#8221; hide_cta_on_mobile=&#8221;off&#8221; show_inner_shadow=&#8221;on&#8221; button_letter_spacing_hover=&#8221;0&#8243; global_colors_info=&#8221;{}&#8221; button_text_size__hover_enabled=&#8221;off&#8221; button_one_text_size__hover_enabled=&#8221;off&#8221; button_two_text_size__hover_enabled=&#8221;off&#8221; button_text_color__hover_enabled=&#8221;off&#8221; button_one_text_color__hover_enabled=&#8221;off&#8221; button_two_text_color__hover_enabled=&#8221;off&#8221; button_border_width__hover_enabled=&#8221;off&#8221; button_one_border_width__hover_enabled=&#8221;off&#8221; button_two_border_width__hover_enabled=&#8221;off&#8221; button_border_color__hover_enabled=&#8221;off&#8221; button_one_border_color__hover_enabled=&#8221;off&#8221; button_two_border_color__hover_enabled=&#8221;off&#8221; button_border_radius__hover_enabled=&#8221;off&#8221; button_one_border_radius__hover_enabled=&#8221;off&#8221; button_two_border_radius__hover_enabled=&#8221;off&#8221; button_letter_spacing__hover_enabled=&#8221;on&#8221; button_letter_spacing__hover=&#8221;0&#8243; button_one_letter_spacing__hover_enabled=&#8221;off&#8221; button_two_letter_spacing__hover_enabled=&#8221;off&#8221; button_bg_color__hover_enabled=&#8221;off&#8221; button_one_bg_color__hover_enabled=&#8221;off&#8221; button_two_bg_color__hover_enabled=&#8221;off&#8221;]<div class=\"et_pb_slide et_pb_slide_with_image et_pb_bg_layout_dark et_pb_media_alignment_center\" style='background-color:#ffffff;'>\n\t\t\t\n\t\t\t<div class=\"et_pb_container clearfix\"><div class=\"contenedor\">\n\t\t\t\t<div class=\"et_pb_slide_image\"><img decoding=\"async\" src=\"https:\/\/www.carshooting111.com\/wp-content\/uploads\/2018\/04\/45d12c3f-951c-4f71-8324-648c80082c3d.jpg\" alt=\"\" \/><\/div>\n\t\t\t\t<div class=\"et_pb_slide_description\">\n\t\t\t\t\n\t\t\t\t<div class=\"izquierda\">\t\n\t\t\t\t\n\t\t\t\t<h1>\t\t\n\t\t\t\t\t\n\t\t\t\t<\/h1>\n\t\t\t\t\n\t\t\t\t<div class=\"et_pb_slide_content\"> <\/div>\n\t\t\t\t<\/div>\n\t\t\t\t\n\t\t\t\t<div class=\"derecha\">\n\t\t\t\t\t\n\t\t\t\t<\/div>\n\t\t\t\t\n\t\t\t\t<\/div> <!-- .et_pb_slide_description -->\n                                <\/div>\n\t\t\t<\/div> <!-- .et_pb_container -->\n\t\t\t\n\t\t<\/div> <!-- .et_pb_slide -->\n\t\t[\/et_pb_slider][\/et_pb_column][\/et_pb_row][et_pb_row column_structure=&#8221;1_2,1_2&#8243; admin_label=&#8221;Row&#8221; module_id=&#8221;bloque-ficha-coche&#8221; module_class=&#8221;background-block small-paddings&#8221; _builder_version=&#8221;4.16&#8243; background_image=&#8221;https:\/\/www.carshooting111.com\/wp-content\/uploads\/2018\/04\/Carshooting111-Remote-Heads-Flight-Head-VI-Specs_2020-1.jpg&#8221; background_size=&#8221;initial&#8221; background_position=&#8221;top_left&#8221; background_repeat=&#8221;repeat&#8221; make_fullwidth=&#8221;off&#8221; use_custom_width=&#8221;off&#8221; width_unit=&#8221;on&#8221; global_colors_info=&#8221;{}&#8221;][et_pb_column type=&#8221;1_2&#8243; _builder_version=&#8221;4.16&#8243; custom_padding=&#8221;|||&#8221; global_colors_info=&#8221;{}&#8221; custom_padding__hover=&#8221;|||&#8221;][et_pb_text admin_label=&#8221;Text Specifications&#8221; _builder_version=&#8221;4.19.2&#8243; background_size=&#8221;initial&#8221; background_position=&#8221;top_left&#8221; background_repeat=&#8221;repeat&#8221; hover_enabled=&#8221;0&#8243; use_border_color=&#8221;off&#8221; border_color=&#8221;#ffffff&#8221; border_style=&#8221;solid&#8221; global_colors_info=&#8221;{}&#8221; sticky_enabled=&#8221;0&#8243;]<\/p>\n<h4>Especificaciones t\u00e9cnicas<\/h4>\n<p>L\u00edmites \u2013 Mantener posici\u00f3n \u2013 Compensaci\u00f3n de paneo posterior \u2013 Disparo bloqueado<br \/>Indicaci\u00f3n de posici\u00f3n angular<br \/>Cambio de horizonte<br \/>Montura Mitchell (inferior\/inferior)<br \/>Sellado para todas las condiciones clim\u00e1ticas.<br \/>Control: Joystick y volantes<br \/>3 ejes giroestabilizados<br \/>El eje panor\u00e1mico se desplaza a trav\u00e9s de un anillo deslizante continuo de 360\u00ba<br \/>El eje de balanceo recorre 270\u00ba con horizonte autom\u00e1tico<br \/>Digital Auto Horizon (GV) siempre mantiene el nivel de la c\u00e1mara incluso en giros G altos<br \/>El horizonte autom\u00e1tico se puede desactivar para un mayor control del eje de balanceo<br \/>El eje de inclinaci\u00f3n recorre 200\u00ba<br \/>Velocidad de giro, velocidad de giro, velocidad de inclinaci\u00f3n 120\u00ba\/seg.<br \/>Control integrado de enfoque y zoom en unidades de lentes ENG TV (Canon y Fujinon)<br \/>Preston FIZ se conecta a la consola principal para brindar control de zoom al operador<br \/>Capacidad inal\u00e1mbrica RF (900 mhz)<br \/>Rango de temperatura desde -40\u00baF hasta 104\u00baF<br \/>Capacidad de carga \u00fatil de hasta 55 kg.<br \/>Peso de la cabeza: 33 kg<br \/>24-30 VCC<br \/>2 amperios en espera<br \/>15 amperios m\u00e1x.<\/p>\n<p>[\/et_pb_text][\/et_pb_column][et_pb_column type=&#8221;1_2&#8243; _builder_version=&#8221;4.16&#8243; custom_padding=&#8221;|||&#8221; global_colors_info=&#8221;{}&#8221; custom_padding__hover=&#8221;|||&#8221;][\/et_pb_column][\/et_pb_row][\/et_pb_section]<\/p>\n","protected":false},"excerpt":{"rendered":"<p>FLIGHT HEAD CL El FLIGHT HEAD CL es una nueva generaci\u00f3n de cabezales remotos de c\u00e1mara livianos. Compensa la vibraci\u00f3n angular de la c\u00e1mara asegurando im\u00e1genes muy estables y muy suaves en todo el rango de zoom de 25-400 mm (lente de pel\u00edcula). El CL se puede montar suspendido o suspendido en una amplia variedad [&hellip;]<\/p>\n","protected":false},"author":2,"featured_media":0,"parent":5681,"menu_order":0,"comment_status":"closed","ping_status":"closed","template":"","meta":{"_acf_changed":false,"_et_pb_use_builder":"on","_et_pb_old_content":"","_et_gb_content_width":"","inline_featured_image":false,"footnotes":""},"class_list":["post-5689","page","type-page","status-publish","hentry"],"acf":[],"yoast_head":"<!-- This site is optimized with the Yoast SEO plugin v23.9 - https:\/\/yoast.com\/wordpress\/plugins\/seo\/ -->\n<title>Flight Head CL - CARSHOOTING111<\/title>\n<meta name=\"robots\" content=\"index, follow, max-snippet:-1, max-image-preview:large, max-video-preview:-1\" \/>\n<link rel=\"canonical\" href=\"https:\/\/www.carshooting111.com\/es\/remote-heads\/flight-head-vi\/\" \/>\n<meta property=\"og:locale\" content=\"es_ES\" \/>\n<meta property=\"og:type\" content=\"article\" \/>\n<meta property=\"og:title\" content=\"Flight Head CL - CARSHOOTING111\" \/>\n<meta property=\"og:description\" content=\"FLIGHT HEAD CL El FLIGHT HEAD CL es una nueva generaci\u00f3n de cabezales remotos de c\u00e1mara livianos. Compensa la vibraci\u00f3n angular de la c\u00e1mara asegurando im\u00e1genes muy estables y muy suaves en todo el rango de zoom de 25-400 mm (lente de pel\u00edcula). El CL se puede montar suspendido o suspendido en una amplia variedad [&hellip;]\" \/>\n<meta property=\"og:url\" content=\"https:\/\/www.carshooting111.com\/es\/remote-heads\/flight-head-vi\/\" \/>\n<meta property=\"og:site_name\" content=\"CARSHOOTING111\" \/>\n<meta property=\"article:modified_time\" content=\"2023-12-28T11:59:44+00:00\" \/>\n<meta name=\"twitter:card\" content=\"summary_large_image\" \/>\n<meta name=\"twitter:label1\" content=\"Tiempo de lectura\" \/>\n\t<meta name=\"twitter:data1\" content=\"2 minutos\" \/>\n<script type=\"application\/ld+json\" class=\"yoast-schema-graph\">{\"@context\":\"https:\/\/schema.org\",\"@graph\":[{\"@type\":\"WebPage\",\"@id\":\"https:\/\/www.carshooting111.com\/es\/remote-heads\/flight-head-vi\/\",\"url\":\"https:\/\/www.carshooting111.com\/es\/remote-heads\/flight-head-vi\/\",\"name\":\"Flight Head CL - CARSHOOTING111\",\"isPartOf\":{\"@id\":\"https:\/\/www.carshooting111.com\/es\/#website\"},\"datePublished\":\"2018-04-17T16:29:16+00:00\",\"dateModified\":\"2023-12-28T11:59:44+00:00\",\"breadcrumb\":{\"@id\":\"https:\/\/www.carshooting111.com\/es\/remote-heads\/flight-head-vi\/#breadcrumb\"},\"inLanguage\":\"es\",\"potentialAction\":[{\"@type\":\"ReadAction\",\"target\":[\"https:\/\/www.carshooting111.com\/es\/remote-heads\/flight-head-vi\/\"]}]},{\"@type\":\"BreadcrumbList\",\"@id\":\"https:\/\/www.carshooting111.com\/es\/remote-heads\/flight-head-vi\/#breadcrumb\",\"itemListElement\":[{\"@type\":\"ListItem\",\"position\":1,\"name\":\"Home\",\"item\":\"https:\/\/www.carshooting111.com\/es\/\"},{\"@type\":\"ListItem\",\"position\":2,\"name\":\"Remote heads\",\"item\":\"https:\/\/www.carshooting111.com\/es\/remote-heads\/\"},{\"@type\":\"ListItem\",\"position\":3,\"name\":\"Flight Head CL\"}]},{\"@type\":\"WebSite\",\"@id\":\"https:\/\/www.carshooting111.com\/es\/#website\",\"url\":\"https:\/\/www.carshooting111.com\/es\/\",\"name\":\"CARSHOOTING111\",\"description\":\"\",\"potentialAction\":[{\"@type\":\"SearchAction\",\"target\":{\"@type\":\"EntryPoint\",\"urlTemplate\":\"https:\/\/www.carshooting111.com\/es\/?s={search_term_string}\"},\"query-input\":{\"@type\":\"PropertyValueSpecification\",\"valueRequired\":true,\"valueName\":\"search_term_string\"}}],\"inLanguage\":\"es\"}]}<\/script>\n<!-- \/ Yoast SEO plugin. -->","yoast_head_json":{"title":"Flight Head CL - CARSHOOTING111","robots":{"index":"index","follow":"follow","max-snippet":"max-snippet:-1","max-image-preview":"max-image-preview:large","max-video-preview":"max-video-preview:-1"},"canonical":"https:\/\/www.carshooting111.com\/es\/remote-heads\/flight-head-vi\/","og_locale":"es_ES","og_type":"article","og_title":"Flight Head CL - CARSHOOTING111","og_description":"FLIGHT HEAD CL El FLIGHT HEAD CL es una nueva generaci\u00f3n de cabezales remotos de c\u00e1mara livianos. Compensa la vibraci\u00f3n angular de la c\u00e1mara asegurando im\u00e1genes muy estables y muy suaves en todo el rango de zoom de 25-400 mm (lente de pel\u00edcula). El CL se puede montar suspendido o suspendido en una amplia variedad [&hellip;]","og_url":"https:\/\/www.carshooting111.com\/es\/remote-heads\/flight-head-vi\/","og_site_name":"CARSHOOTING111","article_modified_time":"2023-12-28T11:59:44+00:00","twitter_card":"summary_large_image","twitter_misc":{"Tiempo de lectura":"2 minutos"},"schema":{"@context":"https:\/\/schema.org","@graph":[{"@type":"WebPage","@id":"https:\/\/www.carshooting111.com\/es\/remote-heads\/flight-head-vi\/","url":"https:\/\/www.carshooting111.com\/es\/remote-heads\/flight-head-vi\/","name":"Flight Head CL - CARSHOOTING111","isPartOf":{"@id":"https:\/\/www.carshooting111.com\/es\/#website"},"datePublished":"2018-04-17T16:29:16+00:00","dateModified":"2023-12-28T11:59:44+00:00","breadcrumb":{"@id":"https:\/\/www.carshooting111.com\/es\/remote-heads\/flight-head-vi\/#breadcrumb"},"inLanguage":"es","potentialAction":[{"@type":"ReadAction","target":["https:\/\/www.carshooting111.com\/es\/remote-heads\/flight-head-vi\/"]}]},{"@type":"BreadcrumbList","@id":"https:\/\/www.carshooting111.com\/es\/remote-heads\/flight-head-vi\/#breadcrumb","itemListElement":[{"@type":"ListItem","position":1,"name":"Home","item":"https:\/\/www.carshooting111.com\/es\/"},{"@type":"ListItem","position":2,"name":"Remote heads","item":"https:\/\/www.carshooting111.com\/es\/remote-heads\/"},{"@type":"ListItem","position":3,"name":"Flight Head CL"}]},{"@type":"WebSite","@id":"https:\/\/www.carshooting111.com\/es\/#website","url":"https:\/\/www.carshooting111.com\/es\/","name":"CARSHOOTING111","description":"","potentialAction":[{"@type":"SearchAction","target":{"@type":"EntryPoint","urlTemplate":"https:\/\/www.carshooting111.com\/es\/?s={search_term_string}"},"query-input":{"@type":"PropertyValueSpecification","valueRequired":true,"valueName":"search_term_string"}}],"inLanguage":"es"}]}},"_links":{"self":[{"href":"https:\/\/www.carshooting111.com\/es\/wp-json\/wp\/v2\/pages\/5689","targetHints":{"allow":["GET"]}}],"collection":[{"href":"https:\/\/www.carshooting111.com\/es\/wp-json\/wp\/v2\/pages"}],"about":[{"href":"https:\/\/www.carshooting111.com\/es\/wp-json\/wp\/v2\/types\/page"}],"author":[{"embeddable":true,"href":"https:\/\/www.carshooting111.com\/es\/wp-json\/wp\/v2\/users\/2"}],"replies":[{"embeddable":true,"href":"https:\/\/www.carshooting111.com\/es\/wp-json\/wp\/v2\/comments?post=5689"}],"version-history":[{"count":4,"href":"https:\/\/www.carshooting111.com\/es\/wp-json\/wp\/v2\/pages\/5689\/revisions"}],"predecessor-version":[{"id":12275,"href":"https:\/\/www.carshooting111.com\/es\/wp-json\/wp\/v2\/pages\/5689\/revisions\/12275"}],"up":[{"embeddable":true,"href":"https:\/\/www.carshooting111.com\/es\/wp-json\/wp\/v2\/pages\/5681"}],"wp:attachment":[{"href":"https:\/\/www.carshooting111.com\/es\/wp-json\/wp\/v2\/media?parent=5689"}],"curies":[{"name":"wp","href":"https:\/\/api.w.org\/{rel}","templated":true}]}}