{"id":5624,"date":"2018-04-17T16:33:18","date_gmt":"2018-04-17T14:33:18","guid":{"rendered":"https:\/\/www.carshooting111.com\/es\/tecnicos\/grip-technicians\/"},"modified":"2024-05-28T16:44:16","modified_gmt":"2024-05-28T14:44:16","slug":"grip-technicians","status":"publish","type":"page","link":"https:\/\/www.carshooting111.com\/es\/tecnicos\/grip-technicians\/","title":{"rendered":"Grip Technicians"},"content":{"rendered":"<p>[et_pb_section fb_built=&#8221;1&#8243; admin_label=&#8221;section&#8221; module_id=&#8221;page_carcare&#8221; module_class=&#8221;fullwidth&#8221; _builder_version=&#8221;4.16&#8243; transparent_background=&#8221;off&#8221; make_fullwidth=&#8221;off&#8221; use_custom_width=&#8221;off&#8221; width_unit=&#8221;on&#8221; global_colors_info=&#8221;{}&#8221;][et_pb_row column_structure=&#8221;1_2,1_2&#8243; admin_label=&#8221;row&#8221; module_class=&#8221;header-block&#8221; _builder_version=&#8221;4.16&#8243; background_image=&#8221;\/wp-content\/uploads\/2017\/04\/carcare-background.jpg&#8221; background_size=&#8221;initial&#8221; background_position=&#8221;top_left&#8221; background_repeat=&#8221;repeat&#8221; background_video_width=&#8221;100%&#8221; make_fullwidth=&#8221;off&#8221; use_custom_width=&#8221;off&#8221; width_unit=&#8221;on&#8221; global_colors_info=&#8221;{}&#8221;][et_pb_column type=&#8221;1_2&#8243; _builder_version=&#8221;4.16&#8243; custom_padding=&#8221;|||&#8221; global_colors_info=&#8221;{}&#8221; custom_padding__hover=&#8221;|||&#8221;][et_pb_post_title meta=&#8221;off&#8221; featured_image=&#8221;off&#8221; text_color=&#8221;light&#8221; admin_label=&#8221;Post Title&#8221; _builder_version=&#8221;4.16&#8243; background_color=&#8221;rgba(255,255,255,0)&#8221; parallax=&#8221;on&#8221; parallax_method=&#8221;off&#8221; text_orientation=&#8221;right&#8221; parallax_effect=&#8221;on&#8221; module_bg_color=&#8221;rgba(255,255,255,0)&#8221; use_border_color=&#8221;off&#8221; border_color=&#8221;#ffffff&#8221; border_style=&#8221;solid&#8221; global_colors_info=&#8221;{}&#8221;][\/et_pb_post_title][\/et_pb_column][et_pb_column type=&#8221;1_2&#8243; _builder_version=&#8221;4.16&#8243; custom_padding=&#8221;|||&#8221; global_colors_info=&#8221;{}&#8221; custom_padding__hover=&#8221;|||&#8221;][et_pb_text admin_label=&#8221;Text Desc&#8221; _builder_version=&#8221;4.19.2&#8243; background_size=&#8221;initial&#8221; background_position=&#8221;top_left&#8221; background_repeat=&#8221;repeat&#8221; use_border_color=&#8221;off&#8221; border_color=&#8221;#ffffff&#8221; border_style=&#8221;solid&#8221; global_colors_info=&#8221;{}&#8221;]<\/p>\n<p>Somos especialistas en el mundo del motor. Centramos nuestros servicios en producciones audiovisuales de todo tipo: anuncios publicitarios, cine, televisi\u00f3n, fotograf\u00eda, eventos del mundo del motor y mucho m\u00e1s.<\/p>\n<p>[\/et_pb_text][\/et_pb_column][\/et_pb_row][et_pb_row module_class=&#8221;breadcrumbs_container&#8221; _builder_version=&#8221;4.19.2&#8243; _module_preset=&#8221;default&#8221; custom_padding=&#8221;0px||0px||false|false&#8221; global_colors_info=&#8221;{}&#8221;][et_pb_column type=&#8221;4_4&#8243; _builder_version=&#8221;4.19.2&#8243; _module_preset=&#8221;default&#8221; global_colors_info=&#8221;{}&#8221;][et_pb_code _builder_version=&#8221;4.19.2&#8243; _module_preset=&#8221;default&#8221; custom_padding=&#8221;50px|12%|0px|12%|false|true&#8221; global_colors_info=&#8221;{}&#8221;]<span><span><a href=\"https:\/\/www.carshooting111.com\/es\/\">Home<\/a><\/span><\/span>[\/et_pb_code][\/et_pb_column][\/et_pb_row][et_pb_row admin_label=&#8221;Row&#8221; module_class=&#8221;no-padding-top precision-drivers&#8221; _builder_version=&#8221;4.19.2&#8243; background_size=&#8221;initial&#8221; background_position=&#8221;top_left&#8221; background_repeat=&#8221;repeat&#8221; custom_padding=&#8221;40px||50px||false|false&#8221; make_fullwidth=&#8221;off&#8221; use_custom_width=&#8221;off&#8221; width_unit=&#8221;on&#8221; global_colors_info=&#8221;{}&#8221;][et_pb_column type=&#8221;4_4&#8243; _builder_version=&#8221;4.16&#8243; custom_padding=&#8221;|||&#8221; global_colors_info=&#8221;{}&#8221; custom_padding__hover=&#8221;|||&#8221;][et_pb_team_member name=&#8221;Xavi Montoliu&#8221; admin_label=&#8221;Xavi Montoliu&#8221; _builder_version=&#8221;4.19.2&#8243; background_image=&#8221;https:\/\/www.carshooting111.com\/wp-content\/uploads\/2018\/04\/xavi_montoliu_grip_tech.png&#8221; background_size=&#8221;initial&#8221; background_position=&#8221;top_left&#8221; background_repeat=&#8221;repeat&#8221; use_border_color=&#8221;off&#8221; border_color=&#8221;#ffffff&#8221; border_style=&#8221;solid&#8221; global_colors_info=&#8221;{}&#8221;]<\/p>\n<p>19 de Abril de 1974<\/p>\n<p>[\/et_pb_team_member][et_pb_team_member name=&#8221;Jordi Mart\u00ed&#8221; admin_label=&#8221;Jordi Mart\u00ed&#8221; _builder_version=&#8221;4.19.2&#8243; background_image=&#8221;\/wp-content\/uploads\/2017\/04\/carcare1_jordi-1.png&#8221; background_size=&#8221;initial&#8221; background_position=&#8221;top_left&#8221; background_repeat=&#8221;repeat&#8221; use_border_color=&#8221;off&#8221; border_color=&#8221;#ffffff&#8221; border_style=&#8221;solid&#8221; global_colors_info=&#8221;{}&#8221;]<\/p>\n<p>9 de Agosto de 1980 <br \/>Permisos: A &amp; B<br \/><a href=\"https:\/\/www.carshooting111.com\/wp-content\/uploads\/2023\/11\/CV-Jordi-Marti_cast.pdf\" target=\"_blank\" rel=\"noopener\">CONOCER CURR\u00cdCULUM<\/a><\/p>\n<p>[\/et_pb_team_member][et_pb_team_member name=&#8221;Oscar Cano&#8221; admin_label=&#8221;Oscar Cano&#8221; _builder_version=&#8221;4.19.2&#8243; background_image=&#8221;https:\/\/www.carshooting111.com\/wp-content\/uploads\/2024\/01\/carshooting-oscar-cano.png&#8221; background_size=&#8221;initial&#8221; background_position=&#8221;top_left&#8221; background_repeat=&#8221;repeat&#8221; use_border_color=&#8221;off&#8221; border_color=&#8221;#ffffff&#8221; border_style=&#8221;solid&#8221; global_colors_info=&#8221;{}&#8221;]<\/p>\n<p>24 de Abril de 1974<br \/><a href=\"https:\/\/www.carshooting111.com\/wp-content\/uploads\/2023\/11\/CV_OscarCano2023.ESP_.pdf\" target=\"_blank\" rel=\"noopener\">CONOCER CURR\u00cdCULUM<\/a><\/p>\n<p>[\/et_pb_team_member][et_pb_team_member name=&#8221;Antonio Vega&#8221; admin_label=&#8221;Antonio Vega&#8221; _builder_version=&#8221;4.19.2&#8243; background_image=&#8221;\/wp-content\/uploads\/2018\/04\/grip_antonio_vega.png&#8221; background_size=&#8221;initial&#8221; background_position=&#8221;top_left&#8221; background_repeat=&#8221;repeat&#8221; use_border_color=&#8221;off&#8221; border_color=&#8221;#ffffff&#8221; border_style=&#8221;solid&#8221; global_colors_info=&#8221;{}&#8221;]<\/p>\n<p>9 de Enero de 1970<br \/><a href=\"https:\/\/www.carshooting111.com\/wp-content\/uploads\/2023\/11\/CV_AntonioVega.ESP2023-copia.pdf\" target=\"_blank\" rel=\"noopener\">CONOCER CURR\u00cdCULUM<\/a><\/p>\n<p>[\/et_pb_team_member][et_pb_team_member name=&#8221;Xavi Lopez&#8221; disabled_on=&#8221;on|on|on&#8221; admin_label=&#8221;Xavi Lopez&#8221; _builder_version=&#8221;4.16&#8243; background_image=&#8221;\/wp-content\/uploads\/2018\/04\/grip_xavi_lopez.png&#8221; background_size=&#8221;initial&#8221; background_position=&#8221;top_left&#8221; background_repeat=&#8221;repeat&#8221; use_border_color=&#8221;off&#8221; border_color=&#8221;#ffffff&#8221; border_style=&#8221;solid&#8221; disabled=&#8221;on&#8221; global_colors_info=&#8221;{}&#8221;]9th October, 1971<br \/>\n<a href=\"\/wp-content\/uploads\/pdfs\/cv\/Xavi-Lopez-CV-EN.pdf\" target=\"_blank\" rel=\"noopener noreferrer\">VIEW RESUME<\/a><br \/>\n[\/et_pb_team_member][\/et_pb_column][\/et_pb_row][et_pb_row column_structure=&#8221;1_2,1_2&#8243; admin_label=&#8221;Row&#8221; module_class=&#8221;background-block background-footer-img-right&#8221; _builder_version=&#8221;4.16&#8243; background_image=&#8221;\/wp-content\/uploads\/2017\/03\/background-block.jpg&#8221; background_size=&#8221;initial&#8221; background_position=&#8221;top_left&#8221; background_repeat=&#8221;repeat&#8221; make_fullwidth=&#8221;off&#8221; use_custom_width=&#8221;off&#8221; width_unit=&#8221;on&#8221; global_colors_info=&#8221;{}&#8221;][et_pb_column type=&#8221;1_2&#8243; _builder_version=&#8221;4.16&#8243; custom_padding=&#8221;|||&#8221; global_colors_info=&#8221;{}&#8221; custom_padding__hover=&#8221;|||&#8221;][et_pb_text _builder_version=&#8221;4.19.2&#8243; _module_preset=&#8221;default&#8221; global_colors_info=&#8221;{}&#8221;]<\/p>\n<h3><strong>Experiencia y profesionalismo a su servicio.<\/strong><\/h3>\n<p>[\/et_pb_text][et_pb_text admin_label=&#8221;Text Description&#8221; _builder_version=&#8221;4.19.2&#8243; background_size=&#8221;initial&#8221; background_position=&#8221;top_left&#8221; background_repeat=&#8221;repeat&#8221; use_border_color=&#8221;off&#8221; border_color=&#8221;#ffffff&#8221; border_style=&#8221;solid&#8221; global_colors_info=&#8221;{}&#8221;]<\/p>\n<p>Nuestro equipo de profesionales, con varios a\u00f1os de experiencia y gran reconocimiento en el sector audiovisual ofrece las mejores soluciones, ajust\u00e1ndose a las necesidades de nuestros clientes.<\/p>\n<p>Car Shooting 111, es garant\u00eda de profesionalidad en el \u00e1mbito del motor para producciones audiovisuales.<\/p>\n<p>[\/et_pb_text][\/et_pb_column][et_pb_column type=&#8221;1_2&#8243; _builder_version=&#8221;4.16&#8243; custom_padding=&#8221;|||&#8221; global_colors_info=&#8221;{}&#8221; custom_padding__hover=&#8221;|||&#8221;][et_pb_image src=&#8221;\/wp-content\/uploads\/2017\/03\/Icono-Camara-Gris.png&#8221; align=&#8221;center&#8221; align_tablet=&#8221;center&#8221; align_phone=&#8221;center&#8221; align_last_edited=&#8221;on|desktop&#8221; admin_label=&#8221;Image&#8221; _builder_version=&#8221;4.16&#8243; max_width=&#8221;270px&#8221; animation_style=&#8221;slide&#8221; animation_direction=&#8221;left&#8221; animation_duration=&#8221;500ms&#8221; animation_intensity_slide=&#8221;10%&#8221; use_border_color=&#8221;off&#8221; border_color=&#8221;#ffffff&#8221; border_style=&#8221;solid&#8221; animation=&#8221;left&#8221; sticky=&#8221;off&#8221; always_center_on_mobile=&#8221;on&#8221; global_colors_info=&#8221;{}&#8221;][\/et_pb_image][\/et_pb_column][\/et_pb_row][\/et_pb_section]<\/p>\n","protected":false},"excerpt":{"rendered":"<p>Somos especialistas en el mundo del motor. Centramos nuestros servicios en producciones audiovisuales de todo tipo: anuncios publicitarios, cine, televisi\u00f3n, fotograf\u00eda, eventos del mundo del motor y mucho m\u00e1s.<span><span><a href=\"https:\/\/www.carshooting111.com\/es\/\">Home<\/a><\/span><\/span>19 de Abril de 19749 de Agosto de 1980 Permisos: A &amp; BCONOCER CURR\u00cdCULUM24 de Abril de 1974CONOCER CURR\u00cdCULUM9 de Enero de 1970CONOCER CURR\u00cdCULUM9th October, 1971 VIEW [&hellip;]<\/p>\n","protected":false},"author":2,"featured_media":0,"parent":4770,"menu_order":0,"comment_status":"closed","ping_status":"closed","template":"","meta":{"_acf_changed":false,"_et_pb_use_builder":"on","_et_pb_old_content":"Car Care","_et_gb_content_width":"","inline_featured_image":false,"footnotes":""},"class_list":["post-5624","page","type-page","status-publish","hentry"],"acf":[],"yoast_head":"<!-- This site is optimized with the Yoast SEO plugin v23.9 - https:\/\/yoast.com\/wordpress\/plugins\/seo\/ -->\n<title>Grip Technicians - CARSHOOTING111<\/title>\n<meta name=\"robots\" content=\"index, follow, max-snippet:-1, max-image-preview:large, max-video-preview:-1\" \/>\n<link rel=\"canonical\" href=\"https:\/\/www.carshooting111.com\/es\/tecnicos\/grip-technicians\/\" \/>\n<meta property=\"og:locale\" content=\"es_ES\" \/>\n<meta property=\"og:type\" content=\"article\" \/>\n<meta property=\"og:title\" content=\"Grip Technicians - CARSHOOTING111\" \/>\n<meta property=\"og:description\" content=\"Somos especialistas en el mundo del motor. Centramos nuestros servicios en producciones audiovisuales de todo tipo: anuncios publicitarios, cine, televisi\u00f3n, fotograf\u00eda, eventos del mundo del motor y mucho m\u00e1s.19 de Abril de 19749 de Agosto de 1980 Permisos: A &amp; BCONOCER CURR\u00cdCULUM24 de Abril de 1974CONOCER CURR\u00cdCULUM9 de Enero de 1970CONOCER CURR\u00cdCULUM9th October, 1971 VIEW [&hellip;]\" \/>\n<meta property=\"og:url\" content=\"https:\/\/www.carshooting111.com\/es\/tecnicos\/grip-technicians\/\" \/>\n<meta property=\"og:site_name\" content=\"CARSHOOTING111\" \/>\n<meta property=\"article:modified_time\" content=\"2024-05-28T14:44:16+00:00\" \/>\n<meta name=\"twitter:card\" content=\"summary_large_image\" \/>\n<meta name=\"twitter:label1\" content=\"Tiempo de lectura\" \/>\n\t<meta name=\"twitter:data1\" content=\"2 minutos\" \/>\n<script type=\"application\/ld+json\" class=\"yoast-schema-graph\">{\"@context\":\"https:\/\/schema.org\",\"@graph\":[{\"@type\":\"WebPage\",\"@id\":\"https:\/\/www.carshooting111.com\/es\/tecnicos\/grip-technicians\/\",\"url\":\"https:\/\/www.carshooting111.com\/es\/tecnicos\/grip-technicians\/\",\"name\":\"Grip Technicians - CARSHOOTING111\",\"isPartOf\":{\"@id\":\"https:\/\/www.carshooting111.com\/es\/#website\"},\"datePublished\":\"2018-04-17T14:33:18+00:00\",\"dateModified\":\"2024-05-28T14:44:16+00:00\",\"breadcrumb\":{\"@id\":\"https:\/\/www.carshooting111.com\/es\/tecnicos\/grip-technicians\/#breadcrumb\"},\"inLanguage\":\"es\",\"potentialAction\":[{\"@type\":\"ReadAction\",\"target\":[\"https:\/\/www.carshooting111.com\/es\/tecnicos\/grip-technicians\/\"]}]},{\"@type\":\"BreadcrumbList\",\"@id\":\"https:\/\/www.carshooting111.com\/es\/tecnicos\/grip-technicians\/#breadcrumb\",\"itemListElement\":[{\"@type\":\"ListItem\",\"position\":1,\"name\":\"Home\",\"item\":\"https:\/\/www.carshooting111.com\/es\/\"},{\"@type\":\"ListItem\",\"position\":2,\"name\":\"T\u00e9cnicos\",\"item\":\"https:\/\/www.carshooting111.com\/es\/tecnicos\/\"},{\"@type\":\"ListItem\",\"position\":3,\"name\":\"Grip Technicians\"}]},{\"@type\":\"WebSite\",\"@id\":\"https:\/\/www.carshooting111.com\/es\/#website\",\"url\":\"https:\/\/www.carshooting111.com\/es\/\",\"name\":\"CARSHOOTING111\",\"description\":\"\",\"potentialAction\":[{\"@type\":\"SearchAction\",\"target\":{\"@type\":\"EntryPoint\",\"urlTemplate\":\"https:\/\/www.carshooting111.com\/es\/?s={search_term_string}\"},\"query-input\":{\"@type\":\"PropertyValueSpecification\",\"valueRequired\":true,\"valueName\":\"search_term_string\"}}],\"inLanguage\":\"es\"}]}<\/script>\n<!-- \/ Yoast SEO plugin. -->","yoast_head_json":{"title":"Grip Technicians - CARSHOOTING111","robots":{"index":"index","follow":"follow","max-snippet":"max-snippet:-1","max-image-preview":"max-image-preview:large","max-video-preview":"max-video-preview:-1"},"canonical":"https:\/\/www.carshooting111.com\/es\/tecnicos\/grip-technicians\/","og_locale":"es_ES","og_type":"article","og_title":"Grip Technicians - CARSHOOTING111","og_description":"Somos especialistas en el mundo del motor. Centramos nuestros servicios en producciones audiovisuales de todo tipo: anuncios publicitarios, cine, televisi\u00f3n, fotograf\u00eda, eventos del mundo del motor y mucho m\u00e1s.19 de Abril de 19749 de Agosto de 1980 Permisos: A &amp; BCONOCER CURR\u00cdCULUM24 de Abril de 1974CONOCER CURR\u00cdCULUM9 de Enero de 1970CONOCER CURR\u00cdCULUM9th October, 1971 VIEW [&hellip;]","og_url":"https:\/\/www.carshooting111.com\/es\/tecnicos\/grip-technicians\/","og_site_name":"CARSHOOTING111","article_modified_time":"2024-05-28T14:44:16+00:00","twitter_card":"summary_large_image","twitter_misc":{"Tiempo de lectura":"2 minutos"},"schema":{"@context":"https:\/\/schema.org","@graph":[{"@type":"WebPage","@id":"https:\/\/www.carshooting111.com\/es\/tecnicos\/grip-technicians\/","url":"https:\/\/www.carshooting111.com\/es\/tecnicos\/grip-technicians\/","name":"Grip Technicians - CARSHOOTING111","isPartOf":{"@id":"https:\/\/www.carshooting111.com\/es\/#website"},"datePublished":"2018-04-17T14:33:18+00:00","dateModified":"2024-05-28T14:44:16+00:00","breadcrumb":{"@id":"https:\/\/www.carshooting111.com\/es\/tecnicos\/grip-technicians\/#breadcrumb"},"inLanguage":"es","potentialAction":[{"@type":"ReadAction","target":["https:\/\/www.carshooting111.com\/es\/tecnicos\/grip-technicians\/"]}]},{"@type":"BreadcrumbList","@id":"https:\/\/www.carshooting111.com\/es\/tecnicos\/grip-technicians\/#breadcrumb","itemListElement":[{"@type":"ListItem","position":1,"name":"Home","item":"https:\/\/www.carshooting111.com\/es\/"},{"@type":"ListItem","position":2,"name":"T\u00e9cnicos","item":"https:\/\/www.carshooting111.com\/es\/tecnicos\/"},{"@type":"ListItem","position":3,"name":"Grip Technicians"}]},{"@type":"WebSite","@id":"https:\/\/www.carshooting111.com\/es\/#website","url":"https:\/\/www.carshooting111.com\/es\/","name":"CARSHOOTING111","description":"","potentialAction":[{"@type":"SearchAction","target":{"@type":"EntryPoint","urlTemplate":"https:\/\/www.carshooting111.com\/es\/?s={search_term_string}"},"query-input":{"@type":"PropertyValueSpecification","valueRequired":true,"valueName":"search_term_string"}}],"inLanguage":"es"}]}},"_links":{"self":[{"href":"https:\/\/www.carshooting111.com\/es\/wp-json\/wp\/v2\/pages\/5624","targetHints":{"allow":["GET"]}}],"collection":[{"href":"https:\/\/www.carshooting111.com\/es\/wp-json\/wp\/v2\/pages"}],"about":[{"href":"https:\/\/www.carshooting111.com\/es\/wp-json\/wp\/v2\/types\/page"}],"author":[{"embeddable":true,"href":"https:\/\/www.carshooting111.com\/es\/wp-json\/wp\/v2\/users\/2"}],"replies":[{"embeddable":true,"href":"https:\/\/www.carshooting111.com\/es\/wp-json\/wp\/v2\/comments?post=5624"}],"version-history":[{"count":17,"href":"https:\/\/www.carshooting111.com\/es\/wp-json\/wp\/v2\/pages\/5624\/revisions"}],"predecessor-version":[{"id":13491,"href":"https:\/\/www.carshooting111.com\/es\/wp-json\/wp\/v2\/pages\/5624\/revisions\/13491"}],"up":[{"embeddable":true,"href":"https:\/\/www.carshooting111.com\/es\/wp-json\/wp\/v2\/pages\/4770"}],"wp:attachment":[{"href":"https:\/\/www.carshooting111.com\/es\/wp-json\/wp\/v2\/media?parent=5624"}],"curies":[{"name":"wp","href":"https:\/\/api.w.org\/{rel}","templated":true}]}}