{"id":4781,"date":"2017-04-18T09:36:57","date_gmt":"2017-04-18T07:36:57","guid":{"rendered":"http:\/\/newweb.carshooting111.com\/?page_id=4781"},"modified":"2025-06-19T15:30:50","modified_gmt":"2025-06-19T13:30:50","slug":"transporte-de-asistencia","status":"publish","type":"page","link":"https:\/\/www.carshooting111.com\/es\/transporte-de-asistencia\/","title":{"rendered":"Transporte de asistencia"},"content":{"rendered":"<p>[et_pb_section fb_built=&#8221;1&#8243; admin_label=&#8221;section&#8221; module_class=&#8221;fullwidth&#8221; _builder_version=&#8221;4.16&#8243; transparent_background=&#8221;off&#8221; make_fullwidth=&#8221;off&#8221; use_custom_width=&#8221;off&#8221; width_unit=&#8221;on&#8221; global_colors_info=&#8221;{}&#8221;][et_pb_row column_structure=&#8221;1_2,1_2&#8243; admin_label=&#8221;row&#8221; module_class=&#8221;header-block&#8221; _builder_version=&#8221;4.16&#8243; background_image=&#8221;\/wp-content\/uploads\/2017\/04\/Carshooting-Vehiculos-Asistencia_Header.jpg&#8221; background_size=&#8221;initial&#8221; background_position=&#8221;top_left&#8221; background_repeat=&#8221;repeat&#8221; background_video_width=&#8221;100%&#8221; make_fullwidth=&#8221;off&#8221; use_custom_width=&#8221;off&#8221; width_unit=&#8221;on&#8221; global_colors_info=&#8221;{}&#8221;][et_pb_column type=&#8221;1_2&#8243; _builder_version=&#8221;4.16&#8243; custom_padding=&#8221;|||&#8221; global_colors_info=&#8221;{}&#8221; custom_padding__hover=&#8221;|||&#8221;][et_pb_text admin_label=&#8221;Text&#8221; _builder_version=&#8221;4.16&#8243; background_size=&#8221;initial&#8221; background_position=&#8221;top_left&#8221; background_repeat=&#8221;repeat&#8221; use_border_color=&#8221;off&#8221; border_color=&#8221;#ffffff&#8221; border_style=&#8221;solid&#8221; global_colors_info=&#8221;{}&#8221;]<\/p>\n<h1>Transporte<br \/>y asistencia<\/h1>\n<p>[\/et_pb_text][\/et_pb_column][et_pb_column type=&#8221;1_2&#8243; _builder_version=&#8221;4.16&#8243; custom_padding=&#8221;|||&#8221; global_colors_info=&#8221;{}&#8221; custom_padding__hover=&#8221;|||&#8221;][et_pb_text admin_label=&#8221;Text&#8221; _builder_version=&#8221;4.16&#8243; background_size=&#8221;initial&#8221; background_position=&#8221;top_left&#8221; background_repeat=&#8221;repeat&#8221; use_border_color=&#8221;off&#8221; border_color=&#8221;#ffffff&#8221; border_style=&#8221;solid&#8221; global_colors_info=&#8221;{}&#8221;]Car Shooting 111 gestiona directamente toda la operativa necesaria para el transporte de los veh\u00edculos de escena, desde la recogida y posterior recepci\u00f3n por parte del personal t\u00e9cnico en nuestro centro de operaciones hasta el desplazamiento en sesiones de rodaje y la devoluci\u00f3n de \u00e9stos una vez terminada la sesi\u00f3n de captaci\u00f3n de im\u00e1genes.<br \/>\n[\/et_pb_text][\/et_pb_column][\/et_pb_row][et_pb_row column_structure=&#8221;1_5,1_5,1_5,1_5,1_5&#8243; admin_label=&#8221;Row&#8221; module_class=&#8221;background-block medium-padding-top small-padding-bottom two-sides&#8221; _builder_version=&#8221;4.16&#8243; background_image=&#8221;\/wp-content\/uploads\/2017\/03\/backgorund-two-sides.jpg&#8221; background_size=&#8221;initial&#8221; background_position=&#8221;top_left&#8221; background_repeat=&#8221;repeat&#8221; make_fullwidth=&#8221;off&#8221; use_custom_width=&#8221;off&#8221; width_unit=&#8221;on&#8221; global_colors_info=&#8221;{}&#8221;][et_pb_column type=&#8221;1_5&#8243; _builder_version=&#8221;4.16&#8243; custom_padding=&#8221;|||&#8221; global_colors_info=&#8221;{}&#8221; custom_padding__hover=&#8221;|||&#8221;][et_pb_blurb title=&#8221;Trucks&#8221; url=&#8221;\/transporte-de-asistencia\/trucks\/&#8221; image=&#8221;https:\/\/www.carshooting111.com\/wp-content\/uploads\/2025\/06\/icon_truck.svg&#8221; image_icon_width=&#8221;120px&#8221; admin_label=&#8221;Blurb&#8221; _builder_version=&#8221;4.19.2&#8243; background_size=&#8221;initial&#8221; background_position=&#8221;top_left&#8221; background_repeat=&#8221;repeat&#8221; text_orientation=&#8221;center&#8221; use_border_color=&#8221;off&#8221; border_color=&#8221;#ffffff&#8221; border_style=&#8221;solid&#8221; image_max_width=&#8221;none&#8221; use_circle=&#8221;off&#8221; use_circle_border=&#8221;off&#8221; global_colors_info=&#8221;{}&#8221;]<\/p>\n<p><a href=\"https:\/\/www.carshooting111.com\/es\/transporte-de-asistencia\/trucks\/\">CONOCER M\u00c1S<\/a><\/p>\n<p>[\/et_pb_blurb][\/et_pb_column][et_pb_column type=&#8221;1_5&#8243; _builder_version=&#8221;4.16&#8243; custom_padding=&#8221;|||&#8221; global_colors_info=&#8221;{}&#8221; custom_padding__hover=&#8221;|||&#8221;][et_pb_blurb title=&#8221;Transporte Confidencial&#8221; url=&#8221;\/transporte-de-asistencia\/trucks\/&#8221; image=&#8221;https:\/\/www.carshooting111.com\/wp-content\/uploads\/2025\/06\/icon_confidential-transport.svg&#8221; image_icon_width=&#8221;120px&#8221; admin_label=&#8221;Blurb&#8221; _builder_version=&#8221;4.19.2&#8243; background_size=&#8221;initial&#8221; background_position=&#8221;top_left&#8221; background_repeat=&#8221;repeat&#8221; text_orientation=&#8221;center&#8221; use_border_color=&#8221;off&#8221; border_color=&#8221;#ffffff&#8221; border_style=&#8221;solid&#8221; image_max_width=&#8221;none&#8221; use_circle=&#8221;off&#8221; use_circle_border=&#8221;off&#8221; global_colors_info=&#8221;{}&#8221;]<\/p>\n<p><a href=\"https:\/\/www.carshooting111.com\/es\/transporte-de-asistencia\/transporte-confidencial\/\">CONOCER M\u00c1S<\/a><\/p>\n<p>[\/et_pb_blurb][\/et_pb_column][et_pb_column type=&#8221;1_5&#8243; _builder_version=&#8221;4.16&#8243; custom_padding=&#8221;|||&#8221; global_colors_info=&#8221;{}&#8221; custom_padding__hover=&#8221;|||&#8221;][et_pb_blurb title=&#8221;Vans Car Care&#8221; url=&#8221;\/transporte-de-asistencia\/trucks\/&#8221; image=&#8221;https:\/\/www.carshooting111.com\/wp-content\/uploads\/2025\/06\/icon_van-car-cares.svg&#8221; image_icon_width=&#8221;120px&#8221; admin_label=&#8221;Blurb&#8221; _builder_version=&#8221;4.19.2&#8243; background_size=&#8221;initial&#8221; background_position=&#8221;top_left&#8221; background_repeat=&#8221;repeat&#8221; text_orientation=&#8221;center&#8221; use_border_color=&#8221;off&#8221; border_color=&#8221;#ffffff&#8221; border_style=&#8221;solid&#8221; image_max_width=&#8221;none&#8221; use_circle=&#8221;off&#8221; use_circle_border=&#8221;off&#8221; global_colors_info=&#8221;{}&#8221;]<\/p>\n<p><a href=\"https:\/\/www.carshooting111.com\/es\/transporte-de-asistencia\/vans\/\">CONOCER M\u00c1S<\/a><\/p>\n<p>[\/et_pb_blurb][\/et_pb_column][et_pb_column type=&#8221;1_5&#8243; _builder_version=&#8221;4.16&#8243; custom_padding=&#8221;|||&#8221; global_colors_info=&#8221;{}&#8221; custom_padding__hover=&#8221;|||&#8221;][et_pb_blurb title=&#8221;Vans Grip&#8221; url=&#8221;\/transporte-de-asistencia\/trucks\/&#8221; image=&#8221;https:\/\/www.carshooting111.com\/wp-content\/uploads\/2025\/06\/icon_vans-grip.svg&#8221; image_icon_width=&#8221;120px&#8221; admin_label=&#8221;Blurb&#8221; _builder_version=&#8221;4.19.2&#8243; background_size=&#8221;initial&#8221; background_position=&#8221;top_left&#8221; background_repeat=&#8221;repeat&#8221; text_orientation=&#8221;center&#8221; use_border_color=&#8221;off&#8221; border_color=&#8221;#ffffff&#8221; border_style=&#8221;solid&#8221; image_max_width=&#8221;none&#8221; use_circle=&#8221;off&#8221; use_circle_border=&#8221;off&#8221; global_colors_info=&#8221;{}&#8221;]<\/p>\n<p><a href=\"https:\/\/www.carshooting111.com\/es\/transporte-de-asistencia\/vans\/\">CONOCER M\u00c1S<\/a><\/p>\n<p>[\/et_pb_blurb][\/et_pb_column][et_pb_column type=&#8221;1_5&#8243; _builder_version=&#8221;4.16&#8243; custom_padding=&#8221;|||&#8221; global_colors_info=&#8221;{}&#8221; custom_padding__hover=&#8221;|||&#8221;][et_pb_blurb title=&#8221;Veh\u00edculos de soporte&#8221; url=&#8221;\/transporte-de-asistencia\/trucks\/&#8221; image=&#8221;https:\/\/www.carshooting111.com\/wp-content\/uploads\/2025\/06\/icon_support-vehicles.svg&#8221; image_icon_width=&#8221;120px&#8221; admin_label=&#8221;Blurb&#8221; _builder_version=&#8221;4.19.2&#8243; background_size=&#8221;initial&#8221; background_position=&#8221;top_left&#8221; background_repeat=&#8221;repeat&#8221; text_orientation=&#8221;center&#8221; use_border_color=&#8221;off&#8221; border_color=&#8221;#ffffff&#8221; border_style=&#8221;solid&#8221; image_max_width=&#8221;none&#8221; use_circle=&#8221;off&#8221; use_circle_border=&#8221;off&#8221; global_colors_info=&#8221;{}&#8221;]<\/p>\n<p><a href=\"https:\/\/www.carshooting111.com\/es\/transporte-de-asistencia\/vehiculos-de-soporte\/\">CONOCER M\u00c1S<\/a><\/p>\n<p>[\/et_pb_blurb][\/et_pb_column][\/et_pb_row][et_pb_row column_structure=&#8221;1_2,1_2&#8243; disabled_on=&#8221;off|off|off&#8221; admin_label=&#8221;Row&#8221; module_class=&#8221;background-block&#8221; _builder_version=&#8221;4.16&#8243; background_image=&#8221;\/wp-content\/uploads\/2017\/04\/pie_trans_asistencia.jpg&#8221; background_size=&#8221;initial&#8221; background_position=&#8221;top_left&#8221; background_repeat=&#8221;repeat&#8221; make_fullwidth=&#8221;off&#8221; use_custom_width=&#8221;off&#8221; width_unit=&#8221;on&#8221; global_colors_info=&#8221;{}&#8221;][et_pb_column type=&#8221;1_2&#8243; _builder_version=&#8221;4.16&#8243; custom_padding=&#8221;|||&#8221; global_colors_info=&#8221;{}&#8221; custom_padding__hover=&#8221;|||&#8221;][et_pb_text disabled_on=&#8221;off|off|off&#8221; admin_label=&#8221;Text&#8221; _builder_version=&#8221;4.16&#8243; background_size=&#8221;initial&#8221; background_position=&#8221;top_left&#8221; background_repeat=&#8221;repeat&#8221; use_border_color=&#8221;off&#8221; border_color=&#8221;#ffffff&#8221; border_style=&#8221;solid&#8221; global_colors_info=&#8221;{}&#8221;]Para ello disponemos de distintas configuraciones de transporte en funci\u00f3n del n\u00famero de veh\u00edculos y las distintas necesidades del rodaje.<br \/>\n[\/et_pb_text][\/et_pb_column][et_pb_column type=&#8221;1_2&#8243; _builder_version=&#8221;4.16&#8243; custom_padding=&#8221;|||&#8221; global_colors_info=&#8221;{}&#8221; custom_padding__hover=&#8221;|||&#8221;][\/et_pb_column][\/et_pb_row][\/et_pb_section]<\/p>\n","protected":false},"excerpt":{"rendered":"<p>Transportey asistencia Car Shooting 111 gestiona directamente toda la operativa necesaria para el transporte de los veh\u00edculos de escena, desde la recogida y posterior recepci\u00f3n por parte del personal t\u00e9cnico en nuestro centro de operaciones hasta el desplazamiento en sesiones de rodaje y la devoluci\u00f3n de \u00e9stos una vez terminada la sesi\u00f3n de captaci\u00f3n de [&hellip;]<\/p>\n","protected":false},"author":2,"featured_media":0,"parent":0,"menu_order":11,"comment_status":"closed","ping_status":"closed","template":"","meta":{"_acf_changed":false,"_et_pb_use_builder":"on","_et_pb_old_content":"","_et_gb_content_width":"","inline_featured_image":false,"footnotes":""},"class_list":["post-4781","page","type-page","status-publish","hentry"],"acf":[],"yoast_head":"<!-- This site is optimized with the Yoast SEO plugin v23.9 - https:\/\/yoast.com\/wordpress\/plugins\/seo\/ -->\n<title>T\u00e9cnicos en la conducci\u00f3n y transporte de veh\u00edculos | Carshooting111<\/title>\n<meta name=\"description\" content=\"M\u00e1s de 20 a\u00f1os de experiencia avalan a nuestros t\u00e9cnicos en la conducci\u00f3n, preparaci\u00f3n y transporte de veh\u00edculos para todo tipo de rodajes audiovisuales.\" \/>\n<meta name=\"robots\" content=\"index, follow, max-snippet:-1, max-image-preview:large, max-video-preview:-1\" \/>\n<link rel=\"canonical\" href=\"https:\/\/www.carshooting111.com\/es\/transporte-de-asistencia\/\" \/>\n<meta property=\"og:locale\" content=\"es_ES\" \/>\n<meta property=\"og:type\" content=\"article\" \/>\n<meta property=\"og:title\" content=\"T\u00e9cnicos en la conducci\u00f3n y transporte de veh\u00edculos | Carshooting111\" \/>\n<meta property=\"og:description\" content=\"M\u00e1s de 20 a\u00f1os de experiencia avalan a nuestros t\u00e9cnicos en la conducci\u00f3n, preparaci\u00f3n y transporte de veh\u00edculos para todo tipo de rodajes audiovisuales.\" \/>\n<meta property=\"og:url\" content=\"https:\/\/www.carshooting111.com\/es\/transporte-de-asistencia\/\" \/>\n<meta property=\"og:site_name\" content=\"CARSHOOTING111\" \/>\n<meta property=\"article:modified_time\" content=\"2025-06-19T13:30:50+00:00\" \/>\n<meta name=\"twitter:card\" content=\"summary_large_image\" \/>\n<meta name=\"twitter:label1\" content=\"Tiempo de lectura\" \/>\n\t<meta name=\"twitter:data1\" content=\"4 minutos\" \/>\n<script type=\"application\/ld+json\" class=\"yoast-schema-graph\">{\"@context\":\"https:\/\/schema.org\",\"@graph\":[{\"@type\":\"WebPage\",\"@id\":\"https:\/\/www.carshooting111.com\/es\/transporte-de-asistencia\/\",\"url\":\"https:\/\/www.carshooting111.com\/es\/transporte-de-asistencia\/\",\"name\":\"T\u00e9cnicos en la conducci\u00f3n y transporte de veh\u00edculos | Carshooting111\",\"isPartOf\":{\"@id\":\"https:\/\/www.carshooting111.com\/es\/#website\"},\"datePublished\":\"2017-04-18T07:36:57+00:00\",\"dateModified\":\"2025-06-19T13:30:50+00:00\",\"description\":\"M\u00e1s de 20 a\u00f1os de experiencia avalan a nuestros t\u00e9cnicos en la conducci\u00f3n, preparaci\u00f3n y transporte de veh\u00edculos para todo tipo de rodajes audiovisuales.\",\"breadcrumb\":{\"@id\":\"https:\/\/www.carshooting111.com\/es\/transporte-de-asistencia\/#breadcrumb\"},\"inLanguage\":\"es\",\"potentialAction\":[{\"@type\":\"ReadAction\",\"target\":[\"https:\/\/www.carshooting111.com\/es\/transporte-de-asistencia\/\"]}]},{\"@type\":\"BreadcrumbList\",\"@id\":\"https:\/\/www.carshooting111.com\/es\/transporte-de-asistencia\/#breadcrumb\",\"itemListElement\":[{\"@type\":\"ListItem\",\"position\":1,\"name\":\"Home\",\"item\":\"https:\/\/www.carshooting111.com\/es\/\"},{\"@type\":\"ListItem\",\"position\":2,\"name\":\"Transporte de asistencia\"}]},{\"@type\":\"WebSite\",\"@id\":\"https:\/\/www.carshooting111.com\/es\/#website\",\"url\":\"https:\/\/www.carshooting111.com\/es\/\",\"name\":\"CARSHOOTING111\",\"description\":\"\",\"potentialAction\":[{\"@type\":\"SearchAction\",\"target\":{\"@type\":\"EntryPoint\",\"urlTemplate\":\"https:\/\/www.carshooting111.com\/es\/?s={search_term_string}\"},\"query-input\":{\"@type\":\"PropertyValueSpecification\",\"valueRequired\":true,\"valueName\":\"search_term_string\"}}],\"inLanguage\":\"es\"}]}<\/script>\n<!-- \/ Yoast SEO plugin. -->","yoast_head_json":{"title":"T\u00e9cnicos en la conducci\u00f3n y transporte de veh\u00edculos | Carshooting111","description":"M\u00e1s de 20 a\u00f1os de experiencia avalan a nuestros t\u00e9cnicos en la conducci\u00f3n, preparaci\u00f3n y transporte de veh\u00edculos para todo tipo de rodajes audiovisuales.","robots":{"index":"index","follow":"follow","max-snippet":"max-snippet:-1","max-image-preview":"max-image-preview:large","max-video-preview":"max-video-preview:-1"},"canonical":"https:\/\/www.carshooting111.com\/es\/transporte-de-asistencia\/","og_locale":"es_ES","og_type":"article","og_title":"T\u00e9cnicos en la conducci\u00f3n y transporte de veh\u00edculos | Carshooting111","og_description":"M\u00e1s de 20 a\u00f1os de experiencia avalan a nuestros t\u00e9cnicos en la conducci\u00f3n, preparaci\u00f3n y transporte de veh\u00edculos para todo tipo de rodajes audiovisuales.","og_url":"https:\/\/www.carshooting111.com\/es\/transporte-de-asistencia\/","og_site_name":"CARSHOOTING111","article_modified_time":"2025-06-19T13:30:50+00:00","twitter_card":"summary_large_image","twitter_misc":{"Tiempo de lectura":"4 minutos"},"schema":{"@context":"https:\/\/schema.org","@graph":[{"@type":"WebPage","@id":"https:\/\/www.carshooting111.com\/es\/transporte-de-asistencia\/","url":"https:\/\/www.carshooting111.com\/es\/transporte-de-asistencia\/","name":"T\u00e9cnicos en la conducci\u00f3n y transporte de veh\u00edculos | Carshooting111","isPartOf":{"@id":"https:\/\/www.carshooting111.com\/es\/#website"},"datePublished":"2017-04-18T07:36:57+00:00","dateModified":"2025-06-19T13:30:50+00:00","description":"M\u00e1s de 20 a\u00f1os de experiencia avalan a nuestros t\u00e9cnicos en la conducci\u00f3n, preparaci\u00f3n y transporte de veh\u00edculos para todo tipo de rodajes audiovisuales.","breadcrumb":{"@id":"https:\/\/www.carshooting111.com\/es\/transporte-de-asistencia\/#breadcrumb"},"inLanguage":"es","potentialAction":[{"@type":"ReadAction","target":["https:\/\/www.carshooting111.com\/es\/transporte-de-asistencia\/"]}]},{"@type":"BreadcrumbList","@id":"https:\/\/www.carshooting111.com\/es\/transporte-de-asistencia\/#breadcrumb","itemListElement":[{"@type":"ListItem","position":1,"name":"Home","item":"https:\/\/www.carshooting111.com\/es\/"},{"@type":"ListItem","position":2,"name":"Transporte de asistencia"}]},{"@type":"WebSite","@id":"https:\/\/www.carshooting111.com\/es\/#website","url":"https:\/\/www.carshooting111.com\/es\/","name":"CARSHOOTING111","description":"","potentialAction":[{"@type":"SearchAction","target":{"@type":"EntryPoint","urlTemplate":"https:\/\/www.carshooting111.com\/es\/?s={search_term_string}"},"query-input":{"@type":"PropertyValueSpecification","valueRequired":true,"valueName":"search_term_string"}}],"inLanguage":"es"}]}},"_links":{"self":[{"href":"https:\/\/www.carshooting111.com\/es\/wp-json\/wp\/v2\/pages\/4781","targetHints":{"allow":["GET"]}}],"collection":[{"href":"https:\/\/www.carshooting111.com\/es\/wp-json\/wp\/v2\/pages"}],"about":[{"href":"https:\/\/www.carshooting111.com\/es\/wp-json\/wp\/v2\/types\/page"}],"author":[{"embeddable":true,"href":"https:\/\/www.carshooting111.com\/es\/wp-json\/wp\/v2\/users\/2"}],"replies":[{"embeddable":true,"href":"https:\/\/www.carshooting111.com\/es\/wp-json\/wp\/v2\/comments?post=4781"}],"version-history":[{"count":11,"href":"https:\/\/www.carshooting111.com\/es\/wp-json\/wp\/v2\/pages\/4781\/revisions"}],"predecessor-version":[{"id":15454,"href":"https:\/\/www.carshooting111.com\/es\/wp-json\/wp\/v2\/pages\/4781\/revisions\/15454"}],"wp:attachment":[{"href":"https:\/\/www.carshooting111.com\/es\/wp-json\/wp\/v2\/media?parent=4781"}],"curies":[{"name":"wp","href":"https:\/\/api.w.org\/{rel}","templated":true}]}}