{"id":4774,"date":"2017-04-04T16:50:29","date_gmt":"2017-04-04T14:50:29","guid":{"rendered":"http:\/\/newweb.carshooting111.com\/?page_id=4774"},"modified":"2024-05-28T16:44:53","modified_gmt":"2024-05-28T14:44:53","slug":"car-care","status":"publish","type":"page","link":"https:\/\/www.carshooting111.com\/es\/tecnicos\/car-care\/","title":{"rendered":"Car Care"},"content":{"rendered":"<p>[et_pb_section fb_built=&#8221;1&#8243; admin_label=&#8221;section&#8221; module_id=&#8221;page_carcare&#8221; module_class=&#8221;fullwidth&#8221; _builder_version=&#8221;4.16&#8243; transparent_background=&#8221;off&#8221; make_fullwidth=&#8221;off&#8221; use_custom_width=&#8221;off&#8221; width_unit=&#8221;on&#8221; global_colors_info=&#8221;{}&#8221;][et_pb_row column_structure=&#8221;1_2,1_2&#8243; admin_label=&#8221;row&#8221; module_class=&#8221;header-block&#8221; _builder_version=&#8221;4.16&#8243; background_image=&#8221;\/wp-content\/uploads\/2017\/04\/carcare-background.jpg&#8221; background_size=&#8221;initial&#8221; background_position=&#8221;top_left&#8221; background_repeat=&#8221;repeat&#8221; background_video_width=&#8221;100%&#8221; make_fullwidth=&#8221;off&#8221; use_custom_width=&#8221;off&#8221; width_unit=&#8221;on&#8221; global_colors_info=&#8221;{}&#8221;][et_pb_column type=&#8221;1_2&#8243; _builder_version=&#8221;4.16&#8243; custom_padding=&#8221;|||&#8221; global_colors_info=&#8221;{}&#8221; custom_padding__hover=&#8221;|||&#8221;][et_pb_post_title meta=&#8221;off&#8221; featured_image=&#8221;off&#8221; text_color=&#8221;light&#8221; admin_label=&#8221;Post Title&#8221; _builder_version=&#8221;4.16&#8243; background_color=&#8221;rgba(255,255,255,0)&#8221; parallax=&#8221;on&#8221; parallax_method=&#8221;off&#8221; text_orientation=&#8221;right&#8221; parallax_effect=&#8221;on&#8221; module_bg_color=&#8221;rgba(255,255,255,0)&#8221; use_border_color=&#8221;off&#8221; border_color=&#8221;#ffffff&#8221; border_style=&#8221;solid&#8221; global_colors_info=&#8221;{}&#8221;][\/et_pb_post_title][\/et_pb_column][et_pb_column type=&#8221;1_2&#8243; _builder_version=&#8221;4.16&#8243; custom_padding=&#8221;|||&#8221; global_colors_info=&#8221;{}&#8221; custom_padding__hover=&#8221;|||&#8221;][et_pb_text admin_label=&#8221;Text&#8221; _builder_version=&#8221;4.16&#8243; background_size=&#8221;initial&#8221; background_position=&#8221;top_left&#8221; background_repeat=&#8221;repeat&#8221; use_border_color=&#8221;off&#8221; border_color=&#8221;#ffffff&#8221; border_style=&#8221;solid&#8221; global_colors_info=&#8221;{}&#8221;]Somos especialistas en el mundo del motor. Enfocamos nuestros servicios a producciones audiovisuales de todo tipo: spots publicitarios, cine, televisi\u00f3n, fotograf\u00eda y eventos del mundo del motor, entre otros.<\/p>\n<p>Nuestros servicios son: transporte, almacenamiento, acondicionamiento y cuidado de todo tipo de vehiculos, asistencia en set de rodaje, coordinaci\u00f3n y conducci\u00f3n de precisi\u00f3n.<br \/>\n[\/et_pb_text][\/et_pb_column][\/et_pb_row][et_pb_row module_class=&#8221;breadcrumbs_container&#8221; _builder_version=&#8221;4.19.2&#8243; _module_preset=&#8221;default&#8221; custom_padding=&#8221;0px||0px||false|false&#8221; global_module=&#8221;11033&#8243; global_colors_info=&#8221;{}&#8221;][et_pb_column type=&#8221;4_4&#8243; _builder_version=&#8221;4.19.2&#8243; _module_preset=&#8221;default&#8221; global_colors_info=&#8221;{}&#8221;][et_pb_code _builder_version=&#8221;4.19.2&#8243; _module_preset=&#8221;default&#8221; custom_padding=&#8221;50px|12%||12%|false|false&#8221; global_colors_info=&#8221;{}&#8221;]<span><span><a href=\"https:\/\/www.carshooting111.com\/es\/\">Home<\/a><\/span><\/span>[\/et_pb_code][\/et_pb_column][\/et_pb_row][et_pb_row admin_label=&#8221;Row&#8221; module_class=&#8221;no-padding-top precision-drivers&#8221; _builder_version=&#8221;4.19.2&#8243; background_size=&#8221;initial&#8221; background_position=&#8221;top_left&#8221; background_repeat=&#8221;repeat&#8221; custom_padding=&#8221;40px||50px||false|false&#8221; make_fullwidth=&#8221;off&#8221; use_custom_width=&#8221;off&#8221; width_unit=&#8221;on&#8221; global_colors_info=&#8221;{}&#8221;][et_pb_column type=&#8221;4_4&#8243; _builder_version=&#8221;4.16&#8243; custom_padding=&#8221;|||&#8221; global_colors_info=&#8221;{}&#8221; custom_padding__hover=&#8221;|||&#8221;][et_pb_team_member name=&#8221;David Rey&#8221; admin_label=&#8221;David Rey&#8221; _builder_version=&#8221;4.19.2&#8243; background_image=&#8221;https:\/\/www.carshooting111.com\/wp-content\/uploads\/2017\/04\/david-rey.png&#8221; background_size=&#8221;initial&#8221; background_position=&#8221;top_left&#8221; background_repeat=&#8221;repeat&#8221; use_border_color=&#8221;off&#8221; border_color=&#8221;#ffffff&#8221; border_style=&#8221;solid&#8221; global_colors_info=&#8221;{}&#8221;]<\/p>\n<p><a href=\"https:\/\/www.carshooting111.com\/wp-content\/uploads\/2023\/11\/CV-DAVID-REY-2023_CAST.pdf\" target=\"_blank\" rel=\"noopener noreferrer\">CONOCER CURR\u00cdCULUM<\/a><\/p>\n<p>[\/et_pb_team_member][et_pb_team_member name=&#8221;Ferran Guill\u00e9n Carbonell&#8221; admin_label=&#8221;Ferran Guill\u00e9n Carbonell&#8221; _builder_version=&#8221;4.19.2&#8243; background_image=&#8221;https:\/\/www.carshooting111.com\/wp-content\/uploads\/2024\/01\/carshooting-ferran-guillen-carbonell.png&#8221; background_size=&#8221;initial&#8221; background_position=&#8221;top_left&#8221; background_repeat=&#8221;repeat&#8221; use_border_color=&#8221;off&#8221; border_color=&#8221;#ffffff&#8221; border_style=&#8221;solid&#8221; global_colors_info=&#8221;{}&#8221;]<\/p>\n<p>28 de agosto de 2001<\/p>\n<p><a href=\"https:\/\/www.carshooting111.com\/wp-content\/uploads\/2024\/01\/CVFerranGuillen2023CAST.pdf\" target=\"_blank\" rel=\"noopener noreferrer\">CONOCER CURR\u00cdCULUM<\/a><\/p>\n<p>[\/et_pb_team_member][et_pb_team_member name=&#8221;Ernest Schrupstock&#8221; admin_label=&#8221;Ernest Schrupstock&#8221; _builder_version=&#8221;4.19.2&#8243; background_image=&#8221;https:\/\/www.carshooting111.com\/wp-content\/uploads\/2024\/05\/ernest_bg.png&#8221; background_size=&#8221;initial&#8221; background_position=&#8221;top_left&#8221; background_repeat=&#8221;repeat&#8221; use_border_color=&#8221;off&#8221; border_color=&#8221;#ffffff&#8221; border_style=&#8221;solid&#8221; locked=&#8221;off&#8221; global_colors_info=&#8221;{}&#8221;]<\/p>\n<p><a href=\"https:\/\/www.carshooting111.com\/wp-content\/uploads\/2024\/05\/CV-Ernest-Schrupstock-ESP.pdf\" target=\"_blank\" rel=\"noopener noreferrer\">CONOCER CURR\u00cdCULUM<\/a><\/p>\n<p>[\/et_pb_team_member][et_pb_team_member name=&#8221;Ram\u00f3n Pomar&#8221; admin_label=&#8221;Ram\u00f3n Pomar&#8221; _builder_version=&#8221;4.19.2&#8243; background_image=&#8221;https:\/\/www.carshooting111.com\/wp-content\/uploads\/2017\/04\/ramon-pomar.png&#8221; background_size=&#8221;initial&#8221; background_position=&#8221;top_left&#8221; background_repeat=&#8221;repeat&#8221; use_border_color=&#8221;off&#8221; border_color=&#8221;#ffffff&#8221; border_style=&#8221;solid&#8221; global_colors_info=&#8221;{}&#8221;]<\/p>\n<p><a href=\"https:\/\/www.carshooting111.com\/wp-content\/uploads\/2023\/11\/CV-RAMON-POMAR-2023_CAST.pdf\" target=\"_blank\" rel=\"noopener noreferrer\">CONOCER CURR\u00cdCULUM<\/a><\/p>\n<p>[\/et_pb_team_member][et_pb_team_member name=&#8221;Cristian Vico&#8221; admin_label=&#8221;Cristian Vico&#8221; _builder_version=&#8221;4.19.2&#8243; background_image=&#8221;\/wp-content\/uploads\/2017\/04\/cristian_vico_carcare.png&#8221; background_size=&#8221;initial&#8221; background_position=&#8221;top_left&#8221; background_repeat=&#8221;repeat&#8221; use_border_color=&#8221;off&#8221; border_color=&#8221;#ffffff&#8221; border_style=&#8221;solid&#8221; global_colors_info=&#8221;{}&#8221;]<\/p>\n<p>13 de Septiembre de 1987<br \/>Permisos: B<br \/><a href=\"https:\/\/www.carshooting111.com\/wp-content\/uploads\/2023\/11\/CV-CRISTIAN-VICO-2023_CAST.pdf\" target=\"_blank\" rel=\"noopener\">CONOCER CURR\u00cdCULUM<\/a><\/p>\n<p>[\/et_pb_team_member][et_pb_team_member name=&#8221;Carles Morales&#8221; admin_label=&#8221;Carles Morales&#8221; _builder_version=&#8221;4.19.2&#8243; background_image=&#8221;https:\/\/www.carshooting111.com\/wp-content\/uploads\/2017\/04\/carlos-morales.png&#8221; background_size=&#8221;initial&#8221; background_position=&#8221;top_left&#8221; background_repeat=&#8221;repeat&#8221; use_border_color=&#8221;off&#8221; border_color=&#8221;#ffffff&#8221; border_style=&#8221;solid&#8221; global_colors_info=&#8221;{}&#8221;]<\/p>\n<p><a href=\"https:\/\/www.carshooting111.com\/wp-content\/uploads\/2023\/11\/CV-CARLOS-MORALES-2023_CAST-1.pdf\" target=\"_blank\" rel=\"noopener noreferrer\">CONOCER CURR\u00cdCULUM<\/a><br \/><a href=\"https:\/\/www.carshooting111.com\/es\/tecnicos\/car-care\/carles-morales\/\">FOTOGALER\u00cdA<\/a><\/p>\n<p>[\/et_pb_team_member][et_pb_team_member name=&#8221;Sebasti\u00e1n Rodr\u00edguez&#8221; disabled_on=&#8221;on|on|on&#8221; admin_label=&#8221;Sebasti\u00e1n Rodr\u00edguez&#8221; _builder_version=&#8221;4.16&#8243; background_image=&#8221;\/wp-content\/uploads\/2017\/04\/care_car_sebas.png&#8221; background_size=&#8221;initial&#8221; background_position=&#8221;top_left&#8221; background_repeat=&#8221;repeat&#8221; use_border_color=&#8221;off&#8221; border_color=&#8221;#ffffff&#8221; border_style=&#8221;solid&#8221; disabled=&#8221;on&#8221; global_colors_info=&#8221;{}&#8221;]<\/p>\n<p>21 de junio de 1986<br \/>\nPermisos: B y BTP<br \/>\n<a href=\"\/wp-content\/uploads\/2017\/04\/Sebastian-Rodriguez_CV-ES.pdf\" target=\"_blank\" rel=\"noopener\">CONOCER CURRICULUM<\/a><\/p>\n<p>[\/et_pb_team_member][et_pb_team_member name=&#8221;Jose Garc\u00eda&#8221; disabled_on=&#8221;on|on|on&#8221; admin_label=&#8221;Jose Garc\u00eda&#8221; _builder_version=&#8221;4.16&#8243; background_image=&#8221;\/wp-content\/uploads\/2017\/04\/care_jose.png&#8221; background_size=&#8221;initial&#8221; background_position=&#8221;top_left&#8221; background_repeat=&#8221;repeat&#8221; use_border_color=&#8221;off&#8221; border_color=&#8221;#ffffff&#8221; border_style=&#8221;solid&#8221; disabled=&#8221;on&#8221; global_colors_info=&#8221;{}&#8221;]<\/p>\n<p>25 de Febrero de 1978<br \/>\nPERMISOS: B, BTP, C1,C, D, D1<br \/>\n<a href=\"\/wp-content\/uploads\/pdfs\/cv\/Jose_Garcia_CV_EN.pdf\" target=\"_blank\" rel=\"noopener\">CONOCER CURR\u00cdCULUM<\/a><\/p>\n<p>[\/et_pb_team_member][\/et_pb_column][\/et_pb_row][et_pb_row column_structure=&#8221;1_2,1_2&#8243; admin_label=&#8221;Row&#8221; module_class=&#8221;background-block background-footer-img-right&#8221; _builder_version=&#8221;4.16&#8243; background_image=&#8221;\/wp-content\/uploads\/2017\/03\/background-block.jpg&#8221; background_size=&#8221;initial&#8221; background_position=&#8221;top_left&#8221; background_repeat=&#8221;repeat&#8221; make_fullwidth=&#8221;off&#8221; use_custom_width=&#8221;off&#8221; width_unit=&#8221;on&#8221; global_colors_info=&#8221;{}&#8221;][et_pb_column type=&#8221;1_2&#8243; _builder_version=&#8221;4.16&#8243; custom_padding=&#8221;|||&#8221; global_colors_info=&#8221;{}&#8221; custom_padding__hover=&#8221;|||&#8221;][et_pb_text _builder_version=&#8221;4.19.2&#8243; _module_preset=&#8221;default&#8221; global_colors_info=&#8221;{}&#8221;]<\/p>\n<h3><strong>Experiencia y profesionalidad a tu servicio.<\/strong><\/h3>\n<p>[\/et_pb_text][et_pb_text admin_label=&#8221;Text&#8221; _builder_version=&#8221;4.16&#8243; background_size=&#8221;initial&#8221; background_position=&#8221;top_left&#8221; background_repeat=&#8221;repeat&#8221; use_border_color=&#8221;off&#8221; border_color=&#8221;#ffffff&#8221; border_style=&#8221;solid&#8221; global_colors_info=&#8221;{}&#8221;]Nuestro equipo de profesionales, con varios a\u00f1os de experiencia y gran reconocimiento en el sector audiovisual ofrece las mejores soluciones, ajust\u00e1ndose a las necesidades de nuestros clientes.<\/p>\n<p>Car Shooting 111, es una garant\u00eda de profesionalidad en el \u00e1mbito del motor para las producciones audiovisuales.<br \/>\n[\/et_pb_text][\/et_pb_column][et_pb_column type=&#8221;1_2&#8243; _builder_version=&#8221;4.16&#8243; custom_padding=&#8221;|||&#8221; global_colors_info=&#8221;{}&#8221; custom_padding__hover=&#8221;|||&#8221;][et_pb_image src=&#8221;\/wp-content\/uploads\/2017\/04\/wrench.png&#8221; align=&#8221;center&#8221; align_tablet=&#8221;center&#8221; align_phone=&#8221;center&#8221; align_last_edited=&#8221;on|desktop&#8221; admin_label=&#8221;Image&#8221; _builder_version=&#8221;4.16&#8243; max_width=&#8221;270px&#8221; animation_style=&#8221;slide&#8221; animation_direction=&#8221;left&#8221; animation_duration=&#8221;500ms&#8221; animation_intensity_slide=&#8221;10%&#8221; use_border_color=&#8221;off&#8221; border_color=&#8221;#ffffff&#8221; border_style=&#8221;solid&#8221; animation=&#8221;left&#8221; sticky=&#8221;off&#8221; always_center_on_mobile=&#8221;on&#8221; global_colors_info=&#8221;{}&#8221;][\/et_pb_image][\/et_pb_column][\/et_pb_row][\/et_pb_section]<\/p>\n","protected":false},"excerpt":{"rendered":"<p>Somos especialistas en el mundo del motor. Enfocamos nuestros servicios a producciones audiovisuales de todo tipo: spots publicitarios, cine, televisi\u00f3n, fotograf\u00eda y eventos del mundo del motor, entre otros. Nuestros servicios son: transporte, almacenamiento, acondicionamiento y cuidado de todo tipo de vehiculos, asistencia en set de rodaje, coordinaci\u00f3n y conducci\u00f3n de precisi\u00f3n. <span><span><a href=\"https:\/\/www.carshooting111.com\/es\/\">Home<\/a><\/span><\/span>CONOCER CURR\u00cdCULUM28 de [&hellip;]<\/p>\n","protected":false},"author":2,"featured_media":0,"parent":4770,"menu_order":0,"comment_status":"closed","ping_status":"closed","template":"","meta":{"_acf_changed":false,"_et_pb_use_builder":"on","_et_pb_old_content":"Car Care","_et_gb_content_width":"","inline_featured_image":false,"footnotes":""},"class_list":["post-4774","page","type-page","status-publish","hentry"],"acf":[],"yoast_head":"<!-- This site is optimized with the Yoast SEO plugin v23.9 - https:\/\/yoast.com\/wordpress\/plugins\/seo\/ -->\n<title>Car Care - CARSHOOTING111<\/title>\n<meta name=\"robots\" content=\"index, follow, max-snippet:-1, max-image-preview:large, max-video-preview:-1\" \/>\n<link rel=\"canonical\" href=\"https:\/\/www.carshooting111.com\/es\/tecnicos\/car-care\/\" \/>\n<meta property=\"og:locale\" content=\"es_ES\" \/>\n<meta property=\"og:type\" content=\"article\" \/>\n<meta property=\"og:title\" content=\"Car Care - CARSHOOTING111\" \/>\n<meta property=\"og:description\" content=\"Somos especialistas en el mundo del motor. Enfocamos nuestros servicios a producciones audiovisuales de todo tipo: spots publicitarios, cine, televisi\u00f3n, fotograf\u00eda y eventos del mundo del motor, entre otros. Nuestros servicios son: transporte, almacenamiento, acondicionamiento y cuidado de todo tipo de vehiculos, asistencia en set de rodaje, coordinaci\u00f3n y conducci\u00f3n de precisi\u00f3n. CONOCER CURR\u00cdCULUM28 de [&hellip;]\" \/>\n<meta property=\"og:url\" content=\"https:\/\/www.carshooting111.com\/es\/tecnicos\/car-care\/\" \/>\n<meta property=\"og:site_name\" content=\"CARSHOOTING111\" \/>\n<meta property=\"article:modified_time\" content=\"2024-05-28T14:44:53+00:00\" \/>\n<meta name=\"twitter:card\" content=\"summary_large_image\" \/>\n<meta name=\"twitter:label1\" content=\"Tiempo de lectura\" \/>\n\t<meta name=\"twitter:data1\" content=\"2 minutos\" \/>\n<script type=\"application\/ld+json\" class=\"yoast-schema-graph\">{\"@context\":\"https:\/\/schema.org\",\"@graph\":[{\"@type\":\"WebPage\",\"@id\":\"https:\/\/www.carshooting111.com\/es\/tecnicos\/car-care\/\",\"url\":\"https:\/\/www.carshooting111.com\/es\/tecnicos\/car-care\/\",\"name\":\"Car Care - CARSHOOTING111\",\"isPartOf\":{\"@id\":\"https:\/\/www.carshooting111.com\/es\/#website\"},\"datePublished\":\"2017-04-04T14:50:29+00:00\",\"dateModified\":\"2024-05-28T14:44:53+00:00\",\"breadcrumb\":{\"@id\":\"https:\/\/www.carshooting111.com\/es\/tecnicos\/car-care\/#breadcrumb\"},\"inLanguage\":\"es\",\"potentialAction\":[{\"@type\":\"ReadAction\",\"target\":[\"https:\/\/www.carshooting111.com\/es\/tecnicos\/car-care\/\"]}]},{\"@type\":\"BreadcrumbList\",\"@id\":\"https:\/\/www.carshooting111.com\/es\/tecnicos\/car-care\/#breadcrumb\",\"itemListElement\":[{\"@type\":\"ListItem\",\"position\":1,\"name\":\"Home\",\"item\":\"https:\/\/www.carshooting111.com\/es\/\"},{\"@type\":\"ListItem\",\"position\":2,\"name\":\"T\u00e9cnicos\",\"item\":\"https:\/\/www.carshooting111.com\/es\/tecnicos\/\"},{\"@type\":\"ListItem\",\"position\":3,\"name\":\"Car Care\"}]},{\"@type\":\"WebSite\",\"@id\":\"https:\/\/www.carshooting111.com\/es\/#website\",\"url\":\"https:\/\/www.carshooting111.com\/es\/\",\"name\":\"CARSHOOTING111\",\"description\":\"\",\"potentialAction\":[{\"@type\":\"SearchAction\",\"target\":{\"@type\":\"EntryPoint\",\"urlTemplate\":\"https:\/\/www.carshooting111.com\/es\/?s={search_term_string}\"},\"query-input\":{\"@type\":\"PropertyValueSpecification\",\"valueRequired\":true,\"valueName\":\"search_term_string\"}}],\"inLanguage\":\"es\"}]}<\/script>\n<!-- \/ Yoast SEO plugin. -->","yoast_head_json":{"title":"Car Care - CARSHOOTING111","robots":{"index":"index","follow":"follow","max-snippet":"max-snippet:-1","max-image-preview":"max-image-preview:large","max-video-preview":"max-video-preview:-1"},"canonical":"https:\/\/www.carshooting111.com\/es\/tecnicos\/car-care\/","og_locale":"es_ES","og_type":"article","og_title":"Car Care - CARSHOOTING111","og_description":"Somos especialistas en el mundo del motor. Enfocamos nuestros servicios a producciones audiovisuales de todo tipo: spots publicitarios, cine, televisi\u00f3n, fotograf\u00eda y eventos del mundo del motor, entre otros. Nuestros servicios son: transporte, almacenamiento, acondicionamiento y cuidado de todo tipo de vehiculos, asistencia en set de rodaje, coordinaci\u00f3n y conducci\u00f3n de precisi\u00f3n. CONOCER CURR\u00cdCULUM28 de [&hellip;]","og_url":"https:\/\/www.carshooting111.com\/es\/tecnicos\/car-care\/","og_site_name":"CARSHOOTING111","article_modified_time":"2024-05-28T14:44:53+00:00","twitter_card":"summary_large_image","twitter_misc":{"Tiempo de lectura":"2 minutos"},"schema":{"@context":"https:\/\/schema.org","@graph":[{"@type":"WebPage","@id":"https:\/\/www.carshooting111.com\/es\/tecnicos\/car-care\/","url":"https:\/\/www.carshooting111.com\/es\/tecnicos\/car-care\/","name":"Car Care - CARSHOOTING111","isPartOf":{"@id":"https:\/\/www.carshooting111.com\/es\/#website"},"datePublished":"2017-04-04T14:50:29+00:00","dateModified":"2024-05-28T14:44:53+00:00","breadcrumb":{"@id":"https:\/\/www.carshooting111.com\/es\/tecnicos\/car-care\/#breadcrumb"},"inLanguage":"es","potentialAction":[{"@type":"ReadAction","target":["https:\/\/www.carshooting111.com\/es\/tecnicos\/car-care\/"]}]},{"@type":"BreadcrumbList","@id":"https:\/\/www.carshooting111.com\/es\/tecnicos\/car-care\/#breadcrumb","itemListElement":[{"@type":"ListItem","position":1,"name":"Home","item":"https:\/\/www.carshooting111.com\/es\/"},{"@type":"ListItem","position":2,"name":"T\u00e9cnicos","item":"https:\/\/www.carshooting111.com\/es\/tecnicos\/"},{"@type":"ListItem","position":3,"name":"Car Care"}]},{"@type":"WebSite","@id":"https:\/\/www.carshooting111.com\/es\/#website","url":"https:\/\/www.carshooting111.com\/es\/","name":"CARSHOOTING111","description":"","potentialAction":[{"@type":"SearchAction","target":{"@type":"EntryPoint","urlTemplate":"https:\/\/www.carshooting111.com\/es\/?s={search_term_string}"},"query-input":{"@type":"PropertyValueSpecification","valueRequired":true,"valueName":"search_term_string"}}],"inLanguage":"es"}]}},"_links":{"self":[{"href":"https:\/\/www.carshooting111.com\/es\/wp-json\/wp\/v2\/pages\/4774","targetHints":{"allow":["GET"]}}],"collection":[{"href":"https:\/\/www.carshooting111.com\/es\/wp-json\/wp\/v2\/pages"}],"about":[{"href":"https:\/\/www.carshooting111.com\/es\/wp-json\/wp\/v2\/types\/page"}],"author":[{"embeddable":true,"href":"https:\/\/www.carshooting111.com\/es\/wp-json\/wp\/v2\/users\/2"}],"replies":[{"embeddable":true,"href":"https:\/\/www.carshooting111.com\/es\/wp-json\/wp\/v2\/comments?post=4774"}],"version-history":[{"count":41,"href":"https:\/\/www.carshooting111.com\/es\/wp-json\/wp\/v2\/pages\/4774\/revisions"}],"predecessor-version":[{"id":13493,"href":"https:\/\/www.carshooting111.com\/es\/wp-json\/wp\/v2\/pages\/4774\/revisions\/13493"}],"up":[{"embeddable":true,"href":"https:\/\/www.carshooting111.com\/es\/wp-json\/wp\/v2\/pages\/4770"}],"wp:attachment":[{"href":"https:\/\/www.carshooting111.com\/es\/wp-json\/wp\/v2\/media?parent=4774"}],"curies":[{"name":"wp","href":"https:\/\/api.w.org\/{rel}","templated":true}]}}