{"id":4770,"date":"2017-03-27T14:51:16","date_gmt":"2017-03-27T12:51:16","guid":{"rendered":"http:\/\/newweb.carshooting111.com\/?page_id=4770"},"modified":"2024-11-13T11:42:58","modified_gmt":"2024-11-13T10:42:58","slug":"tecnicos","status":"publish","type":"page","link":"https:\/\/www.carshooting111.com\/es\/tecnicos\/","title":{"rendered":"T\u00e9cnicos"},"content":{"rendered":"<p>[et_pb_section fb_built=&#8221;1&#8243; admin_label=&#8221;section&#8221; module_class=&#8221;fullwidth&#8221; _builder_version=&#8221;4.16&#8243; transparent_background=&#8221;off&#8221; make_fullwidth=&#8221;off&#8221; use_custom_width=&#8221;off&#8221; width_unit=&#8221;on&#8221; global_colors_info=&#8221;{}&#8221;][et_pb_row column_structure=&#8221;1_2,1_2&#8243; admin_label=&#8221;row&#8221; module_class=&#8221;header-block&#8221; _builder_version=&#8221;4.16&#8243; background_image=&#8221;\/wp-content\/uploads\/2017\/03\/tecnicos-header.jpg&#8221; background_size=&#8221;initial&#8221; background_position=&#8221;top_left&#8221; background_repeat=&#8221;repeat&#8221; background_video_width=&#8221;100%&#8221; make_fullwidth=&#8221;off&#8221; use_custom_width=&#8221;off&#8221; width_unit=&#8221;on&#8221; global_colors_info=&#8221;{}&#8221;][et_pb_column type=&#8221;1_2&#8243; _builder_version=&#8221;4.16&#8243; custom_padding=&#8221;|||&#8221; global_colors_info=&#8221;{}&#8221; custom_padding__hover=&#8221;|||&#8221;][et_pb_text admin_label=&#8221;Text&#8221; _builder_version=&#8221;4.16&#8243; background_size=&#8221;initial&#8221; background_position=&#8221;top_left&#8221; background_repeat=&#8221;repeat&#8221; use_border_color=&#8221;off&#8221; border_color=&#8221;#ffffff&#8221; border_style=&#8221;solid&#8221; global_colors_info=&#8221;{}&#8221;]<\/p>\n<h1>Nuestro<br \/>equipo<br \/>humano<\/h1>\n<p>[\/et_pb_text][\/et_pb_column][et_pb_column type=&#8221;1_2&#8243; _builder_version=&#8221;4.16&#8243; custom_padding=&#8221;|||&#8221; global_colors_info=&#8221;{}&#8221; custom_padding__hover=&#8221;|||&#8221;][et_pb_text admin_label=&#8221;Text&#8221; _builder_version=&#8221;4.16&#8243; background_size=&#8221;initial&#8221; background_position=&#8221;top_left&#8221; background_repeat=&#8221;repeat&#8221; use_border_color=&#8221;off&#8221; border_color=&#8221;#ffffff&#8221; border_style=&#8221;solid&#8221; global_colors_info=&#8221;{}&#8221;]M\u00e1s de 20 a\u00f1os de experiencia avalan a algunos de nuestros t\u00e9cnicos en la conducci\u00f3n, preparaci\u00f3n y transporte de todo tipo de veh\u00edculos.<\/p>\n<p>Car Shooting111 coordina, junto con el equipo de direcci\u00f3n, el movimiento de los veh\u00edculos de escena sincronizados con los de seguimiento para obtener un resultado eficiente en los rodajes de acci\u00f3n.<\/p>\n<p>Figuras como el precision driver, car care, mec\u00e1nicos y transportistas, imprimen a nuestra empresa un sello de calidad reconocida en el sector audiovisual.<br \/>\n[\/et_pb_text][\/et_pb_column][\/et_pb_row][et_pb_row column_structure=&#8221;1_5,1_5,1_5,1_5,1_5&#8243; admin_label=&#8221;Row&#8221; module_class=&#8221;background-block medium-padding-top small-padding-bottom two-sides&#8221; _builder_version=&#8221;4.16&#8243; background_image=&#8221;\/wp-content\/uploads\/2017\/03\/backgorund-two-sides.jpg&#8221; background_size=&#8221;initial&#8221; background_position=&#8221;top_left&#8221; background_repeat=&#8221;repeat&#8221; make_fullwidth=&#8221;off&#8221; use_custom_width=&#8221;off&#8221; width_unit=&#8221;on&#8221; global_colors_info=&#8221;{}&#8221;][et_pb_column type=&#8221;1_5&#8243; _builder_version=&#8221;4.16&#8243; custom_padding=&#8221;|||&#8221; global_colors_info=&#8221;{}&#8221; custom_padding__hover=&#8221;|||&#8221;][et_pb_blurb title=&#8221;Precision drivers&#8221; url=&#8221;\/es\/tecnicos\/precision-drivers\/&#8221; image=&#8221;https:\/\/www.carshooting111.com\/wp-content\/uploads\/2017\/05\/precision_driver_icon_big.png&#8221; image_icon_width=&#8221;none&#8221; admin_label=&#8221;Blurb&#8221; _builder_version=&#8221;4.19.2&#8243; background_size=&#8221;initial&#8221; background_position=&#8221;top_left&#8221; background_repeat=&#8221;repeat&#8221; text_orientation=&#8221;center&#8221; hover_enabled=&#8221;0&#8243; use_border_color=&#8221;off&#8221; border_color=&#8221;#ffffff&#8221; border_style=&#8221;solid&#8221; image_max_width=&#8221;none&#8221; use_circle=&#8221;off&#8221; use_circle_border=&#8221;off&#8221; global_colors_info=&#8221;{}&#8221; sticky_enabled=&#8221;0&#8243;]<\/p>\n<p><a href=\"https:\/\/www.carshooting111.com\/es\/tecnicos\/precision-drivers\/\">CONOCER EQUIPO<\/a><\/p>\n<p>[\/et_pb_blurb][\/et_pb_column][et_pb_column type=&#8221;1_5&#8243; _builder_version=&#8221;4.16&#8243; custom_padding=&#8221;|||&#8221; global_colors_info=&#8221;{}&#8221; custom_padding__hover=&#8221;|||&#8221;][et_pb_blurb title=&#8221;Drivers&#8221; url=&#8221;\/es\/tecnicos\/drivers\/&#8221; image=&#8221;https:\/\/www.carshooting111.com\/wp-content\/uploads\/2017\/05\/precision_driver_icon_big.png&#8221; image_icon_width=&#8221;none&#8221; admin_label=&#8221;Blurb&#8221; _builder_version=&#8221;4.19.2&#8243; background_size=&#8221;initial&#8221; background_position=&#8221;top_left&#8221; background_repeat=&#8221;repeat&#8221; text_orientation=&#8221;center&#8221; use_border_color=&#8221;off&#8221; border_color=&#8221;#ffffff&#8221; border_style=&#8221;solid&#8221; image_max_width=&#8221;none&#8221; use_circle=&#8221;off&#8221; use_circle_border=&#8221;off&#8221; global_colors_info=&#8221;{}&#8221;]<\/p>\n<p><a href=\"https:\/\/www.carshooting111.com\/es\/tecnicos\/drivers\/\">CONOCER EQUIPO<\/a><\/p>\n<p>[\/et_pb_blurb][\/et_pb_column][et_pb_column type=&#8221;1_5&#8243; _builder_version=&#8221;4.16&#8243; custom_padding=&#8221;|||&#8221; global_colors_info=&#8221;{}&#8221; custom_padding__hover=&#8221;|||&#8221;][et_pb_blurb title=&#8221;Crew U-crane&#8221; url=&#8221;\/es\/tecnicos\/crew-russian\/&#8221; image=&#8221;https:\/\/www.carshooting111.com\/wp-content\/uploads\/2017\/03\/crew_russian_icon_big.png&#8221; image_icon_width=&#8221;none&#8221; admin_label=&#8221;Blurb&#8221; _builder_version=&#8221;4.19.2&#8243; background_size=&#8221;initial&#8221; background_position=&#8221;top_left&#8221; background_repeat=&#8221;repeat&#8221; text_orientation=&#8221;center&#8221; hover_enabled=&#8221;0&#8243; use_border_color=&#8221;off&#8221; border_color=&#8221;#ffffff&#8221; border_style=&#8221;solid&#8221; image_max_width=&#8221;none&#8221; use_circle=&#8221;off&#8221; use_circle_border=&#8221;off&#8221; global_colors_info=&#8221;{}&#8221; sticky_enabled=&#8221;0&#8243;]<\/p>\n<p><a href=\"https:\/\/www.carshooting111.com\/es\/tecnicos\/crew-russian\/\">CONOCER EQUIPO<\/a><\/p>\n<p>[\/et_pb_blurb][\/et_pb_column][et_pb_column type=&#8221;1_5&#8243; _builder_version=&#8221;4.16&#8243; custom_padding=&#8221;|||&#8221; global_colors_info=&#8221;{}&#8221; custom_padding__hover=&#8221;|||&#8221;][et_pb_blurb title=&#8221;Car Care&#8221; url=&#8221;\/es\/tecnicos\/car-care\/&#8221; image=&#8221;https:\/\/www.carshooting111.com\/wp-content\/uploads\/2017\/05\/car_care_icon_big.png&#8221; image_icon_width=&#8221;none&#8221; admin_label=&#8221;Blurb&#8221; _builder_version=&#8221;4.19.2&#8243; background_size=&#8221;initial&#8221; background_position=&#8221;top_left&#8221; background_repeat=&#8221;repeat&#8221; text_orientation=&#8221;center&#8221; hover_enabled=&#8221;0&#8243; use_border_color=&#8221;off&#8221; border_color=&#8221;#ffffff&#8221; border_style=&#8221;solid&#8221; image_max_width=&#8221;none&#8221; use_circle=&#8221;off&#8221; use_circle_border=&#8221;off&#8221; global_colors_info=&#8221;{}&#8221; sticky_enabled=&#8221;0&#8243;]<\/p>\n<p><a href=\"http:\/\/www.carshooting111.com\/es\/tecnicos\/car-care\/\">CONOCER EQUIPO<\/a><\/p>\n<p>[\/et_pb_blurb][\/et_pb_column][et_pb_column type=&#8221;1_5&#8243; _builder_version=&#8221;4.16&#8243; custom_padding=&#8221;|||&#8221; global_colors_info=&#8221;{}&#8221; custom_padding__hover=&#8221;|||&#8221;][et_pb_blurb title=&#8221;Grip Technicians&#8221; url=&#8221;\/es\/tecnicos\/grip-technicians\/&#8221; image=&#8221;https:\/\/www.carshooting111.com\/wp-content\/uploads\/2017\/05\/grip_technicians_icon_big.png&#8221; image_icon_width=&#8221;none&#8221; admin_label=&#8221;Blurb&#8221; _builder_version=&#8221;4.19.2&#8243; background_size=&#8221;initial&#8221; background_position=&#8221;top_left&#8221; background_repeat=&#8221;repeat&#8221; text_orientation=&#8221;center&#8221; hover_enabled=&#8221;0&#8243; use_border_color=&#8221;off&#8221; border_color=&#8221;#ffffff&#8221; border_style=&#8221;solid&#8221; image_max_width=&#8221;none&#8221; use_circle=&#8221;off&#8221; use_circle_border=&#8221;off&#8221; global_colors_info=&#8221;{}&#8221; sticky_enabled=&#8221;0&#8243;]<\/p>\n<p><a href=\"https:\/\/www.carshooting111.com\/es\/tecnicos\/grip-technicians\/\">CONOCER EQUIPO<\/a><\/p>\n<p>[\/et_pb_blurb][\/et_pb_column][\/et_pb_row][et_pb_row column_structure=&#8221;1_2,1_2&#8243; admin_label=&#8221;Row&#8221; module_class=&#8221;background-block&#8221; _builder_version=&#8221;4.16&#8243; background_image=&#8221;\/wp-content\/uploads\/2017\/03\/fondo-EQUIPO-Carshooting.jpg&#8221; background_size=&#8221;initial&#8221; background_position=&#8221;top_left&#8221; background_repeat=&#8221;repeat&#8221; make_fullwidth=&#8221;off&#8221; use_custom_width=&#8221;off&#8221; width_unit=&#8221;on&#8221; global_colors_info=&#8221;{}&#8221;][et_pb_column type=&#8221;1_2&#8243; _builder_version=&#8221;4.16&#8243; custom_padding=&#8221;|||&#8221; global_colors_info=&#8221;{}&#8221; custom_padding__hover=&#8221;|||&#8221;][et_pb_text admin_label=&#8221;Text&#8221; _builder_version=&#8221;4.16&#8243; background_size=&#8221;initial&#8221; background_position=&#8221;top_left&#8221; background_repeat=&#8221;repeat&#8221; use_border_color=&#8221;off&#8221; border_color=&#8221;#ffffff&#8221; border_style=&#8221;solid&#8221; global_colors_info=&#8221;{}&#8221;]M\u00e1s de 20 a\u00f1os de experiencia avalan a algunos de nuestros t\u00e9cnicos en la conducci\u00f3n, preparaci\u00f3n y transporte de todo tipo de veh\u00edculos.<\/p>\n<p>Car Shooting111 coordina, junto con el equipo de direcci\u00f3n, el movimiento de los veh\u00edculos de escena sincronizados con los de seguimiento para obtener un resultado eficiente en los rodajes de acci\u00f3n. Figuras como el precision driver, car care, mec\u00e1nicos y transportistas, imprimen a nuestra empresa un sello de calidad reconocida en el sector audiovisual.<br \/>\n[\/et_pb_text][\/et_pb_column][et_pb_column type=&#8221;1_2&#8243; _builder_version=&#8221;4.16&#8243; custom_padding=&#8221;|||&#8221; global_colors_info=&#8221;{}&#8221; custom_padding__hover=&#8221;|||&#8221;][\/et_pb_column][\/et_pb_row][\/et_pb_section]<\/p>\n","protected":false},"excerpt":{"rendered":"<p>Nuestroequipohumano M\u00e1s de 20 a\u00f1os de experiencia avalan a algunos de nuestros t\u00e9cnicos en la conducci\u00f3n, preparaci\u00f3n y transporte de todo tipo de veh\u00edculos. Car Shooting111 coordina, junto con el equipo de direcci\u00f3n, el movimiento de los veh\u00edculos de escena sincronizados con los de seguimiento para obtener un resultado eficiente en los rodajes de acci\u00f3n. [&hellip;]<\/p>\n","protected":false},"author":2,"featured_media":0,"parent":0,"menu_order":11,"comment_status":"closed","ping_status":"closed","template":"","meta":{"_acf_changed":false,"_et_pb_use_builder":"on","_et_pb_old_content":"","_et_gb_content_width":"","inline_featured_image":false,"footnotes":""},"class_list":["post-4770","page","type-page","status-publish","hentry"],"acf":[],"yoast_head":"<!-- This site is optimized with the Yoast SEO plugin v23.9 - https:\/\/yoast.com\/wordpress\/plugins\/seo\/ -->\n<title>T\u00e9cnicos en la conducci\u00f3n y transporte de veh\u00edculos | Carshooting111<\/title>\n<meta name=\"description\" content=\"M\u00e1s de 20 a\u00f1os de experiencia avalan a nuestros t\u00e9cnicos en la conducci\u00f3n, preparaci\u00f3n y transporte de veh\u00edculos para todo tipo de rodajes audiovisuales.\" \/>\n<meta name=\"robots\" content=\"index, follow, max-snippet:-1, max-image-preview:large, max-video-preview:-1\" \/>\n<link rel=\"canonical\" href=\"https:\/\/www.carshooting111.com\/es\/tecnicos\/\" \/>\n<meta property=\"og:locale\" content=\"es_ES\" \/>\n<meta property=\"og:type\" content=\"article\" \/>\n<meta property=\"og:title\" content=\"T\u00e9cnicos en la conducci\u00f3n y transporte de veh\u00edculos | Carshooting111\" \/>\n<meta property=\"og:description\" content=\"M\u00e1s de 20 a\u00f1os de experiencia avalan a nuestros t\u00e9cnicos en la conducci\u00f3n, preparaci\u00f3n y transporte de veh\u00edculos para todo tipo de rodajes audiovisuales.\" \/>\n<meta property=\"og:url\" content=\"https:\/\/www.carshooting111.com\/es\/tecnicos\/\" \/>\n<meta property=\"og:site_name\" content=\"CARSHOOTING111\" \/>\n<meta property=\"article:modified_time\" content=\"2024-11-13T10:42:58+00:00\" \/>\n<meta name=\"twitter:card\" content=\"summary_large_image\" \/>\n<meta name=\"twitter:label1\" content=\"Tiempo de lectura\" \/>\n\t<meta name=\"twitter:data1\" content=\"5 minutos\" \/>\n<script type=\"application\/ld+json\" class=\"yoast-schema-graph\">{\"@context\":\"https:\/\/schema.org\",\"@graph\":[{\"@type\":\"WebPage\",\"@id\":\"https:\/\/www.carshooting111.com\/es\/tecnicos\/\",\"url\":\"https:\/\/www.carshooting111.com\/es\/tecnicos\/\",\"name\":\"T\u00e9cnicos en la conducci\u00f3n y transporte de veh\u00edculos | Carshooting111\",\"isPartOf\":{\"@id\":\"https:\/\/www.carshooting111.com\/es\/#website\"},\"datePublished\":\"2017-03-27T12:51:16+00:00\",\"dateModified\":\"2024-11-13T10:42:58+00:00\",\"description\":\"M\u00e1s de 20 a\u00f1os de experiencia avalan a nuestros t\u00e9cnicos en la conducci\u00f3n, preparaci\u00f3n y transporte de veh\u00edculos para todo tipo de rodajes audiovisuales.\",\"breadcrumb\":{\"@id\":\"https:\/\/www.carshooting111.com\/es\/tecnicos\/#breadcrumb\"},\"inLanguage\":\"es\",\"potentialAction\":[{\"@type\":\"ReadAction\",\"target\":[\"https:\/\/www.carshooting111.com\/es\/tecnicos\/\"]}]},{\"@type\":\"BreadcrumbList\",\"@id\":\"https:\/\/www.carshooting111.com\/es\/tecnicos\/#breadcrumb\",\"itemListElement\":[{\"@type\":\"ListItem\",\"position\":1,\"name\":\"Home\",\"item\":\"https:\/\/www.carshooting111.com\/es\/\"},{\"@type\":\"ListItem\",\"position\":2,\"name\":\"T\u00e9cnicos\"}]},{\"@type\":\"WebSite\",\"@id\":\"https:\/\/www.carshooting111.com\/es\/#website\",\"url\":\"https:\/\/www.carshooting111.com\/es\/\",\"name\":\"CARSHOOTING111\",\"description\":\"\",\"potentialAction\":[{\"@type\":\"SearchAction\",\"target\":{\"@type\":\"EntryPoint\",\"urlTemplate\":\"https:\/\/www.carshooting111.com\/es\/?s={search_term_string}\"},\"query-input\":{\"@type\":\"PropertyValueSpecification\",\"valueRequired\":true,\"valueName\":\"search_term_string\"}}],\"inLanguage\":\"es\"}]}<\/script>\n<!-- \/ Yoast SEO plugin. -->","yoast_head_json":{"title":"T\u00e9cnicos en la conducci\u00f3n y transporte de veh\u00edculos | Carshooting111","description":"M\u00e1s de 20 a\u00f1os de experiencia avalan a nuestros t\u00e9cnicos en la conducci\u00f3n, preparaci\u00f3n y transporte de veh\u00edculos para todo tipo de rodajes audiovisuales.","robots":{"index":"index","follow":"follow","max-snippet":"max-snippet:-1","max-image-preview":"max-image-preview:large","max-video-preview":"max-video-preview:-1"},"canonical":"https:\/\/www.carshooting111.com\/es\/tecnicos\/","og_locale":"es_ES","og_type":"article","og_title":"T\u00e9cnicos en la conducci\u00f3n y transporte de veh\u00edculos | Carshooting111","og_description":"M\u00e1s de 20 a\u00f1os de experiencia avalan a nuestros t\u00e9cnicos en la conducci\u00f3n, preparaci\u00f3n y transporte de veh\u00edculos para todo tipo de rodajes audiovisuales.","og_url":"https:\/\/www.carshooting111.com\/es\/tecnicos\/","og_site_name":"CARSHOOTING111","article_modified_time":"2024-11-13T10:42:58+00:00","twitter_card":"summary_large_image","twitter_misc":{"Tiempo de lectura":"5 minutos"},"schema":{"@context":"https:\/\/schema.org","@graph":[{"@type":"WebPage","@id":"https:\/\/www.carshooting111.com\/es\/tecnicos\/","url":"https:\/\/www.carshooting111.com\/es\/tecnicos\/","name":"T\u00e9cnicos en la conducci\u00f3n y transporte de veh\u00edculos | Carshooting111","isPartOf":{"@id":"https:\/\/www.carshooting111.com\/es\/#website"},"datePublished":"2017-03-27T12:51:16+00:00","dateModified":"2024-11-13T10:42:58+00:00","description":"M\u00e1s de 20 a\u00f1os de experiencia avalan a nuestros t\u00e9cnicos en la conducci\u00f3n, preparaci\u00f3n y transporte de veh\u00edculos para todo tipo de rodajes audiovisuales.","breadcrumb":{"@id":"https:\/\/www.carshooting111.com\/es\/tecnicos\/#breadcrumb"},"inLanguage":"es","potentialAction":[{"@type":"ReadAction","target":["https:\/\/www.carshooting111.com\/es\/tecnicos\/"]}]},{"@type":"BreadcrumbList","@id":"https:\/\/www.carshooting111.com\/es\/tecnicos\/#breadcrumb","itemListElement":[{"@type":"ListItem","position":1,"name":"Home","item":"https:\/\/www.carshooting111.com\/es\/"},{"@type":"ListItem","position":2,"name":"T\u00e9cnicos"}]},{"@type":"WebSite","@id":"https:\/\/www.carshooting111.com\/es\/#website","url":"https:\/\/www.carshooting111.com\/es\/","name":"CARSHOOTING111","description":"","potentialAction":[{"@type":"SearchAction","target":{"@type":"EntryPoint","urlTemplate":"https:\/\/www.carshooting111.com\/es\/?s={search_term_string}"},"query-input":{"@type":"PropertyValueSpecification","valueRequired":true,"valueName":"search_term_string"}}],"inLanguage":"es"}]}},"_links":{"self":[{"href":"https:\/\/www.carshooting111.com\/es\/wp-json\/wp\/v2\/pages\/4770","targetHints":{"allow":["GET"]}}],"collection":[{"href":"https:\/\/www.carshooting111.com\/es\/wp-json\/wp\/v2\/pages"}],"about":[{"href":"https:\/\/www.carshooting111.com\/es\/wp-json\/wp\/v2\/types\/page"}],"author":[{"embeddable":true,"href":"https:\/\/www.carshooting111.com\/es\/wp-json\/wp\/v2\/users\/2"}],"replies":[{"embeddable":true,"href":"https:\/\/www.carshooting111.com\/es\/wp-json\/wp\/v2\/comments?post=4770"}],"version-history":[{"count":11,"href":"https:\/\/www.carshooting111.com\/es\/wp-json\/wp\/v2\/pages\/4770\/revisions"}],"predecessor-version":[{"id":13825,"href":"https:\/\/www.carshooting111.com\/es\/wp-json\/wp\/v2\/pages\/4770\/revisions\/13825"}],"wp:attachment":[{"href":"https:\/\/www.carshooting111.com\/es\/wp-json\/wp\/v2\/media?parent=4770"}],"curies":[{"name":"wp","href":"https:\/\/api.w.org\/{rel}","templated":true}]}}