{"id":14398,"date":"2024-12-16T15:11:47","date_gmt":"2024-12-16T14:11:47","guid":{"rendered":"https:\/\/www.carshooting111.com\/?page_id=14398"},"modified":"2024-12-16T15:13:01","modified_gmt":"2024-12-16T14:13:01","slug":"privacy-policy","status":"publish","type":"page","link":"https:\/\/www.carshooting111.com\/es\/privacy-policy\/","title":{"rendered":"Pol\u00edtica de privacidad"},"content":{"rendered":"<p>[et_pb_section fb_built=&#8221;1&#8243; admin_label=&#8221;section&#8221; module_id=&#8221;page_cookies&#8221; module_class=&#8221;fullwidth&#8221; _builder_version=&#8221;4.16&#8243; transparent_background=&#8221;off&#8221; make_fullwidth=&#8221;off&#8221; use_custom_width=&#8221;off&#8221; width_unit=&#8221;on&#8221; global_colors_info=&#8221;{}&#8221;][et_pb_row column_structure=&#8221;1_2,1_2&#8243; admin_label=&#8221;row&#8221; module_class=&#8221;header-block&#8221; _builder_version=&#8221;4.16&#8243; background_image=&#8221;\/wp-content\/uploads\/2017\/04\/cabecera-credits.jpg&#8221; background_size=&#8221;initial&#8221; background_position=&#8221;top_left&#8221; background_repeat=&#8221;repeat&#8221; background_video_width=&#8221;100%&#8221; make_fullwidth=&#8221;off&#8221; use_custom_width=&#8221;off&#8221; width_unit=&#8221;on&#8221; global_colors_info=&#8221;{}&#8221;][et_pb_column type=&#8221;1_2&#8243; _builder_version=&#8221;4.16&#8243; custom_padding=&#8221;|||&#8221; global_colors_info=&#8221;{}&#8221; custom_padding__hover=&#8221;|||&#8221;][et_pb_text admin_label=&#8221;Privacy Policy&#8221; _builder_version=&#8221;4.19.2&#8243; background_size=&#8221;initial&#8221; background_position=&#8221;top_left&#8221; background_repeat=&#8221;repeat&#8221; hover_enabled=&#8221;0&#8243; use_border_color=&#8221;off&#8221; border_color=&#8221;#ffffff&#8221; border_style=&#8221;solid&#8221; global_colors_info=&#8221;{}&#8221; sticky_enabled=&#8221;0&#8243;]<\/p>\n<h1>Pol\u00edtica de privacidad<\/h1>\n<p>[\/et_pb_text][\/et_pb_column][et_pb_column type=&#8221;1_2&#8243; _builder_version=&#8221;4.16&#8243; custom_padding=&#8221;|||&#8221; global_colors_info=&#8221;{}&#8221; custom_padding__hover=&#8221;|||&#8221;][et_pb_text admin_label=&#8221;Text Find information about the cookies we use&#8221; _builder_version=&#8221;4.19.2&#8243; background_size=&#8221;initial&#8221; background_position=&#8221;top_left&#8221; background_repeat=&#8221;repeat&#8221; use_border_color=&#8221;off&#8221; border_color=&#8221;#ffffff&#8221; border_style=&#8221;solid&#8221; global_colors_info=&#8221;{}&#8221;]<\/p>\n<h4>Informaci\u00f3n sobre la privacidad de datos<\/h4>\n<p>[\/et_pb_text][\/et_pb_column][\/et_pb_row][et_pb_row make_equal=&#8221;on&#8221; admin_label=&#8221;row&#8221; _builder_version=&#8221;4.16&#8243; background_size=&#8221;initial&#8221; background_position=&#8221;top_left&#8221; background_repeat=&#8221;repeat&#8221; background_video_width=&#8221;100%&#8221; make_fullwidth=&#8221;off&#8221; use_custom_width=&#8221;off&#8221; width_unit=&#8221;on&#8221; global_colors_info=&#8221;{}&#8221;][et_pb_column type=&#8221;4_4&#8243; _builder_version=&#8221;4.16&#8243; custom_padding=&#8221;|||&#8221; global_colors_info=&#8221;{}&#8221; custom_padding__hover=&#8221;|||&#8221;][et_pb_text admin_label=&#8221;Text Description&#8221; _builder_version=&#8221;4.19.2&#8243; background_size=&#8221;initial&#8221; background_position=&#8221;top_left&#8221; background_repeat=&#8221;repeat&#8221; text_orientation=&#8221;center&#8221; module_alignment=&#8221;center&#8221; use_border_color=&#8221;off&#8221; border_color=&#8221;#ffffff&#8221; border_style=&#8221;solid&#8221; global_colors_info=&#8221;{}&#8221;]<\/p>\n<p><strong>\u00daltima actualizaci\u00f3n: 17\/12\/2024<\/strong><\/p>\n<p>En Carshooting111, valoramos tu privacidad y estamos comprometidos a proteger la informaci\u00f3n personal que compartes con nosotros. Esta pol\u00edtica de privacidad describe c\u00f3mo recopilamos, utilizamos y protegemos tus datos cuando registras tu veh\u00edculo a trav\u00e9s de nuestro sitio web www.carshooting111.com<\/p>\n<p><strong>1. Informaci\u00f3n que recopilamos<\/strong><\/p>\n<p>Cuando registras tu veh\u00edculo, recopilamos la siguiente informaci\u00f3n:<\/p>\n<p>&#8211;\u00a0<strong>Datos personales<\/strong>: Nombre, tel\u00e9fono y correo electr\u00f3nico. Esta informaci\u00f3n es accesible \u00fanicamente por nuestro equipo y se utiliza para gestionar tu registro y comunicarnos contigo.<\/p>\n<p>&#8211;\u00a0<strong>Datos del veh\u00edculo<\/strong>: Foto, marca, modelo, color, etc. Esta informaci\u00f3n se almacenar\u00e1 en nuestra base de datos y estar\u00e1 disponible para usuarios acreditados, como productoras de cine o agencias de publicidad.<\/p>\n<p><strong>2. Uso de la informaci\u00f3n<\/strong><\/p>\n<p>Utilizamos la informaci\u00f3n recopilada para:<\/p>\n<p>&#8211; Gestionar el registro de veh\u00edculos y facilitar su alquiler.<br \/>&#8211; Comunicarnos contigo sobre tu registro y cualquier consulta relacionada.<br \/>&#8211; Proporcionar acceso a los datos del veh\u00edculo a usuarios acreditados.<\/p>\n<p><strong>3. Acceso a la informaci\u00f3n<\/strong><\/p>\n<p>Los datos personales (nombre, tel\u00e9fono y correo electr\u00f3nico) son confidenciales y solo son accesibles por Carshooting111. Los datos del veh\u00edculo, como fotos y caracter\u00edsticas, estar\u00e1n disponibles para usuarios debidamente acreditados, quienes no tendr\u00e1n acceso a informaci\u00f3n personal ni a la matr\u00edcula del veh\u00edculo. La matr\u00edcula ser\u00e1 eliminada de cada foto antes de su publicaci\u00f3n.<\/p>\n<p><strong>4. Seguridad de la informaci\u00f3n<\/strong><\/p>\n<p>Implementamos medidas de seguridad adecuadas para proteger tu informaci\u00f3n personal y la de los veh\u00edculos contra el acceso no autorizado, la divulgaci\u00f3n, la alteraci\u00f3n o la destrucci\u00f3n.<\/p>\n<p><strong>5. Derechos de los usuarios<\/strong><\/p>\n<p>Tienes derecho a acceder, corregir o eliminar tu informaci\u00f3n personal. Si deseas ejercer estos derechos, cont\u00e1ctanos a trav\u00e9s de vehiculos@carshooting111.com<\/p>\n<p><strong>6. Cambios en esta pol\u00edtica<\/strong><\/p>\n<p>Te notificaremos sobre cualquier cambio publicando la nueva pol\u00edtica en nuestro sitio web. Te recomendamos que revises esta pol\u00edtica peri\u00f3dicamente para estar informado.<\/p>\n<p>[\/et_pb_text][\/et_pb_column][\/et_pb_row][\/et_pb_section]<\/p>\n","protected":false},"excerpt":{"rendered":"<p>Pol\u00edtica de privacidadInformaci\u00f3n sobre la privacidad de datos\u00daltima actualizaci\u00f3n: 17\/12\/2024 En Carshooting111, valoramos tu privacidad y estamos comprometidos a proteger la informaci\u00f3n personal que compartes con nosotros. Esta pol\u00edtica de privacidad describe c\u00f3mo recopilamos, utilizamos y protegemos tus datos cuando registras tu veh\u00edculo a trav\u00e9s de nuestro sitio web www.carshooting111.com 1. Informaci\u00f3n que recopilamos Cuando [&hellip;]<\/p>\n","protected":false},"author":2,"featured_media":0,"parent":0,"menu_order":13,"comment_status":"closed","ping_status":"closed","template":"","meta":{"_acf_changed":false,"_et_pb_use_builder":"on","_et_pb_old_content":"Car Care","_et_gb_content_width":"","inline_featured_image":false,"footnotes":""},"class_list":["post-14398","page","type-page","status-publish","hentry"],"acf":[],"yoast_head":"<!-- This site is optimized with the Yoast SEO plugin v23.9 - https:\/\/yoast.com\/wordpress\/plugins\/seo\/ -->\n<title>Pol\u00edtica de privacidad - CARSHOOTING111<\/title>\n<meta name=\"robots\" content=\"index, follow, max-snippet:-1, max-image-preview:large, max-video-preview:-1\" \/>\n<link rel=\"canonical\" href=\"https:\/\/www.carshooting111.com\/es\/privacy-policy\/\" \/>\n<meta property=\"og:locale\" content=\"es_ES\" \/>\n<meta property=\"og:type\" content=\"article\" \/>\n<meta property=\"og:title\" content=\"Pol\u00edtica de privacidad - CARSHOOTING111\" \/>\n<meta property=\"og:description\" content=\"Pol\u00edtica de privacidadInformaci\u00f3n sobre la privacidad de datos\u00daltima actualizaci\u00f3n: 17\/12\/2024 En Carshooting111, valoramos tu privacidad y estamos comprometidos a proteger la informaci\u00f3n personal que compartes con nosotros. Esta pol\u00edtica de privacidad describe c\u00f3mo recopilamos, utilizamos y protegemos tus datos cuando registras tu veh\u00edculo a trav\u00e9s de nuestro sitio web www.carshooting111.com 1. Informaci\u00f3n que recopilamos Cuando [&hellip;]\" \/>\n<meta property=\"og:url\" content=\"https:\/\/www.carshooting111.com\/es\/privacy-policy\/\" \/>\n<meta property=\"og:site_name\" content=\"CARSHOOTING111\" \/>\n<meta property=\"article:modified_time\" content=\"2024-12-16T14:13:01+00:00\" \/>\n<meta name=\"twitter:card\" content=\"summary_large_image\" \/>\n<meta name=\"twitter:label1\" content=\"Tiempo de lectura\" \/>\n\t<meta name=\"twitter:data1\" content=\"3 minutos\" \/>\n<script type=\"application\/ld+json\" class=\"yoast-schema-graph\">{\"@context\":\"https:\/\/schema.org\",\"@graph\":[{\"@type\":\"WebPage\",\"@id\":\"https:\/\/www.carshooting111.com\/es\/privacy-policy\/\",\"url\":\"https:\/\/www.carshooting111.com\/es\/privacy-policy\/\",\"name\":\"Pol\u00edtica de privacidad - CARSHOOTING111\",\"isPartOf\":{\"@id\":\"https:\/\/www.carshooting111.com\/es\/#website\"},\"datePublished\":\"2024-12-16T14:11:47+00:00\",\"dateModified\":\"2024-12-16T14:13:01+00:00\",\"breadcrumb\":{\"@id\":\"https:\/\/www.carshooting111.com\/es\/privacy-policy\/#breadcrumb\"},\"inLanguage\":\"es\",\"potentialAction\":[{\"@type\":\"ReadAction\",\"target\":[\"https:\/\/www.carshooting111.com\/es\/privacy-policy\/\"]}]},{\"@type\":\"BreadcrumbList\",\"@id\":\"https:\/\/www.carshooting111.com\/es\/privacy-policy\/#breadcrumb\",\"itemListElement\":[{\"@type\":\"ListItem\",\"position\":1,\"name\":\"Home\",\"item\":\"https:\/\/www.carshooting111.com\/es\/\"},{\"@type\":\"ListItem\",\"position\":2,\"name\":\"Pol\u00edtica de privacidad\"}]},{\"@type\":\"WebSite\",\"@id\":\"https:\/\/www.carshooting111.com\/es\/#website\",\"url\":\"https:\/\/www.carshooting111.com\/es\/\",\"name\":\"CARSHOOTING111\",\"description\":\"\",\"potentialAction\":[{\"@type\":\"SearchAction\",\"target\":{\"@type\":\"EntryPoint\",\"urlTemplate\":\"https:\/\/www.carshooting111.com\/es\/?s={search_term_string}\"},\"query-input\":{\"@type\":\"PropertyValueSpecification\",\"valueRequired\":true,\"valueName\":\"search_term_string\"}}],\"inLanguage\":\"es\"}]}<\/script>\n<!-- \/ Yoast SEO plugin. -->","yoast_head_json":{"title":"Pol\u00edtica de privacidad - CARSHOOTING111","robots":{"index":"index","follow":"follow","max-snippet":"max-snippet:-1","max-image-preview":"max-image-preview:large","max-video-preview":"max-video-preview:-1"},"canonical":"https:\/\/www.carshooting111.com\/es\/privacy-policy\/","og_locale":"es_ES","og_type":"article","og_title":"Pol\u00edtica de privacidad - CARSHOOTING111","og_description":"Pol\u00edtica de privacidadInformaci\u00f3n sobre la privacidad de datos\u00daltima actualizaci\u00f3n: 17\/12\/2024 En Carshooting111, valoramos tu privacidad y estamos comprometidos a proteger la informaci\u00f3n personal que compartes con nosotros. Esta pol\u00edtica de privacidad describe c\u00f3mo recopilamos, utilizamos y protegemos tus datos cuando registras tu veh\u00edculo a trav\u00e9s de nuestro sitio web www.carshooting111.com 1. Informaci\u00f3n que recopilamos Cuando [&hellip;]","og_url":"https:\/\/www.carshooting111.com\/es\/privacy-policy\/","og_site_name":"CARSHOOTING111","article_modified_time":"2024-12-16T14:13:01+00:00","twitter_card":"summary_large_image","twitter_misc":{"Tiempo de lectura":"3 minutos"},"schema":{"@context":"https:\/\/schema.org","@graph":[{"@type":"WebPage","@id":"https:\/\/www.carshooting111.com\/es\/privacy-policy\/","url":"https:\/\/www.carshooting111.com\/es\/privacy-policy\/","name":"Pol\u00edtica de privacidad - CARSHOOTING111","isPartOf":{"@id":"https:\/\/www.carshooting111.com\/es\/#website"},"datePublished":"2024-12-16T14:11:47+00:00","dateModified":"2024-12-16T14:13:01+00:00","breadcrumb":{"@id":"https:\/\/www.carshooting111.com\/es\/privacy-policy\/#breadcrumb"},"inLanguage":"es","potentialAction":[{"@type":"ReadAction","target":["https:\/\/www.carshooting111.com\/es\/privacy-policy\/"]}]},{"@type":"BreadcrumbList","@id":"https:\/\/www.carshooting111.com\/es\/privacy-policy\/#breadcrumb","itemListElement":[{"@type":"ListItem","position":1,"name":"Home","item":"https:\/\/www.carshooting111.com\/es\/"},{"@type":"ListItem","position":2,"name":"Pol\u00edtica de privacidad"}]},{"@type":"WebSite","@id":"https:\/\/www.carshooting111.com\/es\/#website","url":"https:\/\/www.carshooting111.com\/es\/","name":"CARSHOOTING111","description":"","potentialAction":[{"@type":"SearchAction","target":{"@type":"EntryPoint","urlTemplate":"https:\/\/www.carshooting111.com\/es\/?s={search_term_string}"},"query-input":{"@type":"PropertyValueSpecification","valueRequired":true,"valueName":"search_term_string"}}],"inLanguage":"es"}]}},"_links":{"self":[{"href":"https:\/\/www.carshooting111.com\/es\/wp-json\/wp\/v2\/pages\/14398","targetHints":{"allow":["GET"]}}],"collection":[{"href":"https:\/\/www.carshooting111.com\/es\/wp-json\/wp\/v2\/pages"}],"about":[{"href":"https:\/\/www.carshooting111.com\/es\/wp-json\/wp\/v2\/types\/page"}],"author":[{"embeddable":true,"href":"https:\/\/www.carshooting111.com\/es\/wp-json\/wp\/v2\/users\/2"}],"replies":[{"embeddable":true,"href":"https:\/\/www.carshooting111.com\/es\/wp-json\/wp\/v2\/comments?post=14398"}],"version-history":[{"count":5,"href":"https:\/\/www.carshooting111.com\/es\/wp-json\/wp\/v2\/pages\/14398\/revisions"}],"predecessor-version":[{"id":14407,"href":"https:\/\/www.carshooting111.com\/es\/wp-json\/wp\/v2\/pages\/14398\/revisions\/14407"}],"wp:attachment":[{"href":"https:\/\/www.carshooting111.com\/es\/wp-json\/wp\/v2\/media?parent=14398"}],"curies":[{"name":"wp","href":"https:\/\/api.w.org\/{rel}","templated":true}]}}