{"id":7560,"date":"2022-10-17T15:18:59","date_gmt":"2022-10-17T13:18:59","guid":{"rendered":"https:\/\/www.carshooting111.com\/ca\/?page_id=7560"},"modified":"2025-10-09T11:50:01","modified_gmt":"2025-10-09T09:50:01","slug":"cranes","status":"publish","type":"page","link":"https:\/\/www.carshooting111.com\/ca\/vehicles-accio\/cranes\/","title":{"rendered":"Cranes"},"content":{"rendered":"<p>[et_pb_section fb_built=&#8221;1&#8243; admin_label=&#8221;section&#8221; module_class=&#8221;fullwidth&#8221; _builder_version=&#8221;4.16&#8243; transparent_background=&#8221;off&#8221; make_fullwidth=&#8221;off&#8221; use_custom_width=&#8221;off&#8221; width_unit=&#8221;on&#8221; global_colors_info=&#8221;{}&#8221;][et_pb_row column_structure=&#8221;1_2,1_2&#8243; admin_label=&#8221;Row&#8221; module_class=&#8221;header-block cabecera_efecto_automatico&#8221; _builder_version=&#8221;4.19.2&#8243; background_image=&#8221;https:\/\/www.carshooting111.com\/wp-content\/uploads\/2019\/02\/Russian-6.png&#8221; background_size=&#8221;initial&#8221; background_position=&#8221;top_left&#8221; background_repeat=&#8221;repeat&#8221; custom_margin=&#8221;||0px||false|false&#8221; make_fullwidth=&#8221;off&#8221; use_custom_width=&#8221;off&#8221; width_unit=&#8221;on&#8221; global_colors_info=&#8221;{}&#8221;][et_pb_column type=&#8221;1_2&#8243; _builder_version=&#8221;4.16&#8243; custom_padding=&#8221;|||&#8221; global_colors_info=&#8221;{}&#8221; custom_padding__hover=&#8221;|||&#8221;][et_pb_text admin_label=&#8221;CRANES&#8221; _builder_version=&#8221;4.16&#8243; background_size=&#8221;initial&#8221; background_position=&#8221;top_left&#8221; background_repeat=&#8221;repeat&#8221; use_border_color=&#8221;off&#8221; border_color=&#8221;#ffffff&#8221; border_style=&#8221;solid&#8221; global_colors_info=&#8221;{}&#8221;]<\/p>\n<h1>CRANES<\/h1>\n<p>[\/et_pb_text][\/et_pb_column][et_pb_column type=&#8221;1_2&#8243; _builder_version=&#8221;4.16&#8243; custom_padding=&#8221;|||&#8221; global_colors_info=&#8221;{}&#8221; custom_padding__hover=&#8221;|||&#8221;][et_pb_text admin_label=&#8221;Text&#8221; _builder_version=&#8221;4.19.2&#8243; background_size=&#8221;initial&#8221; background_position=&#8221;top_left&#8221; background_repeat=&#8221;repeat&#8221; use_border_color=&#8221;off&#8221; border_color=&#8221;#ffffff&#8221; border_style=&#8221;solid&#8221; global_colors_info=&#8221;{}&#8221;]En la nostra empresa comptem amb una s\u00e8rie de vehicles posats a la seva disposici\u00f3 per oferir les millors opcions de cara l&#8217;equip de filmaci\u00f3. S\u00f3n vehicles preparats exclusivament tant per a persecuci\u00f3 a alta velocitat com per a seguiment de vehicles, com per al seguiment de persones en localitzacions on, per comoditat i rapidesa, \u00e9s ideal el seu \u00fas.<\/p>\n<p>La preparaci\u00f3 de la unitat de c\u00e0mera en tots ells \u00e9s c\u00f2moda, f\u00e0cil i amb m\u00faltiples opcions, ja que disposen de plataformes de treball habilitades per a l&#8217;ocasi\u00f3.[\/et_pb_text][\/et_pb_column][\/et_pb_row][et_pb_row module_class=&#8221;breadcrumbs_container&#8221; _builder_version=&#8221;4.19.2&#8243; _module_preset=&#8221;default&#8221; custom_padding=&#8221;0px||0px||false|false&#8221; global_module=&#8221;10992&#8243; global_colors_info=&#8221;{}&#8221;][et_pb_column type=&#8221;4_4&#8243; _builder_version=&#8221;4.19.2&#8243; _module_preset=&#8221;default&#8221; global_colors_info=&#8221;{}&#8221;][et_pb_code _builder_version=&#8221;4.19.2&#8243; _module_preset=&#8221;default&#8221; custom_padding=&#8221;50px|12%||12%|false|false&#8221; global_colors_info=&#8221;{}&#8221;]<span><span><a href=\"https:\/\/www.carshooting111.com\/ca\/\">Home<\/a><\/span><\/span>[\/et_pb_code][\/et_pb_column][\/et_pb_row][et_pb_row column_structure=&#8221;1_2,1_2&#8243; admin_label=&#8221;Row&#8221; module_class=&#8221;no-padding-top no-padding-bottom vehicles&#8221; _builder_version=&#8221;4.19.2&#8243; background_size=&#8221;initial&#8221; background_position=&#8221;top_left&#8221; background_repeat=&#8221;repeat&#8221; custom_padding=&#8221;30px||||false|false&#8221; make_fullwidth=&#8221;off&#8221; use_custom_width=&#8221;off&#8221; width_unit=&#8221;on&#8221; global_colors_info=&#8221;{}&#8221;][et_pb_column type=&#8221;1_2&#8243; _builder_version=&#8221;4.16&#8243; custom_padding=&#8221;|||&#8221; global_colors_info=&#8221;{}&#8221; custom_padding__hover=&#8221;|||&#8221;][et_pb_blurb title=&#8221;U-crane 6&#8243; url=&#8221;https:\/\/www.carshooting111.com\/ca\/vehicles-accio\/russian-6-f-150-shelby\/&#8221; image=&#8221;https:\/\/www.carshooting111.com\/wp-content\/uploads\/2022\/10\/raptor_list.jpg&#8221; icon_placement=&#8221;left&#8221; image_icon_width=&#8221;none&#8221; admin_label=&#8221;Blurb&#8221; _builder_version=&#8221;4.19.2&#8243; background_size=&#8221;initial&#8221; background_position=&#8221;top_left&#8221; background_repeat=&#8221;repeat&#8221; text_orientation=&#8221;right&#8221; custom_margin=&#8221;20px|20px|20px|20px|true|true&#8221; animation=&#8221;off&#8221; use_border_color=&#8221;off&#8221; border_color=&#8221;#ffffff&#8221; border_style=&#8221;solid&#8221; image_max_width=&#8221;none&#8221; use_circle=&#8221;off&#8221; use_circle_border=&#8221;off&#8221; global_colors_info=&#8221;{}&#8221;]F-150 Shelby<br \/>\n[\/et_pb_blurb][et_pb_blurb title=&#8221;U-crane Dynamic&#8221; url=&#8221;\/ca\/vehicles-accio\/porsche-cayenne-diesel\/&#8221; image=&#8221;https:\/\/www.carshooting111.com\/wp-content\/uploads\/2017\/03\/UCRANEDynamic.jpg&#8221; icon_placement=&#8221;left&#8221; image_icon_width=&#8221;none&#8221; admin_label=&#8221;Blurb&#8221; _builder_version=&#8221;4.19.2&#8243; background_size=&#8221;initial&#8221; background_position=&#8221;top_left&#8221; background_repeat=&#8221;repeat&#8221; text_orientation=&#8221;right&#8221; custom_margin=&#8221;20px|20px|20px|20px|true|true&#8221; animation=&#8221;off&#8221; hover_enabled=&#8221;0&#8243; use_border_color=&#8221;off&#8221; border_color=&#8221;#ffffff&#8221; border_style=&#8221;solid&#8221; image_max_width=&#8221;none&#8221; use_circle=&#8221;off&#8221; use_circle_border=&#8221;off&#8221; global_colors_info=&#8221;{}&#8221; sticky_enabled=&#8221;0&#8243;]<\/p>\n<p>Porsche Cayenne<\/p>\n<p><a href=\"\/ca\/vehicles-accio\/porsche-cayenne-diesel\/\">Con\u00e8ixer vehicle<\/a><\/p>\n<p>[\/et_pb_blurb][et_pb_blurb title=&#8221;Ghost one&#8221; url=&#8221;\/ca\/vehicles-accio\/ghost-one\/&#8221; image=&#8221;https:\/\/www.carshooting111.com\/wp-content\/uploads\/2023\/06\/action-vehicles-cranes-ghost-one-car-shooting.jpg&#8221; icon_placement=&#8221;left&#8221; image_icon_width=&#8221;none&#8221; admin_label=&#8221;Blurb&#8221; _builder_version=&#8221;4.19.2&#8243; background_size=&#8221;initial&#8221; background_position=&#8221;top_left&#8221; background_repeat=&#8221;repeat&#8221; text_orientation=&#8221;right&#8221; custom_margin=&#8221;20px|20px|20px|20px|true|true&#8221; animation=&#8221;off&#8221; hover_enabled=&#8221;0&#8243; use_border_color=&#8221;off&#8221; border_color=&#8221;#ffffff&#8221; border_style=&#8221;solid&#8221; image_max_width=&#8221;none&#8221; use_circle=&#8221;off&#8221; use_circle_border=&#8221;off&#8221; global_colors_info=&#8221;{}&#8221; sticky_enabled=&#8221;0&#8243;]<a href=\"\/ca\/vehicles-accio\/ghost-one\/\">Con\u00e8ixer vehicle<\/a>[\/et_pb_blurb][et_pb_blurb title=&#8221;Top Crane Ghost&#8221; url=&#8221;https:\/\/www.carshooting111.com\/ca\/vehicles-accio\/top-crane-ghost\/&#8221; image=&#8221;https:\/\/www.carshooting111.com\/wp-content\/uploads\/2017\/03\/top_crane_ghost.jpg&#8221; icon_placement=&#8221;left&#8221; image_icon_width=&#8221;none&#8221; disabled_on=&#8221;on|on|on&#8221; admin_label=&#8221;Top Crane Ghost&#8221; _builder_version=&#8221;4.16&#8243; background_size=&#8221;initial&#8221; background_position=&#8221;top_left&#8221; background_repeat=&#8221;repeat&#8221; text_orientation=&#8221;right&#8221; animation=&#8221;off&#8221; use_border_color=&#8221;off&#8221; border_color=&#8221;#ffffff&#8221; border_style=&#8221;solid&#8221; image_max_width=&#8221;none&#8221; use_circle=&#8221;off&#8221; use_circle_border=&#8221;off&#8221; disabled=&#8221;on&#8221; global_colors_info=&#8221;{}&#8221;][\/et_pb_blurb][\/et_pb_column][et_pb_column type=&#8221;1_2&#8243; _builder_version=&#8221;4.16&#8243; custom_padding=&#8221;|||&#8221; global_colors_info=&#8221;{}&#8221; custom_padding__hover=&#8221;|||&#8221;][et_pb_blurb title=&#8221;U-crane 6&#8243; url=&#8221;\/ca\/vehicles-accio\/russian-6\/&#8221; image=&#8221;https:\/\/www.carshooting111.com\/wp-content\/uploads\/2025\/03\/u-crane-6-porsche-cayenne.jpg&#8221; icon_placement=&#8221;left&#8221; image_icon_width=&#8221;none&#8221; admin_label=&#8221;Blurb&#8221; _builder_version=&#8221;4.19.2&#8243; background_size=&#8221;initial&#8221; background_position=&#8221;top_left&#8221; background_repeat=&#8221;repeat&#8221; text_orientation=&#8221;right&#8221; custom_margin=&#8221;20px|20px|20px|20px|false|false&#8221; animation=&#8221;off&#8221; use_border_color=&#8221;off&#8221; border_color=&#8221;#ffffff&#8221; border_style=&#8221;solid&#8221; image_max_width=&#8221;none&#8221; use_circle=&#8221;off&#8221; use_circle_border=&#8221;off&#8221; global_colors_info=&#8221;{}&#8221;]<\/p>\n<p>Porsche Cayenne<\/p>\n<p>[\/et_pb_blurb][et_pb_blurb title=&#8221;Motocrane Radical&#8221; url=&#8221;https:\/\/www.carshooting111.com\/ca\/vehicles-accio\/motocrane-radical\/&#8221; image=&#8221;https:\/\/www.carshooting111.com\/wp-content\/uploads\/2025\/07\/front-radical.jpg&#8221; icon_placement=&#8221;left&#8221; image_icon_width=&#8221;none&#8221; admin_label=&#8221;Motocrane Radical&#8221; _builder_version=&#8221;4.19.2&#8243; background_size=&#8221;initial&#8221; background_position=&#8221;top_left&#8221; background_repeat=&#8221;repeat&#8221; text_orientation=&#8221;right&#8221; custom_margin=&#8221;20px|20px|20px|20px|false|false&#8221; animation=&#8221;off&#8221; use_border_color=&#8221;off&#8221; border_color=&#8221;#ffffff&#8221; border_style=&#8221;solid&#8221; image_max_width=&#8221;none&#8221; use_circle=&#8221;off&#8221; use_circle_border=&#8221;off&#8221; global_colors_info=&#8221;{}&#8221;][\/et_pb_blurb][et_pb_blurb title=&#8221;Black Teck&#8221; url=&#8221;\/ca\/vehicles-accio\/black-teck\/&#8221; image=&#8221;https:\/\/www.carshooting111.com\/wp-content\/uploads\/2023\/09\/BlackTekArm.jpg-edit.jpg&#8221; icon_placement=&#8221;left&#8221; image_icon_width=&#8221;none&#8221; admin_label=&#8221;Blurb&#8221; _builder_version=&#8221;4.19.2&#8243; background_size=&#8221;initial&#8221; background_position=&#8221;top_left&#8221; background_repeat=&#8221;repeat&#8221; text_orientation=&#8221;right&#8221; custom_margin=&#8221;20px|20px|20px|20px|true|true&#8221; animation=&#8221;off&#8221; use_border_color=&#8221;off&#8221; border_color=&#8221;#ffffff&#8221; border_style=&#8221;solid&#8221; image_max_width=&#8221;none&#8221; use_circle=&#8221;off&#8221; use_circle_border=&#8221;off&#8221; global_colors_info=&#8221;{}&#8221;]<\/p>\n<p><a href=\"\/ca\/vehicles-accio\/black-teck\/\">Con\u00e8ixer vehicle<\/a><\/p>\n<p>[\/et_pb_blurb][\/et_pb_column][\/et_pb_row][et_pb_row column_structure=&#8221;1_2,1_2&#8243; module_class=&#8221;container-servicios-relacionados&#8221; _builder_version=&#8221;4.19.2&#8243; _module_preset=&#8221;default&#8221; global_colors_info=&#8221;{}&#8221;][et_pb_column type=&#8221;1_2&#8243; _builder_version=&#8221;4.19.2&#8243; _module_preset=&#8221;default&#8221; global_colors_info=&#8221;{}&#8221;][et_pb_text _builder_version=&#8221;4.19.2&#8243; _module_preset=&#8221;default&#8221; text_font=&#8221;Ubuntu||||||||&#8221; text_text_color=&#8221;#000000&#8243; global_colors_info=&#8221;{}&#8221;]<\/p>\n<h3><strong>CAMARA CAR<\/strong><\/h3>\n<p>[\/et_pb_text][et_pb_text _builder_version=&#8221;4.19.2&#8243; _module_preset=&#8221;default&#8221; global_colors_info=&#8221;{}&#8221;]<\/p>\n<p>Vehicles configurats per al seguiment I la coordinaci\u00f3 de moviments a escena.<\/p>\n<p>[\/et_pb_text][et_pb_text module_class=&#8221;container-servicios-relacionados-button&#8221; _builder_version=&#8221;4.19.2&#8243; _module_preset=&#8221;default&#8221; global_colors_info=&#8221;{}&#8221;]<\/p>\n<p><a href=\"https:\/\/www.carshooting111.com\/ca\/vehicles-accio\/camara-car\/\"><em><strong>VEURE SERVEI<\/strong><\/em><\/a><\/p>\n<p>[\/et_pb_text][\/et_pb_column][et_pb_column type=&#8221;1_2&#8243; _builder_version=&#8221;4.19.2&#8243; _module_preset=&#8221;default&#8221; global_colors_info=&#8221;{}&#8221;][et_pb_text _builder_version=&#8221;4.19.2&#8243; _module_preset=&#8221;default&#8221; text_font=&#8221;Ubuntu||||||||&#8221; text_text_color=&#8221;#000000&#8243; global_colors_info=&#8221;{}&#8221;]<\/p>\n<h3><strong>VEHICLES DE TRACCI\u00d3<br \/><\/strong><\/h3>\n<p>[\/et_pb_text][et_pb_text _builder_version=&#8221;4.19.2&#8243; _module_preset=&#8221;default&#8221; global_colors_info=&#8221;{}&#8221;]<\/p>\n<p>A la nostra empresa comptem amb una s\u00e8rie de vehicles posats a la vostra disposici\u00f3 per oferir les millors opcions de cara a l&#8217;equip de filmaci\u00f3.<\/p>\n<p>S\u00f3n vehicles preparats exclusivament tant per a persecuci\u00f3 a alta velocitat com per a seguiment de vehicles, com per al seguiment de persones en localitzacions on, per comoditat i rapidesa, n&#8217;\u00e9s ideal l&#8217;\u00fas.<\/p>\n<p>La preparaci\u00f3 de la unitat de c\u00e0mera \u00e9s c\u00f2moda, f\u00e0cil i amb m\u00faltiples opcions, ja que disposen de plataformes de treball habilitades per a l&#8217;ocasi\u00f3.<\/p>\n<p>[\/et_pb_text][et_pb_text module_class=&#8221;container-servicios-relacionados-button&#8221; _builder_version=&#8221;4.19.2&#8243; _module_preset=&#8221;default&#8221; global_colors_info=&#8221;{}&#8221;]<\/p>\n<p><a href=\"https:\/\/www.carshooting111.com\/ca\/vehicles-accio\/vehicles-de-traccio-2\/\"><em><strong>VEURE SERVEI<\/strong><\/em><\/a><\/p>\n<p>[\/et_pb_text][\/et_pb_column][\/et_pb_row][et_pb_row column_structure=&#8221;1_2,1_2&#8243; admin_label=&#8221;Row&#8221; module_class=&#8221;background-block&#8221; _builder_version=&#8221;4.19.2&#8243; background_image=&#8221;https:\/\/www.carshooting111.com\/wp-content\/uploads\/2023\/06\/action-vehicles-cranes-car-shooting.jpg&#8221; background_size=&#8221;initial&#8221; background_position=&#8221;top_left&#8221; background_repeat=&#8221;repeat&#8221; make_fullwidth=&#8221;off&#8221; use_custom_width=&#8221;off&#8221; width_unit=&#8221;on&#8221; global_colors_info=&#8221;{}&#8221;][et_pb_column type=&#8221;1_2&#8243; _builder_version=&#8221;4.16&#8243; custom_padding=&#8221;|||&#8221; global_colors_info=&#8221;{}&#8221; custom_padding__hover=&#8221;|||&#8221;][et_pb_text _builder_version=&#8221;4.19.2&#8243; _module_preset=&#8221;default&#8221; global_colors_info=&#8221;{}&#8221;]<\/p>\n<h3><strong>CarShooting, garantia d&#8217;\u00e8xit des de fa m\u00e9s de 20 anys.<\/strong><\/h3>\n<p>[\/et_pb_text][et_pb_text admin_label=&#8221;Text&#8221; _builder_version=&#8221;4.19.2&#8243; background_size=&#8221;initial&#8221; background_position=&#8221;top_left&#8221; background_repeat=&#8221;repeat&#8221; use_border_color=&#8221;off&#8221; border_color=&#8221;#ffffff&#8221; border_style=&#8221;solid&#8221; global_colors_info=&#8221;{}&#8221;]M\u00e9s de 20 anys d&#8217;experi\u00e8ncia avalen a alguns dels nostres t\u00e8cnics en la conducci\u00f3, preparaci\u00f3 i transport de tot tipus de vehicles.Car Shooting111 coordina, juntament amb l&#8217;equip de direcci\u00f3, el moviment dels vehicles d&#8217;escena sincronitzats amb els de seguiment per obtenir un resultat eficient en els rodatges d&#8217;acci\u00f3.<\/p>\n<p>Figures com el precision driver, car care, mec\u00e0nics i transportistes, imprimeixen a la nostra empresa un segell de qualitat reconeguda en el sector audiovisual.[\/et_pb_text][\/et_pb_column][et_pb_column type=&#8221;1_2&#8243; _builder_version=&#8221;4.16&#8243; custom_padding=&#8221;|||&#8221; global_colors_info=&#8221;{}&#8221; custom_padding__hover=&#8221;|||&#8221;][\/et_pb_column][\/et_pb_row][\/et_pb_section]<\/p>\n","protected":false},"excerpt":{"rendered":"<p>CRANES En la nostra empresa comptem amb una s\u00e8rie de vehicles posats a la seva disposici\u00f3 per oferir les millors opcions de cara l&#8217;equip de filmaci\u00f3. S\u00f3n vehicles preparats exclusivament tant per a persecuci\u00f3 a alta velocitat com per a seguiment de vehicles, com per al seguiment de persones en localitzacions on, per comoditat i [&hellip;]<\/p>\n","protected":false},"author":2,"featured_media":0,"parent":5047,"menu_order":14,"comment_status":"closed","ping_status":"closed","template":"","meta":{"_acf_changed":false,"_et_pb_use_builder":"on","_et_pb_old_content":"","_et_gb_content_width":"","inline_featured_image":false,"footnotes":""},"class_list":["post-7560","page","type-page","status-publish","hentry"],"acf":[],"yoast_head":"<!-- This site is optimized with the Yoast SEO plugin v23.9 - https:\/\/yoast.com\/wordpress\/plugins\/seo\/ -->\n<title>Action vehicles with set-up for filming | Carshooting111<\/title>\n<meta name=\"description\" content=\"Vehicles prepared for high-speed pursuit or follow-up with set-up for the film crew. Discover the available vehicles.\" \/>\n<meta name=\"robots\" content=\"index, follow, max-snippet:-1, max-image-preview:large, max-video-preview:-1\" \/>\n<link rel=\"canonical\" href=\"https:\/\/www.carshooting111.com\/ca\/vehicles-accio\/cranes\/\" \/>\n<meta property=\"og:locale\" content=\"ca_ES\" \/>\n<meta property=\"og:type\" content=\"article\" \/>\n<meta property=\"og:title\" content=\"Action vehicles with set-up for filming | Carshooting111\" \/>\n<meta property=\"og:description\" content=\"Vehicles prepared for high-speed pursuit or follow-up with set-up for the film crew. Discover the available vehicles.\" \/>\n<meta property=\"og:url\" content=\"https:\/\/www.carshooting111.com\/ca\/vehicles-accio\/cranes\/\" \/>\n<meta property=\"og:site_name\" content=\"CARSHOOTING111\" \/>\n<meta property=\"article:modified_time\" content=\"2025-10-09T09:50:01+00:00\" \/>\n<meta name=\"twitter:card\" content=\"summary_large_image\" \/>\n<meta name=\"twitter:label1\" content=\"Temps estimat de lectura\" \/>\n\t<meta name=\"twitter:data1\" content=\"4 minuts\" \/>\n<script type=\"application\/ld+json\" class=\"yoast-schema-graph\">{\"@context\":\"https:\/\/schema.org\",\"@graph\":[{\"@type\":\"WebPage\",\"@id\":\"https:\/\/www.carshooting111.com\/ca\/vehicles-accio\/cranes\/\",\"url\":\"https:\/\/www.carshooting111.com\/ca\/vehicles-accio\/cranes\/\",\"name\":\"Action vehicles with set-up for filming | Carshooting111\",\"isPartOf\":{\"@id\":\"https:\/\/www.carshooting111.com\/ca\/#website\"},\"datePublished\":\"2022-10-17T13:18:59+00:00\",\"dateModified\":\"2025-10-09T09:50:01+00:00\",\"description\":\"Vehicles prepared for high-speed pursuit or follow-up with set-up for the film crew. Discover the available vehicles.\",\"breadcrumb\":{\"@id\":\"https:\/\/www.carshooting111.com\/ca\/vehicles-accio\/cranes\/#breadcrumb\"},\"inLanguage\":\"ca\",\"potentialAction\":[{\"@type\":\"ReadAction\",\"target\":[\"https:\/\/www.carshooting111.com\/ca\/vehicles-accio\/cranes\/\"]}]},{\"@type\":\"BreadcrumbList\",\"@id\":\"https:\/\/www.carshooting111.com\/ca\/vehicles-accio\/cranes\/#breadcrumb\",\"itemListElement\":[{\"@type\":\"ListItem\",\"position\":1,\"name\":\"Home\",\"item\":\"https:\/\/www.carshooting111.com\/ca\/\"},{\"@type\":\"ListItem\",\"position\":2,\"name\":\"Vehicles d&#8217;acci\u00f3\",\"item\":\"https:\/\/www.carshooting111.com\/ca\/vehicles-accio\/\"},{\"@type\":\"ListItem\",\"position\":3,\"name\":\"Cranes\"}]},{\"@type\":\"WebSite\",\"@id\":\"https:\/\/www.carshooting111.com\/ca\/#website\",\"url\":\"https:\/\/www.carshooting111.com\/ca\/\",\"name\":\"CARSHOOTING111\",\"description\":\"\",\"potentialAction\":[{\"@type\":\"SearchAction\",\"target\":{\"@type\":\"EntryPoint\",\"urlTemplate\":\"https:\/\/www.carshooting111.com\/ca\/?s={search_term_string}\"},\"query-input\":{\"@type\":\"PropertyValueSpecification\",\"valueRequired\":true,\"valueName\":\"search_term_string\"}}],\"inLanguage\":\"ca\"}]}<\/script>\n<!-- \/ Yoast SEO plugin. -->","yoast_head_json":{"title":"Action vehicles with set-up for filming | Carshooting111","description":"Vehicles prepared for high-speed pursuit or follow-up with set-up for the film crew. Discover the available vehicles.","robots":{"index":"index","follow":"follow","max-snippet":"max-snippet:-1","max-image-preview":"max-image-preview:large","max-video-preview":"max-video-preview:-1"},"canonical":"https:\/\/www.carshooting111.com\/ca\/vehicles-accio\/cranes\/","og_locale":"ca_ES","og_type":"article","og_title":"Action vehicles with set-up for filming | Carshooting111","og_description":"Vehicles prepared for high-speed pursuit or follow-up with set-up for the film crew. Discover the available vehicles.","og_url":"https:\/\/www.carshooting111.com\/ca\/vehicles-accio\/cranes\/","og_site_name":"CARSHOOTING111","article_modified_time":"2025-10-09T09:50:01+00:00","twitter_card":"summary_large_image","twitter_misc":{"Temps estimat de lectura":"4 minuts"},"schema":{"@context":"https:\/\/schema.org","@graph":[{"@type":"WebPage","@id":"https:\/\/www.carshooting111.com\/ca\/vehicles-accio\/cranes\/","url":"https:\/\/www.carshooting111.com\/ca\/vehicles-accio\/cranes\/","name":"Action vehicles with set-up for filming | Carshooting111","isPartOf":{"@id":"https:\/\/www.carshooting111.com\/ca\/#website"},"datePublished":"2022-10-17T13:18:59+00:00","dateModified":"2025-10-09T09:50:01+00:00","description":"Vehicles prepared for high-speed pursuit or follow-up with set-up for the film crew. Discover the available vehicles.","breadcrumb":{"@id":"https:\/\/www.carshooting111.com\/ca\/vehicles-accio\/cranes\/#breadcrumb"},"inLanguage":"ca","potentialAction":[{"@type":"ReadAction","target":["https:\/\/www.carshooting111.com\/ca\/vehicles-accio\/cranes\/"]}]},{"@type":"BreadcrumbList","@id":"https:\/\/www.carshooting111.com\/ca\/vehicles-accio\/cranes\/#breadcrumb","itemListElement":[{"@type":"ListItem","position":1,"name":"Home","item":"https:\/\/www.carshooting111.com\/ca\/"},{"@type":"ListItem","position":2,"name":"Vehicles d&#8217;acci\u00f3","item":"https:\/\/www.carshooting111.com\/ca\/vehicles-accio\/"},{"@type":"ListItem","position":3,"name":"Cranes"}]},{"@type":"WebSite","@id":"https:\/\/www.carshooting111.com\/ca\/#website","url":"https:\/\/www.carshooting111.com\/ca\/","name":"CARSHOOTING111","description":"","potentialAction":[{"@type":"SearchAction","target":{"@type":"EntryPoint","urlTemplate":"https:\/\/www.carshooting111.com\/ca\/?s={search_term_string}"},"query-input":{"@type":"PropertyValueSpecification","valueRequired":true,"valueName":"search_term_string"}}],"inLanguage":"ca"}]}},"_links":{"self":[{"href":"https:\/\/www.carshooting111.com\/ca\/wp-json\/wp\/v2\/pages\/7560","targetHints":{"allow":["GET"]}}],"collection":[{"href":"https:\/\/www.carshooting111.com\/ca\/wp-json\/wp\/v2\/pages"}],"about":[{"href":"https:\/\/www.carshooting111.com\/ca\/wp-json\/wp\/v2\/types\/page"}],"author":[{"embeddable":true,"href":"https:\/\/www.carshooting111.com\/ca\/wp-json\/wp\/v2\/users\/2"}],"replies":[{"embeddable":true,"href":"https:\/\/www.carshooting111.com\/ca\/wp-json\/wp\/v2\/comments?post=7560"}],"version-history":[{"count":33,"href":"https:\/\/www.carshooting111.com\/ca\/wp-json\/wp\/v2\/pages\/7560\/revisions"}],"predecessor-version":[{"id":16062,"href":"https:\/\/www.carshooting111.com\/ca\/wp-json\/wp\/v2\/pages\/7560\/revisions\/16062"}],"up":[{"embeddable":true,"href":"https:\/\/www.carshooting111.com\/ca\/wp-json\/wp\/v2\/pages\/5047"}],"wp:attachment":[{"href":"https:\/\/www.carshooting111.com\/ca\/wp-json\/wp\/v2\/media?parent=7560"}],"curies":[{"name":"wp","href":"https:\/\/api.w.org\/{rel}","templated":true}]}}