{"id":7527,"date":"2022-10-17T12:19:18","date_gmt":"2022-10-17T10:19:18","guid":{"rendered":"https:\/\/www.carshooting111.com\/ca\/vehicles-accio\/motocrane-radical\/"},"modified":"2025-07-23T11:32:10","modified_gmt":"2025-07-23T09:32:10","slug":"motocrane-radical","status":"publish","type":"page","link":"https:\/\/www.carshooting111.com\/ca\/vehicles-accio\/motocrane-radical\/","title":{"rendered":"Motocrane Radical"},"content":{"rendered":"<p>[et_pb_section fb_built=&#8221;1&#8243; admin_label=&#8221;section&#8221; module_class=&#8221;fullwidth&#8221; _builder_version=&#8221;4.16&#8243; transparent_background=&#8221;off&#8221; make_fullwidth=&#8221;off&#8221; use_custom_width=&#8221;off&#8221; width_unit=&#8221;on&#8221; global_colors_info=&#8221;{}&#8221;][et_pb_row column_structure=&#8221;1_2,1_2&#8243; admin_label=&#8221;row&#8221; module_class=&#8221;header-block cabecera_efecto_automatico&#8221; _builder_version=&#8221;4.19.2&#8243; background_image=&#8221;https:\/\/www.carshooting111.com\/wp-content\/uploads\/2025\/07\/Foto-al-costat-descripcio.jpg&#8221; background_size=&#8221;initial&#8221; background_position=&#8221;top_left&#8221; background_repeat=&#8221;repeat&#8221; make_fullwidth=&#8221;off&#8221; use_custom_width=&#8221;off&#8221; width_unit=&#8221;on&#8221; global_colors_info=&#8221;{}&#8221;][et_pb_column type=&#8221;1_2&#8243; _builder_version=&#8221;4.16&#8243; custom_padding=&#8221;|||&#8221; global_colors_info=&#8221;{}&#8221; custom_padding__hover=&#8221;|||&#8221;][et_pb_text admin_label=&#8221;Motocrane Radical&#8221; _builder_version=&#8221;4.16&#8243; background_image=&#8221;https:\/\/www.carshooting111.com\/wp-content\/uploads\/2019\/02\/RA6-2.jpg&#8221; background_size=&#8221;initial&#8221; background_position=&#8221;top_left&#8221; background_repeat=&#8221;repeat&#8221; use_border_color=&#8221;off&#8221; border_color=&#8221;#ffffff&#8221; border_style=&#8221;solid&#8221; global_colors_info=&#8221;{}&#8221;]<\/p>\n<h1>Motocrane Radical<\/h1>\n<p>[\/et_pb_text][\/et_pb_column][et_pb_column type=&#8221;1_2&#8243; _builder_version=&#8221;4.16&#8243; custom_padding=&#8221;|||&#8221; global_colors_info=&#8221;{}&#8221; custom_padding__hover=&#8221;|||&#8221;][et_pb_text admin_label=&#8221;Text Description&#8221; _builder_version=&#8221;4.19.2&#8243; background_size=&#8221;initial&#8221; background_position=&#8221;top_left&#8221; background_repeat=&#8221;repeat&#8221; use_border_color=&#8221;off&#8221; border_color=&#8221;#ffffff&#8221; border_style=&#8221;solid&#8221; global_colors_info=&#8221;{}&#8221;]<\/p>\n<p>El Radical \u00e9s un bra\u00e7 remot assequible i vers\u00e0til. Est\u00e0 dissenyat per a permetre el moviment din\u00e0mic de la c\u00e0mera.<br \/>Es pot muntar en una gran varietat de vehicles, com a cotxes, camions, buggys i vaixells.<br \/>A velocitats de m\u00e9s de 145 km\/h, el seu bra\u00e7 de 3 metres de llarg pot girar 360\u00b0 en menys de sis segons.<br \/>Amb una capacitat de c\u00e0rrega de fins a 16 kg, \u00e9s compatible amb una \u00e0mplia gamma de gimbals existents.<\/p>\n<p>[\/et_pb_text][\/et_pb_column][\/et_pb_row][et_pb_row module_class=&#8221;breadcrumbs_container&#8221; _builder_version=&#8221;4.19.2&#8243; _module_preset=&#8221;default&#8221; custom_padding=&#8221;0px||0px||false|false&#8221; global_module=&#8221;10992&#8243; global_colors_info=&#8221;{}&#8221;][et_pb_column type=&#8221;4_4&#8243; _builder_version=&#8221;4.19.2&#8243; _module_preset=&#8221;default&#8221; global_colors_info=&#8221;{}&#8221;][et_pb_code _builder_version=&#8221;4.19.2&#8243; _module_preset=&#8221;default&#8221; custom_padding=&#8221;50px|12%||12%|false|false&#8221; global_colors_info=&#8221;{}&#8221;]<span><span><a href=\"https:\/\/www.carshooting111.com\/ca\/\">Home<\/a><\/span><\/span>[\/et_pb_code][\/et_pb_column][\/et_pb_row][et_pb_row admin_label=&#8221;Row&#8221; module_class=&#8221;padding-container-imagenes no-padding-top&#8221; _builder_version=&#8221;4.19.2&#8243; background_size=&#8221;initial&#8221; background_position=&#8221;top_left&#8221; background_repeat=&#8221;repeat&#8221; custom_padding=&#8221;40px||0px||false|false&#8221; make_fullwidth=&#8221;off&#8221; use_custom_width=&#8221;off&#8221; width_unit=&#8221;on&#8221; global_colors_info=&#8221;{}&#8221;][et_pb_column type=&#8221;4_4&#8243; _builder_version=&#8221;4.16&#8243; custom_padding=&#8221;|||&#8221; global_colors_info=&#8221;{}&#8221; custom_padding__hover=&#8221;|||&#8221;][et_pb_slider admin_label=&#8221;Slider&#8221; module_class=&#8221;only-images&#8221; _builder_version=&#8221;4.19.2&#8243; background_size=&#8221;initial&#8221; custom_padding=&#8221;|||&#8221; custom_padding_tablet=&#8221;|||&#8221; custom_padding_phone=&#8221;|||&#8221; box_shadow_style=&#8221;preset6&#8243; box_shadow_blur=&#8221;10px&#8221; box_shadow_color=&#8221;rgba(0,0,0,0.1)&#8221; remove_inner_shadow=&#8221;off&#8221; hide_content_on_mobile=&#8221;off&#8221; hide_cta_on_mobile=&#8221;off&#8221; show_inner_shadow=&#8221;on&#8221; button_letter_spacing_hover=&#8221;0&#8243; locked=&#8221;off&#8221; global_colors_info=&#8221;{}&#8221; button_text_size__hover_enabled=&#8221;off&#8221; button_one_text_size__hover_enabled=&#8221;off&#8221; button_two_text_size__hover_enabled=&#8221;off&#8221; button_text_color__hover_enabled=&#8221;off&#8221; button_one_text_color__hover_enabled=&#8221;off&#8221; button_two_text_color__hover_enabled=&#8221;off&#8221; button_border_width__hover_enabled=&#8221;off&#8221; button_one_border_width__hover_enabled=&#8221;off&#8221; button_two_border_width__hover_enabled=&#8221;off&#8221; button_border_color__hover_enabled=&#8221;off&#8221; button_one_border_color__hover_enabled=&#8221;off&#8221; button_two_border_color__hover_enabled=&#8221;off&#8221; button_border_radius__hover_enabled=&#8221;off&#8221; button_one_border_radius__hover_enabled=&#8221;off&#8221; button_two_border_radius__hover_enabled=&#8221;off&#8221; button_letter_spacing__hover_enabled=&#8221;on&#8221; button_letter_spacing__hover=&#8221;0&#8243; button_one_letter_spacing__hover_enabled=&#8221;off&#8221; button_two_letter_spacing__hover_enabled=&#8221;off&#8221; button_bg_color__hover_enabled=&#8221;off&#8221; button_one_bg_color__hover_enabled=&#8221;off&#8221; button_two_bg_color__hover_enabled=&#8221;off&#8221;]<div class=\"et_pb_slide et_pb_slide_with_image et_pb_bg_layout_dark et_pb_media_alignment_center\" style='background-color:#ffffff;'>\n\t\t\t\n\t\t\t<div class=\"et_pb_container clearfix\"><div class=\"contenedor\">\n\t\t\t\t<div class=\"et_pb_slide_image\"><img decoding=\"async\" src=\"https:\/\/www.carshooting111.com\/wp-content\/uploads\/2025\/07\/Foto-1-slider_03072025.jpg\" alt=\"\" \/><\/div>\n\t\t\t\t<div class=\"et_pb_slide_description\">\n\t\t\t\t\n\t\t\t\t<div class=\"izquierda\">\t\n\t\t\t\t\n\t\t\t\t<h1>\t\t\n\t\t\t\t\t\n\t\t\t\t<\/h1>\n\t\t\t\t\n\t\t\t\t<div class=\"et_pb_slide_content\"><\/div>\n\t\t\t\t<\/div>\n\t\t\t\t\n\t\t\t\t<div class=\"derecha\">\n\t\t\t\t\t\n\t\t\t\t<\/div>\n\t\t\t\t\n\t\t\t\t<\/div> <!-- .et_pb_slide_description -->\n                                <\/div>\n\t\t\t<\/div> <!-- .et_pb_container -->\n\t\t\t\n\t\t<\/div> <!-- .et_pb_slide -->\n\t\t<div class=\"et_pb_slide et_pb_slide_with_image et_pb_bg_layout_dark et_pb_media_alignment_center\" style='background-color:#ffffff;'>\n\t\t\t\n\t\t\t<div class=\"et_pb_container clearfix\"><div class=\"contenedor\">\n\t\t\t\t<div class=\"et_pb_slide_image\"><img decoding=\"async\" src=\"https:\/\/www.carshooting111.com\/wp-content\/uploads\/2025\/07\/Foto-2-slider-03072025.jpg\" alt=\"\" \/><\/div>\n\t\t\t\t<div class=\"et_pb_slide_description\">\n\t\t\t\t\n\t\t\t\t<div class=\"izquierda\">\t\n\t\t\t\t\n\t\t\t\t<h1>\t\t\n\t\t\t\t\t\n\t\t\t\t<\/h1>\n\t\t\t\t\n\t\t\t\t<div class=\"et_pb_slide_content\"><\/div>\n\t\t\t\t<\/div>\n\t\t\t\t\n\t\t\t\t<div class=\"derecha\">\n\t\t\t\t\t\n\t\t\t\t<\/div>\n\t\t\t\t\n\t\t\t\t<\/div> <!-- .et_pb_slide_description -->\n                                <\/div>\n\t\t\t<\/div> <!-- .et_pb_container -->\n\t\t\t\n\t\t<\/div> <!-- .et_pb_slide -->\n\t\t<div class=\"et_pb_slide et_pb_slide_with_image et_pb_bg_layout_dark et_pb_media_alignment_center\" style='background-color:#ffffff;'>\n\t\t\t\n\t\t\t<div class=\"et_pb_container clearfix\"><div class=\"contenedor\">\n\t\t\t\t<div class=\"et_pb_slide_image\"><img decoding=\"async\" src=\"https:\/\/www.carshooting111.com\/wp-content\/uploads\/2025\/07\/Foto-3-slider-03072025.jpg\" alt=\"\" \/><\/div>\n\t\t\t\t<div class=\"et_pb_slide_description\">\n\t\t\t\t\n\t\t\t\t<div class=\"izquierda\">\t\n\t\t\t\t\n\t\t\t\t<h1>\t\t\n\t\t\t\t\t\n\t\t\t\t<\/h1>\n\t\t\t\t\n\t\t\t\t<div class=\"et_pb_slide_content\"><\/div>\n\t\t\t\t<\/div>\n\t\t\t\t\n\t\t\t\t<div class=\"derecha\">\n\t\t\t\t\t\n\t\t\t\t<\/div>\n\t\t\t\t\n\t\t\t\t<\/div> <!-- .et_pb_slide_description -->\n                                <\/div>\n\t\t\t<\/div> <!-- .et_pb_container -->\n\t\t\t\n\t\t<\/div> <!-- .et_pb_slide -->\n\t\t<div class=\"et_pb_slide et_pb_slide_with_image et_pb_bg_layout_dark et_pb_media_alignment_center\" style='background-color:#ffffff;'>\n\t\t\t\n\t\t\t<div class=\"et_pb_container clearfix\"><div class=\"contenedor\">\n\t\t\t\t<div class=\"et_pb_slide_image\"><img decoding=\"async\" src=\"https:\/\/www.carshooting111.com\/wp-content\/uploads\/2025\/07\/Foto-4-slider-03072025.jpg\" alt=\"\" \/><\/div>\n\t\t\t\t<div class=\"et_pb_slide_description\">\n\t\t\t\t\n\t\t\t\t<div class=\"izquierda\">\t\n\t\t\t\t\n\t\t\t\t<h1>\t\t\n\t\t\t\t\t\n\t\t\t\t<\/h1>\n\t\t\t\t\n\t\t\t\t<div class=\"et_pb_slide_content\"><\/div>\n\t\t\t\t<\/div>\n\t\t\t\t\n\t\t\t\t<div class=\"derecha\">\n\t\t\t\t\t\n\t\t\t\t<\/div>\n\t\t\t\t\n\t\t\t\t<\/div> <!-- .et_pb_slide_description -->\n                                <\/div>\n\t\t\t<\/div> <!-- .et_pb_container -->\n\t\t\t\n\t\t<\/div> <!-- .et_pb_slide -->\n\t\t<div class=\"et_pb_slide et_pb_slide_with_image et_pb_bg_layout_dark et_pb_media_alignment_center\" style='background-color:#ffffff;'>\n\t\t\t\n\t\t\t<div class=\"et_pb_container clearfix\"><div class=\"contenedor\">\n\t\t\t\t<div class=\"et_pb_slide_image\"><img decoding=\"async\" src=\"https:\/\/www.carshooting111.com\/wp-content\/uploads\/2025\/07\/front-radical.jpg\" alt=\"\" \/><\/div>\n\t\t\t\t<div class=\"et_pb_slide_description\">\n\t\t\t\t\n\t\t\t\t<div class=\"izquierda\">\t\n\t\t\t\t\n\t\t\t\t<h1>\t\t\n\t\t\t\t\t\n\t\t\t\t<\/h1>\n\t\t\t\t\n\t\t\t\t<div class=\"et_pb_slide_content\"><\/div>\n\t\t\t\t<\/div>\n\t\t\t\t\n\t\t\t\t<div class=\"derecha\">\n\t\t\t\t\t\n\t\t\t\t<\/div>\n\t\t\t\t\n\t\t\t\t<\/div> <!-- .et_pb_slide_description -->\n                                <\/div>\n\t\t\t<\/div> <!-- .et_pb_container -->\n\t\t\t\n\t\t<\/div> <!-- .et_pb_slide -->\n\t\t[\/et_pb_slider][\/et_pb_column][\/et_pb_row][et_pb_row module_class=&#8221;padding-container-imagenes&#8221; _builder_version=&#8221;4.19.2&#8243; _module_preset=&#8221;default&#8221; custom_padding=&#8221;40px||50px||false|false&#8221; locked=&#8221;off&#8221; global_colors_info=&#8221;{}&#8221;][et_pb_column type=&#8221;4_4&#8243; _builder_version=&#8221;4.19.2&#8243; _module_preset=&#8221;default&#8221; global_colors_info=&#8221;{}&#8221;][et_pb_video src=&#8221;https:\/\/www.carshooting111.com\/wp-content\/uploads\/2024\/01\/RADICAL.mp4&#8243; _builder_version=&#8221;4.19.2&#8243; _module_preset=&#8221;default&#8221; global_colors_info=&#8221;{}&#8221;][\/et_pb_video][\/et_pb_column][\/et_pb_row][et_pb_row column_structure=&#8221;1_2,1_2&#8243; admin_label=&#8221;Row&#8221; module_id=&#8221;bloque-ficha-coche&#8221; module_class=&#8221;background-block small-paddings background-block-cover&#8221; _builder_version=&#8221;4.19.2&#8243; background_image=&#8221;https:\/\/www.carshooting111.com\/wp-content\/uploads\/2025\/07\/Foto-al-costat-de-especificacions-03072025.jpg&#8221; background_size=&#8221;initial&#8221; background_position=&#8221;top_left&#8221; background_repeat=&#8221;repeat&#8221; make_fullwidth=&#8221;off&#8221; use_custom_width=&#8221;off&#8221; width_unit=&#8221;on&#8221; global_colors_info=&#8221;{}&#8221;][et_pb_column type=&#8221;1_2&#8243; _builder_version=&#8221;4.16&#8243; custom_padding=&#8221;|||&#8221; global_colors_info=&#8221;{}&#8221; custom_padding__hover=&#8221;|||&#8221;][et_pb_text admin_label=&#8221;Text Specifications&#8221; _builder_version=&#8221;4.19.2&#8243; background_size=&#8221;initial&#8221; background_position=&#8221;top_left&#8221; background_repeat=&#8221;repeat&#8221; hover_enabled=&#8221;0&#8243; use_border_color=&#8221;off&#8221; border_color=&#8221;#ffffff&#8221; border_style=&#8221;solid&#8221; global_colors_info=&#8221;{}&#8221; sticky_enabled=&#8221;0&#8243;]<\/p>\n<h4>\u00a0<\/h4>\n<p>Longitud m\u00e0xima: 3,66m<br \/>Longitud total estesa: 5,03 m<br \/>Velocitat m\u00e0xima de gir: 6 segons\/360\u00b0<br \/>Velocitat m\u00e0xima d&#8217;inclinaci\u00f3: 2 segons\/70\u00b0<br \/>L\u00edmit de gir: rotaci\u00f3 de gir il\u00b7limitada<br \/>L\u00edmit d&#8217;inclinaci\u00f3: \u2013 35\u00b0 + 35\u00b0<br \/>C\u00e0rrega \u00fatil m\u00e0xima: 16-20 kg<br \/>Longitud ajustable: No<br \/>Telesc\u00f2pic: No<br \/>Resistent a la intemp\u00e8rie: S\u00ed<\/p>\n<p><a href=\"https:\/\/www.carshooting111.com\/wp-content\/uploads\/2025\/07\/CS111-EUROGRIP-Radical_Product-Sheet_2025_CAT-1.pdf\" target=\"_blank\" rel=\"noopener\">Descarregar fitxa t\u00e8cnica<\/a><\/p>\n<p>[\/et_pb_text][\/et_pb_column][et_pb_column type=&#8221;1_2&#8243; _builder_version=&#8221;4.16&#8243; custom_padding=&#8221;|||&#8221; global_colors_info=&#8221;{}&#8221; custom_padding__hover=&#8221;|||&#8221;][\/et_pb_column][\/et_pb_row][et_pb_row disabled_on=&#8221;on|on|on&#8221; admin_label=&#8221;Row&#8221; module_class=&#8221;no-padding-bottom no-padding-top&#8221; _builder_version=&#8221;4.16&#8243; background_size=&#8221;initial&#8221; background_position=&#8221;top_left&#8221; background_repeat=&#8221;repeat&#8221; make_fullwidth=&#8221;off&#8221; use_custom_width=&#8221;off&#8221; width_unit=&#8221;on&#8221; disabled=&#8221;on&#8221; global_colors_info=&#8221;{}&#8221;][et_pb_column type=&#8221;4_4&#8243; _builder_version=&#8221;4.16&#8243; custom_padding=&#8221;|||&#8221; global_colors_info=&#8221;{}&#8221; custom_padding__hover=&#8221;|||&#8221;][et_pb_video src=&#8221;https:\/\/www.carshooting111.com\/wp-content\/uploads\/2019\/02\/RA6_Renault_Leveque_0720.mp4&#8243; admin_label=&#8221;Video&#8221; _builder_version=&#8221;4.16&#8243; global_colors_info=&#8221;{}&#8221;][\/et_pb_video][\/et_pb_column][\/et_pb_row][et_pb_row column_structure=&#8221;1_2,1_2&#8243; disabled_on=&#8221;on|on|on&#8221; admin_label=&#8221;Row&#8221; module_class=&#8221;no-padding-bottom no-padding-top&#8221; _builder_version=&#8221;4.16&#8243; background_size=&#8221;initial&#8221; background_position=&#8221;top_left&#8221; background_repeat=&#8221;repeat&#8221; make_fullwidth=&#8221;off&#8221; use_custom_width=&#8221;off&#8221; width_unit=&#8221;on&#8221; disabled=&#8221;on&#8221; global_colors_info=&#8221;{}&#8221;][et_pb_column type=&#8221;1_2&#8243; module_class=&#8221;no-padding-left&#8221; _builder_version=&#8221;4.16&#8243; custom_padding=&#8221;|||&#8221; global_colors_info=&#8221;{}&#8221; custom_padding__hover=&#8221;|||&#8221;][et_pb_image src=&#8221;https:\/\/www.carshooting111.com\/wp-content\/uploads\/2022\/10\/russina-polaris-6.jpg&#8221; align_tablet=&#8221;center&#8221; align_phone=&#8221;center&#8221; align_last_edited=&#8221;on|desktop&#8221; admin_label=&#8221;Image&#8221; _builder_version=&#8221;4.16&#8243; animation_style=&#8221;fade&#8221; animation_duration=&#8221;500ms&#8221; use_border_color=&#8221;off&#8221; border_color=&#8221;#ffffff&#8221; border_style=&#8221;solid&#8221; animation=&#8221;fade_in&#8221; sticky=&#8221;off&#8221; always_center_on_mobile=&#8221;on&#8221; global_colors_info=&#8221;{}&#8221;][\/et_pb_image][\/et_pb_column][et_pb_column type=&#8221;1_2&#8243; module_class=&#8221;no-padding-right&#8221; _builder_version=&#8221;4.16&#8243; custom_padding=&#8221;|||&#8221; global_colors_info=&#8221;{}&#8221; custom_padding__hover=&#8221;|||&#8221;][et_pb_image src=&#8221;https:\/\/www.carshooting111.com\/wp-content\/uploads\/2022\/10\/russina-polaris-8.jpg&#8221; align_tablet=&#8221;center&#8221; align_phone=&#8221;center&#8221; align_last_edited=&#8221;on|desktop&#8221; admin_label=&#8221;Image&#8221; _builder_version=&#8221;4.16&#8243; animation_style=&#8221;fade&#8221; animation_duration=&#8221;500ms&#8221; use_border_color=&#8221;off&#8221; border_color=&#8221;#ffffff&#8221; border_style=&#8221;solid&#8221; animation=&#8221;fade_in&#8221; sticky=&#8221;off&#8221; always_center_on_mobile=&#8221;on&#8221; global_colors_info=&#8221;{}&#8221;][\/et_pb_image][\/et_pb_column][\/et_pb_row][\/et_pb_section]<\/p>\n","protected":false},"excerpt":{"rendered":"<p>Motocrane Radical El Radical \u00e9s un bra\u00e7 remot assequible i vers\u00e0til. Est\u00e0 dissenyat per a permetre el moviment din\u00e0mic de la c\u00e0mera.Es pot muntar en una gran varietat de vehicles, com a cotxes, camions, buggys i vaixells.A velocitats de m\u00e9s de 145 km\/h, el seu bra\u00e7 de 3 metres de llarg pot girar 360\u00b0 en [&hellip;]<\/p>\n","protected":false},"author":2,"featured_media":0,"parent":5047,"menu_order":0,"comment_status":"closed","ping_status":"closed","template":"","meta":{"_acf_changed":false,"_et_pb_use_builder":"on","_et_pb_old_content":"","_et_gb_content_width":"","inline_featured_image":false,"footnotes":""},"class_list":["post-7527","page","type-page","status-publish","hentry"],"acf":[],"yoast_head":"<!-- This site is optimized with the Yoast SEO plugin v23.9 - https:\/\/yoast.com\/wordpress\/plugins\/seo\/ -->\n<title>Motocrane Radical - CARSHOOTING111<\/title>\n<meta name=\"robots\" content=\"index, follow, max-snippet:-1, max-image-preview:large, max-video-preview:-1\" \/>\n<link rel=\"canonical\" href=\"https:\/\/www.carshooting111.com\/ca\/vehicles-accio\/motocrane-radical\/\" \/>\n<meta property=\"og:locale\" content=\"ca_ES\" \/>\n<meta property=\"og:type\" content=\"article\" \/>\n<meta property=\"og:title\" content=\"Motocrane Radical - CARSHOOTING111\" \/>\n<meta property=\"og:description\" content=\"Motocrane Radical El Radical \u00e9s un bra\u00e7 remot assequible i vers\u00e0til. Est\u00e0 dissenyat per a permetre el moviment din\u00e0mic de la c\u00e0mera.Es pot muntar en una gran varietat de vehicles, com a cotxes, camions, buggys i vaixells.A velocitats de m\u00e9s de 145 km\/h, el seu bra\u00e7 de 3 metres de llarg pot girar 360\u00b0 en [&hellip;]\" \/>\n<meta property=\"og:url\" content=\"https:\/\/www.carshooting111.com\/ca\/vehicles-accio\/motocrane-radical\/\" \/>\n<meta property=\"og:site_name\" content=\"CARSHOOTING111\" \/>\n<meta property=\"article:modified_time\" content=\"2025-07-23T09:32:10+00:00\" \/>\n<meta name=\"twitter:card\" content=\"summary_large_image\" \/>\n<meta name=\"twitter:label1\" content=\"Temps estimat de lectura\" \/>\n\t<meta name=\"twitter:data1\" content=\"3 minuts\" \/>\n<script type=\"application\/ld+json\" class=\"yoast-schema-graph\">{\"@context\":\"https:\/\/schema.org\",\"@graph\":[{\"@type\":\"WebPage\",\"@id\":\"https:\/\/www.carshooting111.com\/ca\/vehicles-accio\/motocrane-radical\/\",\"url\":\"https:\/\/www.carshooting111.com\/ca\/vehicles-accio\/motocrane-radical\/\",\"name\":\"Motocrane Radical - CARSHOOTING111\",\"isPartOf\":{\"@id\":\"https:\/\/www.carshooting111.com\/ca\/#website\"},\"datePublished\":\"2022-10-17T10:19:18+00:00\",\"dateModified\":\"2025-07-23T09:32:10+00:00\",\"breadcrumb\":{\"@id\":\"https:\/\/www.carshooting111.com\/ca\/vehicles-accio\/motocrane-radical\/#breadcrumb\"},\"inLanguage\":\"ca\",\"potentialAction\":[{\"@type\":\"ReadAction\",\"target\":[\"https:\/\/www.carshooting111.com\/ca\/vehicles-accio\/motocrane-radical\/\"]}]},{\"@type\":\"BreadcrumbList\",\"@id\":\"https:\/\/www.carshooting111.com\/ca\/vehicles-accio\/motocrane-radical\/#breadcrumb\",\"itemListElement\":[{\"@type\":\"ListItem\",\"position\":1,\"name\":\"Home\",\"item\":\"https:\/\/www.carshooting111.com\/ca\/\"},{\"@type\":\"ListItem\",\"position\":2,\"name\":\"Vehicles d&#8217;acci\u00f3\",\"item\":\"https:\/\/www.carshooting111.com\/ca\/vehicles-accio\/\"},{\"@type\":\"ListItem\",\"position\":3,\"name\":\"Motocrane Radical\"}]},{\"@type\":\"WebSite\",\"@id\":\"https:\/\/www.carshooting111.com\/ca\/#website\",\"url\":\"https:\/\/www.carshooting111.com\/ca\/\",\"name\":\"CARSHOOTING111\",\"description\":\"\",\"potentialAction\":[{\"@type\":\"SearchAction\",\"target\":{\"@type\":\"EntryPoint\",\"urlTemplate\":\"https:\/\/www.carshooting111.com\/ca\/?s={search_term_string}\"},\"query-input\":{\"@type\":\"PropertyValueSpecification\",\"valueRequired\":true,\"valueName\":\"search_term_string\"}}],\"inLanguage\":\"ca\"}]}<\/script>\n<!-- \/ Yoast SEO plugin. -->","yoast_head_json":{"title":"Motocrane Radical - CARSHOOTING111","robots":{"index":"index","follow":"follow","max-snippet":"max-snippet:-1","max-image-preview":"max-image-preview:large","max-video-preview":"max-video-preview:-1"},"canonical":"https:\/\/www.carshooting111.com\/ca\/vehicles-accio\/motocrane-radical\/","og_locale":"ca_ES","og_type":"article","og_title":"Motocrane Radical - CARSHOOTING111","og_description":"Motocrane Radical El Radical \u00e9s un bra\u00e7 remot assequible i vers\u00e0til. Est\u00e0 dissenyat per a permetre el moviment din\u00e0mic de la c\u00e0mera.Es pot muntar en una gran varietat de vehicles, com a cotxes, camions, buggys i vaixells.A velocitats de m\u00e9s de 145 km\/h, el seu bra\u00e7 de 3 metres de llarg pot girar 360\u00b0 en [&hellip;]","og_url":"https:\/\/www.carshooting111.com\/ca\/vehicles-accio\/motocrane-radical\/","og_site_name":"CARSHOOTING111","article_modified_time":"2025-07-23T09:32:10+00:00","twitter_card":"summary_large_image","twitter_misc":{"Temps estimat de lectura":"3 minuts"},"schema":{"@context":"https:\/\/schema.org","@graph":[{"@type":"WebPage","@id":"https:\/\/www.carshooting111.com\/ca\/vehicles-accio\/motocrane-radical\/","url":"https:\/\/www.carshooting111.com\/ca\/vehicles-accio\/motocrane-radical\/","name":"Motocrane Radical - CARSHOOTING111","isPartOf":{"@id":"https:\/\/www.carshooting111.com\/ca\/#website"},"datePublished":"2022-10-17T10:19:18+00:00","dateModified":"2025-07-23T09:32:10+00:00","breadcrumb":{"@id":"https:\/\/www.carshooting111.com\/ca\/vehicles-accio\/motocrane-radical\/#breadcrumb"},"inLanguage":"ca","potentialAction":[{"@type":"ReadAction","target":["https:\/\/www.carshooting111.com\/ca\/vehicles-accio\/motocrane-radical\/"]}]},{"@type":"BreadcrumbList","@id":"https:\/\/www.carshooting111.com\/ca\/vehicles-accio\/motocrane-radical\/#breadcrumb","itemListElement":[{"@type":"ListItem","position":1,"name":"Home","item":"https:\/\/www.carshooting111.com\/ca\/"},{"@type":"ListItem","position":2,"name":"Vehicles d&#8217;acci\u00f3","item":"https:\/\/www.carshooting111.com\/ca\/vehicles-accio\/"},{"@type":"ListItem","position":3,"name":"Motocrane Radical"}]},{"@type":"WebSite","@id":"https:\/\/www.carshooting111.com\/ca\/#website","url":"https:\/\/www.carshooting111.com\/ca\/","name":"CARSHOOTING111","description":"","potentialAction":[{"@type":"SearchAction","target":{"@type":"EntryPoint","urlTemplate":"https:\/\/www.carshooting111.com\/ca\/?s={search_term_string}"},"query-input":{"@type":"PropertyValueSpecification","valueRequired":true,"valueName":"search_term_string"}}],"inLanguage":"ca"}]}},"_links":{"self":[{"href":"https:\/\/www.carshooting111.com\/ca\/wp-json\/wp\/v2\/pages\/7527","targetHints":{"allow":["GET"]}}],"collection":[{"href":"https:\/\/www.carshooting111.com\/ca\/wp-json\/wp\/v2\/pages"}],"about":[{"href":"https:\/\/www.carshooting111.com\/ca\/wp-json\/wp\/v2\/types\/page"}],"author":[{"embeddable":true,"href":"https:\/\/www.carshooting111.com\/ca\/wp-json\/wp\/v2\/users\/2"}],"replies":[{"embeddable":true,"href":"https:\/\/www.carshooting111.com\/ca\/wp-json\/wp\/v2\/comments?post=7527"}],"version-history":[{"count":12,"href":"https:\/\/www.carshooting111.com\/ca\/wp-json\/wp\/v2\/pages\/7527\/revisions"}],"predecessor-version":[{"id":15920,"href":"https:\/\/www.carshooting111.com\/ca\/wp-json\/wp\/v2\/pages\/7527\/revisions\/15920"}],"up":[{"embeddable":true,"href":"https:\/\/www.carshooting111.com\/ca\/wp-json\/wp\/v2\/pages\/5047"}],"wp:attachment":[{"href":"https:\/\/www.carshooting111.com\/ca\/wp-json\/wp\/v2\/media?parent=7527"}],"curies":[{"name":"wp","href":"https:\/\/api.w.org\/{rel}","templated":true}]}}