{"id":6657,"date":"2020-12-11T13:37:35","date_gmt":"2020-12-11T12:37:35","guid":{"rendered":"https:\/\/www.carshooting111.com\/ca\/?page_id=6657"},"modified":"2024-10-15T15:28:24","modified_gmt":"2024-10-15T13:28:24","slug":"cris-cano","status":"publish","type":"page","link":"https:\/\/www.carshooting111.com\/ca\/tecnics\/precision-drivers\/cris-cano\/","title":{"rendered":"Cristian Cano"},"content":{"rendered":"<p>[et_pb_section fb_built=&#8221;1&#8243; admin_label=&#8221;section&#8221; module_class=&#8221;fullwidth&#8221; _builder_version=&#8221;4.16&#8243; transparent_background=&#8221;off&#8221; make_fullwidth=&#8221;off&#8221; use_custom_width=&#8221;off&#8221; width_unit=&#8221;on&#8221; global_colors_info=&#8221;{}&#8221;][et_pb_row column_structure=&#8221;1_2,1_2&#8243; admin_label=&#8221;Row&#8221; module_class=&#8221;header-block cabecera_efecto_automatico&#8221; _builder_version=&#8221;4.16&#8243; background_image=&#8221;https:\/\/www.carshooting111.com\/wp-content\/uploads\/2020\/12\/Cris-Cano-2.jpg&#8221; background_size=&#8221;initial&#8221; background_position=&#8221;top_left&#8221; background_repeat=&#8221;repeat&#8221; make_fullwidth=&#8221;off&#8221; use_custom_width=&#8221;off&#8221; width_unit=&#8221;on&#8221; global_colors_info=&#8221;{}&#8221;][et_pb_column type=&#8221;1_2&#8243; _builder_version=&#8221;4.16&#8243; custom_padding=&#8221;|||&#8221; global_colors_info=&#8221;{}&#8221; custom_padding__hover=&#8221;|||&#8221;][et_pb_text admin_label=&#8221;Cris Cano&#8221; _builder_version=&#8221;4.16&#8243; background_size=&#8221;initial&#8221; background_position=&#8221;top_left&#8221; background_repeat=&#8221;repeat&#8221; use_border_color=&#8221;off&#8221; border_color=&#8221;#ffffff&#8221; border_style=&#8221;solid&#8221; global_colors_info=&#8221;{}&#8221;]<\/p>\n<h1>CRIS CANO<\/h1>\n<p>[\/et_pb_text][\/et_pb_column][et_pb_column type=&#8221;1_2&#8243; _builder_version=&#8221;4.16&#8243; custom_padding=&#8221;|||&#8221; global_colors_info=&#8221;{}&#8221; custom_padding__hover=&#8221;|||&#8221;][et_pb_text admin_label=&#8221;Text Empty&#8221; _builder_version=&#8221;4.16&#8243; background_size=&#8221;initial&#8221; background_position=&#8221;top_left&#8221; background_repeat=&#8221;repeat&#8221; use_border_color=&#8221;off&#8221; border_color=&#8221;#ffffff&#8221; border_style=&#8221;solid&#8221; global_colors_info=&#8221;{}&#8221;][\/et_pb_text][\/et_pb_column][\/et_pb_row][et_pb_row module_class=&#8221;breadcrumbs_container&#8221; _builder_version=&#8221;4.19.2&#8243; _module_preset=&#8221;default&#8221; custom_padding=&#8221;0px||0px||false|false&#8221; global_module=&#8221;10992&#8243; global_colors_info=&#8221;{}&#8221;][et_pb_column type=&#8221;4_4&#8243; _builder_version=&#8221;4.19.2&#8243; _module_preset=&#8221;default&#8221; global_colors_info=&#8221;{}&#8221;][et_pb_code _builder_version=&#8221;4.19.2&#8243; _module_preset=&#8221;default&#8221; custom_padding=&#8221;50px|12%||12%|false|false&#8221; global_colors_info=&#8221;{}&#8221;]<span><span><a href=\"https:\/\/www.carshooting111.com\/ca\/\">Home<\/a><\/span><\/span>[\/et_pb_code][\/et_pb_column][\/et_pb_row][et_pb_row module_class=&#8221;precision-drivers&#8221; _builder_version=&#8221;4.19.2&#8243; _module_preset=&#8221;default&#8221; custom_padding=&#8221;40px||50px||false|false&#8221; global_colors_info=&#8221;{}&#8221;][et_pb_column type=&#8221;4_4&#8243; _builder_version=&#8221;4.19.2&#8243; _module_preset=&#8221;default&#8221; global_colors_info=&#8221;{}&#8221;][et_pb_team_member name=&#8221;Cris Cano&#8221; admin_label=&#8221;Cris Cano&#8221; _builder_version=&#8221;4.19.2&#8243; background_image=&#8221;https:\/\/www.carshooting111.com\/wp-content\/uploads\/2024\/05\/cristian_cano_bg.png&#8221; background_size=&#8221;initial&#8221; background_position=&#8221;top_left&#8221; background_repeat=&#8221;repeat&#8221; hover_enabled=&#8221;0&#8243; use_border_color=&#8221;off&#8221; border_color=&#8221;#ffffff&#8221; border_style=&#8221;solid&#8221; global_colors_info=&#8221;{}&#8221; sticky_enabled=&#8221;0&#8243;]<\/p>\n<p>6 de juny de 1985<br \/>Al\u00e7ada: 1.75 m<br \/>Pes: 75kg<br \/>Camisa: M<br \/>Pantalons: 40<br \/>Cal\u00e7at: 43<br \/>PERMISOS: A, B i BTP<br \/><a href=\"https:\/\/www.carshooting111.com\/wp-content\/uploads\/2023\/11\/CV-CRIS-CANO-2023_CAT.pdf\" target=\"_blank\" rel=\"noopener noreferrer\">VEURE CURR\u00cdCULUM<\/a><\/p>\n<p>[\/et_pb_team_member][\/et_pb_column][\/et_pb_row][et_pb_row admin_label=&#8221;Row&#8221; module_class=&#8221;no-padding-top padding-container-imagenes&#8221; _builder_version=&#8221;4.19.2&#8243; background_size=&#8221;initial&#8221; background_position=&#8221;top_left&#8221; background_repeat=&#8221;repeat&#8221; custom_padding=&#8221;40px||50px||false|false&#8221; make_fullwidth=&#8221;off&#8221; use_custom_width=&#8221;off&#8221; width_unit=&#8221;on&#8221; global_colors_info=&#8221;{}&#8221;][et_pb_column type=&#8221;4_4&#8243; _builder_version=&#8221;4.16&#8243; custom_padding=&#8221;|||&#8221; global_colors_info=&#8221;{}&#8221; custom_padding__hover=&#8221;|||&#8221;][et_pb_code admin_label=&#8221;Code&#8221; _builder_version=&#8221;4.19.2&#8243; global_colors_info=&#8221;{}&#8221;]<div class=\"foogallery foogallery-container foogallery-masonry foogallery-lightbox-foogallery fg-center fg-gutter-none fg-masonry fg-dark fg-loading-default fg-loaded-fade-in fg-ready fg-col2\" id=\"foogallery-gallery-6660\" data-foogallery=\"{&quot;item&quot;:{&quot;showCaptionTitle&quot;:true,&quot;showCaptionDescription&quot;:true},&quot;lazy&quot;:true}\" >\r\n\t\t<div class=\"fg-column-width\"><\/div>\r\n\t<div class=\"fg-gutter-width\"><\/div>\r\n\t\t<div class=\"fg-item fg-type-image fg-idle\"><figure class=\"fg-item-inner\"><a data-attachment-id=\"8795\" data-type=\"image\" class=\"fg-thumb\"><span class=\"fg-image-wrap\"><img fetchpriority=\"high\" decoding=\"async\" width=\"900\" height=\"600\" class=\"skip-lazy fg-image\" data-src-fg=\"https:\/\/www.carshooting111.com\/wp-content\/uploads\/cache\/2020\/12\/Cris-Cano-111-M2\/2775749621.jpg\" src=\"data:image\/svg+xml,%3Csvg%20xmlns%3D%22http%3A%2F%2Fwww.w3.org%2F2000%2Fsvg%22%20width%3D%22900%22%20height%3D%22600%22%20viewBox%3D%220%200%20900%20600%22%3E%3C%2Fsvg%3E\" loading=\"eager\"><\/span><span class=\"fg-image-overlay\"><\/span><\/a><figcaption class=\"fg-caption\"><div class=\"fg-caption-inner\"><\/div><\/figcaption><\/figure><div class=\"fg-loader\"><\/div><\/div><div class=\"fg-item fg-type-image fg-idle\"><figure class=\"fg-item-inner\"><a data-attachment-id=\"8797\" data-type=\"image\" class=\"fg-thumb\"><span class=\"fg-image-wrap\"><img decoding=\"async\" width=\"900\" height=\"675\" class=\"skip-lazy fg-image\" data-src-fg=\"https:\/\/www.carshooting111.com\/wp-content\/uploads\/2020\/12\/IMG_0532.jpg\" src=\"data:image\/svg+xml,%3Csvg%20xmlns%3D%22http%3A%2F%2Fwww.w3.org%2F2000%2Fsvg%22%20width%3D%22900%22%20height%3D%22675%22%20viewBox%3D%220%200%20900%20675%22%3E%3C%2Fsvg%3E\" loading=\"eager\"><\/span><span class=\"fg-image-overlay\"><\/span><\/a><figcaption class=\"fg-caption\"><div class=\"fg-caption-inner\"><\/div><\/figcaption><\/figure><div class=\"fg-loader\"><\/div><\/div><div class=\"fg-item fg-type-image fg-idle\"><figure class=\"fg-item-inner\"><a data-attachment-id=\"8799\" data-type=\"image\" class=\"fg-thumb\"><span class=\"fg-image-wrap\"><img decoding=\"async\" width=\"900\" height=\"900\" class=\"skip-lazy fg-image\" data-src-fg=\"https:\/\/www.carshooting111.com\/wp-content\/uploads\/cache\/2020\/12\/Foto-perfil\/1199635916.jpg\" src=\"data:image\/svg+xml,%3Csvg%20xmlns%3D%22http%3A%2F%2Fwww.w3.org%2F2000%2Fsvg%22%20width%3D%22900%22%20height%3D%22900%22%20viewBox%3D%220%200%20900%20900%22%3E%3C%2Fsvg%3E\" loading=\"eager\"><\/span><span class=\"fg-image-overlay\"><\/span><\/a><figcaption class=\"fg-caption\"><div class=\"fg-caption-inner\"><\/div><\/figcaption><\/figure><div class=\"fg-loader\"><\/div><\/div><div class=\"fg-item fg-type-image fg-idle\"><figure class=\"fg-item-inner\"><a data-attachment-id=\"8801\" data-type=\"image\" class=\"fg-thumb\"><span class=\"fg-image-wrap\"><img decoding=\"async\" width=\"900\" height=\"600.34562211982\" class=\"skip-lazy fg-image\" data-src-fg=\"https:\/\/www.carshooting111.com\/wp-content\/uploads\/2020\/12\/Cris-Cano-2-1.jpg\" src=\"data:image\/svg+xml,%3Csvg%20xmlns%3D%22http%3A%2F%2Fwww.w3.org%2F2000%2Fsvg%22%20width%3D%22900%22%20height%3D%22600.34562211982%22%20viewBox%3D%220%200%20900%20600.34562211982%22%3E%3C%2Fsvg%3E\" loading=\"eager\"><\/span><span class=\"fg-image-overlay\"><\/span><\/a><figcaption class=\"fg-caption\"><div class=\"fg-caption-inner\"><\/div><\/figcaption><\/figure><div class=\"fg-loader\"><\/div><\/div><div class=\"fg-item fg-type-image fg-idle\"><figure class=\"fg-item-inner\"><a data-attachment-id=\"13369\" data-type=\"image\" class=\"fg-thumb\"><span class=\"fg-image-wrap\"><img decoding=\"async\" width=\"900\" height=\"1350\" class=\"skip-lazy fg-image\" data-src-fg=\"https:\/\/www.carshooting111.com\/wp-content\/uploads\/cache\/2020\/12\/CrisCano111-7-scaled\/2130582491.jpg\" src=\"data:image\/svg+xml,%3Csvg%20xmlns%3D%22http%3A%2F%2Fwww.w3.org%2F2000%2Fsvg%22%20width%3D%22900%22%20height%3D%221350%22%20viewBox%3D%220%200%20900%201350%22%3E%3C%2Fsvg%3E\" loading=\"eager\"><\/span><span class=\"fg-image-overlay\"><\/span><\/a><figcaption class=\"fg-caption\"><div class=\"fg-caption-inner\"><\/div><\/figcaption><\/figure><div class=\"fg-loader\"><\/div><\/div><div class=\"fg-item fg-type-image fg-idle\"><figure class=\"fg-item-inner\"><a data-attachment-id=\"13372\" data-type=\"image\" class=\"fg-thumb\"><span class=\"fg-image-wrap\"><img decoding=\"async\" width=\"900\" height=\"1350\" class=\"skip-lazy fg-image\" data-src-fg=\"https:\/\/www.carshooting111.com\/wp-content\/uploads\/cache\/2020\/12\/CrisCano111-14-scaled\/804761743.jpg\" src=\"data:image\/svg+xml,%3Csvg%20xmlns%3D%22http%3A%2F%2Fwww.w3.org%2F2000%2Fsvg%22%20width%3D%22900%22%20height%3D%221350%22%20viewBox%3D%220%200%20900%201350%22%3E%3C%2Fsvg%3E\" loading=\"eager\"><\/span><span class=\"fg-image-overlay\"><\/span><\/a><figcaption class=\"fg-caption\"><div class=\"fg-caption-inner\"><\/div><\/figcaption><\/figure><div class=\"fg-loader\"><\/div><\/div><div class=\"fg-item fg-type-image fg-idle\"><figure class=\"fg-item-inner\"><a data-attachment-id=\"13378\" data-type=\"image\" class=\"fg-thumb\"><span class=\"fg-image-wrap\"><img decoding=\"async\" width=\"900\" height=\"1350\" class=\"skip-lazy fg-image\" data-src-fg=\"https:\/\/www.carshooting111.com\/wp-content\/uploads\/2020\/12\/CRISTIAN-CANO.jpg\" src=\"data:image\/svg+xml,%3Csvg%20xmlns%3D%22http%3A%2F%2Fwww.w3.org%2F2000%2Fsvg%22%20width%3D%22900%22%20height%3D%221350%22%20viewBox%3D%220%200%20900%201350%22%3E%3C%2Fsvg%3E\" loading=\"eager\"><\/span><span class=\"fg-image-overlay\"><\/span><\/a><figcaption class=\"fg-caption\"><div class=\"fg-caption-inner\"><\/div><\/figcaption><\/figure><div class=\"fg-loader\"><\/div><\/div><\/div>[\/et_pb_code][\/et_pb_column][\/et_pb_row][\/et_pb_section]<\/p>\n","protected":false},"excerpt":{"rendered":"<p>CRIS CANO <span><span><a href=\"https:\/\/www.carshooting111.com\/ca\/\">Home<\/a><\/span><\/span>6 de juny de 1985Al\u00e7ada: 1.75 mPes: 75kgCamisa: MPantalons: 40Cal\u00e7at: 43PERMISOS: A, B i BTPVEURE CURR\u00cdCULUM<div class=\"foogallery foogallery-container foogallery-masonry foogallery-lightbox-foogallery fg-center fg-gutter-none fg-masonry fg-dark fg-loading-default fg-loaded-fade-in fg-ready fg-col2\" id=\"foogallery-gallery-6660_1\" data-foogallery=\"{&quot;item&quot;:{&quot;showCaptionTitle&quot;:true,&quot;showCaptionDescription&quot;:true},&quot;lazy&quot;:true}\" >\r\n\t\t<div class=\"fg-column-width\"><\/div>\r\n\t<div class=\"fg-gutter-width\"><\/div>\r\n\t\t<div class=\"fg-item fg-type-image fg-idle\"><figure class=\"fg-item-inner\"><a data-attachment-id=\"8795\" data-type=\"image\" class=\"fg-thumb\"><span class=\"fg-image-wrap\"><img decoding=\"async\" width=\"900\" height=\"600\" class=\"skip-lazy fg-image\" data-src-fg=\"https:\/\/www.carshooting111.com\/wp-content\/uploads\/cache\/2020\/12\/Cris-Cano-111-M2\/2775749621.jpg\" src=\"data:image\/svg+xml,%3Csvg%20xmlns%3D%22http%3A%2F%2Fwww.w3.org%2F2000%2Fsvg%22%20width%3D%22900%22%20height%3D%22600%22%20viewBox%3D%220%200%20900%20600%22%3E%3C%2Fsvg%3E\" loading=\"eager\"><\/span><span class=\"fg-image-overlay\"><\/span><\/a><figcaption class=\"fg-caption\"><div class=\"fg-caption-inner\"><\/div><\/figcaption><\/figure><div class=\"fg-loader\"><\/div><\/div><div class=\"fg-item fg-type-image fg-idle\"><figure class=\"fg-item-inner\"><a data-attachment-id=\"8797\" data-type=\"image\" class=\"fg-thumb\"><span class=\"fg-image-wrap\"><img decoding=\"async\" width=\"900\" height=\"675\" class=\"skip-lazy fg-image\" data-src-fg=\"https:\/\/www.carshooting111.com\/wp-content\/uploads\/2020\/12\/IMG_0532.jpg\" src=\"data:image\/svg+xml,%3Csvg%20xmlns%3D%22http%3A%2F%2Fwww.w3.org%2F2000%2Fsvg%22%20width%3D%22900%22%20height%3D%22675%22%20viewBox%3D%220%200%20900%20675%22%3E%3C%2Fsvg%3E\" loading=\"eager\"><\/span><span class=\"fg-image-overlay\"><\/span><\/a><figcaption class=\"fg-caption\"><div class=\"fg-caption-inner\"><\/div><\/figcaption><\/figure><div class=\"fg-loader\"><\/div><\/div><div class=\"fg-item fg-type-image fg-idle\"><figure class=\"fg-item-inner\"><a data-attachment-id=\"8799\" data-type=\"image\" class=\"fg-thumb\"><span class=\"fg-image-wrap\"><img decoding=\"async\" width=\"900\" height=\"900\" class=\"skip-lazy fg-image\" data-src-fg=\"https:\/\/www.carshooting111.com\/wp-content\/uploads\/cache\/2020\/12\/Foto-perfil\/1199635916.jpg\" src=\"data:image\/svg+xml,%3Csvg%20xmlns%3D%22http%3A%2F%2Fwww.w3.org%2F2000%2Fsvg%22%20width%3D%22900%22%20height%3D%22900%22%20viewBox%3D%220%200%20900%20900%22%3E%3C%2Fsvg%3E\" loading=\"eager\"><\/span><span class=\"fg-image-overlay\"><\/span><\/a><figcaption class=\"fg-caption\"><div class=\"fg-caption-inner\"><\/div><\/figcaption><\/figure><div class=\"fg-loader\"><\/div><\/div><div class=\"fg-item fg-type-image fg-idle\"><figure class=\"fg-item-inner\"><a data-attachment-id=\"8801\" data-type=\"image\" class=\"fg-thumb\"><span class=\"fg-image-wrap\"><img decoding=\"async\" width=\"900\" height=\"600.34562211982\" class=\"skip-lazy fg-image\" data-src-fg=\"https:\/\/www.carshooting111.com\/wp-content\/uploads\/2020\/12\/Cris-Cano-2-1.jpg\" src=\"data:image\/svg+xml,%3Csvg%20xmlns%3D%22http%3A%2F%2Fwww.w3.org%2F2000%2Fsvg%22%20width%3D%22900%22%20height%3D%22600.34562211982%22%20viewBox%3D%220%200%20900%20600.34562211982%22%3E%3C%2Fsvg%3E\" loading=\"eager\"><\/span><span class=\"fg-image-overlay\"><\/span><\/a><figcaption class=\"fg-caption\"><div class=\"fg-caption-inner\"><\/div><\/figcaption><\/figure><div class=\"fg-loader\"><\/div><\/div><div class=\"fg-item fg-type-image fg-idle\"><figure class=\"fg-item-inner\"><a data-attachment-id=\"13369\" data-type=\"image\" class=\"fg-thumb\"><span class=\"fg-image-wrap\"><img decoding=\"async\" width=\"900\" height=\"1350\" class=\"skip-lazy fg-image\" data-src-fg=\"https:\/\/www.carshooting111.com\/wp-content\/uploads\/cache\/2020\/12\/CrisCano111-7-scaled\/2130582491.jpg\" src=\"data:image\/svg+xml,%3Csvg%20xmlns%3D%22http%3A%2F%2Fwww.w3.org%2F2000%2Fsvg%22%20width%3D%22900%22%20height%3D%221350%22%20viewBox%3D%220%200%20900%201350%22%3E%3C%2Fsvg%3E\" loading=\"eager\"><\/span><span class=\"fg-image-overlay\"><\/span><\/a><figcaption class=\"fg-caption\"><div class=\"fg-caption-inner\"><\/div><\/figcaption><\/figure><div class=\"fg-loader\"><\/div><\/div><div class=\"fg-item fg-type-image fg-idle\"><figure class=\"fg-item-inner\"><a data-attachment-id=\"13372\" data-type=\"image\" class=\"fg-thumb\"><span class=\"fg-image-wrap\"><img decoding=\"async\" width=\"900\" height=\"1350\" class=\"skip-lazy fg-image\" data-src-fg=\"https:\/\/www.carshooting111.com\/wp-content\/uploads\/cache\/2020\/12\/CrisCano111-14-scaled\/804761743.jpg\" src=\"data:image\/svg+xml,%3Csvg%20xmlns%3D%22http%3A%2F%2Fwww.w3.org%2F2000%2Fsvg%22%20width%3D%22900%22%20height%3D%221350%22%20viewBox%3D%220%200%20900%201350%22%3E%3C%2Fsvg%3E\" loading=\"eager\"><\/span><span class=\"fg-image-overlay\"><\/span><\/a><figcaption class=\"fg-caption\"><div class=\"fg-caption-inner\"><\/div><\/figcaption><\/figure><div class=\"fg-loader\"><\/div><\/div><div class=\"fg-item fg-type-image fg-idle\"><figure class=\"fg-item-inner\"><a data-attachment-id=\"13378\" data-type=\"image\" class=\"fg-thumb\"><span class=\"fg-image-wrap\"><img decoding=\"async\" width=\"900\" height=\"1350\" class=\"skip-lazy fg-image\" data-src-fg=\"https:\/\/www.carshooting111.com\/wp-content\/uploads\/2020\/12\/CRISTIAN-CANO.jpg\" src=\"data:image\/svg+xml,%3Csvg%20xmlns%3D%22http%3A%2F%2Fwww.w3.org%2F2000%2Fsvg%22%20width%3D%22900%22%20height%3D%221350%22%20viewBox%3D%220%200%20900%201350%22%3E%3C%2Fsvg%3E\" loading=\"eager\"><\/span><span class=\"fg-image-overlay\"><\/span><\/a><figcaption class=\"fg-caption\"><div class=\"fg-caption-inner\"><\/div><\/figcaption><\/figure><div class=\"fg-loader\"><\/div><\/div><\/div><\/p>\n","protected":false},"author":2,"featured_media":0,"parent":5004,"menu_order":14,"comment_status":"closed","ping_status":"closed","template":"","meta":{"_acf_changed":false,"_et_pb_use_builder":"on","_et_pb_old_content":"","_et_gb_content_width":"","inline_featured_image":false,"footnotes":""},"class_list":["post-6657","page","type-page","status-publish","hentry"],"acf":[],"yoast_head":"<!-- This site is optimized with the Yoast SEO plugin v23.9 - https:\/\/yoast.com\/wordpress\/plugins\/seo\/ -->\n<title>Cristian Cano | Carshooting111<\/title>\n<meta name=\"robots\" content=\"index, follow, max-snippet:-1, max-image-preview:large, max-video-preview:-1\" \/>\n<link rel=\"canonical\" href=\"https:\/\/www.carshooting111.com\/ca\/tecnics\/precision-drivers\/cris-cano\/\" \/>\n<meta property=\"og:locale\" content=\"ca_ES\" \/>\n<meta property=\"og:type\" content=\"article\" \/>\n<meta property=\"og:title\" content=\"Cristian Cano | Carshooting111\" \/>\n<meta property=\"og:description\" content=\"CRIS CANO 6 de juny de 1985Al\u00e7ada: 1.75 mPes: 75kgCamisa: MPantalons: 40Cal\u00e7at: 43PERMISOS: A, B i BTPVEURE CURR\u00cdCULUM\" \/>\n<meta property=\"og:url\" content=\"https:\/\/www.carshooting111.com\/ca\/tecnics\/precision-drivers\/cris-cano\/\" \/>\n<meta property=\"og:site_name\" content=\"CARSHOOTING111\" \/>\n<meta property=\"article:modified_time\" content=\"2024-10-15T13:28:24+00:00\" \/>\n<meta name=\"twitter:card\" content=\"summary_large_image\" \/>\n<meta name=\"twitter:label1\" content=\"Temps estimat de lectura\" \/>\n\t<meta name=\"twitter:data1\" content=\"1 minut\" \/>\n<script type=\"application\/ld+json\" class=\"yoast-schema-graph\">{\"@context\":\"https:\/\/schema.org\",\"@graph\":[{\"@type\":\"WebPage\",\"@id\":\"https:\/\/www.carshooting111.com\/ca\/tecnics\/precision-drivers\/cris-cano\/\",\"url\":\"https:\/\/www.carshooting111.com\/ca\/tecnics\/precision-drivers\/cris-cano\/\",\"name\":\"Cristian Cano | Carshooting111\",\"isPartOf\":{\"@id\":\"https:\/\/www.carshooting111.com\/ca\/#website\"},\"datePublished\":\"2020-12-11T12:37:35+00:00\",\"dateModified\":\"2024-10-15T13:28:24+00:00\",\"breadcrumb\":{\"@id\":\"https:\/\/www.carshooting111.com\/ca\/tecnics\/precision-drivers\/cris-cano\/#breadcrumb\"},\"inLanguage\":\"ca\",\"potentialAction\":[{\"@type\":\"ReadAction\",\"target\":[\"https:\/\/www.carshooting111.com\/ca\/tecnics\/precision-drivers\/cris-cano\/\"]}]},{\"@type\":\"BreadcrumbList\",\"@id\":\"https:\/\/www.carshooting111.com\/ca\/tecnics\/precision-drivers\/cris-cano\/#breadcrumb\",\"itemListElement\":[{\"@type\":\"ListItem\",\"position\":1,\"name\":\"Home\",\"item\":\"https:\/\/www.carshooting111.com\/ca\/\"},{\"@type\":\"ListItem\",\"position\":2,\"name\":\"T\u00e8cnics\",\"item\":\"https:\/\/www.carshooting111.com\/ca\/tecnics\/\"},{\"@type\":\"ListItem\",\"position\":3,\"name\":\"Precision drivers\",\"item\":\"https:\/\/www.carshooting111.com\/ca\/tecnics\/precision-drivers\/\"},{\"@type\":\"ListItem\",\"position\":4,\"name\":\"Cristian Cano\"}]},{\"@type\":\"WebSite\",\"@id\":\"https:\/\/www.carshooting111.com\/ca\/#website\",\"url\":\"https:\/\/www.carshooting111.com\/ca\/\",\"name\":\"CARSHOOTING111\",\"description\":\"\",\"potentialAction\":[{\"@type\":\"SearchAction\",\"target\":{\"@type\":\"EntryPoint\",\"urlTemplate\":\"https:\/\/www.carshooting111.com\/ca\/?s={search_term_string}\"},\"query-input\":{\"@type\":\"PropertyValueSpecification\",\"valueRequired\":true,\"valueName\":\"search_term_string\"}}],\"inLanguage\":\"ca\"}]}<\/script>\n<!-- \/ Yoast SEO plugin. -->","yoast_head_json":{"title":"Cristian Cano | Carshooting111","robots":{"index":"index","follow":"follow","max-snippet":"max-snippet:-1","max-image-preview":"max-image-preview:large","max-video-preview":"max-video-preview:-1"},"canonical":"https:\/\/www.carshooting111.com\/ca\/tecnics\/precision-drivers\/cris-cano\/","og_locale":"ca_ES","og_type":"article","og_title":"Cristian Cano | Carshooting111","og_description":"CRIS CANO 6 de juny de 1985Al\u00e7ada: 1.75 mPes: 75kgCamisa: MPantalons: 40Cal\u00e7at: 43PERMISOS: A, B i BTPVEURE CURR\u00cdCULUM","og_url":"https:\/\/www.carshooting111.com\/ca\/tecnics\/precision-drivers\/cris-cano\/","og_site_name":"CARSHOOTING111","article_modified_time":"2024-10-15T13:28:24+00:00","twitter_card":"summary_large_image","twitter_misc":{"Temps estimat de lectura":"1 minut"},"schema":{"@context":"https:\/\/schema.org","@graph":[{"@type":"WebPage","@id":"https:\/\/www.carshooting111.com\/ca\/tecnics\/precision-drivers\/cris-cano\/","url":"https:\/\/www.carshooting111.com\/ca\/tecnics\/precision-drivers\/cris-cano\/","name":"Cristian Cano | Carshooting111","isPartOf":{"@id":"https:\/\/www.carshooting111.com\/ca\/#website"},"datePublished":"2020-12-11T12:37:35+00:00","dateModified":"2024-10-15T13:28:24+00:00","breadcrumb":{"@id":"https:\/\/www.carshooting111.com\/ca\/tecnics\/precision-drivers\/cris-cano\/#breadcrumb"},"inLanguage":"ca","potentialAction":[{"@type":"ReadAction","target":["https:\/\/www.carshooting111.com\/ca\/tecnics\/precision-drivers\/cris-cano\/"]}]},{"@type":"BreadcrumbList","@id":"https:\/\/www.carshooting111.com\/ca\/tecnics\/precision-drivers\/cris-cano\/#breadcrumb","itemListElement":[{"@type":"ListItem","position":1,"name":"Home","item":"https:\/\/www.carshooting111.com\/ca\/"},{"@type":"ListItem","position":2,"name":"T\u00e8cnics","item":"https:\/\/www.carshooting111.com\/ca\/tecnics\/"},{"@type":"ListItem","position":3,"name":"Precision drivers","item":"https:\/\/www.carshooting111.com\/ca\/tecnics\/precision-drivers\/"},{"@type":"ListItem","position":4,"name":"Cristian Cano"}]},{"@type":"WebSite","@id":"https:\/\/www.carshooting111.com\/ca\/#website","url":"https:\/\/www.carshooting111.com\/ca\/","name":"CARSHOOTING111","description":"","potentialAction":[{"@type":"SearchAction","target":{"@type":"EntryPoint","urlTemplate":"https:\/\/www.carshooting111.com\/ca\/?s={search_term_string}"},"query-input":{"@type":"PropertyValueSpecification","valueRequired":true,"valueName":"search_term_string"}}],"inLanguage":"ca"}]}},"_links":{"self":[{"href":"https:\/\/www.carshooting111.com\/ca\/wp-json\/wp\/v2\/pages\/6657","targetHints":{"allow":["GET"]}}],"collection":[{"href":"https:\/\/www.carshooting111.com\/ca\/wp-json\/wp\/v2\/pages"}],"about":[{"href":"https:\/\/www.carshooting111.com\/ca\/wp-json\/wp\/v2\/types\/page"}],"author":[{"embeddable":true,"href":"https:\/\/www.carshooting111.com\/ca\/wp-json\/wp\/v2\/users\/2"}],"replies":[{"embeddable":true,"href":"https:\/\/www.carshooting111.com\/ca\/wp-json\/wp\/v2\/comments?post=6657"}],"version-history":[{"count":7,"href":"https:\/\/www.carshooting111.com\/ca\/wp-json\/wp\/v2\/pages\/6657\/revisions"}],"predecessor-version":[{"id":13682,"href":"https:\/\/www.carshooting111.com\/ca\/wp-json\/wp\/v2\/pages\/6657\/revisions\/13682"}],"up":[{"embeddable":true,"href":"https:\/\/www.carshooting111.com\/ca\/wp-json\/wp\/v2\/pages\/5004"}],"wp:attachment":[{"href":"https:\/\/www.carshooting111.com\/ca\/wp-json\/wp\/v2\/media?parent=6657"}],"curies":[{"name":"wp","href":"https:\/\/api.w.org\/{rel}","templated":true}]}}