{"id":5089,"date":"2017-04-12T17:33:34","date_gmt":"2017-04-12T15:33:34","guid":{"rendered":"http:\/\/www.carshooting111.com\/ca\/vehicles-accio\/quad\/"},"modified":"2023-12-05T09:42:54","modified_gmt":"2023-12-05T08:42:54","slug":"quad","status":"publish","type":"page","link":"https:\/\/www.carshooting111.com\/ca\/vehicles-accio\/quad\/","title":{"rendered":"Quad 6&#215;6"},"content":{"rendered":"<p>[et_pb_section fb_built=&#8221;1&#8243; admin_label=&#8221;section&#8221; module_class=&#8221;fullwidth&#8221; _builder_version=&#8221;4.16&#8243; transparent_background=&#8221;off&#8221; make_fullwidth=&#8221;off&#8221; use_custom_width=&#8221;off&#8221; width_unit=&#8221;on&#8221; global_colors_info=&#8221;{}&#8221;][et_pb_row column_structure=&#8221;1_2,1_2&#8243; admin_label=&#8221;row&#8221; module_class=&#8221;header-block&#8221; _builder_version=&#8221;4.16&#8243; background_image=&#8221;\/wp-content\/uploads\/2017\/04\/cabecera-quad.jpg&#8221; background_size=&#8221;initial&#8221; background_position=&#8221;top_left&#8221; background_repeat=&#8221;repeat&#8221; make_fullwidth=&#8221;off&#8221; use_custom_width=&#8221;off&#8221; width_unit=&#8221;on&#8221; global_colors_info=&#8221;{}&#8221;][et_pb_column type=&#8221;1_2&#8243; _builder_version=&#8221;4.16&#8243; custom_padding=&#8221;|||&#8221; global_colors_info=&#8221;{}&#8221; custom_padding__hover=&#8221;|||&#8221;][et_pb_text admin_label=&#8221;Text&#8221; _builder_version=&#8221;4.16&#8243; background_size=&#8221;initial&#8221; background_position=&#8221;top_left&#8221; background_repeat=&#8221;repeat&#8221; use_border_color=&#8221;off&#8221; border_color=&#8221;#ffffff&#8221; border_style=&#8221;solid&#8221; global_colors_info=&#8221;{}&#8221;]<\/p>\n<h1>Quad 6&#215;6<\/h1>\n<p>[\/et_pb_text][\/et_pb_column][et_pb_column type=&#8221;1_2&#8243; _builder_version=&#8221;4.16&#8243; custom_padding=&#8221;|||&#8221; global_colors_info=&#8221;{}&#8221; custom_padding__hover=&#8221;|||&#8221;][et_pb_text admin_label=&#8221;Text&#8221; _builder_version=&#8221;4.16&#8243; background_size=&#8221;initial&#8221; background_position=&#8221;top_left&#8221; background_repeat=&#8221;repeat&#8221; use_border_color=&#8221;off&#8221; border_color=&#8221;#ffffff&#8221; border_style=&#8221;solid&#8221; global_colors_info=&#8221;{}&#8221;]Vehicle destinat a la captaci\u00f3 d&#8217;escenes en moviment en localitzacions de dif\u00edcil acc\u00e9s o fora de carretera (pistes, muntanya, platja, etc &#8230;).<\/p>\n<p>Tant per la part frontal com per darrere, est\u00e0 preparat amb plataformes d&#8217;alumini d&#8217;alta resist\u00e8ncia, per poder treballar amb estructura tubular de 48,3 mm. Tamb\u00e9n disposa de protectors de pas de roda. Disposem d&#8217;oruga per a treballs en neu i fang extrem.<\/p>\n<p>Molt pr\u00e0ctic per a diversos usos: des del treball amb operadors de steadicam, tant com per treballar a m\u00e0 al\u00e7ada i amb cap\u00e7als remots diversos.<br \/>\n[\/et_pb_text][\/et_pb_column][\/et_pb_row][et_pb_row module_class=&#8221;breadcrumbs_container&#8221; _builder_version=&#8221;4.19.2&#8243; _module_preset=&#8221;default&#8221; custom_padding=&#8221;0px||0px||false|false&#8221; global_module=&#8221;10992&#8243; global_colors_info=&#8221;{}&#8221;][et_pb_column type=&#8221;4_4&#8243; _builder_version=&#8221;4.19.2&#8243; _module_preset=&#8221;default&#8221; global_colors_info=&#8221;{}&#8221;][et_pb_code _builder_version=&#8221;4.19.2&#8243; _module_preset=&#8221;default&#8221; custom_padding=&#8221;50px|12%||12%|false|false&#8221; global_colors_info=&#8221;{}&#8221;]<span><span><a href=\"https:\/\/www.carshooting111.com\/ca\/\">Home<\/a><\/span><\/span>[\/et_pb_code][\/et_pb_column][\/et_pb_row][et_pb_row admin_label=&#8221;Row&#8221; module_class=&#8221;padding-container-imagenes no-padding-top&#8221; _builder_version=&#8221;4.19.2&#8243; background_size=&#8221;initial&#8221; background_position=&#8221;top_left&#8221; background_repeat=&#8221;repeat&#8221; custom_padding=&#8221;40px||50px||false|false&#8221; make_fullwidth=&#8221;off&#8221; use_custom_width=&#8221;off&#8221; width_unit=&#8221;on&#8221; global_colors_info=&#8221;{}&#8221;][et_pb_column type=&#8221;4_4&#8243; _builder_version=&#8221;4.16&#8243; custom_padding=&#8221;|||&#8221; global_colors_info=&#8221;{}&#8221; custom_padding__hover=&#8221;|||&#8221;][et_pb_slider admin_label=&#8221;Slider&#8221; module_class=&#8221;only-images&#8221; _builder_version=&#8221;4.19.2&#8243; background_size=&#8221;initial&#8221; custom_padding=&#8221;|||&#8221; custom_padding_tablet=&#8221;|||&#8221; custom_padding_phone=&#8221;|||&#8221; auto=&#8221;on&#8221; auto_speed=&#8221;4000&#8243; auto_ignore_hover=&#8221;on&#8221; hover_enabled=&#8221;0&#8243; box_shadow_style=&#8221;preset6&#8243; box_shadow_blur=&#8221;10px&#8221; box_shadow_color=&#8221;rgba(0,0,0,0.1)&#8221; remove_inner_shadow=&#8221;off&#8221; hide_content_on_mobile=&#8221;off&#8221; hide_cta_on_mobile=&#8221;off&#8221; show_inner_shadow=&#8221;on&#8221; button_letter_spacing_hover=&#8221;0&#8243; global_colors_info=&#8221;{}&#8221; button_text_size__hover_enabled=&#8221;off&#8221; button_one_text_size__hover_enabled=&#8221;off&#8221; button_two_text_size__hover_enabled=&#8221;off&#8221; button_text_color__hover_enabled=&#8221;off&#8221; button_one_text_color__hover_enabled=&#8221;off&#8221; button_two_text_color__hover_enabled=&#8221;off&#8221; button_border_width__hover_enabled=&#8221;off&#8221; button_one_border_width__hover_enabled=&#8221;off&#8221; button_two_border_width__hover_enabled=&#8221;off&#8221; button_border_color__hover_enabled=&#8221;off&#8221; button_one_border_color__hover_enabled=&#8221;off&#8221; button_two_border_color__hover_enabled=&#8221;off&#8221; button_border_radius__hover_enabled=&#8221;off&#8221; button_one_border_radius__hover_enabled=&#8221;off&#8221; button_two_border_radius__hover_enabled=&#8221;off&#8221; button_letter_spacing__hover_enabled=&#8221;on&#8221; button_letter_spacing__hover=&#8221;0&#8243; button_one_letter_spacing__hover_enabled=&#8221;off&#8221; button_two_letter_spacing__hover_enabled=&#8221;off&#8221; button_bg_color__hover_enabled=&#8221;off&#8221; button_one_bg_color__hover_enabled=&#8221;off&#8221; button_two_bg_color__hover_enabled=&#8221;off&#8221; show_pagination=&#8221;off&#8221; sticky_enabled=&#8221;0&#8243;]<div class=\"et_pb_slide et_pb_slide_with_image et_pb_bg_layout_dark et_pb_media_alignment_center\" style='background-color:#ffffff;'>\n\t\t\t\n\t\t\t<div class=\"et_pb_container clearfix\"><div class=\"contenedor\">\n\t\t\t\t<div class=\"et_pb_slide_image\"><img decoding=\"async\" src=\"\/wp-content\/uploads\/2017\/04\/Carshooting111-Quad-6x6-Slide1.jpg\" alt=\"\" \/><\/div>\n\t\t\t\t<div class=\"et_pb_slide_description\">\n\t\t\t\t\n\t\t\t\t<div class=\"izquierda\">\t\n\t\t\t\t\n\t\t\t\t<h1>\t\t\n\t\t\t\t\t\n\t\t\t\t<\/h1>\n\t\t\t\t\n\t\t\t\t<div class=\"et_pb_slide_content\"><\/div>\n\t\t\t\t<\/div>\n\t\t\t\t\n\t\t\t\t<div class=\"derecha\">\n\t\t\t\t\t\n\t\t\t\t<\/div>\n\t\t\t\t\n\t\t\t\t<\/div> <!-- .et_pb_slide_description -->\n                                <\/div>\n\t\t\t<\/div> <!-- .et_pb_container -->\n\t\t\t\n\t\t<\/div> <!-- .et_pb_slide -->\n\t\t<div class=\"et_pb_slide et_pb_slide_with_image et_pb_bg_layout_dark et_pb_media_alignment_center\" style='background-color:#ffffff;'>\n\t\t\t\n\t\t\t<div class=\"et_pb_container clearfix\"><div class=\"contenedor\">\n\t\t\t\t<div class=\"et_pb_slide_image\"><img decoding=\"async\" src=\"\/wp-content\/uploads\/2017\/04\/Carshooting111-Quad-6x6-Slide2.jpg\" alt=\"\" \/><\/div>\n\t\t\t\t<div class=\"et_pb_slide_description\">\n\t\t\t\t\n\t\t\t\t<div class=\"izquierda\">\t\n\t\t\t\t\n\t\t\t\t<h1>\t\t\n\t\t\t\t\t\n\t\t\t\t<\/h1>\n\t\t\t\t\n\t\t\t\t<div class=\"et_pb_slide_content\"><\/div>\n\t\t\t\t<\/div>\n\t\t\t\t\n\t\t\t\t<div class=\"derecha\">\n\t\t\t\t\t\n\t\t\t\t<\/div>\n\t\t\t\t\n\t\t\t\t<\/div> <!-- .et_pb_slide_description -->\n                                <\/div>\n\t\t\t<\/div> <!-- .et_pb_container -->\n\t\t\t\n\t\t<\/div> <!-- .et_pb_slide -->\n\t\t<div class=\"et_pb_slide et_pb_slide_with_image et_pb_bg_layout_dark et_pb_media_alignment_center\" style='background-color:#ffffff;'>\n\t\t\t\n\t\t\t<div class=\"et_pb_container clearfix\"><div class=\"contenedor\">\n\t\t\t\t<div class=\"et_pb_slide_image\"><img decoding=\"async\" src=\"\/wp-content\/uploads\/2017\/04\/Carshooting111-Quad-6x6-Slide3.jpg\" alt=\"\" \/><\/div>\n\t\t\t\t<div class=\"et_pb_slide_description\">\n\t\t\t\t\n\t\t\t\t<div class=\"izquierda\">\t\n\t\t\t\t\n\t\t\t\t<h1>\t\t\n\t\t\t\t\t\n\t\t\t\t<\/h1>\n\t\t\t\t\n\t\t\t\t<div class=\"et_pb_slide_content\"><\/div>\n\t\t\t\t<\/div>\n\t\t\t\t\n\t\t\t\t<div class=\"derecha\">\n\t\t\t\t\t\n\t\t\t\t<\/div>\n\t\t\t\t\n\t\t\t\t<\/div> <!-- .et_pb_slide_description -->\n                                <\/div>\n\t\t\t<\/div> <!-- .et_pb_container -->\n\t\t\t\n\t\t<\/div> <!-- .et_pb_slide -->\n\t\t[\/et_pb_slider][\/et_pb_column][\/et_pb_row][et_pb_row column_structure=&#8221;1_2,1_2&#8243; admin_label=&#8221;Row&#8221; module_id=&#8221;bloque-ficha-coche&#8221; module_class=&#8221;background-block small-paddings&#8221; _builder_version=&#8221;4.16&#8243; background_image=&#8221;https:\/\/www.carshooting111.com\/wp-content\/uploads\/2017\/04\/Quad-amb-columna-1.jpg&#8221; background_size=&#8221;initial&#8221; background_position=&#8221;top_left&#8221; background_repeat=&#8221;repeat&#8221; make_fullwidth=&#8221;off&#8221; use_custom_width=&#8221;off&#8221; width_unit=&#8221;on&#8221; global_colors_info=&#8221;{}&#8221;][et_pb_column type=&#8221;1_2&#8243; _builder_version=&#8221;4.16&#8243; custom_padding=&#8221;|||&#8221; global_colors_info=&#8221;{}&#8221; custom_padding__hover=&#8221;|||&#8221;][et_pb_text admin_label=&#8221;Text&#8221; _builder_version=&#8221;4.16&#8243; background_size=&#8221;initial&#8221; background_position=&#8221;top_left&#8221; background_repeat=&#8221;repeat&#8221; use_border_color=&#8221;off&#8221; border_color=&#8221;#ffffff&#8221; border_style=&#8221;solid&#8221; global_colors_info=&#8221;{}&#8221;]<\/p>\n<h4>Caracter\u00edstiques t\u00e8cniques<\/h4>\n<p>Motor: Monocilindric 4 temps<br \/>\nPot\u00e8ncia: 500 c.c<br \/>\nTracci\u00f3: 4&#215;6 \/ 6&#215;6<br \/>\nVelocitat m\u00e0xima: 70 Km\/h<br \/>\nDimensions:<\/p>\n<ul>\n<li>Llargada 2.250. mm<\/li>\n<li>Amplada 1.100 mm<\/li>\n<li>Al\u00e7ada 1.150 mm<\/li>\n<li>Batalla 1.650 mm<\/li>\n<\/ul>\n<p><a class=\"link_fichatecnica\" href=\"https:\/\/www.carshooting111.com\/wp-content\/uploads\/2022\/07\/CAT-CS111-Quad_Fitxa_2022.pdf\" target=\"_blank\" rel=\"noopener noreferrer\">Descarrega la fitxa t\u00e8cnica<\/a><br \/>\n[\/et_pb_text][\/et_pb_column][et_pb_column type=&#8221;1_2&#8243; _builder_version=&#8221;4.16&#8243; custom_padding=&#8221;|||&#8221; global_colors_info=&#8221;{}&#8221; custom_padding__hover=&#8221;|||&#8221;][\/et_pb_column][\/et_pb_row][\/et_pb_section]<\/p>\n","protected":false},"excerpt":{"rendered":"<p>Quad 6&#215;6 Vehicle destinat a la captaci\u00f3 d&#8217;escenes en moviment en localitzacions de dif\u00edcil acc\u00e9s o fora de carretera (pistes, muntanya, platja, etc &#8230;). Tant per la part frontal com per darrere, est\u00e0 preparat amb plataformes d&#8217;alumini d&#8217;alta resist\u00e8ncia, per poder treballar amb estructura tubular de 48,3 mm. Tamb\u00e9n disposa de protectors de pas de [&hellip;]<\/p>\n","protected":false},"author":2,"featured_media":0,"parent":5047,"menu_order":0,"comment_status":"closed","ping_status":"closed","template":"","meta":{"_acf_changed":false,"_et_pb_use_builder":"on","_et_pb_old_content":"","_et_gb_content_width":"","inline_featured_image":false,"footnotes":""},"class_list":["post-5089","page","type-page","status-publish","hentry"],"acf":[],"yoast_head":"<!-- This site is optimized with the Yoast SEO plugin v23.9 - https:\/\/yoast.com\/wordpress\/plugins\/seo\/ -->\n<title>Quad 6x6 - CARSHOOTING111<\/title>\n<meta name=\"robots\" content=\"index, follow, max-snippet:-1, max-image-preview:large, max-video-preview:-1\" \/>\n<link rel=\"canonical\" href=\"https:\/\/www.carshooting111.com\/ca\/vehicles-accio\/quad\/\" \/>\n<meta property=\"og:locale\" content=\"ca_ES\" \/>\n<meta property=\"og:type\" content=\"article\" \/>\n<meta property=\"og:title\" content=\"Quad 6x6 - CARSHOOTING111\" \/>\n<meta property=\"og:description\" content=\"Quad 6x6 Vehicle destinat a la captaci\u00f3 d&#039;escenes en moviment en localitzacions de dif\u00edcil acc\u00e9s o fora de carretera (pistes, muntanya, platja, etc ...). Tant per la part frontal com per darrere, est\u00e0 preparat amb plataformes d&#039;alumini d&#039;alta resist\u00e8ncia, per poder treballar amb estructura tubular de 48,3 mm. Tamb\u00e9n disposa de protectors de pas de [&hellip;]\" \/>\n<meta property=\"og:url\" content=\"https:\/\/www.carshooting111.com\/ca\/vehicles-accio\/quad\/\" \/>\n<meta property=\"og:site_name\" content=\"CARSHOOTING111\" \/>\n<meta property=\"article:modified_time\" content=\"2023-12-05T08:42:54+00:00\" \/>\n<meta name=\"twitter:card\" content=\"summary_large_image\" \/>\n<meta name=\"twitter:label1\" content=\"Temps estimat de lectura\" \/>\n\t<meta name=\"twitter:data1\" content=\"2 minuts\" \/>\n<script type=\"application\/ld+json\" class=\"yoast-schema-graph\">{\"@context\":\"https:\/\/schema.org\",\"@graph\":[{\"@type\":\"WebPage\",\"@id\":\"https:\/\/www.carshooting111.com\/ca\/vehicles-accio\/quad\/\",\"url\":\"https:\/\/www.carshooting111.com\/ca\/vehicles-accio\/quad\/\",\"name\":\"Quad 6x6 - CARSHOOTING111\",\"isPartOf\":{\"@id\":\"https:\/\/www.carshooting111.com\/ca\/#website\"},\"datePublished\":\"2017-04-12T15:33:34+00:00\",\"dateModified\":\"2023-12-05T08:42:54+00:00\",\"breadcrumb\":{\"@id\":\"https:\/\/www.carshooting111.com\/ca\/vehicles-accio\/quad\/#breadcrumb\"},\"inLanguage\":\"ca\",\"potentialAction\":[{\"@type\":\"ReadAction\",\"target\":[\"https:\/\/www.carshooting111.com\/ca\/vehicles-accio\/quad\/\"]}]},{\"@type\":\"BreadcrumbList\",\"@id\":\"https:\/\/www.carshooting111.com\/ca\/vehicles-accio\/quad\/#breadcrumb\",\"itemListElement\":[{\"@type\":\"ListItem\",\"position\":1,\"name\":\"Home\",\"item\":\"https:\/\/www.carshooting111.com\/ca\/\"},{\"@type\":\"ListItem\",\"position\":2,\"name\":\"Vehicles d&#8217;acci\u00f3\",\"item\":\"https:\/\/www.carshooting111.com\/ca\/vehicles-accio\/\"},{\"@type\":\"ListItem\",\"position\":3,\"name\":\"Quad 6&#215;6\"}]},{\"@type\":\"WebSite\",\"@id\":\"https:\/\/www.carshooting111.com\/ca\/#website\",\"url\":\"https:\/\/www.carshooting111.com\/ca\/\",\"name\":\"CARSHOOTING111\",\"description\":\"\",\"potentialAction\":[{\"@type\":\"SearchAction\",\"target\":{\"@type\":\"EntryPoint\",\"urlTemplate\":\"https:\/\/www.carshooting111.com\/ca\/?s={search_term_string}\"},\"query-input\":{\"@type\":\"PropertyValueSpecification\",\"valueRequired\":true,\"valueName\":\"search_term_string\"}}],\"inLanguage\":\"ca\"}]}<\/script>\n<!-- \/ Yoast SEO plugin. -->","yoast_head_json":{"title":"Quad 6x6 - CARSHOOTING111","robots":{"index":"index","follow":"follow","max-snippet":"max-snippet:-1","max-image-preview":"max-image-preview:large","max-video-preview":"max-video-preview:-1"},"canonical":"https:\/\/www.carshooting111.com\/ca\/vehicles-accio\/quad\/","og_locale":"ca_ES","og_type":"article","og_title":"Quad 6x6 - CARSHOOTING111","og_description":"Quad 6x6 Vehicle destinat a la captaci\u00f3 d'escenes en moviment en localitzacions de dif\u00edcil acc\u00e9s o fora de carretera (pistes, muntanya, platja, etc ...). Tant per la part frontal com per darrere, est\u00e0 preparat amb plataformes d'alumini d'alta resist\u00e8ncia, per poder treballar amb estructura tubular de 48,3 mm. Tamb\u00e9n disposa de protectors de pas de [&hellip;]","og_url":"https:\/\/www.carshooting111.com\/ca\/vehicles-accio\/quad\/","og_site_name":"CARSHOOTING111","article_modified_time":"2023-12-05T08:42:54+00:00","twitter_card":"summary_large_image","twitter_misc":{"Temps estimat de lectura":"2 minuts"},"schema":{"@context":"https:\/\/schema.org","@graph":[{"@type":"WebPage","@id":"https:\/\/www.carshooting111.com\/ca\/vehicles-accio\/quad\/","url":"https:\/\/www.carshooting111.com\/ca\/vehicles-accio\/quad\/","name":"Quad 6x6 - CARSHOOTING111","isPartOf":{"@id":"https:\/\/www.carshooting111.com\/ca\/#website"},"datePublished":"2017-04-12T15:33:34+00:00","dateModified":"2023-12-05T08:42:54+00:00","breadcrumb":{"@id":"https:\/\/www.carshooting111.com\/ca\/vehicles-accio\/quad\/#breadcrumb"},"inLanguage":"ca","potentialAction":[{"@type":"ReadAction","target":["https:\/\/www.carshooting111.com\/ca\/vehicles-accio\/quad\/"]}]},{"@type":"BreadcrumbList","@id":"https:\/\/www.carshooting111.com\/ca\/vehicles-accio\/quad\/#breadcrumb","itemListElement":[{"@type":"ListItem","position":1,"name":"Home","item":"https:\/\/www.carshooting111.com\/ca\/"},{"@type":"ListItem","position":2,"name":"Vehicles d&#8217;acci\u00f3","item":"https:\/\/www.carshooting111.com\/ca\/vehicles-accio\/"},{"@type":"ListItem","position":3,"name":"Quad 6&#215;6"}]},{"@type":"WebSite","@id":"https:\/\/www.carshooting111.com\/ca\/#website","url":"https:\/\/www.carshooting111.com\/ca\/","name":"CARSHOOTING111","description":"","potentialAction":[{"@type":"SearchAction","target":{"@type":"EntryPoint","urlTemplate":"https:\/\/www.carshooting111.com\/ca\/?s={search_term_string}"},"query-input":{"@type":"PropertyValueSpecification","valueRequired":true,"valueName":"search_term_string"}}],"inLanguage":"ca"}]}},"_links":{"self":[{"href":"https:\/\/www.carshooting111.com\/ca\/wp-json\/wp\/v2\/pages\/5089","targetHints":{"allow":["GET"]}}],"collection":[{"href":"https:\/\/www.carshooting111.com\/ca\/wp-json\/wp\/v2\/pages"}],"about":[{"href":"https:\/\/www.carshooting111.com\/ca\/wp-json\/wp\/v2\/types\/page"}],"author":[{"embeddable":true,"href":"https:\/\/www.carshooting111.com\/ca\/wp-json\/wp\/v2\/users\/2"}],"replies":[{"embeddable":true,"href":"https:\/\/www.carshooting111.com\/ca\/wp-json\/wp\/v2\/comments?post=5089"}],"version-history":[{"count":7,"href":"https:\/\/www.carshooting111.com\/ca\/wp-json\/wp\/v2\/pages\/5089\/revisions"}],"predecessor-version":[{"id":12100,"href":"https:\/\/www.carshooting111.com\/ca\/wp-json\/wp\/v2\/pages\/5089\/revisions\/12100"}],"up":[{"embeddable":true,"href":"https:\/\/www.carshooting111.com\/ca\/wp-json\/wp\/v2\/pages\/5047"}],"wp:attachment":[{"href":"https:\/\/www.carshooting111.com\/ca\/wp-json\/wp\/v2\/media?parent=5089"}],"curies":[{"name":"wp","href":"https:\/\/api.w.org\/{rel}","templated":true}]}}