{"id":5025,"date":"2017-04-11T16:56:40","date_gmt":"2017-04-11T14:56:40","guid":{"rendered":"http:\/\/www.carshooting111.com\/ca\/rig-system\/"},"modified":"2024-01-30T10:02:44","modified_gmt":"2024-01-30T09:02:44","slug":"rig-system","status":"publish","type":"page","link":"https:\/\/www.carshooting111.com\/ca\/rig-system\/","title":{"rendered":"Rig System"},"content":{"rendered":"<p>[et_pb_section fb_built=&#8221;1&#8243; admin_label=&#8221;section&#8221; module_id=&#8221;page_rig_system&#8221; module_class=&#8221;fullwidth&#8221; _builder_version=&#8221;4.16&#8243; transparent_background=&#8221;off&#8221; make_fullwidth=&#8221;off&#8221; use_custom_width=&#8221;off&#8221; width_unit=&#8221;on&#8221; global_colors_info=&#8221;{}&#8221;][et_pb_row column_structure=&#8221;1_2,1_2&#8243; admin_label=&#8221;row&#8221; module_class=&#8221;header-block&#8221; _builder_version=&#8221;4.16&#8243; background_image=&#8221;\/wp-content\/uploads\/2017\/04\/rigsystem-background.jpg&#8221; background_size=&#8221;initial&#8221; background_position=&#8221;top_left&#8221; background_repeat=&#8221;repeat&#8221; background_video_width=&#8221;100%&#8221; make_fullwidth=&#8221;off&#8221; use_custom_width=&#8221;off&#8221; width_unit=&#8221;on&#8221; global_colors_info=&#8221;{}&#8221;][et_pb_column type=&#8221;1_2&#8243; _builder_version=&#8221;4.16&#8243; custom_padding=&#8221;|||&#8221; global_colors_info=&#8221;{}&#8221; custom_padding__hover=&#8221;|||&#8221;][et_pb_text admin_label=&#8221;Text&#8221; _builder_version=&#8221;4.16&#8243; background_size=&#8221;initial&#8221; background_position=&#8221;top_left&#8221; background_repeat=&#8221;repeat&#8221; use_border_color=&#8221;off&#8221; border_color=&#8221;#ffffff&#8221; border_style=&#8221;solid&#8221; global_colors_info=&#8221;{}&#8221;]<\/p>\n<h1 style=\"text-transform:uppercase!important\">Rig<br \/>\nSystem<\/h1>\n<p>[\/et_pb_text][\/et_pb_column][et_pb_column type=&#8221;1_2&#8243; _builder_version=&#8221;4.16&#8243; custom_padding=&#8221;|||&#8221; global_colors_info=&#8221;{}&#8221; custom_padding__hover=&#8221;|||&#8221;][et_pb_text admin_label=&#8221;Text&#8221; _builder_version=&#8221;4.16&#8243; background_size=&#8221;initial&#8221; background_position=&#8221;top_left&#8221; background_repeat=&#8221;repeat&#8221; use_border_color=&#8221;off&#8221; border_color=&#8221;#ffffff&#8221; border_style=&#8221;solid&#8221; global_colors_info=&#8221;{}&#8221;]El sistema pot ser instal\u00b7lat en qualsevol tipus de vehicle (cotxes, camions, furgonetes, autobusos i motocicletes), permetent obtenir imatges i enquadraments espectaculars.<\/p>\n<p>Consisteix en un sistema modular de fixaci\u00f3 de c\u00e0meres professionals mitjan\u00e7ant materials d&#8217;\u00faltima generaci\u00f3, com l&#8217;alumini d&#8217;alta resist\u00e8ncia 7075 T6, i un compost de fibra de carboni-kevlar, que ens permeten treballar al voltant del vehicle amb gran rapidesa i comoditat.<br \/>\n[\/et_pb_text][\/et_pb_column][\/et_pb_row][et_pb_row module_class=&#8221;breadcrumbs_container&#8221; _builder_version=&#8221;4.19.2&#8243; _module_preset=&#8221;default&#8221; custom_padding=&#8221;0px||0px||false|false&#8221; global_module=&#8221;10992&#8243; global_colors_info=&#8221;{}&#8221;][et_pb_column type=&#8221;4_4&#8243; _builder_version=&#8221;4.19.2&#8243; _module_preset=&#8221;default&#8221; global_colors_info=&#8221;{}&#8221;][et_pb_code _builder_version=&#8221;4.19.2&#8243; _module_preset=&#8221;default&#8221; custom_padding=&#8221;50px|12%||12%|false|false&#8221; global_colors_info=&#8221;{}&#8221;]<span><span><a href=\"https:\/\/www.carshooting111.com\/ca\/\">Home<\/a><\/span><\/span>[\/et_pb_code][\/et_pb_column][\/et_pb_row][et_pb_row admin_label=&#8221;Row&#8221; module_class=&#8221;no-padding-top no-padding-bottom precision-drivers&#8221; _builder_version=&#8221;4.19.2&#8243; background_enable_image=&#8221;off&#8221; background_size=&#8221;initial&#8221; background_position=&#8221;top_left&#8221; background_repeat=&#8221;repeat&#8221; custom_padding=&#8221;40px||50px||false|false&#8221; make_fullwidth=&#8221;off&#8221; use_custom_width=&#8221;off&#8221; width_unit=&#8221;on&#8221; global_colors_info=&#8221;{}&#8221;][et_pb_column type=&#8221;4_4&#8243; _builder_version=&#8221;4.16&#8243; custom_padding=&#8221;|||&#8221; global_colors_info=&#8221;{}&#8221; custom_padding__hover=&#8221;|||&#8221;][et_pb_team_member name=&#8221;RIGPhoto&#8221; image_url=&#8221;\/wp-content\/uploads\/2017\/04\/rigphoto-mini.png&#8221; admin_label=&#8221;Person&#8221; _builder_version=&#8221;4.19.2&#8243; background_size=&#8221;initial&#8221; background_position=&#8221;top_left&#8221; background_repeat=&#8221;repeat&#8221; use_border_color=&#8221;off&#8221; border_color=&#8221;#ffffff&#8221; border_style=&#8221;solid&#8221; global_colors_info=&#8221;{}&#8221;]<\/p>\n<p><a href=\"https:\/\/www.carshooting111.com\/ca\/rig-system\/rig-photo\/\">M\u00e9s detalls<\/a><\/p>\n<p>[\/et_pb_team_member][et_pb_team_member name=&#8221;RIGFilm&#8221; image_url=&#8221;\/wp-content\/uploads\/2017\/04\/rigpfilm-mini.png&#8221; admin_label=&#8221;Person&#8221; _builder_version=&#8221;4.19.2&#8243; background_size=&#8221;initial&#8221; background_position=&#8221;top_left&#8221; background_repeat=&#8221;repeat&#8221; use_border_color=&#8221;off&#8221; border_color=&#8221;#ffffff&#8221; border_style=&#8221;solid&#8221; global_colors_info=&#8221;{}&#8221;]<\/p>\n<p><a href=\"https:\/\/www.carshooting111.com\/ca\/rig-system\/rig-film\/\">M\u00e9s detalls<\/a><\/p>\n<p>[\/et_pb_team_member][et_pb_team_member name=&#8221;RIGBike&#8221; image_url=&#8221;\/wp-content\/uploads\/2017\/04\/rigpbike-mini.png&#8221; admin_label=&#8221;Person&#8221; _builder_version=&#8221;4.19.2&#8243; background_size=&#8221;initial&#8221; background_position=&#8221;top_left&#8221; background_repeat=&#8221;repeat&#8221; use_border_color=&#8221;off&#8221; border_color=&#8221;#ffffff&#8221; border_style=&#8221;solid&#8221; global_colors_info=&#8221;{}&#8221;]<\/p>\n<p><a href=\"https:\/\/www.carshooting111.com\/ca\/rig-system\/rig-bike\/\">M\u00e9s detalls<\/a><\/p>\n<p>[\/et_pb_team_member][\/et_pb_column][\/et_pb_row][\/et_pb_section]<\/p>\n","protected":false},"excerpt":{"rendered":"<p>Rig System El sistema pot ser instal\u00b7lat en qualsevol tipus de vehicle (cotxes, camions, furgonetes, autobusos i motocicletes), permetent obtenir imatges i enquadraments espectaculars. Consisteix en un sistema modular de fixaci\u00f3 de c\u00e0meres professionals mitjan\u00e7ant materials d&#8217;\u00faltima generaci\u00f3, com l&#8217;alumini d&#8217;alta resist\u00e8ncia 7075 T6, i un compost de fibra de carboni-kevlar, que ens permeten treballar [&hellip;]<\/p>\n","protected":false},"author":2,"featured_media":0,"parent":0,"menu_order":13,"comment_status":"closed","ping_status":"closed","template":"","meta":{"_acf_changed":false,"_et_pb_use_builder":"on","_et_pb_old_content":"Car Care","_et_gb_content_width":"","inline_featured_image":false,"footnotes":""},"class_list":["post-5025","page","type-page","status-publish","hentry"],"acf":[],"yoast_head":"<!-- This site is optimized with the Yoast SEO plugin v23.9 - https:\/\/yoast.com\/wordpress\/plugins\/seo\/ -->\n<title>Rig System - CARSHOOTING111<\/title>\n<meta name=\"robots\" content=\"index, follow, max-snippet:-1, max-image-preview:large, max-video-preview:-1\" \/>\n<link rel=\"canonical\" href=\"https:\/\/www.carshooting111.com\/ca\/rig-system\/\" \/>\n<meta property=\"og:locale\" content=\"ca_ES\" \/>\n<meta property=\"og:type\" content=\"article\" \/>\n<meta property=\"og:title\" content=\"Rig System - CARSHOOTING111\" \/>\n<meta property=\"og:description\" content=\"Rig System El sistema pot ser instal\u00b7lat en qualsevol tipus de vehicle (cotxes, camions, furgonetes, autobusos i motocicletes), permetent obtenir imatges i enquadraments espectaculars. Consisteix en un sistema modular de fixaci\u00f3 de c\u00e0meres professionals mitjan\u00e7ant materials d&#039;\u00faltima generaci\u00f3, com l&#039;alumini d&#039;alta resist\u00e8ncia 7075 T6, i un compost de fibra de carboni-kevlar, que ens permeten treballar [&hellip;]\" \/>\n<meta property=\"og:url\" content=\"https:\/\/www.carshooting111.com\/ca\/rig-system\/\" \/>\n<meta property=\"og:site_name\" content=\"CARSHOOTING111\" \/>\n<meta property=\"article:modified_time\" content=\"2024-01-30T09:02:44+00:00\" \/>\n<meta name=\"twitter:card\" content=\"summary_large_image\" \/>\n<meta name=\"twitter:label1\" content=\"Temps estimat de lectura\" \/>\n\t<meta name=\"twitter:data1\" content=\"2 minuts\" \/>\n<script type=\"application\/ld+json\" class=\"yoast-schema-graph\">{\"@context\":\"https:\/\/schema.org\",\"@graph\":[{\"@type\":\"WebPage\",\"@id\":\"https:\/\/www.carshooting111.com\/ca\/rig-system\/\",\"url\":\"https:\/\/www.carshooting111.com\/ca\/rig-system\/\",\"name\":\"Rig System - CARSHOOTING111\",\"isPartOf\":{\"@id\":\"https:\/\/www.carshooting111.com\/ca\/#website\"},\"datePublished\":\"2017-04-11T14:56:40+00:00\",\"dateModified\":\"2024-01-30T09:02:44+00:00\",\"breadcrumb\":{\"@id\":\"https:\/\/www.carshooting111.com\/ca\/rig-system\/#breadcrumb\"},\"inLanguage\":\"ca\",\"potentialAction\":[{\"@type\":\"ReadAction\",\"target\":[\"https:\/\/www.carshooting111.com\/ca\/rig-system\/\"]}]},{\"@type\":\"BreadcrumbList\",\"@id\":\"https:\/\/www.carshooting111.com\/ca\/rig-system\/#breadcrumb\",\"itemListElement\":[{\"@type\":\"ListItem\",\"position\":1,\"name\":\"Home\",\"item\":\"https:\/\/www.carshooting111.com\/ca\/\"},{\"@type\":\"ListItem\",\"position\":2,\"name\":\"Rig System\"}]},{\"@type\":\"WebSite\",\"@id\":\"https:\/\/www.carshooting111.com\/ca\/#website\",\"url\":\"https:\/\/www.carshooting111.com\/ca\/\",\"name\":\"CARSHOOTING111\",\"description\":\"\",\"potentialAction\":[{\"@type\":\"SearchAction\",\"target\":{\"@type\":\"EntryPoint\",\"urlTemplate\":\"https:\/\/www.carshooting111.com\/ca\/?s={search_term_string}\"},\"query-input\":{\"@type\":\"PropertyValueSpecification\",\"valueRequired\":true,\"valueName\":\"search_term_string\"}}],\"inLanguage\":\"ca\"}]}<\/script>\n<!-- \/ Yoast SEO plugin. -->","yoast_head_json":{"title":"Rig System - CARSHOOTING111","robots":{"index":"index","follow":"follow","max-snippet":"max-snippet:-1","max-image-preview":"max-image-preview:large","max-video-preview":"max-video-preview:-1"},"canonical":"https:\/\/www.carshooting111.com\/ca\/rig-system\/","og_locale":"ca_ES","og_type":"article","og_title":"Rig System - CARSHOOTING111","og_description":"Rig System El sistema pot ser instal\u00b7lat en qualsevol tipus de vehicle (cotxes, camions, furgonetes, autobusos i motocicletes), permetent obtenir imatges i enquadraments espectaculars. Consisteix en un sistema modular de fixaci\u00f3 de c\u00e0meres professionals mitjan\u00e7ant materials d'\u00faltima generaci\u00f3, com l'alumini d'alta resist\u00e8ncia 7075 T6, i un compost de fibra de carboni-kevlar, que ens permeten treballar [&hellip;]","og_url":"https:\/\/www.carshooting111.com\/ca\/rig-system\/","og_site_name":"CARSHOOTING111","article_modified_time":"2024-01-30T09:02:44+00:00","twitter_card":"summary_large_image","twitter_misc":{"Temps estimat de lectura":"2 minuts"},"schema":{"@context":"https:\/\/schema.org","@graph":[{"@type":"WebPage","@id":"https:\/\/www.carshooting111.com\/ca\/rig-system\/","url":"https:\/\/www.carshooting111.com\/ca\/rig-system\/","name":"Rig System - CARSHOOTING111","isPartOf":{"@id":"https:\/\/www.carshooting111.com\/ca\/#website"},"datePublished":"2017-04-11T14:56:40+00:00","dateModified":"2024-01-30T09:02:44+00:00","breadcrumb":{"@id":"https:\/\/www.carshooting111.com\/ca\/rig-system\/#breadcrumb"},"inLanguage":"ca","potentialAction":[{"@type":"ReadAction","target":["https:\/\/www.carshooting111.com\/ca\/rig-system\/"]}]},{"@type":"BreadcrumbList","@id":"https:\/\/www.carshooting111.com\/ca\/rig-system\/#breadcrumb","itemListElement":[{"@type":"ListItem","position":1,"name":"Home","item":"https:\/\/www.carshooting111.com\/ca\/"},{"@type":"ListItem","position":2,"name":"Rig System"}]},{"@type":"WebSite","@id":"https:\/\/www.carshooting111.com\/ca\/#website","url":"https:\/\/www.carshooting111.com\/ca\/","name":"CARSHOOTING111","description":"","potentialAction":[{"@type":"SearchAction","target":{"@type":"EntryPoint","urlTemplate":"https:\/\/www.carshooting111.com\/ca\/?s={search_term_string}"},"query-input":{"@type":"PropertyValueSpecification","valueRequired":true,"valueName":"search_term_string"}}],"inLanguage":"ca"}]}},"_links":{"self":[{"href":"https:\/\/www.carshooting111.com\/ca\/wp-json\/wp\/v2\/pages\/5025","targetHints":{"allow":["GET"]}}],"collection":[{"href":"https:\/\/www.carshooting111.com\/ca\/wp-json\/wp\/v2\/pages"}],"about":[{"href":"https:\/\/www.carshooting111.com\/ca\/wp-json\/wp\/v2\/types\/page"}],"author":[{"embeddable":true,"href":"https:\/\/www.carshooting111.com\/ca\/wp-json\/wp\/v2\/users\/2"}],"replies":[{"embeddable":true,"href":"https:\/\/www.carshooting111.com\/ca\/wp-json\/wp\/v2\/comments?post=5025"}],"version-history":[{"count":7,"href":"https:\/\/www.carshooting111.com\/ca\/wp-json\/wp\/v2\/pages\/5025\/revisions"}],"predecessor-version":[{"id":13169,"href":"https:\/\/www.carshooting111.com\/ca\/wp-json\/wp\/v2\/pages\/5025\/revisions\/13169"}],"wp:attachment":[{"href":"https:\/\/www.carshooting111.com\/ca\/wp-json\/wp\/v2\/media?parent=5025"}],"curies":[{"name":"wp","href":"https:\/\/api.w.org\/{rel}","templated":true}]}}