{"id":5008,"date":"2017-04-18T09:36:57","date_gmt":"2017-04-18T07:36:57","guid":{"rendered":"http:\/\/www.carshooting111.com\/ca\/transport-vehicles\/"},"modified":"2025-06-19T15:33:43","modified_gmt":"2025-06-19T13:33:43","slug":"transport-assistencia","status":"publish","type":"page","link":"https:\/\/www.carshooting111.com\/ca\/transport-assistencia\/","title":{"rendered":"Transport i assist\u00e8ncia"},"content":{"rendered":"<p>[et_pb_section fb_built=&#8221;1&#8243; admin_label=&#8221;section&#8221; module_class=&#8221;fullwidth&#8221; _builder_version=&#8221;4.16&#8243; transparent_background=&#8221;off&#8221; make_fullwidth=&#8221;off&#8221; use_custom_width=&#8221;off&#8221; width_unit=&#8221;on&#8221; global_colors_info=&#8221;{}&#8221;][et_pb_row column_structure=&#8221;1_2,1_2&#8243; admin_label=&#8221;row&#8221; module_class=&#8221;header-block&#8221; _builder_version=&#8221;4.16&#8243; background_image=&#8221;\/wp-content\/uploads\/2017\/04\/Carshooting-Vehiculos-Asistencia_Header.jpg&#8221; background_size=&#8221;initial&#8221; background_position=&#8221;top_left&#8221; background_repeat=&#8221;repeat&#8221; background_video_width=&#8221;100%&#8221; make_fullwidth=&#8221;off&#8221; use_custom_width=&#8221;off&#8221; width_unit=&#8221;on&#8221; global_colors_info=&#8221;{}&#8221;][et_pb_column type=&#8221;1_2&#8243; _builder_version=&#8221;4.16&#8243; custom_padding=&#8221;|||&#8221; global_colors_info=&#8221;{}&#8221; custom_padding__hover=&#8221;|||&#8221;][et_pb_text admin_label=&#8221;Text&#8221; _builder_version=&#8221;4.16&#8243; background_size=&#8221;initial&#8221; background_position=&#8221;top_left&#8221; background_repeat=&#8221;repeat&#8221; use_border_color=&#8221;off&#8221; border_color=&#8221;#ffffff&#8221; border_style=&#8221;solid&#8221; global_colors_info=&#8221;{}&#8221;]<\/p>\n<h1>Transport<br \/>i assist\u00e8ncia<\/h1>\n<p>[\/et_pb_text][\/et_pb_column][et_pb_column type=&#8221;1_2&#8243; _builder_version=&#8221;4.16&#8243; custom_padding=&#8221;|||&#8221; global_colors_info=&#8221;{}&#8221; custom_padding__hover=&#8221;|||&#8221;][et_pb_text admin_label=&#8221;Text&#8221; _builder_version=&#8221;4.16&#8243; background_size=&#8221;initial&#8221; background_position=&#8221;top_left&#8221; background_repeat=&#8221;repeat&#8221; use_border_color=&#8221;off&#8221; border_color=&#8221;#ffffff&#8221; border_style=&#8221;solid&#8221; global_colors_info=&#8221;{}&#8221;]Car Shooting 111 gestiona directament tota l&#8217;operativa necess\u00e0ria per al transport dels vehicles d&#8217;escena, des de la recollida i posterior recepci\u00f3 per part del personal t\u00e8cnic al nostre centre d&#8217;operacions fins al despla\u00e7ament en sessions de rodatge i la devoluci\u00f3 d&#8217;aquests una vegada acabada la sessi\u00f3 de captaci\u00f3 d&#8217;imatges.<br \/>\n[\/et_pb_text][\/et_pb_column][\/et_pb_row][et_pb_row column_structure=&#8221;1_5,1_5,1_5,1_5,1_5&#8243; admin_label=&#8221;Row&#8221; module_class=&#8221;background-block medium-padding-top small-padding-bottom two-sides&#8221; _builder_version=&#8221;4.16&#8243; background_image=&#8221;\/wp-content\/uploads\/2017\/03\/backgorund-two-sides.jpg&#8221; background_size=&#8221;initial&#8221; background_position=&#8221;top_left&#8221; background_repeat=&#8221;repeat&#8221; make_fullwidth=&#8221;off&#8221; use_custom_width=&#8221;off&#8221; width_unit=&#8221;on&#8221; locked=&#8221;off&#8221; global_colors_info=&#8221;{}&#8221;][et_pb_column type=&#8221;1_5&#8243; _builder_version=&#8221;4.16&#8243; custom_padding=&#8221;|||&#8221; global_colors_info=&#8221;{}&#8221; custom_padding__hover=&#8221;|||&#8221;][et_pb_blurb title=&#8221;Trucks&#8221; url=&#8221;\/transporte-de-asistencia\/trucks\/&#8221; image=&#8221;https:\/\/www.carshooting111.com\/wp-content\/uploads\/2025\/06\/icon_truck.svg&#8221; image_icon_width=&#8221;120px&#8221; admin_label=&#8221;Blurb&#8221; _builder_version=&#8221;4.19.2&#8243; background_size=&#8221;initial&#8221; background_position=&#8221;top_left&#8221; background_repeat=&#8221;repeat&#8221; text_orientation=&#8221;center&#8221; use_border_color=&#8221;off&#8221; border_color=&#8221;#ffffff&#8221; border_style=&#8221;solid&#8221; image_max_width=&#8221;none&#8221; use_circle=&#8221;off&#8221; use_circle_border=&#8221;off&#8221; global_colors_info=&#8221;{}&#8221;]<\/p>\n<p><a href=\"https:\/\/www.carshooting111.com\/ca\/transport-assistencia\/trucks\/\">CON\u00c8IXER M\u00c9S<\/a><\/p>\n<p>[\/et_pb_blurb][\/et_pb_column][et_pb_column type=&#8221;1_5&#8243; _builder_version=&#8221;4.16&#8243; custom_padding=&#8221;|||&#8221; global_colors_info=&#8221;{}&#8221; custom_padding__hover=&#8221;|||&#8221;][et_pb_blurb title=&#8221;Transport Confidencial&#8221; url=&#8221;\/transporte-de-asistencia\/trucks\/&#8221; image=&#8221;https:\/\/www.carshooting111.com\/wp-content\/uploads\/2025\/06\/icon_confidential-transport.svg&#8221; image_icon_width=&#8221;120px&#8221; admin_label=&#8221;Blurb&#8221; _builder_version=&#8221;4.19.2&#8243; background_size=&#8221;initial&#8221; background_position=&#8221;top_left&#8221; background_repeat=&#8221;repeat&#8221; text_orientation=&#8221;center&#8221; use_border_color=&#8221;off&#8221; border_color=&#8221;#ffffff&#8221; border_style=&#8221;solid&#8221; image_max_width=&#8221;none&#8221; use_circle=&#8221;off&#8221; use_circle_border=&#8221;off&#8221; global_colors_info=&#8221;{}&#8221;]<\/p>\n<p><a href=\"https:\/\/www.carshooting111.com\/ca\/transport-assistencia\/transport-confidencial\/\">CON\u00c8IXER M\u00c9S<\/a><\/p>\n<p>[\/et_pb_blurb][\/et_pb_column][et_pb_column type=&#8221;1_5&#8243; _builder_version=&#8221;4.16&#8243; custom_padding=&#8221;|||&#8221; global_colors_info=&#8221;{}&#8221; custom_padding__hover=&#8221;|||&#8221;][et_pb_blurb title=&#8221;Vans Car Care&#8221; url=&#8221;\/transporte-de-asistencia\/trucks\/&#8221; image=&#8221;https:\/\/www.carshooting111.com\/wp-content\/uploads\/2025\/06\/icon_van-car-cares.svg&#8221; image_icon_width=&#8221;120px&#8221; admin_label=&#8221;Blurb&#8221; _builder_version=&#8221;4.19.2&#8243; background_size=&#8221;initial&#8221; background_position=&#8221;top_left&#8221; background_repeat=&#8221;repeat&#8221; text_orientation=&#8221;center&#8221; use_border_color=&#8221;off&#8221; border_color=&#8221;#ffffff&#8221; border_style=&#8221;solid&#8221; image_max_width=&#8221;none&#8221; use_circle=&#8221;off&#8221; use_circle_border=&#8221;off&#8221; global_colors_info=&#8221;{}&#8221;]<\/p>\n<p><a href=\"https:\/\/www.carshooting111.com\/ca\/transport-assistencia\/vans-2\/\">CON\u00c8IXER M\u00c9S<\/a><\/p>\n<p>[\/et_pb_blurb][\/et_pb_column][et_pb_column type=&#8221;1_5&#8243; _builder_version=&#8221;4.16&#8243; custom_padding=&#8221;|||&#8221; global_colors_info=&#8221;{}&#8221; custom_padding__hover=&#8221;|||&#8221;][et_pb_blurb title=&#8221;Vans Grip&#8221; url=&#8221;\/transporte-de-asistencia\/trucks\/&#8221; image=&#8221;https:\/\/www.carshooting111.com\/wp-content\/uploads\/2025\/06\/icon_vans-grip.svg&#8221; image_icon_width=&#8221;120px&#8221; admin_label=&#8221;Blurb&#8221; _builder_version=&#8221;4.19.2&#8243; background_size=&#8221;initial&#8221; background_position=&#8221;top_left&#8221; background_repeat=&#8221;repeat&#8221; text_orientation=&#8221;center&#8221; use_border_color=&#8221;off&#8221; border_color=&#8221;#ffffff&#8221; border_style=&#8221;solid&#8221; image_max_width=&#8221;none&#8221; use_circle=&#8221;off&#8221; use_circle_border=&#8221;off&#8221; global_colors_info=&#8221;{}&#8221;]<\/p>\n<p><a href=\"https:\/\/www.carshooting111.com\/ca\/transport-assistencia\/vans-grip\/\">CON\u00c8IXER M\u00c9S<\/a><\/p>\n<p>[\/et_pb_blurb][\/et_pb_column][et_pb_column type=&#8221;1_5&#8243; _builder_version=&#8221;4.16&#8243; custom_padding=&#8221;|||&#8221; global_colors_info=&#8221;{}&#8221; custom_padding__hover=&#8221;|||&#8221;][et_pb_blurb title=&#8221;Vehicles de suport&#8221; url=&#8221;\/transporte-de-asistencia\/trucks\/&#8221; image=&#8221;https:\/\/www.carshooting111.com\/wp-content\/uploads\/2025\/06\/icon_support-vehicles.svg&#8221; image_icon_width=&#8221;120px&#8221; admin_label=&#8221;Blurb&#8221; _builder_version=&#8221;4.19.2&#8243; background_size=&#8221;initial&#8221; background_position=&#8221;top_left&#8221; background_repeat=&#8221;repeat&#8221; text_orientation=&#8221;center&#8221; use_border_color=&#8221;off&#8221; border_color=&#8221;#ffffff&#8221; border_style=&#8221;solid&#8221; image_max_width=&#8221;none&#8221; use_circle=&#8221;off&#8221; use_circle_border=&#8221;off&#8221; global_colors_info=&#8221;{}&#8221;]<\/p>\n<p><a href=\"https:\/\/www.carshooting111.com\/ca\/transport-assistencia\/vehicles-de-suport\/\">CON\u00c8IXER M\u00c9S<\/a><\/p>\n<p>[\/et_pb_blurb][\/et_pb_column][\/et_pb_row][et_pb_row column_structure=&#8221;1_2,1_2&#8243; disabled_on=&#8221;off|off|off&#8221; admin_label=&#8221;Row&#8221; module_class=&#8221;background-block&#8221; _builder_version=&#8221;4.16&#8243; background_image=&#8221;\/wp-content\/uploads\/2017\/04\/pie_trans_asistencia.jpg&#8221; background_size=&#8221;initial&#8221; background_position=&#8221;top_left&#8221; background_repeat=&#8221;repeat&#8221; make_fullwidth=&#8221;off&#8221; use_custom_width=&#8221;off&#8221; width_unit=&#8221;on&#8221; global_colors_info=&#8221;{}&#8221;][et_pb_column type=&#8221;1_2&#8243; _builder_version=&#8221;4.16&#8243; custom_padding=&#8221;|||&#8221; global_colors_info=&#8221;{}&#8221; custom_padding__hover=&#8221;|||&#8221;][et_pb_text disabled_on=&#8221;off|off|off&#8221; admin_label=&#8221;Text&#8221; _builder_version=&#8221;4.16&#8243; background_size=&#8221;initial&#8221; background_position=&#8221;top_left&#8221; background_repeat=&#8221;repeat&#8221; use_border_color=&#8221;off&#8221; border_color=&#8221;#ffffff&#8221; border_style=&#8221;solid&#8221; global_colors_info=&#8221;{}&#8221;]Per a aix\u00f2 disposem de diferents configuracions de transport en funci\u00f3 del nombre de vehicles i les diferents necessitats del rodatge.<br \/>\n[\/et_pb_text][\/et_pb_column][et_pb_column type=&#8221;1_2&#8243; _builder_version=&#8221;4.16&#8243; custom_padding=&#8221;|||&#8221; global_colors_info=&#8221;{}&#8221; custom_padding__hover=&#8221;|||&#8221;][\/et_pb_column][\/et_pb_row][\/et_pb_section]<\/p>\n","protected":false},"excerpt":{"rendered":"<p>Transporti assist\u00e8ncia Car Shooting 111 gestiona directament tota l&#8217;operativa necess\u00e0ria per al transport dels vehicles d&#8217;escena, des de la recollida i posterior recepci\u00f3 per part del personal t\u00e8cnic al nostre centre d&#8217;operacions fins al despla\u00e7ament en sessions de rodatge i la devoluci\u00f3 d&#8217;aquests una vegada acabada la sessi\u00f3 de captaci\u00f3 d&#8217;imatges. CON\u00c8IXER M\u00c9SCON\u00c8IXER M\u00c9SCON\u00c8IXER M\u00c9SCON\u00c8IXER [&hellip;]<\/p>\n","protected":false},"author":2,"featured_media":0,"parent":0,"menu_order":11,"comment_status":"closed","ping_status":"closed","template":"","meta":{"_acf_changed":false,"_et_pb_use_builder":"on","_et_pb_old_content":"","_et_gb_content_width":"","inline_featured_image":false,"footnotes":""},"class_list":["post-5008","page","type-page","status-publish","hentry"],"acf":[],"yoast_head":"<!-- This site is optimized with the Yoast SEO plugin v23.9 - https:\/\/yoast.com\/wordpress\/plugins\/seo\/ -->\n<title>T\u00e9cnicos en la conducci\u00f3n y transporte de veh\u00edculos | Carshooting111<\/title>\n<meta name=\"description\" content=\"M\u00e1s de 20 a\u00f1os de experiencia avalan a nuestros t\u00e9cnicos en la conducci\u00f3n, preparaci\u00f3n y transporte de veh\u00edculos para todo tipo de rodajes audiovisuales.\" \/>\n<meta name=\"robots\" content=\"index, follow, max-snippet:-1, max-image-preview:large, max-video-preview:-1\" \/>\n<link rel=\"canonical\" href=\"https:\/\/www.carshooting111.com\/ca\/transport-assistencia\/\" \/>\n<meta property=\"og:locale\" content=\"ca_ES\" \/>\n<meta property=\"og:type\" content=\"article\" \/>\n<meta property=\"og:title\" content=\"T\u00e9cnicos en la conducci\u00f3n y transporte de veh\u00edculos | Carshooting111\" \/>\n<meta property=\"og:description\" content=\"M\u00e1s de 20 a\u00f1os de experiencia avalan a nuestros t\u00e9cnicos en la conducci\u00f3n, preparaci\u00f3n y transporte de veh\u00edculos para todo tipo de rodajes audiovisuales.\" \/>\n<meta property=\"og:url\" content=\"https:\/\/www.carshooting111.com\/ca\/transport-assistencia\/\" \/>\n<meta property=\"og:site_name\" content=\"CARSHOOTING111\" \/>\n<meta property=\"article:modified_time\" content=\"2025-06-19T13:33:43+00:00\" \/>\n<meta name=\"twitter:card\" content=\"summary_large_image\" \/>\n<meta name=\"twitter:label1\" content=\"Temps estimat de lectura\" \/>\n\t<meta name=\"twitter:data1\" content=\"4 minuts\" \/>\n<script type=\"application\/ld+json\" class=\"yoast-schema-graph\">{\"@context\":\"https:\/\/schema.org\",\"@graph\":[{\"@type\":\"WebPage\",\"@id\":\"https:\/\/www.carshooting111.com\/ca\/transport-assistencia\/\",\"url\":\"https:\/\/www.carshooting111.com\/ca\/transport-assistencia\/\",\"name\":\"T\u00e9cnicos en la conducci\u00f3n y transporte de veh\u00edculos | Carshooting111\",\"isPartOf\":{\"@id\":\"https:\/\/www.carshooting111.com\/ca\/#website\"},\"datePublished\":\"2017-04-18T07:36:57+00:00\",\"dateModified\":\"2025-06-19T13:33:43+00:00\",\"description\":\"M\u00e1s de 20 a\u00f1os de experiencia avalan a nuestros t\u00e9cnicos en la conducci\u00f3n, preparaci\u00f3n y transporte de veh\u00edculos para todo tipo de rodajes audiovisuales.\",\"breadcrumb\":{\"@id\":\"https:\/\/www.carshooting111.com\/ca\/transport-assistencia\/#breadcrumb\"},\"inLanguage\":\"ca\",\"potentialAction\":[{\"@type\":\"ReadAction\",\"target\":[\"https:\/\/www.carshooting111.com\/ca\/transport-assistencia\/\"]}]},{\"@type\":\"BreadcrumbList\",\"@id\":\"https:\/\/www.carshooting111.com\/ca\/transport-assistencia\/#breadcrumb\",\"itemListElement\":[{\"@type\":\"ListItem\",\"position\":1,\"name\":\"Home\",\"item\":\"https:\/\/www.carshooting111.com\/ca\/\"},{\"@type\":\"ListItem\",\"position\":2,\"name\":\"Transport i assist\u00e8ncia\"}]},{\"@type\":\"WebSite\",\"@id\":\"https:\/\/www.carshooting111.com\/ca\/#website\",\"url\":\"https:\/\/www.carshooting111.com\/ca\/\",\"name\":\"CARSHOOTING111\",\"description\":\"\",\"potentialAction\":[{\"@type\":\"SearchAction\",\"target\":{\"@type\":\"EntryPoint\",\"urlTemplate\":\"https:\/\/www.carshooting111.com\/ca\/?s={search_term_string}\"},\"query-input\":{\"@type\":\"PropertyValueSpecification\",\"valueRequired\":true,\"valueName\":\"search_term_string\"}}],\"inLanguage\":\"ca\"}]}<\/script>\n<!-- \/ Yoast SEO plugin. -->","yoast_head_json":{"title":"T\u00e9cnicos en la conducci\u00f3n y transporte de veh\u00edculos | Carshooting111","description":"M\u00e1s de 20 a\u00f1os de experiencia avalan a nuestros t\u00e9cnicos en la conducci\u00f3n, preparaci\u00f3n y transporte de veh\u00edculos para todo tipo de rodajes audiovisuales.","robots":{"index":"index","follow":"follow","max-snippet":"max-snippet:-1","max-image-preview":"max-image-preview:large","max-video-preview":"max-video-preview:-1"},"canonical":"https:\/\/www.carshooting111.com\/ca\/transport-assistencia\/","og_locale":"ca_ES","og_type":"article","og_title":"T\u00e9cnicos en la conducci\u00f3n y transporte de veh\u00edculos | Carshooting111","og_description":"M\u00e1s de 20 a\u00f1os de experiencia avalan a nuestros t\u00e9cnicos en la conducci\u00f3n, preparaci\u00f3n y transporte de veh\u00edculos para todo tipo de rodajes audiovisuales.","og_url":"https:\/\/www.carshooting111.com\/ca\/transport-assistencia\/","og_site_name":"CARSHOOTING111","article_modified_time":"2025-06-19T13:33:43+00:00","twitter_card":"summary_large_image","twitter_misc":{"Temps estimat de lectura":"4 minuts"},"schema":{"@context":"https:\/\/schema.org","@graph":[{"@type":"WebPage","@id":"https:\/\/www.carshooting111.com\/ca\/transport-assistencia\/","url":"https:\/\/www.carshooting111.com\/ca\/transport-assistencia\/","name":"T\u00e9cnicos en la conducci\u00f3n y transporte de veh\u00edculos | Carshooting111","isPartOf":{"@id":"https:\/\/www.carshooting111.com\/ca\/#website"},"datePublished":"2017-04-18T07:36:57+00:00","dateModified":"2025-06-19T13:33:43+00:00","description":"M\u00e1s de 20 a\u00f1os de experiencia avalan a nuestros t\u00e9cnicos en la conducci\u00f3n, preparaci\u00f3n y transporte de veh\u00edculos para todo tipo de rodajes audiovisuales.","breadcrumb":{"@id":"https:\/\/www.carshooting111.com\/ca\/transport-assistencia\/#breadcrumb"},"inLanguage":"ca","potentialAction":[{"@type":"ReadAction","target":["https:\/\/www.carshooting111.com\/ca\/transport-assistencia\/"]}]},{"@type":"BreadcrumbList","@id":"https:\/\/www.carshooting111.com\/ca\/transport-assistencia\/#breadcrumb","itemListElement":[{"@type":"ListItem","position":1,"name":"Home","item":"https:\/\/www.carshooting111.com\/ca\/"},{"@type":"ListItem","position":2,"name":"Transport i assist\u00e8ncia"}]},{"@type":"WebSite","@id":"https:\/\/www.carshooting111.com\/ca\/#website","url":"https:\/\/www.carshooting111.com\/ca\/","name":"CARSHOOTING111","description":"","potentialAction":[{"@type":"SearchAction","target":{"@type":"EntryPoint","urlTemplate":"https:\/\/www.carshooting111.com\/ca\/?s={search_term_string}"},"query-input":{"@type":"PropertyValueSpecification","valueRequired":true,"valueName":"search_term_string"}}],"inLanguage":"ca"}]}},"_links":{"self":[{"href":"https:\/\/www.carshooting111.com\/ca\/wp-json\/wp\/v2\/pages\/5008","targetHints":{"allow":["GET"]}}],"collection":[{"href":"https:\/\/www.carshooting111.com\/ca\/wp-json\/wp\/v2\/pages"}],"about":[{"href":"https:\/\/www.carshooting111.com\/ca\/wp-json\/wp\/v2\/types\/page"}],"author":[{"embeddable":true,"href":"https:\/\/www.carshooting111.com\/ca\/wp-json\/wp\/v2\/users\/2"}],"replies":[{"embeddable":true,"href":"https:\/\/www.carshooting111.com\/ca\/wp-json\/wp\/v2\/comments?post=5008"}],"version-history":[{"count":6,"href":"https:\/\/www.carshooting111.com\/ca\/wp-json\/wp\/v2\/pages\/5008\/revisions"}],"predecessor-version":[{"id":15460,"href":"https:\/\/www.carshooting111.com\/ca\/wp-json\/wp\/v2\/pages\/5008\/revisions\/15460"}],"wp:attachment":[{"href":"https:\/\/www.carshooting111.com\/ca\/wp-json\/wp\/v2\/media?parent=5008"}],"curies":[{"name":"wp","href":"https:\/\/api.w.org\/{rel}","templated":true}]}}