{"id":4983,"date":"2017-05-10T17:49:21","date_gmt":"2017-05-10T15:49:21","guid":{"rendered":"http:\/\/www.carshooting111.com\/ca\/?page_id=4983"},"modified":"2024-11-13T11:46:36","modified_gmt":"2024-11-13T10:46:36","slug":"tecnics","status":"publish","type":"page","link":"https:\/\/www.carshooting111.com\/ca\/tecnics\/","title":{"rendered":"T\u00e8cnics"},"content":{"rendered":"<p>[et_pb_section fb_built=&#8221;1&#8243; admin_label=&#8221;section&#8221; module_class=&#8221;fullwidth&#8221; _builder_version=&#8221;4.16&#8243; transparent_background=&#8221;off&#8221; make_fullwidth=&#8221;off&#8221; use_custom_width=&#8221;off&#8221; width_unit=&#8221;on&#8221; global_colors_info=&#8221;{}&#8221;][et_pb_row column_structure=&#8221;1_2,1_2&#8243; admin_label=&#8221;row&#8221; module_class=&#8221;header-block&#8221; _builder_version=&#8221;4.16&#8243; background_image=&#8221;\/wp-content\/uploads\/2017\/03\/tecnicos-header.jpg&#8221; background_size=&#8221;initial&#8221; background_position=&#8221;top_left&#8221; background_repeat=&#8221;repeat&#8221; background_video_width=&#8221;100%&#8221; make_fullwidth=&#8221;off&#8221; use_custom_width=&#8221;off&#8221; width_unit=&#8221;on&#8221; global_colors_info=&#8221;{}&#8221;][et_pb_column type=&#8221;1_2&#8243; _builder_version=&#8221;4.16&#8243; custom_padding=&#8221;|||&#8221; global_colors_info=&#8221;{}&#8221; custom_padding__hover=&#8221;|||&#8221;][et_pb_text admin_label=&#8221;Text&#8221; _builder_version=&#8221;4.16&#8243; background_size=&#8221;initial&#8221; background_position=&#8221;top_left&#8221; background_repeat=&#8221;repeat&#8221; use_border_color=&#8221;off&#8221; border_color=&#8221;#ffffff&#8221; border_style=&#8221;solid&#8221; global_colors_info=&#8221;{}&#8221;]<\/p>\n<h1>El nostre<br \/>equip<br \/>hum\u00e0<\/h1>\n<p>[\/et_pb_text][\/et_pb_column][et_pb_column type=&#8221;1_2&#8243; _builder_version=&#8221;4.16&#8243; custom_padding=&#8221;|||&#8221; global_colors_info=&#8221;{}&#8221; custom_padding__hover=&#8221;|||&#8221;][et_pb_text admin_label=&#8221;Text&#8221; _builder_version=&#8221;4.19.2&#8243; background_size=&#8221;initial&#8221; background_position=&#8221;top_left&#8221; background_repeat=&#8221;repeat&#8221; use_border_color=&#8221;off&#8221; border_color=&#8221;#ffffff&#8221; border_style=&#8221;solid&#8221; global_colors_info=&#8221;{}&#8221;]M\u00e9s de 10 anys d&#8217;experi\u00e8ncia avalen a alguns dels nostres t\u00e8cnics en la conducci\u00f3, preparaci\u00f3 i transport de tota classe de vehicles.<\/p>\n<p>Car Shooting111 coordina, juntament amb l&#8217;equip de direcci\u00f3, el moviment dels vehicles d&#8217;escena sincronitzats amb els de seguiment per a obtenir un resultat eficient en els rodatges d&#8217;acci\u00f3.<\/p>\n<p>Figures com el precision driver, car care, mec\u00e0nics i transportistes, imprimeixen a la nostra empresa un segell de qualitat reconeguda en el sector audiovisual.[\/et_pb_text][\/et_pb_column][\/et_pb_row][et_pb_row column_structure=&#8221;1_5,1_5,1_5,1_5,1_5&#8243; admin_label=&#8221;Row&#8221; module_class=&#8221;background-block medium-padding-top small-padding-bottom two-sides&#8221; _builder_version=&#8221;4.16&#8243; background_image=&#8221;\/wp-content\/uploads\/2017\/03\/backgorund-two-sides.jpg&#8221; background_size=&#8221;initial&#8221; background_position=&#8221;top_left&#8221; background_repeat=&#8221;repeat&#8221; make_fullwidth=&#8221;off&#8221; use_custom_width=&#8221;off&#8221; width_unit=&#8221;on&#8221; global_colors_info=&#8221;{}&#8221;][et_pb_column type=&#8221;1_5&#8243; _builder_version=&#8221;4.16&#8243; custom_padding=&#8221;|||&#8221; global_colors_info=&#8221;{}&#8221; custom_padding__hover=&#8221;|||&#8221;][et_pb_blurb title=&#8221;Precision drivers&#8221; url=&#8221;\/ca\/tecnics\/precision-drivers\/&#8221; image=&#8221;https:\/\/www.carshooting111.com\/wp-content\/uploads\/2017\/05\/precision_driver_icon_big.png&#8221; image_icon_width=&#8221;none&#8221; admin_label=&#8221;Blurb&#8221; _builder_version=&#8221;4.19.2&#8243; background_size=&#8221;initial&#8221; background_position=&#8221;top_left&#8221; background_repeat=&#8221;repeat&#8221; text_orientation=&#8221;center&#8221; hover_enabled=&#8221;0&#8243; use_border_color=&#8221;off&#8221; border_color=&#8221;#ffffff&#8221; border_style=&#8221;solid&#8221; image_max_width=&#8221;none&#8221; use_circle=&#8221;off&#8221; use_circle_border=&#8221;off&#8221; global_colors_info=&#8221;{}&#8221; sticky_enabled=&#8221;0&#8243;]<\/p>\n<p><a href=\"\/ca\/tecnics\/precision-drivers\/\">CONEIX L&#8217;EQUIP<\/a><\/p>\n<p>[\/et_pb_blurb][\/et_pb_column][et_pb_column type=&#8221;1_5&#8243; _builder_version=&#8221;4.16&#8243; custom_padding=&#8221;|||&#8221; global_colors_info=&#8221;{}&#8221; custom_padding__hover=&#8221;|||&#8221;][et_pb_blurb title=&#8221;Drivers&#8221; url=&#8221;\/ca\/tecnics\/drivers\/&#8221; image=&#8221;https:\/\/www.carshooting111.com\/wp-content\/uploads\/2017\/05\/precision_driver_icon_big.png&#8221; image_icon_width=&#8221;none&#8221; admin_label=&#8221;Blurb&#8221; _builder_version=&#8221;4.19.2&#8243; background_size=&#8221;initial&#8221; background_position=&#8221;top_left&#8221; background_repeat=&#8221;repeat&#8221; text_orientation=&#8221;center&#8221; hover_enabled=&#8221;0&#8243; use_border_color=&#8221;off&#8221; border_color=&#8221;#ffffff&#8221; border_style=&#8221;solid&#8221; image_max_width=&#8221;none&#8221; use_circle=&#8221;off&#8221; use_circle_border=&#8221;off&#8221; global_colors_info=&#8221;{}&#8221; sticky_enabled=&#8221;0&#8243;]<\/p>\n<p><a href=\"\/ca\/tecnics\/drivers\/\">CONEIX L&#8217;EQUIP<\/a><\/p>\n<p>[\/et_pb_blurb][\/et_pb_column][et_pb_column type=&#8221;1_5&#8243; _builder_version=&#8221;4.16&#8243; custom_padding=&#8221;|||&#8221; global_colors_info=&#8221;{}&#8221; custom_padding__hover=&#8221;|||&#8221;][et_pb_blurb title=&#8221;Crew U-crane&#8221; url=&#8221;\/ca\/tecnics\/crew-russian\/&#8221; image=&#8221;https:\/\/www.carshooting111.com\/wp-content\/uploads\/2017\/03\/crew_russian_icon_big.png&#8221; image_icon_width=&#8221;none&#8221; admin_label=&#8221;Blurb&#8221; _builder_version=&#8221;4.19.2&#8243; background_size=&#8221;initial&#8221; background_position=&#8221;top_left&#8221; background_repeat=&#8221;repeat&#8221; text_orientation=&#8221;center&#8221; hover_enabled=&#8221;0&#8243; use_border_color=&#8221;off&#8221; border_color=&#8221;#ffffff&#8221; border_style=&#8221;solid&#8221; image_max_width=&#8221;none&#8221; use_circle=&#8221;off&#8221; use_circle_border=&#8221;off&#8221; global_colors_info=&#8221;{}&#8221; sticky_enabled=&#8221;0&#8243;]<\/p>\n<p><a href=\"https:\/\/www.carshooting111.com\/ca\/tecnics\/crew-russian\/\">CONEIX L&#8217;EQUIP<\/a><\/p>\n<p>[\/et_pb_blurb][\/et_pb_column][et_pb_column type=&#8221;1_5&#8243; _builder_version=&#8221;4.16&#8243; custom_padding=&#8221;|||&#8221; global_colors_info=&#8221;{}&#8221; custom_padding__hover=&#8221;|||&#8221;][et_pb_blurb title=&#8221;Car Care&#8221; url=&#8221;\/ca\/tecnics\/car-care\/&#8221; image=&#8221;https:\/\/www.carshooting111.com\/wp-content\/uploads\/2017\/05\/car_care_icon_big.png&#8221; image_icon_width=&#8221;none&#8221; admin_label=&#8221;Blurb&#8221; _builder_version=&#8221;4.19.2&#8243; background_size=&#8221;initial&#8221; background_position=&#8221;top_left&#8221; background_repeat=&#8221;repeat&#8221; text_orientation=&#8221;center&#8221; hover_enabled=&#8221;0&#8243; use_border_color=&#8221;off&#8221; border_color=&#8221;#ffffff&#8221; border_style=&#8221;solid&#8221; image_max_width=&#8221;none&#8221; use_circle=&#8221;off&#8221; use_circle_border=&#8221;off&#8221; global_colors_info=&#8221;{}&#8221; sticky_enabled=&#8221;0&#8243;]<\/p>\n<p><a href=\"http:\/\/www.carshooting111.com\/ca\/tecnics\/car-care\/\">CONEIX L&#8217;EQUIP<\/a><\/p>\n<p>[\/et_pb_blurb][\/et_pb_column][et_pb_column type=&#8221;1_5&#8243; _builder_version=&#8221;4.16&#8243; custom_padding=&#8221;|||&#8221; global_colors_info=&#8221;{}&#8221; custom_padding__hover=&#8221;|||&#8221;][et_pb_blurb title=&#8221;Grip Technicians&#8221; url=&#8221;\/ca\/tecnics\/grip-technicians\/&#8221; image=&#8221;https:\/\/www.carshooting111.com\/wp-content\/uploads\/2017\/05\/grip_technicians_icon_big.png&#8221; image_icon_width=&#8221;none&#8221; admin_label=&#8221;Blurb&#8221; _builder_version=&#8221;4.19.2&#8243; background_size=&#8221;initial&#8221; background_position=&#8221;top_left&#8221; background_repeat=&#8221;repeat&#8221; text_orientation=&#8221;center&#8221; hover_enabled=&#8221;0&#8243; use_border_color=&#8221;off&#8221; border_color=&#8221;#ffffff&#8221; border_style=&#8221;solid&#8221; image_max_width=&#8221;none&#8221; use_circle=&#8221;off&#8221; use_circle_border=&#8221;off&#8221; global_colors_info=&#8221;{}&#8221; sticky_enabled=&#8221;0&#8243;]<\/p>\n<p><a href=\"https:\/\/www.carshooting111.com\/ca\/tecnics\/grip-technicians\/\">CONEIX L&#8217;EQUIP<\/a><\/p>\n<p>[\/et_pb_blurb][\/et_pb_column][\/et_pb_row][et_pb_row column_structure=&#8221;1_2,1_2&#8243; admin_label=&#8221;Row&#8221; module_class=&#8221;background-block&#8221; _builder_version=&#8221;4.16&#8243; background_image=&#8221;\/wp-content\/uploads\/2017\/03\/fondo-EQUIPO-Carshooting.jpg&#8221; background_size=&#8221;initial&#8221; background_position=&#8221;top_left&#8221; background_repeat=&#8221;repeat&#8221; make_fullwidth=&#8221;off&#8221; use_custom_width=&#8221;off&#8221; width_unit=&#8221;on&#8221; global_colors_info=&#8221;{}&#8221;][et_pb_column type=&#8221;1_2&#8243; _builder_version=&#8221;4.16&#8243; custom_padding=&#8221;|||&#8221; global_colors_info=&#8221;{}&#8221; custom_padding__hover=&#8221;|||&#8221;][et_pb_text admin_label=&#8221;Text&#8221; _builder_version=&#8221;4.16&#8243; background_size=&#8221;initial&#8221; background_position=&#8221;top_left&#8221; background_repeat=&#8221;repeat&#8221; use_border_color=&#8221;off&#8221; border_color=&#8221;#ffffff&#8221; border_style=&#8221;solid&#8221; global_colors_info=&#8221;{}&#8221;]M\u00e9s de 20 anys d&#8217;experi\u00e8ncia avalen a alguns dels nostres t\u00e8cnics en la conducci\u00f3, preparaci\u00f3 i transport de tot tipus de vehicles.<\/p>\n<p>Car Shooting111 coordina, juntament amb l&#8217;equip de direcci\u00f3, el moviment dels vehicles d&#8217;escena sincronitzats amb els de seguiment per obtenir un resultat eficient en els rodatges d&#8217;acci\u00f3.<\/p>\n<p>Figures com el precision driver, car care, mec\u00e0nics i transportistes, imprimeixen a la nostra empresa un segell de qualitat reconeguda en el sector audiovisual.<br \/>\n[\/et_pb_text][\/et_pb_column][et_pb_column type=&#8221;1_2&#8243; _builder_version=&#8221;4.16&#8243; custom_padding=&#8221;|||&#8221; global_colors_info=&#8221;{}&#8221; custom_padding__hover=&#8221;|||&#8221;][\/et_pb_column][\/et_pb_row][\/et_pb_section]<\/p>\n","protected":false},"excerpt":{"rendered":"<p>El nostreequiphum\u00e0 M\u00e9s de 10 anys d&#8217;experi\u00e8ncia avalen a alguns dels nostres t\u00e8cnics en la conducci\u00f3, preparaci\u00f3 i transport de tota classe de vehicles. Car Shooting111 coordina, juntament amb l&#8217;equip de direcci\u00f3, el moviment dels vehicles d&#8217;escena sincronitzats amb els de seguiment per a obtenir un resultat eficient en els rodatges d&#8217;acci\u00f3. Figures com el [&hellip;]<\/p>\n","protected":false},"author":2,"featured_media":0,"parent":0,"menu_order":11,"comment_status":"closed","ping_status":"closed","template":"","meta":{"_acf_changed":false,"_et_pb_use_builder":"on","_et_pb_old_content":"","_et_gb_content_width":"","inline_featured_image":false,"footnotes":""},"class_list":["post-4983","page","type-page","status-publish","hentry"],"acf":[],"yoast_head":"<!-- This site is optimized with the Yoast SEO plugin v23.9 - https:\/\/yoast.com\/wordpress\/plugins\/seo\/ -->\n<title>T\u00e8cnics - CARSHOOTING111<\/title>\n<meta name=\"robots\" content=\"index, follow, max-snippet:-1, max-image-preview:large, max-video-preview:-1\" \/>\n<link rel=\"canonical\" href=\"https:\/\/www.carshooting111.com\/ca\/tecnics\/\" \/>\n<meta property=\"og:locale\" content=\"ca_ES\" \/>\n<meta property=\"og:type\" content=\"article\" \/>\n<meta property=\"og:title\" content=\"T\u00e8cnics - CARSHOOTING111\" \/>\n<meta property=\"og:description\" content=\"El nostreequiphum\u00e0 M\u00e9s de 10 anys d&#039;experi\u00e8ncia avalen a alguns dels nostres t\u00e8cnics en la conducci\u00f3, preparaci\u00f3 i transport de tota classe de vehicles. Car Shooting111 coordina, juntament amb l&#039;equip de direcci\u00f3, el moviment dels vehicles d&#039;escena sincronitzats amb els de seguiment per a obtenir un resultat eficient en els rodatges d&#039;acci\u00f3. Figures com el [&hellip;]\" \/>\n<meta property=\"og:url\" content=\"https:\/\/www.carshooting111.com\/ca\/tecnics\/\" \/>\n<meta property=\"og:site_name\" content=\"CARSHOOTING111\" \/>\n<meta property=\"article:modified_time\" content=\"2024-11-13T10:46:36+00:00\" \/>\n<meta name=\"twitter:card\" content=\"summary_large_image\" \/>\n<meta name=\"twitter:label1\" content=\"Temps estimat de lectura\" \/>\n\t<meta name=\"twitter:data1\" content=\"2 minuts\" \/>\n<script type=\"application\/ld+json\" class=\"yoast-schema-graph\">{\"@context\":\"https:\/\/schema.org\",\"@graph\":[{\"@type\":\"WebPage\",\"@id\":\"https:\/\/www.carshooting111.com\/ca\/tecnics\/\",\"url\":\"https:\/\/www.carshooting111.com\/ca\/tecnics\/\",\"name\":\"T\u00e8cnics - CARSHOOTING111\",\"isPartOf\":{\"@id\":\"https:\/\/www.carshooting111.com\/ca\/#website\"},\"datePublished\":\"2017-05-10T15:49:21+00:00\",\"dateModified\":\"2024-11-13T10:46:36+00:00\",\"breadcrumb\":{\"@id\":\"https:\/\/www.carshooting111.com\/ca\/tecnics\/#breadcrumb\"},\"inLanguage\":\"ca\",\"potentialAction\":[{\"@type\":\"ReadAction\",\"target\":[\"https:\/\/www.carshooting111.com\/ca\/tecnics\/\"]}]},{\"@type\":\"BreadcrumbList\",\"@id\":\"https:\/\/www.carshooting111.com\/ca\/tecnics\/#breadcrumb\",\"itemListElement\":[{\"@type\":\"ListItem\",\"position\":1,\"name\":\"Home\",\"item\":\"https:\/\/www.carshooting111.com\/ca\/\"},{\"@type\":\"ListItem\",\"position\":2,\"name\":\"T\u00e8cnics\"}]},{\"@type\":\"WebSite\",\"@id\":\"https:\/\/www.carshooting111.com\/ca\/#website\",\"url\":\"https:\/\/www.carshooting111.com\/ca\/\",\"name\":\"CARSHOOTING111\",\"description\":\"\",\"potentialAction\":[{\"@type\":\"SearchAction\",\"target\":{\"@type\":\"EntryPoint\",\"urlTemplate\":\"https:\/\/www.carshooting111.com\/ca\/?s={search_term_string}\"},\"query-input\":{\"@type\":\"PropertyValueSpecification\",\"valueRequired\":true,\"valueName\":\"search_term_string\"}}],\"inLanguage\":\"ca\"}]}<\/script>\n<!-- \/ Yoast SEO plugin. -->","yoast_head_json":{"title":"T\u00e8cnics - CARSHOOTING111","robots":{"index":"index","follow":"follow","max-snippet":"max-snippet:-1","max-image-preview":"max-image-preview:large","max-video-preview":"max-video-preview:-1"},"canonical":"https:\/\/www.carshooting111.com\/ca\/tecnics\/","og_locale":"ca_ES","og_type":"article","og_title":"T\u00e8cnics - CARSHOOTING111","og_description":"El nostreequiphum\u00e0 M\u00e9s de 10 anys d'experi\u00e8ncia avalen a alguns dels nostres t\u00e8cnics en la conducci\u00f3, preparaci\u00f3 i transport de tota classe de vehicles. Car Shooting111 coordina, juntament amb l'equip de direcci\u00f3, el moviment dels vehicles d'escena sincronitzats amb els de seguiment per a obtenir un resultat eficient en els rodatges d'acci\u00f3. Figures com el [&hellip;]","og_url":"https:\/\/www.carshooting111.com\/ca\/tecnics\/","og_site_name":"CARSHOOTING111","article_modified_time":"2024-11-13T10:46:36+00:00","twitter_card":"summary_large_image","twitter_misc":{"Temps estimat de lectura":"2 minuts"},"schema":{"@context":"https:\/\/schema.org","@graph":[{"@type":"WebPage","@id":"https:\/\/www.carshooting111.com\/ca\/tecnics\/","url":"https:\/\/www.carshooting111.com\/ca\/tecnics\/","name":"T\u00e8cnics - CARSHOOTING111","isPartOf":{"@id":"https:\/\/www.carshooting111.com\/ca\/#website"},"datePublished":"2017-05-10T15:49:21+00:00","dateModified":"2024-11-13T10:46:36+00:00","breadcrumb":{"@id":"https:\/\/www.carshooting111.com\/ca\/tecnics\/#breadcrumb"},"inLanguage":"ca","potentialAction":[{"@type":"ReadAction","target":["https:\/\/www.carshooting111.com\/ca\/tecnics\/"]}]},{"@type":"BreadcrumbList","@id":"https:\/\/www.carshooting111.com\/ca\/tecnics\/#breadcrumb","itemListElement":[{"@type":"ListItem","position":1,"name":"Home","item":"https:\/\/www.carshooting111.com\/ca\/"},{"@type":"ListItem","position":2,"name":"T\u00e8cnics"}]},{"@type":"WebSite","@id":"https:\/\/www.carshooting111.com\/ca\/#website","url":"https:\/\/www.carshooting111.com\/ca\/","name":"CARSHOOTING111","description":"","potentialAction":[{"@type":"SearchAction","target":{"@type":"EntryPoint","urlTemplate":"https:\/\/www.carshooting111.com\/ca\/?s={search_term_string}"},"query-input":{"@type":"PropertyValueSpecification","valueRequired":true,"valueName":"search_term_string"}}],"inLanguage":"ca"}]}},"_links":{"self":[{"href":"https:\/\/www.carshooting111.com\/ca\/wp-json\/wp\/v2\/pages\/4983","targetHints":{"allow":["GET"]}}],"collection":[{"href":"https:\/\/www.carshooting111.com\/ca\/wp-json\/wp\/v2\/pages"}],"about":[{"href":"https:\/\/www.carshooting111.com\/ca\/wp-json\/wp\/v2\/types\/page"}],"author":[{"embeddable":true,"href":"https:\/\/www.carshooting111.com\/ca\/wp-json\/wp\/v2\/users\/2"}],"replies":[{"embeddable":true,"href":"https:\/\/www.carshooting111.com\/ca\/wp-json\/wp\/v2\/comments?post=4983"}],"version-history":[{"count":10,"href":"https:\/\/www.carshooting111.com\/ca\/wp-json\/wp\/v2\/pages\/4983\/revisions"}],"predecessor-version":[{"id":13828,"href":"https:\/\/www.carshooting111.com\/ca\/wp-json\/wp\/v2\/pages\/4983\/revisions\/13828"}],"wp:attachment":[{"href":"https:\/\/www.carshooting111.com\/ca\/wp-json\/wp\/v2\/media?parent=4983"}],"curies":[{"name":"wp","href":"https:\/\/api.w.org\/{rel}","templated":true}]}}