{"id":13990,"date":"2024-12-03T14:29:16","date_gmt":"2024-12-03T13:29:16","guid":{"rendered":"https:\/\/www.carshooting111.com\/?page_id=13990"},"modified":"2024-12-03T14:29:17","modified_gmt":"2024-12-03T13:29:17","slug":"accessibilitat","status":"publish","type":"page","link":"https:\/\/www.carshooting111.com\/ca\/accessibilitat\/","title":{"rendered":"Accessibilitat"},"content":{"rendered":"<p>[et_pb_section fb_built=&#8221;1&#8243; admin_label=&#8221;section&#8221; module_id=&#8221;page_cookies&#8221; module_class=&#8221;fullwidth&#8221; _builder_version=&#8221;4.16&#8243; transparent_background=&#8221;off&#8221; make_fullwidth=&#8221;off&#8221; use_custom_width=&#8221;off&#8221; width_unit=&#8221;on&#8221; global_colors_info=&#8221;{}&#8221;][et_pb_row column_structure=&#8221;1_2,1_2&#8243; admin_label=&#8221;row&#8221; module_class=&#8221;header-block&#8221; _builder_version=&#8221;4.16&#8243; background_image=&#8221;\/wp-content\/uploads\/2017\/04\/cabecera-credits.jpg&#8221; background_size=&#8221;initial&#8221; background_position=&#8221;top_left&#8221; background_repeat=&#8221;repeat&#8221; background_video_width=&#8221;100%&#8221; make_fullwidth=&#8221;off&#8221; use_custom_width=&#8221;off&#8221; width_unit=&#8221;on&#8221; global_colors_info=&#8221;{}&#8221;][et_pb_column type=&#8221;1_2&#8243; _builder_version=&#8221;4.16&#8243; custom_padding=&#8221;|||&#8221; global_colors_info=&#8221;{}&#8221; custom_padding__hover=&#8221;|||&#8221;][et_pb_text admin_label=&#8221;Text&#8221; _builder_version=&#8221;4.19.2&#8243; background_size=&#8221;initial&#8221; background_position=&#8221;top_left&#8221; background_repeat=&#8221;repeat&#8221; hover_enabled=&#8221;0&#8243; use_border_color=&#8221;off&#8221; border_color=&#8221;#ffffff&#8221; border_style=&#8221;solid&#8221; global_colors_info=&#8221;{}&#8221; sticky_enabled=&#8221;0&#8243;]<\/p>\n<h1>Accesibilitat<\/h1>\n<p>[\/et_pb_text][\/et_pb_column][et_pb_column type=&#8221;1_2&#8243; _builder_version=&#8221;4.16&#8243; custom_padding=&#8221;|||&#8221; global_colors_info=&#8221;{}&#8221; custom_padding__hover=&#8221;|||&#8221;][\/et_pb_column][\/et_pb_row][et_pb_row make_equal=&#8221;on&#8221; admin_label=&#8221;row&#8221; _builder_version=&#8221;4.16&#8243; background_size=&#8221;initial&#8221; background_position=&#8221;top_left&#8221; background_repeat=&#8221;repeat&#8221; background_video_width=&#8221;100%&#8221; make_fullwidth=&#8221;off&#8221; use_custom_width=&#8221;off&#8221; width_unit=&#8221;on&#8221; global_colors_info=&#8221;{}&#8221;][et_pb_column type=&#8221;4_4&#8243; _builder_version=&#8221;4.16&#8243; custom_padding=&#8221;|||&#8221; global_colors_info=&#8221;{}&#8221; custom_padding__hover=&#8221;|||&#8221;][et_pb_text admin_label=&#8221;Text&#8221; _builder_version=&#8221;4.16&#8243; background_size=&#8221;initial&#8221; background_position=&#8221;top_left&#8221; background_repeat=&#8221;repeat&#8221; text_orientation=&#8221;center&#8221; module_alignment=&#8221;center&#8221; use_border_color=&#8221;off&#8221; border_color=&#8221;#ffffff&#8221; border_style=&#8221;solid&#8221; global_colors_info=&#8221;{}&#8221;]<\/p>\n<p><strong>Declaraci\u00f3 d&#8217;Accessibilitat<\/strong><br \/>Mitjan\u00e7ant la present Declaraci\u00f3 d&#8217;Accessibilitat, Car Shooting es compromet a garantir l&#8217;accessibilitat digital del seu web <a href=\"https:\/\/www.carshooting111.com\/ca\">https:\/\/www.carshooting111.com\/ca<\/a> en conformitat amb el Reial Decret 1112\/2018, de 7 de setembre, sobre accessibilitat dels llocs web i aplicacions per a dispositius m\u00f2bils del sector p\u00fablic.<br \/>La present declaraci\u00f3 d&#8217;accessibilitat s&#8217;aplica al compliment parcial del web <a href=\"https:\/\/www.carshooting111.com\/ca\">https:\/\/www.carshooting111.com\/ca<\/a> per a totes les persones, en conformitat amb, independentment de les seves habilitats o discapacitats.<\/p>\n<p><strong>Situaci\u00f3 de compliment<\/strong><br \/>Aquest lloc web \u00e9s parcialment conforme amb el RD 1112\/2018, de 7 de setembre, a causa de la manca de conformitat dels aspectes que s&#8217;indiquen a continuaci\u00f3:<\/p>\n<p><strong>Contingut no accessible<\/strong><br \/>El contingut que es recull a continuaci\u00f3 no \u00e9s accessible per les seg\u00fcents raons:<\/p>\n<p><strong>Manca de conformitat amb el Reial Decret 1112\/2018<\/strong><\/p>\n<ul>\n<li>9.1.4.13 Contingut assenyalat amb el punter o que t\u00e9 el focus.<\/li>\n<li>9.2.1.1 Teclat.<\/li>\n<li>9.2.1.2 Sense trampes per al focus del teclat.<\/li>\n<li>9.2.1.4 Dreceres del teclat.<\/li>\n<li>9.2.4.7 Focus visible.<\/li>\n<li>9.2.5.1 Gestos amb el punter.<\/li>\n<li>9.2.5.3 Inclusi\u00f3 de l&#8217;etiqueta en el nom.<\/li>\n<li>9.2.5.4 Activaci\u00f3 mitjan\u00e7ant moviment.<\/li>\n<li>9.3.2.1 En rebre el focus.<\/li>\n<li>9.3.2.2 En rebre entrades.<\/li>\n<li>9.3.3.1 Identificaci\u00f3 d&#8217;errors.<\/li>\n<li>9.3.3.3 Suggeriments davant errors.<\/li>\n<li>9.4.1.2 Nom, funci\u00f3, valor.<\/li>\n<li>9.4.1.3 Missatges d&#8217;estat.<\/li>\n<\/ul>\n<p><strong>C\u00e0rrega desproporcionada<\/strong><br \/>No aplica.<\/p>\n<p><strong>El contingut no entra dins de l&#8217;\u00e0mbit de la legislaci\u00f3 aplicable<\/strong><br \/>Hi ha arxius ofim\u00e0tics en PDF que no compleixen en la seva totalitat tots els requisits d&#8217;accessibilitat.<\/p>\n<p><strong>Preparaci\u00f3 de la present declaraci\u00f3 d&#8217;accessibilitat<\/strong><br \/>La present declaraci\u00f3 es va preparar el 23\/07\/2023. El m\u00e8tode emprat per preparar la declaraci\u00f3 ha estat una autoavaluaci\u00f3 realitzada pel mateix organisme. La Declaraci\u00f3 d&#8217;Accessibilitat ha estat revisada i actualitzada el 23\/07\/2023.<\/p>\n<p><strong>Observacions i dades de contacte<\/strong><br \/>Podeu fer comunicacions sobre requisits d&#8217;accessibilitat (article 10.2 del RD 1112\/2018), com per exemple:<\/p>\n<ul>\n<li>Informar sobre qualsevol possible incompliment per part d&#8217;aquest lloc web.<\/li>\n<li>Transmetre altres dificultats d&#8217;acc\u00e9s al contingut.<\/li>\n<li>Formular qualsevol altra consulta o suggeriment de millora relatiu a l&#8217;accessibilitat del lloc web.<\/li>\n<\/ul>\n<p>A trav\u00e9s del <a href=\"https:\/\/www.carshooting111.com\/ca\/contacte\">formulari de contacte<\/a> d&#8217;aquest lloc web.<\/p>\n<p>Podeu presentar:<\/p>\n<ul>\n<li>Una Queixa relativa al compliment dels requisits del RD 1112\/2018.<\/li>\n<li>Una Sol\u00b7licitud d&#8217;Informaci\u00f3 accessible relativa a:\n<ul>\n<li>Continguts que estan exclosos de l&#8217;\u00e0mbit d&#8217;aplicaci\u00f3 del RD 1112\/2018 segons el que estableix l&#8217;article 3, apartat 4.<\/li>\n<li>Continguts que estan exempts del compliment dels requisits d&#8217;accessibilitat per imposar una c\u00e0rrega desproporcionada.<\/li>\n<\/ul>\n<\/li>\n<\/ul>\n<p><strong>Procediment d&#8217;aplicaci\u00f3<\/strong><br \/>En cas que una sol\u00b7licitud d&#8217;informaci\u00f3 accessible o una queixa hagi estat desestimada, si no esteu d&#8217;acord amb la decisi\u00f3 adoptada o si la resposta no compleix amb els requisits establerts a l&#8217;article 12.5, teniu el dret d&#8217;iniciar una reclamaci\u00f3. Tamb\u00e9 podeu presentar una reclamaci\u00f3 si ha transcorregut un termini de vint dies h\u00e0bils sense haver rebut cap resposta.<br \/>La reclamaci\u00f3 pot presentar-se a trav\u00e9s de la Inst\u00e0ncia Gen\u00e8rica de la Seu electr\u00f2nica del Ministeri d&#8217;Afers Econ\u00f2mics i Transformaci\u00f3 Digital, aix\u00ed com utilitzant les opcions addicionals contemplades a la Llei 39\/2015, d&#8217;1 d&#8217;octubre, del Procediment Administratiu Com\u00fa de les Administracions P\u00fabliques.<\/p>\n<p><strong>Contingut opcional<\/strong><\/p>\n<ul>\n<li>Est\u00e0 optimitzat per a les \u00faltimes versions vigents de Chrome, Edge, Firefox, Safari i Opera.<\/li>\n<li>Est\u00e0 dissenyat per a la seva correcta visualitzaci\u00f3 en qualsevol resoluci\u00f3 i dispositiu d&#8217;escriptori, tauletes o m\u00f2bils (disseny responsive).<\/li>\n<li>S&#8217;ha realitzat utilitzant HTML5 com a llenguatge de marcatge i fulls d&#8217;estil CSS3 per al seu disseny.<\/li>\n<li>Est\u00e0 dissenyat per a la seva correcta visualitzaci\u00f3 en dispositius d&#8217;escriptori, tauletes i m\u00f2bils per a una resoluci\u00f3 m\u00ednima de 1280\u00d71024.<\/li>\n<\/ul>\n<p>[\/et_pb_text][\/et_pb_column][\/et_pb_row][\/et_pb_section]<\/p>\n","protected":false},"excerpt":{"rendered":"<p>AccesibilitatDeclaraci\u00f3 d&#8217;AccessibilitatMitjan\u00e7ant la present Declaraci\u00f3 d&#8217;Accessibilitat, Car Shooting es compromet a garantir l&#8217;accessibilitat digital del seu web https:\/\/www.carshooting111.com\/ca en conformitat amb el Reial Decret 1112\/2018, de 7 de setembre, sobre accessibilitat dels llocs web i aplicacions per a dispositius m\u00f2bils del sector p\u00fablic.La present declaraci\u00f3 d&#8217;accessibilitat s&#8217;aplica al compliment parcial del web https:\/\/www.carshooting111.com\/ca per a [&hellip;]<\/p>\n","protected":false},"author":5,"featured_media":0,"parent":0,"menu_order":13,"comment_status":"closed","ping_status":"closed","template":"","meta":{"_acf_changed":false,"_et_pb_use_builder":"on","_et_pb_old_content":"Car Care","_et_gb_content_width":"","inline_featured_image":false,"footnotes":""},"class_list":["post-13990","page","type-page","status-publish","hentry"],"acf":[],"yoast_head":"<!-- This site is optimized with the Yoast SEO plugin v23.9 - https:\/\/yoast.com\/wordpress\/plugins\/seo\/ -->\n<title>Accessibilitat - CARSHOOTING111<\/title>\n<meta name=\"robots\" content=\"index, follow, max-snippet:-1, max-image-preview:large, max-video-preview:-1\" \/>\n<link rel=\"canonical\" href=\"https:\/\/www.carshooting111.com\/ca\/accessibilitat\/\" \/>\n<meta property=\"og:locale\" content=\"ca_ES\" \/>\n<meta property=\"og:type\" content=\"article\" \/>\n<meta property=\"og:title\" content=\"Accessibilitat - CARSHOOTING111\" \/>\n<meta property=\"og:description\" content=\"AccesibilitatDeclaraci\u00f3 d&#039;AccessibilitatMitjan\u00e7ant la present Declaraci\u00f3 d&#039;Accessibilitat, Car Shooting es compromet a garantir l&#039;accessibilitat digital del seu web https:\/\/www.carshooting111.com\/ca en conformitat amb el Reial Decret 1112\/2018, de 7 de setembre, sobre accessibilitat dels llocs web i aplicacions per a dispositius m\u00f2bils del sector p\u00fablic.La present declaraci\u00f3 d&#039;accessibilitat s&#039;aplica al compliment parcial del web https:\/\/www.carshooting111.com\/ca per a [&hellip;]\" \/>\n<meta property=\"og:url\" content=\"https:\/\/www.carshooting111.com\/ca\/accessibilitat\/\" \/>\n<meta property=\"og:site_name\" content=\"CARSHOOTING111\" \/>\n<meta property=\"article:modified_time\" content=\"2024-12-03T13:29:17+00:00\" \/>\n<meta name=\"twitter:card\" content=\"summary_large_image\" \/>\n<meta name=\"twitter:label1\" content=\"Temps estimat de lectura\" \/>\n\t<meta name=\"twitter:data1\" content=\"4 minuts\" \/>\n<script type=\"application\/ld+json\" class=\"yoast-schema-graph\">{\"@context\":\"https:\/\/schema.org\",\"@graph\":[{\"@type\":\"WebPage\",\"@id\":\"https:\/\/www.carshooting111.com\/ca\/accessibilitat\/\",\"url\":\"https:\/\/www.carshooting111.com\/ca\/accessibilitat\/\",\"name\":\"Accessibilitat - CARSHOOTING111\",\"isPartOf\":{\"@id\":\"https:\/\/www.carshooting111.com\/ca\/#website\"},\"datePublished\":\"2024-12-03T13:29:16+00:00\",\"dateModified\":\"2024-12-03T13:29:17+00:00\",\"breadcrumb\":{\"@id\":\"https:\/\/www.carshooting111.com\/ca\/accessibilitat\/#breadcrumb\"},\"inLanguage\":\"ca\",\"potentialAction\":[{\"@type\":\"ReadAction\",\"target\":[\"https:\/\/www.carshooting111.com\/ca\/accessibilitat\/\"]}]},{\"@type\":\"BreadcrumbList\",\"@id\":\"https:\/\/www.carshooting111.com\/ca\/accessibilitat\/#breadcrumb\",\"itemListElement\":[{\"@type\":\"ListItem\",\"position\":1,\"name\":\"Home\",\"item\":\"https:\/\/www.carshooting111.com\/ca\/\"},{\"@type\":\"ListItem\",\"position\":2,\"name\":\"Accessibilitat\"}]},{\"@type\":\"WebSite\",\"@id\":\"https:\/\/www.carshooting111.com\/ca\/#website\",\"url\":\"https:\/\/www.carshooting111.com\/ca\/\",\"name\":\"CARSHOOTING111\",\"description\":\"\",\"potentialAction\":[{\"@type\":\"SearchAction\",\"target\":{\"@type\":\"EntryPoint\",\"urlTemplate\":\"https:\/\/www.carshooting111.com\/ca\/?s={search_term_string}\"},\"query-input\":{\"@type\":\"PropertyValueSpecification\",\"valueRequired\":true,\"valueName\":\"search_term_string\"}}],\"inLanguage\":\"ca\"}]}<\/script>\n<!-- \/ Yoast SEO plugin. -->","yoast_head_json":{"title":"Accessibilitat - CARSHOOTING111","robots":{"index":"index","follow":"follow","max-snippet":"max-snippet:-1","max-image-preview":"max-image-preview:large","max-video-preview":"max-video-preview:-1"},"canonical":"https:\/\/www.carshooting111.com\/ca\/accessibilitat\/","og_locale":"ca_ES","og_type":"article","og_title":"Accessibilitat - CARSHOOTING111","og_description":"AccesibilitatDeclaraci\u00f3 d'AccessibilitatMitjan\u00e7ant la present Declaraci\u00f3 d'Accessibilitat, Car Shooting es compromet a garantir l'accessibilitat digital del seu web https:\/\/www.carshooting111.com\/ca en conformitat amb el Reial Decret 1112\/2018, de 7 de setembre, sobre accessibilitat dels llocs web i aplicacions per a dispositius m\u00f2bils del sector p\u00fablic.La present declaraci\u00f3 d'accessibilitat s'aplica al compliment parcial del web https:\/\/www.carshooting111.com\/ca per a [&hellip;]","og_url":"https:\/\/www.carshooting111.com\/ca\/accessibilitat\/","og_site_name":"CARSHOOTING111","article_modified_time":"2024-12-03T13:29:17+00:00","twitter_card":"summary_large_image","twitter_misc":{"Temps estimat de lectura":"4 minuts"},"schema":{"@context":"https:\/\/schema.org","@graph":[{"@type":"WebPage","@id":"https:\/\/www.carshooting111.com\/ca\/accessibilitat\/","url":"https:\/\/www.carshooting111.com\/ca\/accessibilitat\/","name":"Accessibilitat - CARSHOOTING111","isPartOf":{"@id":"https:\/\/www.carshooting111.com\/ca\/#website"},"datePublished":"2024-12-03T13:29:16+00:00","dateModified":"2024-12-03T13:29:17+00:00","breadcrumb":{"@id":"https:\/\/www.carshooting111.com\/ca\/accessibilitat\/#breadcrumb"},"inLanguage":"ca","potentialAction":[{"@type":"ReadAction","target":["https:\/\/www.carshooting111.com\/ca\/accessibilitat\/"]}]},{"@type":"BreadcrumbList","@id":"https:\/\/www.carshooting111.com\/ca\/accessibilitat\/#breadcrumb","itemListElement":[{"@type":"ListItem","position":1,"name":"Home","item":"https:\/\/www.carshooting111.com\/ca\/"},{"@type":"ListItem","position":2,"name":"Accessibilitat"}]},{"@type":"WebSite","@id":"https:\/\/www.carshooting111.com\/ca\/#website","url":"https:\/\/www.carshooting111.com\/ca\/","name":"CARSHOOTING111","description":"","potentialAction":[{"@type":"SearchAction","target":{"@type":"EntryPoint","urlTemplate":"https:\/\/www.carshooting111.com\/ca\/?s={search_term_string}"},"query-input":{"@type":"PropertyValueSpecification","valueRequired":true,"valueName":"search_term_string"}}],"inLanguage":"ca"}]}},"_links":{"self":[{"href":"https:\/\/www.carshooting111.com\/ca\/wp-json\/wp\/v2\/pages\/13990","targetHints":{"allow":["GET"]}}],"collection":[{"href":"https:\/\/www.carshooting111.com\/ca\/wp-json\/wp\/v2\/pages"}],"about":[{"href":"https:\/\/www.carshooting111.com\/ca\/wp-json\/wp\/v2\/types\/page"}],"author":[{"embeddable":true,"href":"https:\/\/www.carshooting111.com\/ca\/wp-json\/wp\/v2\/users\/5"}],"replies":[{"embeddable":true,"href":"https:\/\/www.carshooting111.com\/ca\/wp-json\/wp\/v2\/comments?post=13990"}],"version-history":[{"count":4,"href":"https:\/\/www.carshooting111.com\/ca\/wp-json\/wp\/v2\/pages\/13990\/revisions"}],"predecessor-version":[{"id":14019,"href":"https:\/\/www.carshooting111.com\/ca\/wp-json\/wp\/v2\/pages\/13990\/revisions\/14019"}],"wp:attachment":[{"href":"https:\/\/www.carshooting111.com\/ca\/wp-json\/wp\/v2\/media?parent=13990"}],"curies":[{"name":"wp","href":"https:\/\/api.w.org\/{rel}","templated":true}]}}