{"id":12265,"date":"2023-12-28T12:44:00","date_gmt":"2023-12-28T11:44:00","guid":{"rendered":"https:\/\/www.carshooting111.com\/?page_id=12265"},"modified":"2024-01-22T10:25:55","modified_gmt":"2024-01-22T09:25:55","slug":"flight-head-iv","status":"publish","type":"page","link":"https:\/\/www.carshooting111.com\/ca\/remote-heads\/flight-head-iv\/","title":{"rendered":"Flight Head IV"},"content":{"rendered":"<p>[et_pb_section fb_built=&#8221;1&#8243; admin_label=&#8221;section&#8221; module_class=&#8221;fullwidth&#8221; _builder_version=&#8221;4.19.2&#8243; _module_preset=&#8221;default&#8221; global_colors_info=&#8221;{}&#8221;][et_pb_row column_structure=&#8221;1_2,1_2&#8243; admin_label=&#8221;row&#8221; module_class=&#8221;header-block cabecera_efecto_automatico&#8221; _builder_version=&#8221;4.19.2&#8243; _module_preset=&#8221;2b8b6bdc-45e0-4b0c-a927-c685d2ea5335&#8243; background_image=&#8221;https:\/\/www.carshooting111.com\/wp-content\/uploads\/2020\/01\/flight_head_iv_sli1.jpg&#8221; background_size=&#8221;initial&#8221; background_position=&#8221;top_left&#8221; background_repeat=&#8221;repeat&#8221; global_colors_info=&#8221;{}&#8221;][et_pb_column type=&#8221;1_2&#8243; _builder_version=&#8221;4.16&#8243; _module_preset=&#8221;default&#8221; custom_padding=&#8221;|||&#8221; global_colors_info=&#8221;{}&#8221; custom_padding__hover=&#8221;|||&#8221;][et_pb_text _builder_version=&#8221;4.19.2&#8243; _module_preset=&#8221;default&#8221; global_colors_info=&#8221;{}&#8221;]<\/p>\n<h1>FLIGHT HEAD IV<\/h1>\n<p>[\/et_pb_text][\/et_pb_column][et_pb_column type=&#8221;1_2&#8243; _builder_version=&#8221;4.16&#8243; _module_preset=&#8221;default&#8221; custom_padding=&#8221;|||&#8221; global_colors_info=&#8221;{}&#8221; custom_padding__hover=&#8221;|||&#8221;][et_pb_text _builder_version=&#8221;4.19.2&#8243; _module_preset=&#8221;default&#8221; global_colors_info=&#8221;{}&#8221;]<\/p>\n<p>El seu disseny, la capacitat d\u2019estabilitzaci\u00f3 que ofereix i la lleugeressa de la fibra de carboni fa que la Flight Head IV aconsegueixi angles de tir ins\u00f2lits assegurant imatges molt estables.<br \/>Es pot utilizar en qualsevol tipus o mida de grues, Dolly, aparells de cable.<br \/>Pot treballar sense cable, registra les imatges, permet el canvi d\u2019horitz\u00f3 i els l\u00edmits a tots els eixos, compensaci\u00f3 autom\u00e0tica de deriva.<\/p>\n<p>[\/et_pb_text][\/et_pb_column][\/et_pb_row][et_pb_row module_class=&#8221;breadcrumbs_container&#8221; _builder_version=&#8221;4.19.2&#8243; _module_preset=&#8221;2b8b6bdc-45e0-4b0c-a927-c685d2ea5335&#8243; custom_padding=&#8221;0px||0px||false|false&#8221; global_colors_info=&#8221;{}&#8221;][et_pb_column type=&#8221;4_4&#8243; _builder_version=&#8221;4.19.2&#8243; _module_preset=&#8221;default&#8221; global_colors_info=&#8221;{}&#8221;][et_pb_code _builder_version=&#8221;4.19.2&#8243; _module_preset=&#8221;default&#8221; custom_padding=&#8221;50px|12%|0px|12%|false|true&#8221; global_colors_info=&#8221;{}&#8221;]<span><span><a href=\"https:\/\/www.carshooting111.com\/ca\/\">Home<\/a><\/span><\/span>[\/et_pb_code][\/et_pb_column][\/et_pb_row][et_pb_row column_structure=&#8221;1_2,1_2&#8243; module_id=&#8221;bloque-ficha-coche&#8221; module_class=&#8221;background-block small-paddings&#8221; _builder_version=&#8221;4.19.2&#8243; _module_preset=&#8221;2b8b6bdc-45e0-4b0c-a927-c685d2ea5335&#8243; background_image=&#8221;https:\/\/www.carshooting111.com\/wp-content\/uploads\/2020\/01\/flight_head_iv_img5.jpg&#8221; global_colors_info=&#8221;{}&#8221;][et_pb_column type=&#8221;1_2&#8243; _builder_version=&#8221;4.19.2&#8243; _module_preset=&#8221;default&#8221; global_colors_info=&#8221;{}&#8221;][et_pb_text _builder_version=&#8221;4.19.2&#8243; _module_preset=&#8221;default&#8221; background_enable_image=&#8221;off&#8221; global_colors_info=&#8221;{}&#8221;]<\/p>\n<h4>Especificacions t\u00e8cniques<\/h4>\n<p>Al\u00e7ada 0,64 cm<br \/>Ample 0,49 cm<br \/>Llarg 0.68cm Inclinaci\u00f3 \/ Pa \/ Rotllo 200 \u00ba \/ 360 \u00ba \/ 270 \u00ba<br \/>C\u00e0rrega \u00fatil fins a 15 kg.<br \/>Pes 11kg<\/p>\n<p>[\/et_pb_text][\/et_pb_column][et_pb_column type=&#8221;1_2&#8243; _builder_version=&#8221;4.19.2&#8243; _module_preset=&#8221;default&#8221; global_colors_info=&#8221;{}&#8221;][\/et_pb_column][\/et_pb_row][\/et_pb_section]<\/p>\n","protected":false},"excerpt":{"rendered":"<p>FLIGHT HEAD IVEl seu disseny, la capacitat d\u2019estabilitzaci\u00f3 que ofereix i la lleugeressa de la fibra de carboni fa que la Flight Head IV aconsegueixi angles de tir ins\u00f2lits assegurant imatges molt estables.Es pot utilizar en qualsevol tipus o mida de grues, Dolly, aparells de cable.Pot treballar sense cable, registra les imatges, permet el canvi [&hellip;]<\/p>\n","protected":false},"author":2,"featured_media":0,"parent":5682,"menu_order":0,"comment_status":"closed","ping_status":"closed","template":"","meta":{"_acf_changed":false,"_et_pb_use_builder":"on","_et_pb_old_content":"","_et_gb_content_width":"","inline_featured_image":false,"footnotes":""},"class_list":["post-12265","page","type-page","status-publish","hentry"],"acf":[],"yoast_head":"<!-- This site is optimized with the Yoast SEO plugin v23.9 - https:\/\/yoast.com\/wordpress\/plugins\/seo\/ -->\n<title>Flight Head IV - CARSHOOTING111<\/title>\n<meta name=\"robots\" content=\"index, follow, max-snippet:-1, max-image-preview:large, max-video-preview:-1\" \/>\n<link rel=\"canonical\" href=\"https:\/\/www.carshooting111.com\/ca\/remote-heads\/flight-head-iv\/\" \/>\n<meta property=\"og:locale\" content=\"ca_ES\" \/>\n<meta property=\"og:type\" content=\"article\" \/>\n<meta property=\"og:title\" content=\"Flight Head IV - CARSHOOTING111\" \/>\n<meta property=\"og:description\" content=\"FLIGHT HEAD IVEl seu disseny, la capacitat d\u2019estabilitzaci\u00f3 que ofereix i la lleugeressa de la fibra de carboni fa que la Flight Head IV aconsegueixi angles de tir ins\u00f2lits assegurant imatges molt estables.Es pot utilizar en qualsevol tipus o mida de grues, Dolly, aparells de cable.Pot treballar sense cable, registra les imatges, permet el canvi [&hellip;]\" \/>\n<meta property=\"og:url\" content=\"https:\/\/www.carshooting111.com\/ca\/remote-heads\/flight-head-iv\/\" \/>\n<meta property=\"og:site_name\" content=\"CARSHOOTING111\" \/>\n<meta property=\"article:modified_time\" content=\"2024-01-22T09:25:55+00:00\" \/>\n<meta name=\"twitter:card\" content=\"summary_large_image\" \/>\n<meta name=\"twitter:label1\" content=\"Temps estimat de lectura\" \/>\n\t<meta name=\"twitter:data1\" content=\"1 minut\" \/>\n<script type=\"application\/ld+json\" class=\"yoast-schema-graph\">{\"@context\":\"https:\/\/schema.org\",\"@graph\":[{\"@type\":\"WebPage\",\"@id\":\"https:\/\/www.carshooting111.com\/ca\/remote-heads\/flight-head-iv\/\",\"url\":\"https:\/\/www.carshooting111.com\/ca\/remote-heads\/flight-head-iv\/\",\"name\":\"Flight Head IV - CARSHOOTING111\",\"isPartOf\":{\"@id\":\"https:\/\/www.carshooting111.com\/ca\/#website\"},\"datePublished\":\"2023-12-28T11:44:00+00:00\",\"dateModified\":\"2024-01-22T09:25:55+00:00\",\"breadcrumb\":{\"@id\":\"https:\/\/www.carshooting111.com\/ca\/remote-heads\/flight-head-iv\/#breadcrumb\"},\"inLanguage\":\"ca\",\"potentialAction\":[{\"@type\":\"ReadAction\",\"target\":[\"https:\/\/www.carshooting111.com\/ca\/remote-heads\/flight-head-iv\/\"]}]},{\"@type\":\"BreadcrumbList\",\"@id\":\"https:\/\/www.carshooting111.com\/ca\/remote-heads\/flight-head-iv\/#breadcrumb\",\"itemListElement\":[{\"@type\":\"ListItem\",\"position\":1,\"name\":\"Home\",\"item\":\"https:\/\/www.carshooting111.com\/ca\/\"},{\"@type\":\"ListItem\",\"position\":2,\"name\":\"Remote heads\",\"item\":\"https:\/\/www.carshooting111.com\/ca\/remote-heads\/\"},{\"@type\":\"ListItem\",\"position\":3,\"name\":\"Flight Head IV\"}]},{\"@type\":\"WebSite\",\"@id\":\"https:\/\/www.carshooting111.com\/ca\/#website\",\"url\":\"https:\/\/www.carshooting111.com\/ca\/\",\"name\":\"CARSHOOTING111\",\"description\":\"\",\"potentialAction\":[{\"@type\":\"SearchAction\",\"target\":{\"@type\":\"EntryPoint\",\"urlTemplate\":\"https:\/\/www.carshooting111.com\/ca\/?s={search_term_string}\"},\"query-input\":{\"@type\":\"PropertyValueSpecification\",\"valueRequired\":true,\"valueName\":\"search_term_string\"}}],\"inLanguage\":\"ca\"}]}<\/script>\n<!-- \/ Yoast SEO plugin. -->","yoast_head_json":{"title":"Flight Head IV - CARSHOOTING111","robots":{"index":"index","follow":"follow","max-snippet":"max-snippet:-1","max-image-preview":"max-image-preview:large","max-video-preview":"max-video-preview:-1"},"canonical":"https:\/\/www.carshooting111.com\/ca\/remote-heads\/flight-head-iv\/","og_locale":"ca_ES","og_type":"article","og_title":"Flight Head IV - CARSHOOTING111","og_description":"FLIGHT HEAD IVEl seu disseny, la capacitat d\u2019estabilitzaci\u00f3 que ofereix i la lleugeressa de la fibra de carboni fa que la Flight Head IV aconsegueixi angles de tir ins\u00f2lits assegurant imatges molt estables.Es pot utilizar en qualsevol tipus o mida de grues, Dolly, aparells de cable.Pot treballar sense cable, registra les imatges, permet el canvi [&hellip;]","og_url":"https:\/\/www.carshooting111.com\/ca\/remote-heads\/flight-head-iv\/","og_site_name":"CARSHOOTING111","article_modified_time":"2024-01-22T09:25:55+00:00","twitter_card":"summary_large_image","twitter_misc":{"Temps estimat de lectura":"1 minut"},"schema":{"@context":"https:\/\/schema.org","@graph":[{"@type":"WebPage","@id":"https:\/\/www.carshooting111.com\/ca\/remote-heads\/flight-head-iv\/","url":"https:\/\/www.carshooting111.com\/ca\/remote-heads\/flight-head-iv\/","name":"Flight Head IV - CARSHOOTING111","isPartOf":{"@id":"https:\/\/www.carshooting111.com\/ca\/#website"},"datePublished":"2023-12-28T11:44:00+00:00","dateModified":"2024-01-22T09:25:55+00:00","breadcrumb":{"@id":"https:\/\/www.carshooting111.com\/ca\/remote-heads\/flight-head-iv\/#breadcrumb"},"inLanguage":"ca","potentialAction":[{"@type":"ReadAction","target":["https:\/\/www.carshooting111.com\/ca\/remote-heads\/flight-head-iv\/"]}]},{"@type":"BreadcrumbList","@id":"https:\/\/www.carshooting111.com\/ca\/remote-heads\/flight-head-iv\/#breadcrumb","itemListElement":[{"@type":"ListItem","position":1,"name":"Home","item":"https:\/\/www.carshooting111.com\/ca\/"},{"@type":"ListItem","position":2,"name":"Remote heads","item":"https:\/\/www.carshooting111.com\/ca\/remote-heads\/"},{"@type":"ListItem","position":3,"name":"Flight Head IV"}]},{"@type":"WebSite","@id":"https:\/\/www.carshooting111.com\/ca\/#website","url":"https:\/\/www.carshooting111.com\/ca\/","name":"CARSHOOTING111","description":"","potentialAction":[{"@type":"SearchAction","target":{"@type":"EntryPoint","urlTemplate":"https:\/\/www.carshooting111.com\/ca\/?s={search_term_string}"},"query-input":{"@type":"PropertyValueSpecification","valueRequired":true,"valueName":"search_term_string"}}],"inLanguage":"ca"}]}},"_links":{"self":[{"href":"https:\/\/www.carshooting111.com\/ca\/wp-json\/wp\/v2\/pages\/12265","targetHints":{"allow":["GET"]}}],"collection":[{"href":"https:\/\/www.carshooting111.com\/ca\/wp-json\/wp\/v2\/pages"}],"about":[{"href":"https:\/\/www.carshooting111.com\/ca\/wp-json\/wp\/v2\/types\/page"}],"author":[{"embeddable":true,"href":"https:\/\/www.carshooting111.com\/ca\/wp-json\/wp\/v2\/users\/2"}],"replies":[{"embeddable":true,"href":"https:\/\/www.carshooting111.com\/ca\/wp-json\/wp\/v2\/comments?post=12265"}],"version-history":[{"count":5,"href":"https:\/\/www.carshooting111.com\/ca\/wp-json\/wp\/v2\/pages\/12265\/revisions"}],"predecessor-version":[{"id":13021,"href":"https:\/\/www.carshooting111.com\/ca\/wp-json\/wp\/v2\/pages\/12265\/revisions\/13021"}],"up":[{"embeddable":true,"href":"https:\/\/www.carshooting111.com\/ca\/wp-json\/wp\/v2\/pages\/5682"}],"wp:attachment":[{"href":"https:\/\/www.carshooting111.com\/ca\/wp-json\/wp\/v2\/media?parent=12265"}],"curies":[{"name":"wp","href":"https:\/\/api.w.org\/{rel}","templated":true}]}}